{"id":4558,"date":"2021-01-02T19:01:31","date_gmt":"2021-01-02T18:01:31","guid":{"rendered":"https:\/\/bavarian-bondage.de\/?post_type=product&#038;p=4558"},"modified":"2026-02-15T14:28:18","modified_gmt":"2026-02-15T13:28:18","slug":"mini-chicote-de-corda","status":"publish","type":"product","link":"https:\/\/bavarian-bondage.de\/pt\/produkt\/mini-seilpeitsche\/","title":{"rendered":"Mini chicote de corda"},"content":{"rendered":"<h3 style=\"text-align: center\">Mini chicote de corda<\/h3>\n<p style=\"text-align: center\">Pequeno, mas poderoso, essa \u00e9 provavelmente a descri\u00e7\u00e3o perfeita para este brinquedo fofo!<\/p>\n<p style=\"text-align: center\">O mini chicote de corda \u00e9 composto por 18 fios, cada um com uma ponteira de borracha. \u00c9 feito de corda de c\u00e2nhamo de 3 mm e possui um anel de metal para maior ader\u00eancia. Um chicote potente que, teoricamente, cabe em qualquer bolso, tornando-o o companheiro perfeito para levar consigo para qualquer lugar.<\/p>\n<p>&nbsp;<\/p>\n<p><strong>Detalhes:<\/strong><\/p>\n<p>Material: Corda de c\u00e2nhamo, borracha, metal<br \/>\nComprimento total: aprox. 34 cm<br \/>\nComprimento do cabo sem a argola: aprox. 7 cm<\/p>\n<p>&nbsp;<\/p>\n<p><strong>Escopo da entrega:<\/strong> Mini chicote de corda; cor selecion\u00e1vel<\/p>\n<p>&nbsp;<\/p>\n<hr \/>\n<blockquote>\n<p style=\"text-align: center\"><span style=\"color: #333399\">As informa\u00e7\u00f5es sobre os produtos s\u00e3o fornecidas de acordo com nosso melhor conhecimento e cren\u00e7a. Todas as medidas s\u00e3o aproximadas. O uso dos produtos oferecidos nesta loja \u00e9 por sua conta e risco. Cada pessoa reage de forma diferente a influ\u00eancias externas, prazer, dor, etc. Portanto, n\u00e3o nos responsabilizamos por uso indevido. Cada usu\u00e1rio assume total responsabilidade pelo uso e aplica\u00e7\u00e3o correta dos produtos e por quaisquer consequ\u00eancias imprevistas.<\/span><\/p>\n<\/blockquote>","protected":false},"excerpt":{"rendered":"<p>Prazo de entrega: 5 a 7 dias*<\/p>","protected":false},"featured_media":8650,"template":"","meta":[],"product_brand":[],"product_cat":[252,224],"product_tag":[],"class_list":{"0":"post-4558","1":"product","2":"type-product","3":"status-publish","4":"has-post-thumbnail","6":"product_cat-peitschen-gerten","7":"product_cat-lustschmerz","9":"first","10":"instock","11":"taxable","12":"shipping-taxable","13":"purchasable","14":"product-type-variable"},"_links":{"self":[{"href":"https:\/\/bavarian-bondage.de\/pt\/wp-json\/wp\/v2\/product\/4558","targetHints":{"allow":["GET"]}}],"collection":[{"href":"https:\/\/bavarian-bondage.de\/pt\/wp-json\/wp\/v2\/product"}],"about":[{"href":"https:\/\/bavarian-bondage.de\/pt\/wp-json\/wp\/v2\/types\/product"}],"version-history":[{"count":3,"href":"https:\/\/bavarian-bondage.de\/pt\/wp-json\/wp\/v2\/product\/4558\/revisions"}],"predecessor-version":[{"id":13979,"href":"https:\/\/bavarian-bondage.de\/pt\/wp-json\/wp\/v2\/product\/4558\/revisions\/13979"}],"wp:featuredmedia":[{"embeddable":true,"href":"https:\/\/bavarian-bondage.de\/pt\/wp-json\/wp\/v2\/media\/8650"}],"wp:attachment":[{"href":"https:\/\/bavarian-bondage.de\/pt\/wp-json\/wp\/v2\/media?parent=4558"}],"wp:term":[{"taxonomy":"product_brand","embeddable":true,"href":"https:\/\/bavarian-bondage.de\/pt\/wp-json\/wp\/v2\/product_brand?post=4558"},{"taxonomy":"product_cat","embeddable":true,"href":"https:\/\/bavarian-bondage.de\/pt\/wp-json\/wp\/v2\/product_cat?post=4558"},{"taxonomy":"product_tag","embeddable":true,"href":"https:\/\/bavarian-bondage.de\/pt\/wp-json\/wp\/v2\/product_tag?post=4558"}],"curies":[{"name":"wp","href":"https:\/\/api.w.org\/{rel}","templated":true}]}}