{"id":4567,"date":"2021-01-02T19:17:52","date_gmt":"2021-01-02T18:17:52","guid":{"rendered":"https:\/\/bavarian-bondage.de\/?post_type=product&#038;p=4567"},"modified":"2026-01-28T22:38:00","modified_gmt":"2026-01-28T21:38:00","slug":"grampos-com-corda","status":"publish","type":"product","link":"https:\/\/bavarian-bondage.de\/pt\/produkt\/klammern-mit-seil\/","title":{"rendered":"Grampos com corda"},"content":{"rendered":"<h3 style=\"text-align: center\">Grampos de trevo com corda<\/h3>\n<p style=\"text-align: center\">Essas s\u00e3o provavelmente as algemas mais conhecidas no cen\u00e1rio BDSM. Elas s\u00e3o projetadas para que, ao serem puxadas, a press\u00e3o aumente ainda mais.<\/p>\n<p style=\"text-align: center\">Em vez de uma corrente, as presilhas Clover s\u00e3o equipadas com uma corda de c\u00e2nhamo de 3 m de comprimento e 3 mm de espessura. Isso permite que as presilhas sejam melhor integradas aos sistemas de reten\u00e7\u00e3o e que um ponto de ancoragem distante seja utilizado.<\/p>\n<p>&nbsp;<\/p>\n<p><strong>Detalhes:<\/strong><\/p>\n<p>Material: Metal, acolchoamento de borracha, corda de c\u00e2nhamo<br \/>\nComprimento da corda: 3m<br \/>\nTamanho da bra\u00e7adeira: 9 cm<\/p>\n<p>&nbsp;<\/p>\n<p><strong>Escopo da entrega:<\/strong> Grampos de trevo com corda<\/p>\n<p>&nbsp;<\/p>\n<hr \/>\n<blockquote>\n<p style=\"text-align: center\"><span style=\"color: #333399\">As informa\u00e7\u00f5es sobre os produtos s\u00e3o fornecidas de acordo com nosso melhor conhecimento e cren\u00e7a. Todas as medidas s\u00e3o aproximadas. O uso dos produtos oferecidos nesta loja \u00e9 por sua conta e risco. Cada pessoa reage de forma diferente a influ\u00eancias externas, prazer, dor, etc. Portanto, n\u00e3o nos responsabilizamos por uso indevido. Cada usu\u00e1rio assume total responsabilidade pelo uso e aplica\u00e7\u00e3o correta dos produtos e por quaisquer consequ\u00eancias imprevistas.<\/span><\/p>\n<\/blockquote>","protected":false},"excerpt":{"rendered":"<p>Prazo de entrega: 5 a 7 dias*<\/p>","protected":false},"featured_media":8569,"template":"","meta":[],"product_brand":[],"product_cat":[222,224,248],"product_tag":[],"class_list":{"0":"post-4567","1":"product","2":"type-product","3":"status-publish","4":"has-post-thumbnail","6":"product_cat-alle-produkte","7":"product_cat-lustschmerz","8":"product_cat-klammern","10":"first","11":"instock","12":"taxable","13":"shipping-taxable","14":"purchasable","15":"product-type-variable"},"_links":{"self":[{"href":"https:\/\/bavarian-bondage.de\/pt\/wp-json\/wp\/v2\/product\/4567","targetHints":{"allow":["GET"]}}],"collection":[{"href":"https:\/\/bavarian-bondage.de\/pt\/wp-json\/wp\/v2\/product"}],"about":[{"href":"https:\/\/bavarian-bondage.de\/pt\/wp-json\/wp\/v2\/types\/product"}],"version-history":[{"count":4,"href":"https:\/\/bavarian-bondage.de\/pt\/wp-json\/wp\/v2\/product\/4567\/revisions"}],"predecessor-version":[{"id":13957,"href":"https:\/\/bavarian-bondage.de\/pt\/wp-json\/wp\/v2\/product\/4567\/revisions\/13957"}],"wp:featuredmedia":[{"embeddable":true,"href":"https:\/\/bavarian-bondage.de\/pt\/wp-json\/wp\/v2\/media\/8569"}],"wp:attachment":[{"href":"https:\/\/bavarian-bondage.de\/pt\/wp-json\/wp\/v2\/media?parent=4567"}],"wp:term":[{"taxonomy":"product_brand","embeddable":true,"href":"https:\/\/bavarian-bondage.de\/pt\/wp-json\/wp\/v2\/product_brand?post=4567"},{"taxonomy":"product_cat","embeddable":true,"href":"https:\/\/bavarian-bondage.de\/pt\/wp-json\/wp\/v2\/product_cat?post=4567"},{"taxonomy":"product_tag","embeddable":true,"href":"https:\/\/bavarian-bondage.de\/pt\/wp-json\/wp\/v2\/product_tag?post=4567"}],"curies":[{"name":"wp","href":"https:\/\/api.w.org\/{rel}","templated":true}]}}