{"id":6337,"date":"2022-12-13T11:14:59","date_gmt":"2022-12-13T10:14:59","guid":{"rendered":"https:\/\/bavarian-bondage.de\/?post_type=product&#038;p=6337"},"modified":"2026-04-07T23:46:55","modified_gmt":"2026-04-07T21:46:55","slug":"tesoura-bessey","status":"publish","type":"product","link":"https:\/\/bavarian-bondage.de\/pt\/produkt\/schere-bessey\/","title":{"rendered":"Tesoura Bessey"},"content":{"rendered":"<h3 style=\"text-align: center\">Tesouras da Bessy<\/h3>\n<p style=\"text-align: center\">A tesoura da Bessy \u00e9 uma ferramenta muito pr\u00e1tica para cortar cordas, correias, etc.<\/p>\n<p style=\"text-align: center\">Mas tamb\u00e9m \u00e9 ideal para cortar cordas de bondage de at\u00e9 cerca de 10 mm.<\/p>\n<p style=\"text-align: center\">Uma ferramenta adequada, como uma faca de resgate, um cortador de corda ou uma tesoura, nunca deve ser necess\u00e1ria para conter algu\u00e9m; no entanto, \u00e9 muito \u00fatil t\u00ea-la prontamente dispon\u00edvel para estar bem preparado para tais eventualidades.<\/p>\n<p>&nbsp;<\/p>\n<pre><strong>Detalhes:<\/strong>\r\nMaterial: A\u00e7o inoxid\u00e1vel; pl\u00e1stico. Comprimento total: 14 cm. Comprimento de corte: aprox. 3 cm. Fabricante: Bessey<\/pre>\n<p>&nbsp;<\/p>\n<p><strong>Escopo da entrega: <\/strong>1 Tesoura Bessy<\/p>","protected":false},"excerpt":{"rendered":"<p>Prazo de entrega: 5 a 7 dias*<\/p>","protected":false},"featured_media":8169,"template":"","meta":[],"product_brand":[],"product_cat":[222,223],"product_tag":[],"class_list":{"0":"post-6337","1":"product","2":"type-product","3":"status-publish","4":"has-post-thumbnail","6":"product_cat-alle-produkte","7":"product_cat-zubehoer","9":"first","10":"instock","11":"taxable","12":"shipping-taxable","13":"purchasable","14":"product-type-simple"},"_links":{"self":[{"href":"https:\/\/bavarian-bondage.de\/pt\/wp-json\/wp\/v2\/product\/6337","targetHints":{"allow":["GET"]}}],"collection":[{"href":"https:\/\/bavarian-bondage.de\/pt\/wp-json\/wp\/v2\/product"}],"about":[{"href":"https:\/\/bavarian-bondage.de\/pt\/wp-json\/wp\/v2\/types\/product"}],"version-history":[{"count":4,"href":"https:\/\/bavarian-bondage.de\/pt\/wp-json\/wp\/v2\/product\/6337\/revisions"}],"predecessor-version":[{"id":6342,"href":"https:\/\/bavarian-bondage.de\/pt\/wp-json\/wp\/v2\/product\/6337\/revisions\/6342"}],"wp:featuredmedia":[{"embeddable":true,"href":"https:\/\/bavarian-bondage.de\/pt\/wp-json\/wp\/v2\/media\/8169"}],"wp:attachment":[{"href":"https:\/\/bavarian-bondage.de\/pt\/wp-json\/wp\/v2\/media?parent=6337"}],"wp:term":[{"taxonomy":"product_brand","embeddable":true,"href":"https:\/\/bavarian-bondage.de\/pt\/wp-json\/wp\/v2\/product_brand?post=6337"},{"taxonomy":"product_cat","embeddable":true,"href":"https:\/\/bavarian-bondage.de\/pt\/wp-json\/wp\/v2\/product_cat?post=6337"},{"taxonomy":"product_tag","embeddable":true,"href":"https:\/\/bavarian-bondage.de\/pt\/wp-json\/wp\/v2\/product_tag?post=6337"}],"curies":[{"name":"wp","href":"https:\/\/api.w.org\/{rel}","templated":true}]}}