{"id":6389,"date":"2021-12-13T13:41:31","date_gmt":"2021-12-13T12:41:31","guid":{"rendered":"https:\/\/bavarian-bondage.de\/?post_type=product&#038;p=6389"},"modified":"2026-01-04T22:56:10","modified_gmt":"2026-01-04T21:56:10","slug":"remo-de-madeira-nobre-com-design-exclusivo-em-wengue-e-amaranto","status":"publish","type":"product","link":"https:\/\/bavarian-bondage.de\/pt\/produkt\/edelholz-design-paddel-wenge-amaranth\/","title":{"rendered":"Remo de madeira nobre com design exclusivo em wengu\u00e9-amaranto"},"content":{"rendered":"<h3 style=\"text-align: center\">Remo de madeira de design exclusivo<\/h3>\n<p style=\"text-align: center\">Nossos novos conjuntos de raquetes impressionam pela combina\u00e7\u00e3o de madeiras nobres, um cabo confort\u00e1vel de corda de c\u00e2nhamo e delicadas gravuras esculpidas em um dos lados. A constru\u00e7\u00e3o extrafina, curva e, ao mesmo tempo, robusta das duas raquetes estreitas proporciona uma sensa\u00e7\u00e3o diferente em compara\u00e7\u00e3o com a raquete mais grossa! Os padr\u00f5es gravados n\u00e3o servem apenas como uma bela decora\u00e7\u00e3o, mas, quando usados corretamente, tamb\u00e9m criam marcas maravilhosas na pele. As superf\u00edcies foram tratadas com \u00f3leo para madeira. As raquetes s\u00e3o entregues bem embaladas em uma bolsa de poli\u00e9ster combinando.<\/p>\n<p style=\"text-align: center\">As raquetes est\u00e3o dispon\u00edveis em tr\u00eas formatos e quatro cores diferentes!<\/p>\n<blockquote><p>&nbsp;<\/p><\/blockquote>\n<p><strong>Detalhes:<\/strong><\/p>\n<p>Materiais: Wengu\u00e9; Amaranto; Corda de c\u00e2nhamo preta<br \/>\nMaterial da bolsa: poli\u00e9ster 100%<br \/>\nProdu\u00e7\u00e3o: Produ\u00e7\u00e3o interna<br \/>\nDiversas vers\u00f5es dispon\u00edveis<\/p>\n<p>&nbsp;<\/p>\n<p><strong>Escopo da entrega:<\/strong> 1 remo de madeira nobre com design exclusivo em Wengu\u00e9 Amaranto<\/p>\n<p>&nbsp;<\/p>\n<hr \/>\n<blockquote>\n<p style=\"text-align: center\"><span style=\"color: #333399\">As informa\u00e7\u00f5es sobre os produtos s\u00e3o fornecidas de acordo com nosso melhor conhecimento e cren\u00e7a. Todas as medidas s\u00e3o aproximadas. O uso dos produtos oferecidos nesta loja \u00e9 por sua conta e risco. Cada pessoa reage de forma diferente a influ\u00eancias externas, prazer, dor, etc. Portanto, n\u00e3o nos responsabilizamos por uso indevido. Cada usu\u00e1rio assume total responsabilidade pelo uso e aplica\u00e7\u00e3o correta dos produtos e por quaisquer consequ\u00eancias imprevistas.<\/span><\/p>\n<\/blockquote>","protected":false},"excerpt":{"rendered":"<p>Prazo de entrega: 5 a 7 dias*<\/p>","protected":false},"featured_media":14122,"template":"","meta":[],"product_brand":[],"product_cat":[252],"product_tag":[],"class_list":{"0":"post-6389","1":"product","2":"type-product","3":"status-publish","4":"has-post-thumbnail","6":"product_cat-peitschen-gerten","8":"first","9":"instock","10":"taxable","11":"shipping-taxable","12":"purchasable","13":"product-type-variable"},"_links":{"self":[{"href":"https:\/\/bavarian-bondage.de\/pt\/wp-json\/wp\/v2\/product\/6389","targetHints":{"allow":["GET"]}}],"collection":[{"href":"https:\/\/bavarian-bondage.de\/pt\/wp-json\/wp\/v2\/product"}],"about":[{"href":"https:\/\/bavarian-bondage.de\/pt\/wp-json\/wp\/v2\/types\/product"}],"version-history":[{"count":7,"href":"https:\/\/bavarian-bondage.de\/pt\/wp-json\/wp\/v2\/product\/6389\/revisions"}],"predecessor-version":[{"id":13992,"href":"https:\/\/bavarian-bondage.de\/pt\/wp-json\/wp\/v2\/product\/6389\/revisions\/13992"}],"wp:featuredmedia":[{"embeddable":true,"href":"https:\/\/bavarian-bondage.de\/pt\/wp-json\/wp\/v2\/media\/14122"}],"wp:attachment":[{"href":"https:\/\/bavarian-bondage.de\/pt\/wp-json\/wp\/v2\/media?parent=6389"}],"wp:term":[{"taxonomy":"product_brand","embeddable":true,"href":"https:\/\/bavarian-bondage.de\/pt\/wp-json\/wp\/v2\/product_brand?post=6389"},{"taxonomy":"product_cat","embeddable":true,"href":"https:\/\/bavarian-bondage.de\/pt\/wp-json\/wp\/v2\/product_cat?post=6389"},{"taxonomy":"product_tag","embeddable":true,"href":"https:\/\/bavarian-bondage.de\/pt\/wp-json\/wp\/v2\/product_tag?post=6389"}],"curies":[{"name":"wp","href":"https:\/\/api.w.org\/{rel}","templated":true}]}}