{"id":8107,"date":"2023-01-28T15:43:23","date_gmt":"2023-01-28T14:43:23","guid":{"rendered":"https:\/\/bavarian-bondage.de\/?post_type=product&#038;p=8107"},"modified":"2025-05-19T08:59:11","modified_gmt":"2025-05-19T06:59:11","slug":"anel-de-bondage-de-bordo-do-diabo","status":"publish","type":"product","link":"https:\/\/bavarian-bondage.de\/pt\/produkt\/bondagering-teufel-ahorn\/","title":{"rendered":"Bordo Diab\u00f3lico Bondagering"},"content":{"rendered":"<h3 style=\"text-align: center\">Anel de bondage com tem\u00e1tica diab\u00f3lica feito de bordo<\/h3>\n<p style=\"text-align: center\">Uma alternativa ligeiramente diferente aos designs mais conhecidos. Nosso pequeno diabo oferece diversas op\u00e7\u00f5es para fixar as cordas individualmente. O anel \u00e9 feito de madeira de bordo e refor\u00e7ado com um n\u00facleo de a\u00e7o de 10 x 10 mm que atravessa toda a estrutura de madeira.<\/p>\n<p style=\"text-align: center\">Nota: Embora a madeira seja um material excepcionalmente est\u00e1vel, n\u00e3o se compara \u00e0 resist\u00eancia do metal. Especialmente durante a amarra\u00e7\u00e3o de suspens\u00e3o e particularmente durante a chamada t\u00e9cnica de levantamento, podem ocorrer pequenos cortes na madeira \u2013 estes n\u00e3o afetam, obviamente, a estabilidade do pr\u00f3prio anel.<\/p>\n<p>&nbsp;<\/p>\n<p><strong>Detalhes:<\/strong><\/p>\n<p>Di\u00e2metro externo: 240 mm<br \/>\nDi\u00e2metro interno: 180 mm<br \/>\nEspessura do material: 30 mm<br \/>\nPeso: aprox. 1000g<br \/>\nMaterial: Madeira de bordo, n\u00facleo de a\u00e7o de 10 x 10 mm<\/p>\n<p>&nbsp;<\/p>\n<p><strong>Escopo da entrega:<\/strong> 1 anel de bondage Devil feito de bordo com n\u00facleo de a\u00e7o<\/p>\n<p>&nbsp;<\/p>\n<p>&nbsp;<\/p>\n<hr \/>\n<blockquote>\n<p style=\"text-align: center\"><span style=\"color: #333399\">As informa\u00e7\u00f5es sobre os produtos s\u00e3o fornecidas de acordo com nosso melhor conhecimento e cren\u00e7a. Todas as medidas s\u00e3o aproximadas. O uso dos produtos oferecidos nesta loja \u00e9 por sua conta e risco. Cada pessoa reage de forma diferente a influ\u00eancias externas, prazer, dor, etc. Portanto, n\u00e3o nos responsabilizamos por uso indevido. Cada usu\u00e1rio assume total responsabilidade pelo uso e aplica\u00e7\u00e3o correta dos produtos e por quaisquer consequ\u00eancias imprevistas.<\/span><\/p>\n<\/blockquote>","protected":false},"excerpt":{"rendered":"<p>Prazo de entrega: 5 a 7 dias*<\/p>","protected":false},"featured_media":8091,"template":"","meta":[],"product_brand":[],"product_cat":[234,222,233],"product_tag":[],"class_list":{"0":"post-8107","1":"product","2":"type-product","3":"status-publish","4":"has-post-thumbnail","6":"product_cat-ringe","7":"product_cat-alle-produkte","8":"product_cat-bondage-zubehoer","10":"first","11":"outofstock","12":"taxable","13":"shipping-taxable","14":"purchasable","15":"product-type-simple"},"_links":{"self":[{"href":"https:\/\/bavarian-bondage.de\/pt\/wp-json\/wp\/v2\/product\/8107","targetHints":{"allow":["GET"]}}],"collection":[{"href":"https:\/\/bavarian-bondage.de\/pt\/wp-json\/wp\/v2\/product"}],"about":[{"href":"https:\/\/bavarian-bondage.de\/pt\/wp-json\/wp\/v2\/types\/product"}],"version-history":[{"count":5,"href":"https:\/\/bavarian-bondage.de\/pt\/wp-json\/wp\/v2\/product\/8107\/revisions"}],"predecessor-version":[{"id":15086,"href":"https:\/\/bavarian-bondage.de\/pt\/wp-json\/wp\/v2\/product\/8107\/revisions\/15086"}],"wp:featuredmedia":[{"embeddable":true,"href":"https:\/\/bavarian-bondage.de\/pt\/wp-json\/wp\/v2\/media\/8091"}],"wp:attachment":[{"href":"https:\/\/bavarian-bondage.de\/pt\/wp-json\/wp\/v2\/media?parent=8107"}],"wp:term":[{"taxonomy":"product_brand","embeddable":true,"href":"https:\/\/bavarian-bondage.de\/pt\/wp-json\/wp\/v2\/product_brand?post=8107"},{"taxonomy":"product_cat","embeddable":true,"href":"https:\/\/bavarian-bondage.de\/pt\/wp-json\/wp\/v2\/product_cat?post=8107"},{"taxonomy":"product_tag","embeddable":true,"href":"https:\/\/bavarian-bondage.de\/pt\/wp-json\/wp\/v2\/product_tag?post=8107"}],"curies":[{"name":"wp","href":"https:\/\/api.w.org\/{rel}","templated":true}]}}