{"id":8138,"date":"2023-01-28T16:02:42","date_gmt":"2023-01-28T15:02:42","guid":{"rendered":"https:\/\/bavarian-bondage.de\/?post_type=product&#038;p=8138"},"modified":"2026-03-14T09:03:10","modified_gmt":"2026-03-14T08:03:10","slug":"bondagering-japao","status":"publish","type":"product","link":"https:\/\/bavarian-bondage.de\/pt\/produkt\/bondagering-japan\/","title":{"rendered":"Bondage no Jap\u00e3o"},"content":{"rendered":"<h3 style=\"text-align: center\">Bondage no Jap\u00e3o<\/h3>\n<p style=\"text-align: center\">O formato deste anel de suspens\u00e3o remete ao design japon\u00eas. Feito de a\u00e7o inoxid\u00e1vel polido, oferece n\u00e3o apenas uma apar\u00eancia deslumbrante, mas tamb\u00e9m in\u00fameras possibilidades para organizar as cordas. Este anel chama a aten\u00e7\u00e3o em todos os sentidos.<\/p>\n<p>&nbsp;<\/p>\n<p><strong>Detalhes:<\/strong><\/p>\n<p>Di\u00e2metro externo: 250 mm<br \/>\nEspessura do material: 13 mm<br \/>\nPeso: aprox. 980g<br \/>\nMaterial: A\u00e7o inoxid\u00e1vel<\/p>\n<p>&nbsp;<\/p>\n<p><strong>Escopo da entrega:<\/strong> 1 Bondage no Jap\u00e3o<\/p>","protected":false},"excerpt":{"rendered":"<p>Prazo de entrega: 5 a 7 dias*<\/p>","protected":false},"featured_media":8078,"template":"","meta":[],"product_brand":[],"product_cat":[222,233,234],"product_tag":[],"class_list":{"0":"post-8138","1":"product","2":"type-product","3":"status-publish","4":"has-post-thumbnail","6":"product_cat-alle-produkte","7":"product_cat-bondage-zubehoer","8":"product_cat-ringe","10":"first","11":"instock","12":"taxable","13":"shipping-taxable","14":"purchasable","15":"product-type-simple"},"_links":{"self":[{"href":"https:\/\/bavarian-bondage.de\/pt\/wp-json\/wp\/v2\/product\/8138","targetHints":{"allow":["GET"]}}],"collection":[{"href":"https:\/\/bavarian-bondage.de\/pt\/wp-json\/wp\/v2\/product"}],"about":[{"href":"https:\/\/bavarian-bondage.de\/pt\/wp-json\/wp\/v2\/types\/product"}],"version-history":[{"count":3,"href":"https:\/\/bavarian-bondage.de\/pt\/wp-json\/wp\/v2\/product\/8138\/revisions"}],"predecessor-version":[{"id":8141,"href":"https:\/\/bavarian-bondage.de\/pt\/wp-json\/wp\/v2\/product\/8138\/revisions\/8141"}],"wp:featuredmedia":[{"embeddable":true,"href":"https:\/\/bavarian-bondage.de\/pt\/wp-json\/wp\/v2\/media\/8078"}],"wp:attachment":[{"href":"https:\/\/bavarian-bondage.de\/pt\/wp-json\/wp\/v2\/media?parent=8138"}],"wp:term":[{"taxonomy":"product_brand","embeddable":true,"href":"https:\/\/bavarian-bondage.de\/pt\/wp-json\/wp\/v2\/product_brand?post=8138"},{"taxonomy":"product_cat","embeddable":true,"href":"https:\/\/bavarian-bondage.de\/pt\/wp-json\/wp\/v2\/product_cat?post=8138"},{"taxonomy":"product_tag","embeddable":true,"href":"https:\/\/bavarian-bondage.de\/pt\/wp-json\/wp\/v2\/product_tag?post=8138"}],"curies":[{"name":"wp","href":"https:\/\/api.w.org\/{rel}","templated":true}]}}