{"id":8201,"date":"2023-01-28T19:04:14","date_gmt":"2023-01-28T18:04:14","guid":{"rendered":"https:\/\/bavarian-bondage.de\/?post_type=product&#038;p=8201"},"modified":"2025-11-14T12:22:40","modified_gmt":"2025-11-14T11:22:40","slug":"anel-de-bondage-com-cruz-de-santo-andre-em-madeira-de-carvalho","status":"publish","type":"product","link":"https:\/\/bavarian-bondage.de\/pt\/produkt\/bondagering-andreaskreuz-eichenholz\/","title":{"rendered":"Anel de bondage com cruz de Santo Andr\u00e9 em madeira de carvalho"},"content":{"rendered":"<h3 style=\"text-align: center\">Anel de bondage, cruz de Santo Andr\u00e9, carvalho<\/h3>\n<p style=\"text-align: center\">\u00a0O anel \u00e9 feito de carvalho e refor\u00e7ado com um n\u00facleo de a\u00e7o de 10 x 10 mm. A madeira \u00e9 lixada finamente e recebe um acabamento com uma fina camada de \u00f3leo para madeira. Ao contr\u00e1rio dos an\u00e9is triskelion, as cordas s\u00e3o mais f\u00e1ceis de posicionar. Os dois centros separados garantem que o anel fique reto, enquanto os an\u00e9is triskelion tendem a torcer com relativa facilidade.<\/p>\n<p style=\"text-align: center\">Nota: Embora a madeira seja um material excepcionalmente est\u00e1vel, n\u00e3o se compara \u00e0 resist\u00eancia do metal. Especialmente durante a amarra\u00e7\u00e3o de suspens\u00e3o e particularmente durante a chamada t\u00e9cnica de levantamento, podem ocorrer pequenos cortes na madeira \u2013 estes n\u00e3o afetam, obviamente, a estabilidade do pr\u00f3prio anel.<\/p>\n<p>&nbsp;<\/p>\n<p><strong>Detalhes:<\/strong><\/p>\n<p>Di\u00e2metro externo: 240 mm<br \/>\nDi\u00e2metro interno: 180 mm<br \/>\nEspessura do material: 30 mm<br \/>\nPeso: aprox. 950g<br \/>\nMaterial: Carvalho, n\u00facleo de a\u00e7o de 10 x 10 mm<\/p>\n<p>&nbsp;<\/p>\n<p><strong>Escopo da entrega:<\/strong> 1 anel de bondage feito de madeira de carvalho com n\u00facleo de a\u00e7o<\/p>\n<p>&nbsp;<\/p>\n<hr \/>\n<blockquote>\n<p style=\"text-align: center\"><span style=\"color: #333399\">As informa\u00e7\u00f5es sobre os produtos s\u00e3o fornecidas de acordo com nosso melhor conhecimento e cren\u00e7a. Todas as medidas s\u00e3o aproximadas. O uso dos produtos oferecidos nesta loja \u00e9 por sua conta e risco. Cada pessoa reage de forma diferente a influ\u00eancias externas, prazer, dor, etc. Portanto, n\u00e3o nos responsabilizamos por uso indevido. Cada usu\u00e1rio assume total responsabilidade pelo uso e aplica\u00e7\u00e3o correta dos produtos e por quaisquer consequ\u00eancias imprevistas.<\/span><\/p>\n<\/blockquote>","protected":false},"excerpt":{"rendered":"<p>Prazo de entrega: 5 a 7 dias*<\/p>","protected":false},"featured_media":8075,"template":"","meta":[],"product_brand":[],"product_cat":[222,233,234],"product_tag":[],"class_list":{"0":"post-8201","1":"product","2":"type-product","3":"status-publish","4":"has-post-thumbnail","6":"product_cat-alle-produkte","7":"product_cat-bondage-zubehoer","8":"product_cat-ringe","10":"first","11":"instock","12":"taxable","13":"shipping-taxable","14":"purchasable","15":"product-type-simple"},"_links":{"self":[{"href":"https:\/\/bavarian-bondage.de\/pt\/wp-json\/wp\/v2\/product\/8201","targetHints":{"allow":["GET"]}}],"collection":[{"href":"https:\/\/bavarian-bondage.de\/pt\/wp-json\/wp\/v2\/product"}],"about":[{"href":"https:\/\/bavarian-bondage.de\/pt\/wp-json\/wp\/v2\/types\/product"}],"version-history":[{"count":4,"href":"https:\/\/bavarian-bondage.de\/pt\/wp-json\/wp\/v2\/product\/8201\/revisions"}],"predecessor-version":[{"id":15080,"href":"https:\/\/bavarian-bondage.de\/pt\/wp-json\/wp\/v2\/product\/8201\/revisions\/15080"}],"wp:featuredmedia":[{"embeddable":true,"href":"https:\/\/bavarian-bondage.de\/pt\/wp-json\/wp\/v2\/media\/8075"}],"wp:attachment":[{"href":"https:\/\/bavarian-bondage.de\/pt\/wp-json\/wp\/v2\/media?parent=8201"}],"wp:term":[{"taxonomy":"product_brand","embeddable":true,"href":"https:\/\/bavarian-bondage.de\/pt\/wp-json\/wp\/v2\/product_brand?post=8201"},{"taxonomy":"product_cat","embeddable":true,"href":"https:\/\/bavarian-bondage.de\/pt\/wp-json\/wp\/v2\/product_cat?post=8201"},{"taxonomy":"product_tag","embeddable":true,"href":"https:\/\/bavarian-bondage.de\/pt\/wp-json\/wp\/v2\/product_tag?post=8201"}],"curies":[{"name":"wp","href":"https:\/\/api.w.org\/{rel}","templated":true}]}}