{"id":8203,"date":"2023-01-28T19:15:01","date_gmt":"2023-01-28T18:15:01","guid":{"rendered":"https:\/\/bavarian-bondage.de\/?post_type=product&#038;p=8203"},"modified":"2025-10-26T08:25:17","modified_gmt":"2025-10-26T07:25:17","slug":"anel-de-bondage-com-cruz-de-santo-andre-e-nogueira","status":"publish","type":"product","link":"https:\/\/bavarian-bondage.de\/pt\/produkt\/bondagering-andreaskreuz-nussbaum\/","title":{"rendered":"Anel de bondage com cruz de Santo Andr\u00e9 e nogueira"},"content":{"rendered":"<h3 style=\"text-align: center\">Anel de bondage com cruz de Santo Andr\u00e9 em madeira de nogueira<\/h3>\n<p style=\"text-align: center\">A cruz de Santo Andr\u00e9 tamb\u00e9m \u00e9 um s\u00edmbolo bem conhecido na cena BDSM, e o padr\u00e3o \u00e9 muito pr\u00e1tico para an\u00e9is de bondage. O anel \u00e9 feito de madeira de nogueira de alta qualidade e refor\u00e7ado com um n\u00facleo de a\u00e7o de 10 x 10 mm. O n\u00facleo de a\u00e7o est\u00e1 localizado tanto no anel externo quanto no divisor interno.<\/p>\n<p style=\"text-align: center\">Nota: Embora a madeira seja um material excepcionalmente est\u00e1vel, n\u00e3o se compara \u00e0 resist\u00eancia do metal. Especialmente durante a amarra\u00e7\u00e3o de suspens\u00e3o e particularmente durante a chamada t\u00e9cnica de levantamento, podem ocorrer pequenos cortes na madeira \u2013 estes n\u00e3o afetam, obviamente, a estabilidade do pr\u00f3prio anel.<\/p>\n<p>&nbsp;<\/p>\n<p><strong>Detalhes:<\/strong><\/p>\n<p>Di\u00e2metro externo: 240 mm<br \/>\nDi\u00e2metro interno: 180 mm<br \/>\nEspessura do material: 30 mm<br \/>\nPeso: aprox. 900g<br \/>\nMaterial: Madeira de nogueira, n\u00facleo de a\u00e7o de 10 x 10 mm<\/p>\n<p>&nbsp;<\/p>\n<p><strong>Escopo da entrega:<\/strong> 1 anel de bondage em nogueira com n\u00facleo de a\u00e7o<\/p>\n<p>&nbsp;<\/p>\n<p>&nbsp;<\/p>\n<hr \/>\n<blockquote>\n<p style=\"text-align: center\"><span style=\"color: #333399\">As informa\u00e7\u00f5es sobre os produtos s\u00e3o fornecidas de acordo com nosso melhor conhecimento e cren\u00e7a. Todas as medidas s\u00e3o aproximadas. O uso dos produtos oferecidos nesta loja \u00e9 por sua conta e risco. Cada pessoa reage de forma diferente a influ\u00eancias externas, prazer, dor, etc. Portanto, n\u00e3o nos responsabilizamos por uso indevido. Cada usu\u00e1rio assume total responsabilidade pelo uso e aplica\u00e7\u00e3o correta dos produtos e por quaisquer consequ\u00eancias imprevistas.<\/span><\/p>\n<\/blockquote>\n<p>&nbsp;<\/p>","protected":false},"excerpt":{"rendered":"<p>Prazo de entrega: 5 a 7 dias*<\/p>","protected":false},"featured_media":8077,"template":"","meta":[],"product_brand":[],"product_cat":[222,233,234],"product_tag":[],"class_list":{"0":"post-8203","1":"product","2":"type-product","3":"status-publish","4":"has-post-thumbnail","6":"product_cat-alle-produkte","7":"product_cat-bondage-zubehoer","8":"product_cat-ringe","10":"first","11":"instock","12":"taxable","13":"shipping-taxable","14":"purchasable","15":"product-type-simple"},"_links":{"self":[{"href":"https:\/\/bavarian-bondage.de\/pt\/wp-json\/wp\/v2\/product\/8203","targetHints":{"allow":["GET"]}}],"collection":[{"href":"https:\/\/bavarian-bondage.de\/pt\/wp-json\/wp\/v2\/product"}],"about":[{"href":"https:\/\/bavarian-bondage.de\/pt\/wp-json\/wp\/v2\/types\/product"}],"version-history":[{"count":5,"href":"https:\/\/bavarian-bondage.de\/pt\/wp-json\/wp\/v2\/product\/8203\/revisions"}],"predecessor-version":[{"id":15078,"href":"https:\/\/bavarian-bondage.de\/pt\/wp-json\/wp\/v2\/product\/8203\/revisions\/15078"}],"wp:featuredmedia":[{"embeddable":true,"href":"https:\/\/bavarian-bondage.de\/pt\/wp-json\/wp\/v2\/media\/8077"}],"wp:attachment":[{"href":"https:\/\/bavarian-bondage.de\/pt\/wp-json\/wp\/v2\/media?parent=8203"}],"wp:term":[{"taxonomy":"product_brand","embeddable":true,"href":"https:\/\/bavarian-bondage.de\/pt\/wp-json\/wp\/v2\/product_brand?post=8203"},{"taxonomy":"product_cat","embeddable":true,"href":"https:\/\/bavarian-bondage.de\/pt\/wp-json\/wp\/v2\/product_cat?post=8203"},{"taxonomy":"product_tag","embeddable":true,"href":"https:\/\/bavarian-bondage.de\/pt\/wp-json\/wp\/v2\/product_tag?post=8203"}],"curies":[{"name":"wp","href":"https:\/\/api.w.org\/{rel}","templated":true}]}}