{"id":8222,"date":"2023-01-28T19:42:14","date_gmt":"2023-01-28T18:42:14","guid":{"rendered":"https:\/\/bavarian-bondage.de\/?post_type=product&#038;p=8222"},"modified":"2025-10-20T11:37:43","modified_gmt":"2025-10-20T09:37:43","slug":"saco-de-algodao-bavaro","status":"publish","type":"product","link":"https:\/\/bavarian-bondage.de\/pt\/produkt\/baumwollbeutel-bavarian\/","title":{"rendered":"Saco de algod\u00e3o b\u00e1varo"},"content":{"rendered":"<h3 style=\"text-align: center\">Saco de algod\u00e3o, bondage b\u00e1vara<\/h3>\n<p style=\"text-align: center\">Devido \u00e0 grande procura, agora oferecemos um saco de algod\u00e3o com cord\u00e3o e com o nosso logotipo. \u00c9 uma forma simples e r\u00e1pida de guardar as suas cordas. O cord\u00e3o em ambos os lados facilita o fecho e o transporte do saco.<\/p>\n<p>&nbsp;<\/p>\n<p><strong>Detalhes:<\/strong><\/p>\n<p>Material: algod\u00e3o 100%<br \/>\nCor: Preto<br \/>\nDimens\u00f5es: C 40 cm; L 36 cm<br \/>\nImpress\u00e3o: Impress\u00e3o digital direta<\/p>\n<p>&nbsp;<\/p>\n<p><strong>Escopo da entrega:<\/strong> Sacola de algod\u00e3o preta<\/p>\n<p>&nbsp;<\/p>\n<hr \/>\n<blockquote>\n<p style=\"text-align: center\"><span style=\"color: #333399\">As informa\u00e7\u00f5es sobre os produtos s\u00e3o fornecidas de acordo com nosso melhor conhecimento e cren\u00e7a. Todas as medidas s\u00e3o aproximadas. O uso dos produtos oferecidos nesta loja \u00e9 por sua conta e risco. Cada pessoa reage de forma diferente a influ\u00eancias externas, prazer, dor, etc. Portanto, n\u00e3o nos responsabilizamos por uso indevido. Cada usu\u00e1rio assume total responsabilidade pelo uso e aplica\u00e7\u00e3o correta dos produtos e por quaisquer consequ\u00eancias imprevistas.<\/span><\/p>\n<\/blockquote>","protected":false},"excerpt":{"rendered":"<p>Prazo de entrega: 5 a 7 dias*<\/p>","protected":false},"featured_media":8221,"template":"","meta":[],"product_brand":[],"product_cat":[222,223],"product_tag":[],"class_list":{"0":"post-8222","1":"product","2":"type-product","3":"status-publish","4":"has-post-thumbnail","6":"product_cat-alle-produkte","7":"product_cat-zubehoer","9":"first","10":"outofstock","11":"taxable","12":"shipping-taxable","13":"purchasable","14":"product-type-simple"},"_links":{"self":[{"href":"https:\/\/bavarian-bondage.de\/pt\/wp-json\/wp\/v2\/product\/8222","targetHints":{"allow":["GET"]}}],"collection":[{"href":"https:\/\/bavarian-bondage.de\/pt\/wp-json\/wp\/v2\/product"}],"about":[{"href":"https:\/\/bavarian-bondage.de\/pt\/wp-json\/wp\/v2\/types\/product"}],"version-history":[{"count":2,"href":"https:\/\/bavarian-bondage.de\/pt\/wp-json\/wp\/v2\/product\/8222\/revisions"}],"predecessor-version":[{"id":8234,"href":"https:\/\/bavarian-bondage.de\/pt\/wp-json\/wp\/v2\/product\/8222\/revisions\/8234"}],"wp:featuredmedia":[{"embeddable":true,"href":"https:\/\/bavarian-bondage.de\/pt\/wp-json\/wp\/v2\/media\/8221"}],"wp:attachment":[{"href":"https:\/\/bavarian-bondage.de\/pt\/wp-json\/wp\/v2\/media?parent=8222"}],"wp:term":[{"taxonomy":"product_brand","embeddable":true,"href":"https:\/\/bavarian-bondage.de\/pt\/wp-json\/wp\/v2\/product_brand?post=8222"},{"taxonomy":"product_cat","embeddable":true,"href":"https:\/\/bavarian-bondage.de\/pt\/wp-json\/wp\/v2\/product_cat?post=8222"},{"taxonomy":"product_tag","embeddable":true,"href":"https:\/\/bavarian-bondage.de\/pt\/wp-json\/wp\/v2\/product_tag?post=8222"}],"curies":[{"name":"wp","href":"https:\/\/api.w.org\/{rel}","templated":true}]}}