{"id":8530,"date":"2023-01-30T09:03:41","date_gmt":"2023-01-30T08:03:41","guid":{"rendered":"https:\/\/bavarian-bondage.de\/?post_type=product&#038;p=8530"},"modified":"2026-04-03T18:20:46","modified_gmt":"2026-04-03T16:20:46","slug":"creme-para-cuidados-com-cordas-100ml-vegano","status":"publish","type":"product","link":"https:\/\/bavarian-bondage.de\/pt\/produkt\/rope-care-cream-100ml-vegan\/","title":{"rendered":"Creme para cuidados com cordas 100ml Vegano"},"content":{"rendered":"<h3 style=\"text-align: center\">Creme Vegano para Cuidados com Cordas<\/h3>\n<p style=\"text-align: center\">(Produ\u00e7\u00e3o interna)<\/p>\n<p style=\"text-align: center\">Devido \u00e0 grande procura, agora oferecemos nossos produtos para tratamento de cordas em uma vers\u00e3o vegana. Em vez de cera de abelha, a vers\u00e3o vegana utiliza cera de frutos silvestres. O Creme para Tratamento de Cordas tem uma consist\u00eancia relativamente firme e, ao contr\u00e1rio da vers\u00e3o \u00e0 base de \u00f3leo, deve ser massageado na corda. Uma quantidade do tamanho de uma avel\u00e3 costuma ser suficiente para uma corda de oito metros.<\/p>\n<p style=\"text-align: center\">O produto para tratamento de cordas naturais 100% \u00e9 adequado tanto para cordas de c\u00e2nhamo quanto de juta.<\/p>\n<p style=\"text-align: center\">As cordas devem ser deixadas a secar por alguns dias ap\u00f3s o uso.<\/p>\n<p style=\"text-align: center\"><span style=\"color: #ff0000\">N\u00e3o \u00e9 um produto cosm\u00e9tico.<\/span><\/p>\n<p style=\"text-align: center\"><span style=\"color: #ff0000\">N\u00e3o adequado para consumo.<\/span><\/p>\n<p><strong>Composi\u00e7\u00e3o:<\/strong><\/p>\n<p>Cera de baga<br \/>\n\u00d3leo de jojoba<\/p>\n<p>&nbsp;<\/p>\n<p><strong>Escopo da entrega:<\/strong> Creme para cuidados com cordas, 100ml, vegano<\/p>\n<p>&nbsp;<\/p>\n<hr \/>\n<blockquote>\n<p style=\"text-align: center\"><span style=\"color: #333399\">As informa\u00e7\u00f5es sobre os produtos s\u00e3o fornecidas de acordo com nosso melhor conhecimento e cren\u00e7a. Todas as medidas s\u00e3o aproximadas. O uso dos produtos oferecidos nesta loja \u00e9 por sua conta e risco. Cada pessoa reage de forma diferente a influ\u00eancias externas, prazer, dor, etc. Portanto, n\u00e3o nos responsabilizamos por uso indevido. Cada usu\u00e1rio assume total responsabilidade pelo uso e aplica\u00e7\u00e3o correta dos produtos e por quaisquer consequ\u00eancias imprevistas.<\/span><\/p>\n<\/blockquote>","protected":false},"excerpt":{"rendered":"<p>Pre\u00e7o base: \u20ac 125,00\/l<\/p>\n<p>Prazo de entrega: 5 a 7 dias*<\/p>","protected":false},"featured_media":8549,"template":"","meta":[],"product_brand":[],"product_cat":[322,233,222],"product_tag":[],"class_list":{"0":"post-8530","1":"product","2":"type-product","3":"status-publish","4":"has-post-thumbnail","6":"product_cat-seilpflege","7":"product_cat-bondage-zubehoer","8":"product_cat-alle-produkte","10":"first","11":"instock","12":"taxable","13":"shipping-taxable","14":"purchasable","15":"product-type-simple"},"_links":{"self":[{"href":"https:\/\/bavarian-bondage.de\/pt\/wp-json\/wp\/v2\/product\/8530","targetHints":{"allow":["GET"]}}],"collection":[{"href":"https:\/\/bavarian-bondage.de\/pt\/wp-json\/wp\/v2\/product"}],"about":[{"href":"https:\/\/bavarian-bondage.de\/pt\/wp-json\/wp\/v2\/types\/product"}],"version-history":[{"count":4,"href":"https:\/\/bavarian-bondage.de\/pt\/wp-json\/wp\/v2\/product\/8530\/revisions"}],"predecessor-version":[{"id":15246,"href":"https:\/\/bavarian-bondage.de\/pt\/wp-json\/wp\/v2\/product\/8530\/revisions\/15246"}],"wp:featuredmedia":[{"embeddable":true,"href":"https:\/\/bavarian-bondage.de\/pt\/wp-json\/wp\/v2\/media\/8549"}],"wp:attachment":[{"href":"https:\/\/bavarian-bondage.de\/pt\/wp-json\/wp\/v2\/media?parent=8530"}],"wp:term":[{"taxonomy":"product_brand","embeddable":true,"href":"https:\/\/bavarian-bondage.de\/pt\/wp-json\/wp\/v2\/product_brand?post=8530"},{"taxonomy":"product_cat","embeddable":true,"href":"https:\/\/bavarian-bondage.de\/pt\/wp-json\/wp\/v2\/product_cat?post=8530"},{"taxonomy":"product_tag","embeddable":true,"href":"https:\/\/bavarian-bondage.de\/pt\/wp-json\/wp\/v2\/product_tag?post=8530"}],"curies":[{"name":"wp","href":"https:\/\/api.w.org\/{rel}","templated":true}]}}