{"id":8533,"date":"2023-01-30T09:12:24","date_gmt":"2023-01-30T08:12:24","guid":{"rendered":"https:\/\/bavarian-bondage.de\/?post_type=product&#038;p=8533"},"modified":"2024-11-30T13:19:53","modified_gmt":"2024-11-30T12:19:53","slug":"oleo-vegano-para-tratamento-de-cordas-100ml","status":"publish","type":"product","link":"https:\/\/bavarian-bondage.de\/pt\/produkt\/seilpflegeoel-vegan-100ml\/","title":{"rendered":"\u00d3leo vegano para tratamento de cordas, 100ml"},"content":{"rendered":"<h3 style=\"text-align: center\">\u00d3leo vegano para cuidados com cordas<\/h3>\n<p style=\"text-align: center\">(Produ\u00e7\u00e3o interna)<\/p>\n<p style=\"text-align: center\">Essa mistura de \u00f3leos \u00e9 usada como padr\u00e3o para o tratamento das minhas cordas.<\/p>\n<p style=\"text-align: center\">\u00c9 fino, 100% natural e tem um cheiro neutro!<\/p>\n<p style=\"text-align: center\">Dicas sobre o cuidado e uso de cordas podem ser encontradas aqui. <a href=\"https:\/\/bavarian-bondage.de\/pt\/dicas-de-cuidado-para-as-cordas\/\">aqui.<\/a><\/p>\n<p>&nbsp;<\/p>\n<p style=\"text-align: center\"><span style=\"color: #ff0000\">N\u00e3o \u00e9 um produto cosm\u00e9tico.<\/span><\/p>\n<p style=\"text-align: center\"><span style=\"color: #ff0000\">N\u00e3o adequado para consumo.<\/span><\/p>\n<p>&nbsp;<\/p>\n<p><strong>Composi\u00e7\u00e3o:<\/strong><\/p>\n<p>\u00d3leo de jojoba<br \/>\n\u00f3leo de cam\u00e9lia<br \/>\nCera de baga<\/p>\n<p>&nbsp;<\/p>\n<p><strong>Escopo da entrega:<\/strong> \u00d3leo vegano para tratamento de cordas, 100ml; Folha informativa<\/p>\n<p>&nbsp;<\/p>\n<hr \/>\n<blockquote>\n<p style=\"text-align: center\"><span style=\"color: #333399\">As informa\u00e7\u00f5es sobre os produtos s\u00e3o fornecidas de acordo com nosso melhor conhecimento e cren\u00e7a. Todas as medidas s\u00e3o aproximadas. O uso dos produtos oferecidos nesta loja \u00e9 por sua conta e risco. Cada pessoa reage de forma diferente a influ\u00eancias externas, prazer, dor, etc. Portanto, n\u00e3o nos responsabilizamos por uso indevido. Cada usu\u00e1rio assume total responsabilidade pelo uso e aplica\u00e7\u00e3o correta dos produtos e por quaisquer consequ\u00eancias imprevistas.<\/span><\/p>\n<\/blockquote>","protected":false},"excerpt":{"rendered":"<p>Pre\u00e7o base: \u20ac 95,00\/l<\/p>\n<p>Prazo de entrega: 5 a 7 dias*<\/p>","protected":false},"featured_media":8545,"template":"","meta":[],"product_brand":[],"product_cat":[222,233,322],"product_tag":[],"class_list":{"0":"post-8533","1":"product","2":"type-product","3":"status-publish","4":"has-post-thumbnail","6":"product_cat-alle-produkte","7":"product_cat-bondage-zubehoer","8":"product_cat-seilpflege","10":"first","11":"instock","12":"taxable","13":"shipping-taxable","14":"purchasable","15":"product-type-simple"},"_links":{"self":[{"href":"https:\/\/bavarian-bondage.de\/pt\/wp-json\/wp\/v2\/product\/8533","targetHints":{"allow":["GET"]}}],"collection":[{"href":"https:\/\/bavarian-bondage.de\/pt\/wp-json\/wp\/v2\/product"}],"about":[{"href":"https:\/\/bavarian-bondage.de\/pt\/wp-json\/wp\/v2\/types\/product"}],"version-history":[{"count":3,"href":"https:\/\/bavarian-bondage.de\/pt\/wp-json\/wp\/v2\/product\/8533\/revisions"}],"predecessor-version":[{"id":15942,"href":"https:\/\/bavarian-bondage.de\/pt\/wp-json\/wp\/v2\/product\/8533\/revisions\/15942"}],"wp:featuredmedia":[{"embeddable":true,"href":"https:\/\/bavarian-bondage.de\/pt\/wp-json\/wp\/v2\/media\/8545"}],"wp:attachment":[{"href":"https:\/\/bavarian-bondage.de\/pt\/wp-json\/wp\/v2\/media?parent=8533"}],"wp:term":[{"taxonomy":"product_brand","embeddable":true,"href":"https:\/\/bavarian-bondage.de\/pt\/wp-json\/wp\/v2\/product_brand?post=8533"},{"taxonomy":"product_cat","embeddable":true,"href":"https:\/\/bavarian-bondage.de\/pt\/wp-json\/wp\/v2\/product_cat?post=8533"},{"taxonomy":"product_tag","embeddable":true,"href":"https:\/\/bavarian-bondage.de\/pt\/wp-json\/wp\/v2\/product_tag?post=8533"}],"curies":[{"name":"wp","href":"https:\/\/api.w.org\/{rel}","templated":true}]}}