{"id":8796,"date":"2023-01-30T17:31:17","date_gmt":"2023-01-30T16:31:17","guid":{"rendered":"https:\/\/bavarian-bondage.de\/?post_type=product&#038;p=8796"},"modified":"2025-12-27T12:37:39","modified_gmt":"2025-12-27T11:37:39","slug":"edicao-juta-s-5mm-conjunto-classico-3x8","status":"publish","type":"product","link":"https:\/\/bavarian-bondage.de\/pt\/produkt\/jute-s-edition-5mm-klassik-set-3x8\/","title":{"rendered":"Juta S-Edition 5mm CLASSIC; Conjunto 3\u00d78"},"content":{"rendered":"<h3 style=\"text-align: center\">Juta S-Edition 5mm CL\u00c1SSICO<\/h3>\n<p style=\"text-align: center\">Ideal para quem est\u00e1 come\u00e7ando na \u00e1rea de rigging ou para expandir um cen\u00e1rio j\u00e1 existente.<\/p>\n<p style=\"text-align: center\">Uma corda muito bem torcida com vantagens \u00fanicas. O fio certo e o acabamento elaborado criam uma superf\u00edcie bonita e lisa que dificilmente forma bolinhas e, ao contr\u00e1rio de muitas cordas de juta, n\u00e3o arranha. Amarrar com essas cordas \u00e9 um pouco diferente de amarrar com outras e requer um pouco de pr\u00e1tica no in\u00edcio. Depois de amarradas corretamente, as cordas afrouxam um pouco, mas mant\u00eam sua firmeza.<\/p>\n<p style=\"text-align: center\">As extremidades s\u00e3o fechadas com um n\u00f3 simples.<\/p>\n<p>&nbsp;<\/p>\n<p><strong>Detalhes:<\/strong><br \/>\nJuta S-Edition 5mm CL\u00c1SSICO<br \/>\n3 eixos torcidos (<em>Dobro<\/em>\u2013<em>(Ply)<\/em><br \/>\nCor caramelo claro<br \/>\nN\u00f3 simples<br \/>\nDimens\u00f5es: 3x8m<br \/>\n(O comprimento da corda pode variar em at\u00e9 3% em rela\u00e7\u00e3o ao comprimento indicado.)<\/p>\n<p>&nbsp;<\/p>\n<p><span style=\"color: #ff0000\"><strong>Um aviso:<\/strong><\/span><\/p>\n<p>Verifique regularmente se as cordas est\u00e3o desgastadas ou danificadas!<br \/>\nCom cordas torcidas ou dobradas, pode acontecer de elas se soltarem durante o uso!<br \/>\nN\u00e3o lave cordas de juta. O ideal \u00e9 limp\u00e1-las com um pano \u00famido.<\/p>\n<p>&nbsp;<\/p>\n<p><strong>Escopo da entrega:<\/strong> Juta 3x8m S-Edition 5mm CLASSIC;<\/p>\n<p>&nbsp;<\/p>\n<hr \/>\n<blockquote>\n<p style=\"text-align: center\"><span style=\"color: #333399\">As informa\u00e7\u00f5es sobre os produtos s\u00e3o fornecidas de acordo com nosso melhor conhecimento e cren\u00e7a. Todas as medidas s\u00e3o aproximadas. O uso dos produtos oferecidos nesta loja \u00e9 por sua conta e risco. Cada pessoa reage de forma diferente a influ\u00eancias externas, prazer, dor, etc. Portanto, n\u00e3o nos responsabilizamos por uso indevido. Cada usu\u00e1rio assume total responsabilidade pelo uso e aplica\u00e7\u00e3o correta dos produtos e por quaisquer consequ\u00eancias imprevistas.<\/span><\/p>\n<\/blockquote>","protected":false},"excerpt":{"rendered":"<p>Pre\u00e7o base: \u20ac 2,15\/m\u00b2<\/p>\n<p>Prazo de entrega: 5 a 7 dias*<\/p>","protected":false},"featured_media":8897,"template":"","meta":[],"product_brand":[],"product_cat":[216,483,294],"product_tag":[],"class_list":{"0":"post-8796","1":"product","2":"type-product","3":"status-publish","4":"has-post-thumbnail","6":"product_cat-bondageseile","7":"product_cat-jute-s-edition-5mm","8":"product_cat-juteseile","10":"first","11":"instock","12":"taxable","13":"shipping-taxable","14":"purchasable","15":"product-type-simple"},"_links":{"self":[{"href":"https:\/\/bavarian-bondage.de\/pt\/wp-json\/wp\/v2\/product\/8796","targetHints":{"allow":["GET"]}}],"collection":[{"href":"https:\/\/bavarian-bondage.de\/pt\/wp-json\/wp\/v2\/product"}],"about":[{"href":"https:\/\/bavarian-bondage.de\/pt\/wp-json\/wp\/v2\/types\/product"}],"version-history":[{"count":5,"href":"https:\/\/bavarian-bondage.de\/pt\/wp-json\/wp\/v2\/product\/8796\/revisions"}],"predecessor-version":[{"id":13880,"href":"https:\/\/bavarian-bondage.de\/pt\/wp-json\/wp\/v2\/product\/8796\/revisions\/13880"}],"wp:featuredmedia":[{"embeddable":true,"href":"https:\/\/bavarian-bondage.de\/pt\/wp-json\/wp\/v2\/media\/8897"}],"wp:attachment":[{"href":"https:\/\/bavarian-bondage.de\/pt\/wp-json\/wp\/v2\/media?parent=8796"}],"wp:term":[{"taxonomy":"product_brand","embeddable":true,"href":"https:\/\/bavarian-bondage.de\/pt\/wp-json\/wp\/v2\/product_brand?post=8796"},{"taxonomy":"product_cat","embeddable":true,"href":"https:\/\/bavarian-bondage.de\/pt\/wp-json\/wp\/v2\/product_cat?post=8796"},{"taxonomy":"product_tag","embeddable":true,"href":"https:\/\/bavarian-bondage.de\/pt\/wp-json\/wp\/v2\/product_tag?post=8796"}],"curies":[{"name":"wp","href":"https:\/\/api.w.org\/{rel}","templated":true}]}}