{"id":8812,"date":"2023-01-31T09:03:03","date_gmt":"2023-01-31T08:03:03","guid":{"rendered":"https:\/\/bavarian-bondage.de\/?post_type=product&#038;p=8812"},"modified":"2026-03-25T23:33:42","modified_gmt":"2026-03-25T22:33:42","slug":"juta-edicao-s-corda-unica-exclusiva-6mm-8m","status":"publish","type":"product","link":"https:\/\/bavarian-bondage.de\/pt\/produkt\/jute-s-edition-6mm-exklusiv-einzelseil-8m\/","title":{"rendered":"Juta Edi\u00e7\u00e3o S 6mm EXCLUSIVA; Corda \u00fanica de 8m"},"content":{"rendered":"<h3 style=\"text-align: center\">Juta Edi\u00e7\u00e3o S 6mm EXCLUSIVO<\/h3>\n<p style=\"text-align: center\">As cordas individuais s\u00e3o projetadas para substituir uma corda, ampliar o conjunto ou simplesmente verificar a qualidade.<\/p>\n<p style=\"text-align: center\">Uma corda muito bem torcida com vantagens \u00fanicas. O fio certo e o acabamento elaborado criam uma superf\u00edcie bonita e lisa que dificilmente forma bolinhas e, ao contr\u00e1rio de muitas cordas de juta, n\u00e3o arranha. Amarrar com essas cordas \u00e9 um pouco diferente de amarrar com outras e requer um pouco de pr\u00e1tica no in\u00edcio. Depois de amarradas corretamente, as cordas afrouxam um pouco, mas mant\u00eam sua firmeza.<\/p>\n<p style=\"text-align: center\">As extremidades s\u00e3o finalizadas com pequenos n\u00f3s trisken, o que facilita bastante a amarra\u00e7\u00e3o.<\/p>\n<p>&nbsp;<\/p>\n<p>&nbsp;<\/p>\n<p><strong>Detalhes:<\/strong><br \/>\nJuta Edi\u00e7\u00e3o S 6mm EXCLUSIVO<br \/>\n3 eixos torcidos (<em>Dobro<\/em>\u2013<em>(Ply)<\/em><br \/>\nCor caramelo claro<br \/>\nn\u00f3s terminais pequenos<br \/>\nComprimento: 1 x 8 m<br \/>\n(O comprimento da corda pode variar em at\u00e9 3% em rela\u00e7\u00e3o ao comprimento indicado.)<\/p>\n<p>&nbsp;<\/p>\n<p><span style=\"color: #ff0000\"><strong>Um aviso:<\/strong><\/span><\/p>\n<p>Verifique regularmente se as cordas est\u00e3o desgastadas ou danificadas!<br \/>\nCom cordas torcidas ou dobradas, pode acontecer de elas se soltarem durante o uso!<br \/>\nN\u00e3o lave cordas de juta. O ideal \u00e9 limp\u00e1-las com um pano \u00famido.<\/p>\n<p>&nbsp;<\/p>\n<p><strong>Escopo da entrega:<\/strong> Juta 1x8m Edi\u00e7\u00e3o S 6mm EXCLUSIVA<\/p>\n<p>&nbsp;<\/p>\n<hr \/>\n<blockquote>\n<p style=\"text-align: center\"><span style=\"color: #333399\">As informa\u00e7\u00f5es sobre os produtos s\u00e3o fornecidas de acordo com nosso melhor conhecimento e cren\u00e7a. Todas as medidas s\u00e3o aproximadas. O uso dos produtos oferecidos nesta loja \u00e9 por sua conta e risco. Cada pessoa reage de forma diferente a influ\u00eancias externas, prazer, dor, etc. Portanto, n\u00e3o nos responsabilizamos por uso indevido. Cada usu\u00e1rio assume total responsabilidade pelo uso e aplica\u00e7\u00e3o correta dos produtos e por quaisquer consequ\u00eancias imprevistas.<\/span><\/p>\n<\/blockquote>","protected":false},"excerpt":{"rendered":"<p>Pre\u00e7o base: \u20ac 2,69\/m\u00b2<\/p>\n<p>Prazo de entrega: 5 a 7 dias*<\/p>","protected":false},"featured_media":9640,"template":"","meta":[],"product_brand":[],"product_cat":[216,294,484],"product_tag":[],"class_list":{"0":"post-8812","1":"product","2":"type-product","3":"status-publish","4":"has-post-thumbnail","6":"product_cat-bondageseile","7":"product_cat-juteseile","8":"product_cat-jute-s-edition-6mm","10":"first","11":"instock","12":"taxable","13":"shipping-taxable","14":"purchasable","15":"product-type-simple"},"_links":{"self":[{"href":"https:\/\/bavarian-bondage.de\/pt\/wp-json\/wp\/v2\/product\/8812","targetHints":{"allow":["GET"]}}],"collection":[{"href":"https:\/\/bavarian-bondage.de\/pt\/wp-json\/wp\/v2\/product"}],"about":[{"href":"https:\/\/bavarian-bondage.de\/pt\/wp-json\/wp\/v2\/types\/product"}],"version-history":[{"count":3,"href":"https:\/\/bavarian-bondage.de\/pt\/wp-json\/wp\/v2\/product\/8812\/revisions"}],"predecessor-version":[{"id":13886,"href":"https:\/\/bavarian-bondage.de\/pt\/wp-json\/wp\/v2\/product\/8812\/revisions\/13886"}],"wp:featuredmedia":[{"embeddable":true,"href":"https:\/\/bavarian-bondage.de\/pt\/wp-json\/wp\/v2\/media\/9640"}],"wp:attachment":[{"href":"https:\/\/bavarian-bondage.de\/pt\/wp-json\/wp\/v2\/media?parent=8812"}],"wp:term":[{"taxonomy":"product_brand","embeddable":true,"href":"https:\/\/bavarian-bondage.de\/pt\/wp-json\/wp\/v2\/product_brand?post=8812"},{"taxonomy":"product_cat","embeddable":true,"href":"https:\/\/bavarian-bondage.de\/pt\/wp-json\/wp\/v2\/product_cat?post=8812"},{"taxonomy":"product_tag","embeddable":true,"href":"https:\/\/bavarian-bondage.de\/pt\/wp-json\/wp\/v2\/product_tag?post=8812"}],"curies":[{"name":"wp","href":"https:\/\/api.w.org\/{rel}","templated":true}]}}