{"id":8859,"date":"2023-01-31T10:35:14","date_gmt":"2023-01-31T09:35:14","guid":{"rendered":"https:\/\/bavarian-bondage.de\/?post_type=product&#038;p=8859"},"modified":"2025-12-01T09:57:40","modified_gmt":"2025-12-01T08:57:40","slug":"corda-de-linho-e-canhamo-5mm-preta-e-azul-8m-exclusiva","status":"publish","type":"product","link":"https:\/\/bavarian-bondage.de\/pt\/produkt\/leinenhanfseil-5mm-schwarz-blau-8m-exklusiv\/","title":{"rendered":"Corda de linho e c\u00e2nhamo 5mm Preto-Azul 8m EXCLUSIVO"},"content":{"rendered":"<h3 style=\"text-align: center\">Corda de linho e c\u00e2nhamo 5mm Preto-Azul EXCLUSIVO<\/h3>\n<p style=\"text-align: center\">Uma corda ligeiramente diferente em duas cores. A corda de c\u00e2nhamo \u00e9 tingida at\u00e9 a metade em preto e azul. Quando dobrada, as duas cores se sobrep\u00f5em, criando um efeito geral muito atraente. A corda bruta utilizada \u00e9 um pouco mais grossa do que minhas outras cordas de 5 mm.<\/p>\n<p style=\"text-align: center\">A corda EXCLUSIVA de linho e c\u00e2nhamo de 5 mm \u00e9 extremamente macia e flex\u00edvel! Ela passou por m\u00faltiplos tratamentos para atingir a mais alta qualidade. A corda apresenta uma estrutura redonda, uniforme e sem n\u00f3s em toda a sua extens\u00e3o. Al\u00e9m disso, as extremidades s\u00e3o finalizadas com pequenos n\u00f3s. Como as cordas s\u00e3o tingidas por completo, a colora\u00e7\u00e3o n\u00e3o \u00e9 totalmente uniforme.<\/p>\n<p>&nbsp;<\/p>\n<p><strong>Detalhes:<\/strong><\/p>\n<p>Corda de linho e c\u00e2nhamo 5mm azul-preta EXCLUSIVA<br \/>\ntorcido de 3 eixos<br \/>\nCor: Azul-Preto<br \/>\nTriskenknot<br \/>\nComprimento: 1 x 8 m<br \/>\n(O comprimento da corda pode variar em at\u00e9 3% em rela\u00e7\u00e3o ao comprimento indicado)<\/p>\n<p>&nbsp;<\/p>\n<p><span style=\"color: #ff0000\"><strong>Um aviso:<\/strong><\/span><\/p>\n<p>Verifique regularmente se as cordas apresentam desgaste ou danos! Cordas torcidas ou enroladas podem afrouxar durante o uso!<br \/>\nAs cordas foram tingidas por completo e n\u00e3o t\u00eam a mesma cor em toda a sua extens\u00e3o at\u00e9 o meio.<\/p>\n<p>&nbsp;<\/p>\n<p><strong>Escopo da entrega:<\/strong> Corda de linho e c\u00e2nhamo 1x8m 5mm Azul-Preto EXCLUSIVO<\/p>\n<p>&nbsp;<\/p>\n<hr \/>\n<blockquote>\n<p style=\"text-align: center\"><span style=\"color: #333399\">As informa\u00e7\u00f5es sobre os produtos s\u00e3o fornecidas de acordo com nosso melhor conhecimento e cren\u00e7a. Todas as medidas s\u00e3o aproximadas. O uso dos produtos oferecidos nesta loja \u00e9 por sua conta e risco. Cada pessoa reage de forma diferente a influ\u00eancias externas, prazer, dor, etc. Portanto, n\u00e3o nos responsabilizamos por uso indevido. Cada usu\u00e1rio assume total responsabilidade pelo uso e aplica\u00e7\u00e3o correta dos produtos e por quaisquer consequ\u00eancias imprevistas.<\/span><\/p>\n<\/blockquote>","protected":false},"excerpt":{"rendered":"<p>Pre\u00e7o base: \u20ac 3,25\/m<\/p>\n<p>Prazo de entrega: 5 a 7 dias*<\/p>","protected":false},"featured_media":8882,"template":"","meta":[],"product_brand":[],"product_cat":[216,217,367],"product_tag":[528],"class_list":{"0":"post-8859","1":"product","2":"type-product","3":"status-publish","4":"has-post-thumbnail","6":"product_cat-bondageseile","7":"product_cat-leinenhanfseil","8":"product_cat-leinenhanf-seil-zweifarbig","9":"product_tag-leinenhanfseil","11":"first","12":"instock","13":"taxable","14":"shipping-taxable","15":"purchasable","16":"product-type-simple"},"_links":{"self":[{"href":"https:\/\/bavarian-bondage.de\/pt\/wp-json\/wp\/v2\/product\/8859","targetHints":{"allow":["GET"]}}],"collection":[{"href":"https:\/\/bavarian-bondage.de\/pt\/wp-json\/wp\/v2\/product"}],"about":[{"href":"https:\/\/bavarian-bondage.de\/pt\/wp-json\/wp\/v2\/types\/product"}],"version-history":[{"count":6,"href":"https:\/\/bavarian-bondage.de\/pt\/wp-json\/wp\/v2\/product\/8859\/revisions"}],"predecessor-version":[{"id":13767,"href":"https:\/\/bavarian-bondage.de\/pt\/wp-json\/wp\/v2\/product\/8859\/revisions\/13767"}],"wp:featuredmedia":[{"embeddable":true,"href":"https:\/\/bavarian-bondage.de\/pt\/wp-json\/wp\/v2\/media\/8882"}],"wp:attachment":[{"href":"https:\/\/bavarian-bondage.de\/pt\/wp-json\/wp\/v2\/media?parent=8859"}],"wp:term":[{"taxonomy":"product_brand","embeddable":true,"href":"https:\/\/bavarian-bondage.de\/pt\/wp-json\/wp\/v2\/product_brand?post=8859"},{"taxonomy":"product_cat","embeddable":true,"href":"https:\/\/bavarian-bondage.de\/pt\/wp-json\/wp\/v2\/product_cat?post=8859"},{"taxonomy":"product_tag","embeddable":true,"href":"https:\/\/bavarian-bondage.de\/pt\/wp-json\/wp\/v2\/product_tag?post=8859"}],"curies":[{"name":"wp","href":"https:\/\/api.w.org\/{rel}","templated":true}]}}