{"id":8906,"date":"2023-01-31T13:54:05","date_gmt":"2023-01-31T12:54:05","guid":{"rendered":"https:\/\/bavarian-bondage.de\/?post_type=product&#038;p=8906"},"modified":"2026-03-20T08:55:29","modified_gmt":"2026-03-20T07:55:29","slug":"versao-ishidaki-1","status":"publish","type":"product","link":"https:\/\/bavarian-bondage.de\/pt\/produkt\/ishidaki-version-1\/","title":{"rendered":"Ishidaki Vers\u00e3o 1"},"content":{"rendered":"<h3 style=\"text-align: center\">Ishidaki Vers\u00e3o 1<\/h3>\n<p style=\"text-align: center\">Nossa interpreta\u00e7\u00e3o moderna de um Ishidaki (prancha de ajoelhar). Feita de faia e nogueira, a prancha \u00e9 de dupla face. Como mostram as imagens, um lado apresenta 13 ripas transversais, enquanto o outro lado \u00e9 adornado com 593 pequenas pir\u00e2mides. A prancha foi projetada para tocar o ch\u00e3o em seus quatro cantos, bem como no centro, \u00e0 esquerda e \u00e0 direita. As extremidades de ambos os lados s\u00e3o rebaixadas em aproximadamente 3 mm para evitar danos ao piso. Mesmo assim, recomenda-se o uso de um tapete por baixo.<\/p>\n<p style=\"text-align: center\">A prancha Ishidaki \u00e9 feita inteiramente de uma \u00fanica pe\u00e7a de madeira; apenas a base foi pr\u00e9-colada e tratada com \u00f3leo para madeira. Seja em p\u00e9, sentado ou ajoelhado, a prancha certamente aprimorar\u00e1 sua sess\u00e3o de Shibari.<\/p>\n<p>&nbsp;<\/p>\n<p><strong>Detalhes:<\/strong><\/p>\n<p>Material: Faia, nogueira<br \/>\nCor: Nogueira \u2013 Faia<br \/>\nComprimento: 46 cm<br \/>\nLargura: 40 cm<br \/>\nAltura: 4 cm<br \/>\nPeso: Aprox. 3 kg<\/p>\n<p>&nbsp;<\/p>\n<p>&nbsp;<\/p>\n<p><strong>Escopo da entrega:<\/strong> 1x Ishidaki Vers\u00e3o 1 Faia e Nogueira<\/p>\n<p>&nbsp;<\/p>\n<hr \/>\n<blockquote>\n<p style=\"text-align: center\"><span style=\"color: #333399\">As informa\u00e7\u00f5es sobre os produtos s\u00e3o fornecidas de acordo com nosso melhor conhecimento e cren\u00e7a. Todas as medidas s\u00e3o aproximadas. O uso dos produtos oferecidos nesta loja \u00e9 por sua conta e risco. Cada pessoa reage de forma diferente a influ\u00eancias externas, prazer, dor, etc. Portanto, n\u00e3o nos responsabilizamos por uso indevido. Cada usu\u00e1rio assume total responsabilidade pelo uso e aplica\u00e7\u00e3o correta dos produtos e por quaisquer consequ\u00eancias imprevistas.<\/span><\/p>\n<\/blockquote>","protected":false},"excerpt":{"rendered":"<p>Ishidaki Vers\u00e3o 1<\/p>","protected":false},"featured_media":8981,"template":"","meta":[],"product_brand":[],"product_cat":[223],"product_tag":[],"class_list":{"0":"post-8906","1":"product","2":"type-product","3":"status-publish","4":"has-post-thumbnail","6":"product_cat-zubehoer","8":"first","9":"instock","10":"taxable","11":"shipping-taxable","12":"purchasable","13":"product-type-simple"},"_links":{"self":[{"href":"https:\/\/bavarian-bondage.de\/pt\/wp-json\/wp\/v2\/product\/8906","targetHints":{"allow":["GET"]}}],"collection":[{"href":"https:\/\/bavarian-bondage.de\/pt\/wp-json\/wp\/v2\/product"}],"about":[{"href":"https:\/\/bavarian-bondage.de\/pt\/wp-json\/wp\/v2\/types\/product"}],"version-history":[{"count":4,"href":"https:\/\/bavarian-bondage.de\/pt\/wp-json\/wp\/v2\/product\/8906\/revisions"}],"predecessor-version":[{"id":13946,"href":"https:\/\/bavarian-bondage.de\/pt\/wp-json\/wp\/v2\/product\/8906\/revisions\/13946"}],"wp:featuredmedia":[{"embeddable":true,"href":"https:\/\/bavarian-bondage.de\/pt\/wp-json\/wp\/v2\/media\/8981"}],"wp:attachment":[{"href":"https:\/\/bavarian-bondage.de\/pt\/wp-json\/wp\/v2\/media?parent=8906"}],"wp:term":[{"taxonomy":"product_brand","embeddable":true,"href":"https:\/\/bavarian-bondage.de\/pt\/wp-json\/wp\/v2\/product_brand?post=8906"},{"taxonomy":"product_cat","embeddable":true,"href":"https:\/\/bavarian-bondage.de\/pt\/wp-json\/wp\/v2\/product_cat?post=8906"},{"taxonomy":"product_tag","embeddable":true,"href":"https:\/\/bavarian-bondage.de\/pt\/wp-json\/wp\/v2\/product_tag?post=8906"}],"curies":[{"name":"wp","href":"https:\/\/api.w.org\/{rel}","templated":true}]}}