{"id":8914,"date":"2023-01-31T09:20:49","date_gmt":"2023-01-31T08:20:49","guid":{"rendered":"https:\/\/bavarian-bondage.de\/?post_type=product&#038;p=8914"},"modified":"2024-11-30T14:07:23","modified_gmt":"2024-11-30T13:07:23","slug":"relogio-de-parede-versao-3","status":"publish","type":"product","link":"https:\/\/bavarian-bondage.de\/pt\/produkt\/wanduhr-version-3\/","title":{"rendered":"Rel\u00f3gio de parede vers\u00e3o 3"},"content":{"rendered":"<h3 style=\"text-align: center\">Rel\u00f3gio de parede vers\u00e3o 3<\/h3>\n<p style=\"text-align: center\">Nossos rel\u00f3gios de parede definitivamente chamam a aten\u00e7\u00e3o!<\/p>\n<p style=\"text-align: center\">O rel\u00f3gio \u00e9 feito de compensado de b\u00e9tula de 20 mm, com madeira de \u00e1lamo usada para a tampa traseira. Cordas de c\u00e2nhamo de 3 mm e 4 mm s\u00e3o usadas para os numerais romanos e os marcadores de segundos. O sulco fresado no centro \u00e9 pintado de preto e vermelho.<\/p>\n<p>&nbsp;<\/p>\n<h3 style=\"text-align: center\"><strong>Um aviso:<\/strong><\/h3>\n<p style=\"text-align: center\"><strong>N\u00e3o inclui mecanismo de rel\u00f3gio, ponteiros ou bateria. O recorte na parte traseira mede 60x60mm e tem 20mm de profundidade. O furo para a haste do rel\u00f3gio tem 8mm de di\u00e2metro. A haste do rel\u00f3gio deve ter pelo menos 11-13mm de comprimento.<\/strong><\/p>\n<p><strong>Detalhes:<\/strong><\/p>\n<p>Material: Compensado de b\u00e9tula<br \/>\nDi\u00e2metro: 37 cm<br \/>\nLargura: 40 cm<br \/>\nAltura: 21 mm<br \/>\nPeso: Aprox. 1 kg<\/p>\n<p>&nbsp;<\/p>\n<p>&nbsp;<\/p>\n<p><strong>Escopo da entrega:<\/strong> 1x Rel\u00f3gio de parede vers\u00e3o 3<\/p>\n<p>&nbsp;<\/p>\n<hr \/>\n<blockquote>\n<p style=\"text-align: center\"><span style=\"color: #333399\">As informa\u00e7\u00f5es sobre os produtos s\u00e3o fornecidas de acordo com nosso melhor conhecimento e cren\u00e7a. Todas as medidas s\u00e3o aproximadas. O uso dos produtos oferecidos nesta loja \u00e9 por sua conta e risco. Cada pessoa reage de forma diferente a influ\u00eancias externas, prazer, dor, etc. Portanto, n\u00e3o nos responsabilizamos por uso indevido. Cada usu\u00e1rio assume total responsabilidade pelo uso e aplica\u00e7\u00e3o correta dos produtos e por quaisquer consequ\u00eancias imprevistas.<\/span><\/p>\n<\/blockquote>","protected":false},"excerpt":{"rendered":"<p>Prazo de entrega: 5 a 7 dias*<\/p>","protected":false},"featured_media":8989,"template":"","meta":[],"product_brand":[],"product_cat":[223],"product_tag":[],"class_list":{"0":"post-8914","1":"product","2":"type-product","3":"status-publish","4":"has-post-thumbnail","6":"product_cat-zubehoer","8":"first","9":"instock","10":"taxable","11":"shipping-taxable","12":"purchasable","13":"product-type-simple"},"_links":{"self":[{"href":"https:\/\/bavarian-bondage.de\/pt\/wp-json\/wp\/v2\/product\/8914","targetHints":{"allow":["GET"]}}],"collection":[{"href":"https:\/\/bavarian-bondage.de\/pt\/wp-json\/wp\/v2\/product"}],"about":[{"href":"https:\/\/bavarian-bondage.de\/pt\/wp-json\/wp\/v2\/types\/product"}],"version-history":[{"count":6,"href":"https:\/\/bavarian-bondage.de\/pt\/wp-json\/wp\/v2\/product\/8914\/revisions"}],"predecessor-version":[{"id":13948,"href":"https:\/\/bavarian-bondage.de\/pt\/wp-json\/wp\/v2\/product\/8914\/revisions\/13948"}],"wp:featuredmedia":[{"embeddable":true,"href":"https:\/\/bavarian-bondage.de\/pt\/wp-json\/wp\/v2\/media\/8989"}],"wp:attachment":[{"href":"https:\/\/bavarian-bondage.de\/pt\/wp-json\/wp\/v2\/media?parent=8914"}],"wp:term":[{"taxonomy":"product_brand","embeddable":true,"href":"https:\/\/bavarian-bondage.de\/pt\/wp-json\/wp\/v2\/product_brand?post=8914"},{"taxonomy":"product_cat","embeddable":true,"href":"https:\/\/bavarian-bondage.de\/pt\/wp-json\/wp\/v2\/product_cat?post=8914"},{"taxonomy":"product_tag","embeddable":true,"href":"https:\/\/bavarian-bondage.de\/pt\/wp-json\/wp\/v2\/product_tag?post=8914"}],"curies":[{"name":"wp","href":"https:\/\/api.w.org\/{rel}","templated":true}]}}