{"id":9061,"date":"2023-02-01T12:28:15","date_gmt":"2023-02-01T11:28:15","guid":{"rendered":"https:\/\/bavarian-bondage.de\/?post_type=product&#038;p=9061"},"modified":"2026-03-31T20:39:40","modified_gmt":"2026-03-31T18:39:40","slug":"juta-edicao-petroleo-6mm-conjunto-exclusivo-3x8m","status":"publish","type":"product","link":"https:\/\/bavarian-bondage.de\/pt\/produkt\/jute-s-edition-petrol-6mm-exklusiv-set-3x8m\/","title":{"rendered":"Juta Edi\u00e7\u00e3o S Petrol 6mm EXCLUSIVA; Conjunto 3x8m"},"content":{"rendered":"<h3 style=\"text-align: center\">Juta S-Edition Gasolina 6mm EXCLUSIVO<\/h3>\n<p style=\"text-align: center\">Ideal para quem est\u00e1 come\u00e7ando na \u00e1rea de rigging ou para expandir um cen\u00e1rio j\u00e1 existente.<\/p>\n<p style=\"text-align: center\">Diferentemente das cordas de fibra natural, estas cordas tornam-se mais macias atrav\u00e9s do tingimento; contudo, mesmo a vers\u00e3o tingida S-Edition mant\u00e9m sua firmeza. As cordas de juta prontas para uso s\u00e3o muito agrad\u00e1veis ao toque, praticamente n\u00e3o arranham e produzem muito pouca penugem.<\/p>\n<p style=\"text-align: center\">As extremidades s\u00e3o finalizadas com pequenos n\u00f3s trisken, o que facilita bastante a amarra\u00e7\u00e3o.<\/p>\n<p>&nbsp;<\/p>\n<p>&nbsp;<\/p>\n<p><strong>Detalhes:<\/strong><br \/>\nJuta S-Edition Gasolina 6mm EXCLUSIVO<br \/>\n3 eixos torcidos (<em>Dobro<\/em>\u2013<em>(Ply)<\/em><br \/>\ngasolina tingida<br \/>\nn\u00f3s terminais pequenos<br \/>\nDimens\u00f5es: 3x8m<br \/>\n(O comprimento da corda pode variar em at\u00e9 3% em rela\u00e7\u00e3o ao comprimento indicado.)<\/p>\n<p>&nbsp;<\/p>\n<p><span style=\"color: #ff0000\"><strong>Um aviso:<\/strong><\/span><\/p>\n<p>Verifique regularmente se as cordas est\u00e3o desgastadas ou danificadas!<br \/>\nCom cordas torcidas ou dobradas, pode acontecer de elas se soltarem durante o uso!<br \/>\nN\u00e3o lave cordas de juta. O ideal \u00e9 limp\u00e1-las com um pano \u00famido.<\/p>\n<p>&nbsp;<\/p>\n<p><strong>Escopo da entrega:<\/strong> Juta Edi\u00e7\u00e3o S 3x8m Petr\u00f3leo 6mm EXCLUSIVA<\/p>\n<hr \/>\n<blockquote>\n<p style=\"text-align: center\"><span style=\"color: #333399\">As informa\u00e7\u00f5es sobre os produtos s\u00e3o fornecidas de acordo com nosso melhor conhecimento e cren\u00e7a. Todas as medidas s\u00e3o aproximadas. O uso dos produtos oferecidos nesta loja \u00e9 por sua conta e risco. Cada pessoa reage de forma diferente a influ\u00eancias externas, prazer, dor, etc. Portanto, n\u00e3o nos responsabilizamos por uso indevido. Cada usu\u00e1rio assume total responsabilidade pelo uso e aplica\u00e7\u00e3o correta dos produtos e por quaisquer consequ\u00eancias imprevistas.<\/span><\/p>\n<\/blockquote>","protected":false},"excerpt":{"rendered":"<p>Pre\u00e7o base: \u20ac 2,79\/m\u00b2<\/p>\n<p>Prazo de entrega: 5 a 7 dias*<\/p>","protected":false},"featured_media":9634,"template":"","meta":[],"product_brand":[],"product_cat":[216,294,494],"product_tag":[],"class_list":{"0":"post-9061","1":"product","2":"type-product","3":"status-publish","4":"has-post-thumbnail","6":"product_cat-bondageseile","7":"product_cat-juteseile","8":"product_cat-jute-s-edition-farbig","10":"first","11":"instock","12":"taxable","13":"shipping-taxable","14":"purchasable","15":"product-type-simple"},"_links":{"self":[{"href":"https:\/\/bavarian-bondage.de\/pt\/wp-json\/wp\/v2\/product\/9061","targetHints":{"allow":["GET"]}}],"collection":[{"href":"https:\/\/bavarian-bondage.de\/pt\/wp-json\/wp\/v2\/product"}],"about":[{"href":"https:\/\/bavarian-bondage.de\/pt\/wp-json\/wp\/v2\/types\/product"}],"version-history":[{"count":5,"href":"https:\/\/bavarian-bondage.de\/pt\/wp-json\/wp\/v2\/product\/9061\/revisions"}],"predecessor-version":[{"id":14012,"href":"https:\/\/bavarian-bondage.de\/pt\/wp-json\/wp\/v2\/product\/9061\/revisions\/14012"}],"wp:featuredmedia":[{"embeddable":true,"href":"https:\/\/bavarian-bondage.de\/pt\/wp-json\/wp\/v2\/media\/9634"}],"wp:attachment":[{"href":"https:\/\/bavarian-bondage.de\/pt\/wp-json\/wp\/v2\/media?parent=9061"}],"wp:term":[{"taxonomy":"product_brand","embeddable":true,"href":"https:\/\/bavarian-bondage.de\/pt\/wp-json\/wp\/v2\/product_brand?post=9061"},{"taxonomy":"product_cat","embeddable":true,"href":"https:\/\/bavarian-bondage.de\/pt\/wp-json\/wp\/v2\/product_cat?post=9061"},{"taxonomy":"product_tag","embeddable":true,"href":"https:\/\/bavarian-bondage.de\/pt\/wp-json\/wp\/v2\/product_tag?post=9061"}],"curies":[{"name":"wp","href":"https:\/\/api.w.org\/{rel}","templated":true}]}}