{"id":9425,"date":"2023-02-02T11:38:56","date_gmt":"2023-02-02T10:38:56","guid":{"rendered":"https:\/\/bavarian-bondage.de\/?post_type=product&#038;p=9425"},"modified":"2025-09-09T13:47:36","modified_gmt":"2025-09-09T11:47:36","slug":"corda-de-linho-e-canhamo-natural-3mm-classica-corda-simples-8m","status":"publish","type":"product","link":"https:\/\/bavarian-bondage.de\/pt\/produkt\/leinenhanfseil-natur-3mm-klassik-einzelseil-8m\/","title":{"rendered":"Corda de linho e c\u00e2nhamo, natural, 3 mm, cl\u00e1ssica; corda \u00fanica de 8 m"},"content":{"rendered":"<h3 style=\"text-align: center\">Corda de linho e c\u00e2nhamo 3mm CL\u00c1SSICA<\/h3>\n<p style=\"text-align: center\">A corda cl\u00e1ssica de linho e c\u00e2nhamo de 3 mm \u00e9 agradavelmente macia, muito flex\u00edvel e possui uma textura uniforme. \u00c9 sem n\u00f3s, inodora e solta muito pouca fibra. A corda de c\u00e2nhamo de tr\u00eas fios foi lavada, desfiada, flamejada e, em seguida, oleada. A cor da corda \u00e9 um cinza claro natural. As extremidades s\u00e3o finalizadas com um n\u00f3 simples.<\/p>\n<p style=\"text-align: center\">Cordas de 3 mm n\u00e3o s\u00e3o destinadas \u00e0 pr\u00e1tica de bondage convencional. Elas s\u00e3o usadas para adornos art\u00edsticos, bem como para bondage envolvendo o cabelo ou o rosto.<\/p>\n<p>&nbsp;<\/p>\n<p><strong>Detalhes:<\/strong><\/p>\n<p>Corda de linho e c\u00e2nhamo 3mm CL\u00c1SSICA<br \/>\ntorcido de 3 eixos<br \/>\nCor: cinza claro<br \/>\nN\u00f3 simples<br \/>\nComprimento: 1 x 8 m<br \/>\n(O comprimento da corda pode variar em at\u00e9 3% em rela\u00e7\u00e3o ao comprimento indicado)<\/p>\n<p>&nbsp;<\/p>\n<p><span style=\"color: #ff0000\"><strong>Um aviso:<\/strong><\/span><\/p>\n<p>Verifique regularmente se as cordas est\u00e3o desgastadas ou danificadas!<br \/>\nCom cordas torcidas ou dobradas, pode acontecer de elas se soltarem durante o uso!<\/p>\n<p>&nbsp;<\/p>\n<p><strong>Escopo da entrega:<\/strong> Corda de linho e c\u00e2nhamo 1x8m 3mm CL\u00c1SSICA<\/p>\n<blockquote>\n<hr \/>\n<p style=\"text-align: center\"><span style=\"color: #333399\">As informa\u00e7\u00f5es sobre os produtos s\u00e3o fornecidas de acordo com nosso melhor conhecimento e cren\u00e7a. Todas as medidas s\u00e3o aproximadas. O uso dos produtos oferecidos nesta loja \u00e9 por sua conta e risco. Cada pessoa reage de forma diferente a influ\u00eancias externas, prazer, dor, etc. Portanto, n\u00e3o nos responsabilizamos por uso indevido. Cada usu\u00e1rio assume total responsabilidade pelo uso e aplica\u00e7\u00e3o correta dos produtos e por quaisquer consequ\u00eancias imprevistas.<\/span><\/p>\n<\/blockquote>","protected":false},"excerpt":{"rendered":"<p>Pre\u00e7o base: \u20ac 1,44\/m\u00b2<\/p>\n<p>Prazo de entrega: 5 a 7 dias*<\/p>","protected":false},"featured_media":9747,"template":"","meta":[],"product_brand":[],"product_cat":[216,217,218,496],"product_tag":[],"class_list":{"0":"post-9425","1":"product","2":"type-product","3":"status-publish","4":"has-post-thumbnail","6":"product_cat-bondageseile","7":"product_cat-leinenhanfseil","8":"product_cat-leinenhanfseil-natur","9":"product_cat-leinenhanfseil-3mm","11":"first","12":"instock","13":"taxable","14":"shipping-taxable","15":"purchasable","16":"product-type-simple"},"_links":{"self":[{"href":"https:\/\/bavarian-bondage.de\/pt\/wp-json\/wp\/v2\/product\/9425","targetHints":{"allow":["GET"]}}],"collection":[{"href":"https:\/\/bavarian-bondage.de\/pt\/wp-json\/wp\/v2\/product"}],"about":[{"href":"https:\/\/bavarian-bondage.de\/pt\/wp-json\/wp\/v2\/types\/product"}],"version-history":[{"count":7,"href":"https:\/\/bavarian-bondage.de\/pt\/wp-json\/wp\/v2\/product\/9425\/revisions"}],"predecessor-version":[{"id":13592,"href":"https:\/\/bavarian-bondage.de\/pt\/wp-json\/wp\/v2\/product\/9425\/revisions\/13592"}],"wp:featuredmedia":[{"embeddable":true,"href":"https:\/\/bavarian-bondage.de\/pt\/wp-json\/wp\/v2\/media\/9747"}],"wp:attachment":[{"href":"https:\/\/bavarian-bondage.de\/pt\/wp-json\/wp\/v2\/media?parent=9425"}],"wp:term":[{"taxonomy":"product_brand","embeddable":true,"href":"https:\/\/bavarian-bondage.de\/pt\/wp-json\/wp\/v2\/product_brand?post=9425"},{"taxonomy":"product_cat","embeddable":true,"href":"https:\/\/bavarian-bondage.de\/pt\/wp-json\/wp\/v2\/product_cat?post=9425"},{"taxonomy":"product_tag","embeddable":true,"href":"https:\/\/bavarian-bondage.de\/pt\/wp-json\/wp\/v2\/product_tag?post=9425"}],"curies":[{"name":"wp","href":"https:\/\/api.w.org\/{rel}","templated":true}]}}