{"id":9569,"date":"2023-02-15T12:46:17","date_gmt":"2023-02-15T11:46:17","guid":{"rendered":"https:\/\/bavarian-bondage.de\/?post_type=product&#038;p=9569"},"modified":"2026-03-19T07:02:01","modified_gmt":"2026-03-19T06:02:01","slug":"cupom","status":"publish","type":"product","link":"https:\/\/bavarian-bondage.de\/pt\/produkt\/gutschein\/","title":{"rendered":"Cupom"},"content":{"rendered":"<h3 style=\"text-align: center\">Cupom<\/h3>\n<h3 style=\"text-align: center\"><span style=\"color: #0000ff\">Por favor, solicite os vouchers separadamente dos demais produtos.<\/span><\/h3>\n<p style=\"text-align: center\">O presente perfeito para diversas ocasi\u00f5es! Presenteie e fa\u00e7a as pessoas felizes!<\/p>\n<p style=\"text-align: center\">Devido \u00e0 grande procura, agora tamb\u00e9m oferecemos vales-presente. Estes podem ser utilizados aqui na nossa loja. Enviaremos o seu vale-presente preenchido gratuitamente por correio. Se precisar dele com urg\u00eancia, tamb\u00e9m podemos envi\u00e1-lo por e-mail para que o imprima.<\/p>\n<p style=\"text-align: center\">O c\u00f3digo do voucher est\u00e1 localizado no canto inferior esquerdo e tamb\u00e9m ser\u00e1 enviado separadamente por e-mail, caso o voucher seja enviado pelo correio. H\u00e1 espa\u00e7o no verso para sua mensagem pessoal!<\/p>\n<p>&nbsp;<\/p>\n<p><strong>Detalhes:<\/strong><\/p>\n<p>Dimens\u00f5es: 10,7 cm x 21,2 cm<\/p>\n<p>Validade: 2 anos ap\u00f3s a compra<\/p>\n<p>&nbsp;<\/p>\n<p><span style=\"color: #ff0000\"><strong>Um aviso:<\/strong><\/span><\/p>\n<ul>\n<li>V\u00e1rios vales-presente podem ser resgatados simultaneamente.<\/li>\n<li>O voucher s\u00f3 pode ser utilizado na sua totalidade.<\/li>\n<li>Resgates parciais e pagamentos em dinheiro n\u00e3o s\u00e3o poss\u00edveis.<\/li>\n<\/ul>\n<p>&nbsp;<\/p>\n<p><strong>Escopo da entrega:<\/strong> Um vale-presente (com valor \u00e0 escolha), enviado por carta ou e-mail.<\/p>\n<p>&nbsp;<\/p>\n<hr \/>\n<blockquote>\n<p style=\"text-align: center\"><span style=\"color: #333399\">As informa\u00e7\u00f5es sobre os produtos s\u00e3o fornecidas de acordo com nosso melhor conhecimento e cren\u00e7a. Todas as medidas s\u00e3o aproximadas. O uso dos produtos oferecidos nesta loja \u00e9 por sua conta e risco. Cada pessoa reage de forma diferente a influ\u00eancias externas, prazer, dor, etc. Portanto, n\u00e3o nos responsabilizamos por uso indevido. Cada usu\u00e1rio assume total responsabilidade pelo uso e aplica\u00e7\u00e3o correta dos produtos e por quaisquer consequ\u00eancias imprevistas.<\/span><\/p>\n<\/blockquote>","protected":false},"excerpt":{"rendered":"<p>Prazo de entrega: 5 a 7 dias*<\/p>","protected":false},"featured_media":9668,"template":"","meta":[],"product_brand":[],"product_cat":[223,222],"product_tag":[],"class_list":{"0":"post-9569","1":"product","2":"type-product","3":"status-publish","4":"has-post-thumbnail","6":"product_cat-zubehoer","7":"product_cat-alle-produkte","9":"first","10":"instock","11":"purchasable","12":"product-type-variable"},"_links":{"self":[{"href":"https:\/\/bavarian-bondage.de\/pt\/wp-json\/wp\/v2\/product\/9569","targetHints":{"allow":["GET"]}}],"collection":[{"href":"https:\/\/bavarian-bondage.de\/pt\/wp-json\/wp\/v2\/product"}],"about":[{"href":"https:\/\/bavarian-bondage.de\/pt\/wp-json\/wp\/v2\/types\/product"}],"version-history":[{"count":5,"href":"https:\/\/bavarian-bondage.de\/pt\/wp-json\/wp\/v2\/product\/9569\/revisions"}],"predecessor-version":[{"id":16990,"href":"https:\/\/bavarian-bondage.de\/pt\/wp-json\/wp\/v2\/product\/9569\/revisions\/16990"}],"wp:featuredmedia":[{"embeddable":true,"href":"https:\/\/bavarian-bondage.de\/pt\/wp-json\/wp\/v2\/media\/9668"}],"wp:attachment":[{"href":"https:\/\/bavarian-bondage.de\/pt\/wp-json\/wp\/v2\/media?parent=9569"}],"wp:term":[{"taxonomy":"product_brand","embeddable":true,"href":"https:\/\/bavarian-bondage.de\/pt\/wp-json\/wp\/v2\/product_brand?post=9569"},{"taxonomy":"product_cat","embeddable":true,"href":"https:\/\/bavarian-bondage.de\/pt\/wp-json\/wp\/v2\/product_cat?post=9569"},{"taxonomy":"product_tag","embeddable":true,"href":"https:\/\/bavarian-bondage.de\/pt\/wp-json\/wp\/v2\/product_tag?post=9569"}],"curies":[{"name":"wp","href":"https:\/\/api.w.org\/{rel}","templated":true}]}}