{"id":9972,"date":"2023-04-16T12:17:54","date_gmt":"2023-04-16T10:17:54","guid":{"rendered":"https:\/\/bavarian-bondage.de\/?post_type=product&#038;p=9972"},"modified":"2026-03-23T17:02:29","modified_gmt":"2026-03-23T16:02:29","slug":"preto-elegante-55mm","status":"publish","type":"product","link":"https:\/\/bavarian-bondage.de\/pt\/produkt\/posh-schwarz-55mm\/","title":{"rendered":"Preto Elegante 5,5 mm"},"content":{"rendered":"<h3 style=\"text-align: center\">Preto Elegante 5,5 mm<\/h3>\n<p style=\"text-align: center\">As cordas de poli\u00e9ster de cores vibrantes s\u00e3o inspiradas em cordas torcidas de c\u00e2nhamo e juta. Como podem ser lavadas e secas facilmente e n\u00e3o encolhem em contato com a \u00e1gua, s\u00e3o ideais para uso externo.<\/p>\n<p style=\"text-align: center\">As cordas de poli\u00e9ster t\u00eam aproximadamente o dobro da resist\u00eancia \u00e0 ruptura das cordas de c\u00e2nhamo do mesmo di\u00e2metro e tamb\u00e9m s\u00e3o uma boa alternativa \u00e0s fibras naturais para muitas pessoas al\u00e9rgicas. Praticamente sem fiapos, macias ao toque e com uma sensa\u00e7\u00e3o muito semelhante \u00e0 das cordas de fibra natural, as cordas Posh tornam-se uma alternativa atraente para diversas aplica\u00e7\u00f5es.<\/p>\n<p style=\"text-align: center\">Ao contr\u00e1rio da maioria das cordas sint\u00e9ticas, os n\u00f3s permanecem est\u00e1veis e s\u00e3o relativamente f\u00e1ceis de desatar. As cordas praticamente n\u00e3o esticam e n\u00e3o geram muito calor, mesmo quando puxadas rapidamente sobre a pele.<\/p>\n<p style=\"text-align: center\"><strong>Importante<\/strong>O pl\u00e1stico n\u00e3o pode ser tratado com chama, e \u00f3leos ou ceras n\u00e3o s\u00e3o recomendados!<\/p>\n<p style=\"text-align: center\"><span style=\"color: #ff0000\"><strong>Use sempre um mosquet\u00e3o para amarra\u00e7\u00f5es de suspens\u00e3o e evite o atrito entre as cordas.<\/strong><\/span><\/p>\n<p><strong>Detalhes:<\/strong><\/p>\n<p>Corda Posh 5,5mm EXCLUSIVA<br \/>\ntorcido de 3 eixos<br \/>\nCor: Preto<br \/>\nTriskenknot<br \/>\nMaterial: Poli\u00e9ster<br \/>\nQuantidade: Vers\u00e3o selecion\u00e1vel<br \/>\n(O comprimento da corda pode variar em at\u00e9 3% em rela\u00e7\u00e3o ao comprimento indicado)<\/p>\n<p>&nbsp;<\/p>\n<p><span style=\"color: #ff0000\"><strong>Um aviso:<\/strong><\/span><\/p>\n<p>Verifique regularmente se as cordas est\u00e3o desgastadas ou danificadas!<br \/>\nCom cordas torcidas ou dobradas, pode acontecer de elas se soltarem durante o uso!<\/p>\n<p>&nbsp;<\/p>\n<p><strong>Escopo da entrega:<\/strong> Corda elegante de 5,5 mm na cor preta; vers\u00e3o selecion\u00e1vel<\/p>\n<hr \/>\n<blockquote>\n<p style=\"text-align: center\"><span style=\"color: #333399\">As informa\u00e7\u00f5es sobre os produtos s\u00e3o fornecidas de acordo com nosso melhor conhecimento e cren\u00e7a. Todas as medidas s\u00e3o aproximadas. O uso dos produtos oferecidos nesta loja \u00e9 por sua conta e risco. Cada pessoa reage de forma diferente a influ\u00eancias externas, prazer, dor, etc. Portanto, n\u00e3o nos responsabilizamos por uso indevido. Cada usu\u00e1rio assume total responsabilidade pelo uso e aplica\u00e7\u00e3o correta dos produtos e por quaisquer consequ\u00eancias imprevistas.<\/span><\/p>\n<\/blockquote>","protected":false},"excerpt":{"rendered":"<p>Prazo de entrega: 5 a 7 dias*<\/p>","protected":false},"featured_media":10142,"template":"","meta":[],"product_brand":[],"product_cat":[222,515,216],"product_tag":[],"class_list":{"0":"post-9972","1":"product","2":"type-product","3":"status-publish","4":"has-post-thumbnail","6":"product_cat-alle-produkte","7":"product_cat-posh","8":"product_cat-bondageseile","10":"first","11":"instock","12":"taxable","13":"shipping-taxable","14":"purchasable","15":"product-type-variable"},"_links":{"self":[{"href":"https:\/\/bavarian-bondage.de\/pt\/wp-json\/wp\/v2\/product\/9972","targetHints":{"allow":["GET"]}}],"collection":[{"href":"https:\/\/bavarian-bondage.de\/pt\/wp-json\/wp\/v2\/product"}],"about":[{"href":"https:\/\/bavarian-bondage.de\/pt\/wp-json\/wp\/v2\/types\/product"}],"version-history":[{"count":4,"href":"https:\/\/bavarian-bondage.de\/pt\/wp-json\/wp\/v2\/product\/9972\/revisions"}],"predecessor-version":[{"id":16746,"href":"https:\/\/bavarian-bondage.de\/pt\/wp-json\/wp\/v2\/product\/9972\/revisions\/16746"}],"wp:featuredmedia":[{"embeddable":true,"href":"https:\/\/bavarian-bondage.de\/pt\/wp-json\/wp\/v2\/media\/10142"}],"wp:attachment":[{"href":"https:\/\/bavarian-bondage.de\/pt\/wp-json\/wp\/v2\/media?parent=9972"}],"wp:term":[{"taxonomy":"product_brand","embeddable":true,"href":"https:\/\/bavarian-bondage.de\/pt\/wp-json\/wp\/v2\/product_brand?post=9972"},{"taxonomy":"product_cat","embeddable":true,"href":"https:\/\/bavarian-bondage.de\/pt\/wp-json\/wp\/v2\/product_cat?post=9972"},{"taxonomy":"product_tag","embeddable":true,"href":"https:\/\/bavarian-bondage.de\/pt\/wp-json\/wp\/v2\/product_tag?post=9972"}],"curies":[{"name":"wp","href":"https:\/\/api.w.org\/{rel}","templated":true}]}}