{"id":10,"date":"2018-09-04T13:47:19","date_gmt":"2018-09-04T11:47:19","guid":{"rendered":"http:\/\/bavarian-bondage.mysupr.de\/agb\/"},"modified":"2025-07-20T08:34:26","modified_gmt":"2025-07-20T06:34:26","slug":"allmaenna-villkor","status":"publish","type":"page","link":"https:\/\/bavarian-bondage.de\/sv\/agb\/","title":{"rendered":"Regler och villkor"},"content":{"rendered":"<div data-elementor-type=\"wp-post\" data-elementor-id=\"10\" class=\"elementor elementor-10\" data-elementor-post-type=\"page\">\n\t\t\t\t<div class=\"elementor-element elementor-element-664daa6 e-con-full e-flex e-con e-parent\" data-id=\"664daa6\" data-element_type=\"container\" data-e-type=\"container\">\n\t\t\t\t<div class=\"elementor-element elementor-element-3db340b elementor-widget elementor-widget-text-editor\" data-id=\"3db340b\" data-element_type=\"widget\" data-e-type=\"widget\" data-widget_type=\"text-editor.default\">\n\t\t\t\t\t\t\t\t\t<p><strong>Allm\u00e4nna villkor och kundinformation<\/strong><br \/><br \/><strong>I. Allm\u00e4nna villkor<\/strong><br \/><br \/><strong>1 \u00a7 Grundl\u00e4ggande best\u00e4mmelser<\/strong><br \/><br \/><strong>(1)<\/strong>\u00a0F\u00f6ljande villkor g\u00e4ller f\u00f6r avtal som du sluter med oss som leverant\u00f6r\u00a0<strong>(Andreas Venus)<\/strong>\u00a0via hemsidan www.bavarian-bondage.de. Om inte annat \u00f6verenskommits, mots\u00e4tts inf\u00f6randet av eventuella villkor som du kan ha anv\u00e4nt.<br \/><br \/><strong>(2)<\/strong>\u00a0En konsument i den mening som avses i f\u00f6ljande best\u00e4mmelser \u00e4r varje fysisk person som sluter en juridisk transaktion f\u00f6r \u00e4ndam\u00e5l som inte till \u00f6verv\u00e4gande del kan h\u00e4nf\u00f6ras till vare sig deras kommersiella eller oberoende yrkesverksamhet. En f\u00f6retagare \u00e4r varje fysisk eller juridisk person eller ett partnerskap med r\u00e4ttskapacitet som vid ing\u00e5endet av en juridisk transaktion agerar i ut\u00f6vandet av sin sj\u00e4lvst\u00e4ndiga yrkesm\u00e4ssiga eller kommersiella verksamhet.<br \/><br \/><strong>\u00a7 2 Ing\u00e5ende av kontrakt<\/strong><br \/><br \/><strong>(1)<\/strong>\u00a0Avtalets f\u00f6rem\u00e5l \u00e4r f\u00f6rs\u00e4ljning av varor.<br \/><br \/><strong>(2)<\/strong>\u00a0N\u00e4r du placerar respektive produkt p\u00e5 v\u00e5r hemsida ger vi dig ett bindande erbjudande om att sluta ett avtal via varukorgssystemet online under de villkor som anges i artikelbeskrivningen.\u00a0<br \/><br \/><strong>(3)<\/strong>\u00a0Kontraktet ing\u00e5s via online kundvagnssystemet enligt f\u00f6ljande:<br \/>Varorna som \u00e4r avsedda att k\u00f6pas l\u00e4ggs i &quot;varukorgen&quot;. Du kan anv\u00e4nda motsvarande knapp i navigeringsf\u00e4ltet f\u00f6r att komma \u00e5t &quot;varukorgen&quot; och g\u00f6ra \u00e4ndringar d\u00e4r n\u00e4r som helst.<br \/>Efter att ha klickat p\u00e5 knappen &quot;Kassa&quot; eller &quot;Forts\u00e4tt att best\u00e4lla&quot; (eller liknande namn) och angett dina personuppgifter samt betalnings- och fraktvillkor, kommer best\u00e4llningsinformationen att visas f\u00f6r dig som en best\u00e4llnings\u00f6versikt.<br \/><br \/>Om du anv\u00e4nder ett direktbetalningssystem (t.ex. PayPal (Express\/Plus\/Checkout), Amazon Pay, Sofort) som betalningsmetod kommer du antingen att omdirigeras till order\u00f6versiktssidan i v\u00e5r webbutik eller till webbplatsen f\u00f6r leverant\u00f6ren av direktbetalningssystemet.<br \/>Om du vidarebefordras till respektive direktbetalningssystem, g\u00f6r l\u00e4mpligt val eller ange dina uppgifter d\u00e4r. Slutligen kommer best\u00e4llningsdata att visas som en best\u00e4llnings\u00f6versikt p\u00e5 webbplatsen f\u00f6r leverant\u00f6ren av direktbetalningssystemet eller efter att du har omdirigerats tillbaka till v\u00e5r onlinebutik.<br \/><br \/>Innan du skickar best\u00e4llningen har du m\u00f6jlighet att kontrollera informationen i best\u00e4llnings\u00f6versikten igen, \u00e4ndra den (\u00e4ven med hj\u00e4lp av webbl\u00e4sarens &quot;tillbaka&quot;-funktion) eller annullera best\u00e4llningen.<\/p><div>Genom att skicka best\u00e4llningen med hj\u00e4lp av motsvarande knapp (&quot;best\u00e4ll med betalning&quot;, &quot;k\u00f6p&quot; \/ &quot;k\u00f6p nu&quot;, &quot;best\u00e4ll med betalning&quot;, &quot;betala&quot; \/ &quot;betala nu&quot; eller liknande termer) f\u00f6rklarar du ditt juridiskt bindande godk\u00e4nnande av erbjudande, varigenom avtalet tr\u00e4der i kraft.<\/div><div>\u00a0<\/div><p><strong>(4)<\/strong>\u00a0Dina \u00f6nskem\u00e5l om att skapa ett erbjudande \u00e4r inte bindande f\u00f6r dig. Vi kommer att ge dig ett bindande erbjudande i textform (t.ex. via e-post), som du kan acceptera inom 5 dagar (om inte annan deadline anges i respektive offert).<br \/><br \/><strong>(5)<\/strong>\u00a0Behandlingen av best\u00e4llningen och \u00f6verf\u00f6ringen av all information som kr\u00e4vs i samband med avtalets ing\u00e5ende \u00e4r delvis automatiserad via e-post. Du m\u00e5ste d\u00e4rf\u00f6r se till att den e-postadress du uppger till oss \u00e4r korrekt, att mottagandet av e-postmeddelanden \u00e4r tekniskt s\u00e4kerst\u00e4llt och i synnerhet att det inte f\u00f6rhindras av SPAM-filter.<br \/><br \/><strong>3 \u00a7<\/strong>\u00a0<strong>Individuellt utformade varor<\/strong><br \/><br \/><strong>(1)\u00a0<\/strong>Du f\u00f6rser oss med l\u00e4mplig information, texter eller filer som kr\u00e4vs f\u00f6r den individuella designen av varorna via onlinebest\u00e4llningssystemet eller via e-post senast omedelbart efter avtalets ing\u00e5ende. V\u00e5ra eventuella specifikationer f\u00f6r filformat m\u00e5ste f\u00f6ljas.<br \/>\u00a0<br \/><strong>(2)<\/strong>\u00a0Du \u00e5tar dig att inte \u00f6verf\u00f6ra n\u00e5gra data vars inneh\u00e5ll bryter mot tredje parts r\u00e4ttigheter (s\u00e4rskilt upphovsr\u00e4tt, namnr\u00e4ttigheter, varum\u00e4rkesr\u00e4ttigheter) eller bryter mot befintliga lagar. Du befriar oss uttryckligen fr\u00e5n alla anspr\u00e5k fr\u00e5n tredje part som g\u00f6rs g\u00e4llande i detta sammanhang. Detta g\u00e4ller \u00e4ven kostnaderna f\u00f6r det juridiska ombud som kr\u00e4vs i detta sammanhang.<br \/>\u00a0<br \/><strong>(3)<\/strong>\u00a0Vi kontrollerar inte de \u00f6verf\u00f6rda uppgifterna f\u00f6r noggrannhet och tar d\u00e4rf\u00f6r inget ansvar f\u00f6r fel.<br \/><br \/><strong>\u00a7 4 Ing\u00e5ende av kontrakt f\u00f6r kurser<\/strong><br \/><br \/><strong>(1)<\/strong>\u00a0\u00c4mnet f\u00f6r kontraktet \u00e4r genomf\u00f6randet av kurser.<br \/><br \/>V\u00e5ra erbjudanden p\u00e5 Internet \u00e4r icke bindande och utg\u00f6r inte ett bindande erbjudande om att ing\u00e5 ett avtal.<br \/><br \/><strong>(2)<\/strong>\u00a0Dina \u00f6nskem\u00e5l om att skapa ett erbjudande \u00e4r inte bindande f\u00f6r dig. Vi kommer att ge dig ett bindande erbjudande i textform (t.ex. via e-post), som du kan acceptera inom 5 dagar (om inte annan deadline anges i respektive offert).<br \/><br \/><strong>(3)<\/strong>\u00a0Behandlingen av best\u00e4llningen och \u00f6verf\u00f6ringen av all information som kr\u00e4vs i samband med avtalets ing\u00e5ende \u00e4r delvis automatiserad via e-post. Du m\u00e5ste d\u00e4rf\u00f6r se till att den e-postadress du uppger till oss \u00e4r korrekt, att mottagandet av e-postmeddelanden \u00e4r tekniskt s\u00e4kerst\u00e4llt och i synnerhet att det inte f\u00f6rhindras av SPAM-filter.<br \/><br \/><strong>5 \u00a7 Tillhandah\u00e5llande av tj\u00e4nster f\u00f6r kurser<\/strong><br \/><br \/><strong>(1)<\/strong>\u00a0Kurserna kommer att genomf\u00f6ras i den form som beskrivs i respektive erbjudanden p\u00e5 \u00f6verenskomna datum.<br \/><br \/><strong>(2)<\/strong>\u00a0Om genomf\u00f6randet av kurserna beror p\u00e5 antalet deltagare, best\u00e4ms minsta antal deltagare av respektive utbud.<br \/>Om minimiantalet deltagare inte uppn\u00e5s kommer vi att meddela dig i textform (t.ex. via e-post) minst 7 dagar innan kursstart att den bokade kursen inte kommer att genomf\u00f6ras. I detta fall kommer alla tj\u00e4nster som redan tillhandah\u00e5lls att \u00e5terbetalas omedelbart.<br \/><br \/><strong>(3)<\/strong>\u00a0Om ett enskilt arrangemang st\u00e4lls in p\u00e5 grund av korttidsfr\u00e5nvaro av kursledaren p\u00e5 grund av sjukdom eller annan viktig orsak \u00e5terbetalas redan tillhandah\u00e5llna tj\u00e4nster omg\u00e5ende.<br \/>F\u00f6r arrangemang som best\u00e5r av flera evenemangsdatum, om en tid st\u00e4lls in p\u00e5 grund av att kursledaren inte kan n\u00e4rvara med kort varsel p\u00e5 grund av sjukdom eller annan viktig orsak, kommer den inst\u00e4llda tiden att bokas upp p\u00e5 ett alternativt datum.<br \/><br \/><strong>(4)<\/strong>\u00a0I samband med anv\u00e4ndning av kursrum och f\u00f6rem\u00e5l ska du f\u00f6lja de lokala husreglerna. Du m\u00e5ste f\u00f6lja v\u00e5ra instruktioner eller kursledarens instruktioner.<br \/><br \/><strong>\u00a7 6 \u00c5terkallelse \/ Avbokning<\/strong><br \/><br \/><strong>(1)<\/strong>\u00a0Du kan fr\u00e5ntr\u00e4da avtalet kostnadsfritt upp till 7 dagar innan kursstart. Uttag m\u00e5ste ske i textform (t.ex. e-post). Den relevanta tidpunkten f\u00f6r att h\u00e5lla tidsfristen \u00e4r n\u00e4r vi tar emot \u00e5ngerf\u00f6rklaringen.<br \/>Uttag \u00e4r inte l\u00e4ngre m\u00f6jligt senare \u00e4n 7 dagar innan kursstart.<br \/><br \/><strong>(2)<\/strong>\u00a0Vid utebliven deltagande eller deltagande i bokad kurs \u00e4r ingen \u00e5terbetalning av kursavgift m\u00f6jlig.<br \/><br \/><strong>(3)<\/strong>\u00a0Den lagstadgade \u00e5ngerr\u00e4tten p\u00e5verkas inte av detta, den existerar oavsett om denna ytterligare \u00e5ngerr\u00e4tt finns eller inte.<br \/><br \/><strong>7 \u00a7 Ers\u00e4ttande deltagare<\/strong><br \/><br \/>Du kan namnge en ers\u00e4ttare n\u00e4r som helst innan kursstart. Du kommer inte att \u00e5dra dig n\u00e5gra kostnader f\u00f6r denna ombokning.<br \/><br \/><strong>8 \u00a7 S\u00e4rskilda avtal om erbjudna betalningsmetoder<\/strong><br \/><br \/><strong>(1) Betalning via Klarna<\/strong><br \/>I samarbete med betaltj\u00e4nstleverant\u00f6ren Klarna Bank AB (publ) (Sveav\u00e4gen 46, 111 34 Stockholm, Sverige; \u201dKlarna\u201d) erbjuder vi f\u00f6ljande betalningsalternativ. Betalning sker till Klarna:<\/p><ul><li><strong>Autogiro\u00a0<\/strong>(&quot;Betala nu&quot;)<\/li><\/ul><ul><li><strong>Omedelbar \u00f6verf\u00f6ring\u00a0<\/strong>(&quot;Betala nu&quot;)<\/li><\/ul><p>Anv\u00e4ndningen av betalningsmetoderna faktura och\/eller avbetalningsk\u00f6p och\/eller autogiro kr\u00e4ver en positiv kreditpr\u00f6vning. I detta avseende, som en del av k\u00f6pinitieringen och behandlingen av k\u00f6pekontraktet, vidarebefordrar vi dina uppgifter till Klarna i syfte att kontrollera adress och kreditv\u00e4rdighet. V\u00e4nligen f\u00f6rst\u00e5 att vi endast kan erbjuda dig de betalningsmetoder som \u00e4r till\u00e5tna baserat p\u00e5 resultatet av kreditpr\u00f6vningen.<br \/><br \/>Mer information om Klarna och Klarnas anv\u00e4ndarvillkor f\u00f6r Tyskland finns p\u00e5\u00a0<a href=\"https:\/\/cdn.klarna.com\/1.0\/shared\/content\/legal\/terms\/0\/de_de\/user\" target=\"_blank\" rel=\"noopener\">https:\/\/cdn.klarna.com\/1.0\/shared\/content\/legal\/terms\/0\/de_de\/user<\/a>\u00a0och\u00a0<a href=\"https:\/\/www.klarna.com\/de\/\" target=\"_blank\" rel=\"noopener\">https:\/\/www.klarna.com\/de\/<\/a>.<br \/><br \/><strong>(2)\u00a0<\/strong><strong>Betalning via &quot;PayPal&quot; \/ &quot;PayPal Checkout&quot;<\/strong><br \/>Om du v\u00e4ljer en betalningsmetod som erbjuds via &quot;PayPal&quot; \/ &quot;PayPal Checkout&quot;, behandlas betalningen via betaltj\u00e4nstleverant\u00f6ren PayPal (Europe) S.\u00e0.rl et Cie, SCA (22-24 Boulevard Royal L-2449, Luxemburg; &quot; PayPal &quot;). De individuella betalningsmetoderna via &quot;PayPal&quot; visas f\u00f6r dig under en motsvarande m\u00e4rkt knapp p\u00e5 v\u00e5r hemsida och i onlinebest\u00e4llningsprocessen. &quot;PayPal&quot; kan anv\u00e4nda andra betaltj\u00e4nster f\u00f6r betalningshantering; Om s\u00e4rskilda betalningsvillkor g\u00e4ller kommer du att informeras om dessa separat. Mer information om &quot;PayPal&quot; finns p\u00e5\u00a0<a href=\"https:\/\/www.paypal.com\/de\/webapps\/mpp\/ua\/legalhub-full\" target=\"_blank\" rel=\"noopener\">https:\/\/www.paypal.com\/de\/webapps\/mpp\/ua\/legalhub-full<\/a>.<br \/><br \/><strong>9 \u00a7 Retentionsr\u00e4tt<\/strong><strong>, \u00e4gander\u00e4ttsf\u00f6rbeh\u00e5ll<\/strong><br \/><br \/><strong>(1)<\/strong>\u00a0Du kan endast ut\u00f6va en retentionsr\u00e4tt om det g\u00e4ller anspr\u00e5k fr\u00e5n samma avtalsf\u00f6rh\u00e5llande.<br \/><br \/><strong>(2)<\/strong>\u00a0Varorna f\u00f6rblir v\u00e5r egendom tills k\u00f6peskillingen har betalats i sin helhet.<br \/><br \/><strong>(3)<\/strong>\u00a0Om du \u00e4r f\u00f6retagare g\u00e4ller \u00e4ven f\u00f6ljande:<br \/><br \/>a) Vi f\u00f6rbeh\u00e5ller oss \u00e4gander\u00e4tten till varorna tills alla anspr\u00e5k fr\u00e5n den p\u00e5g\u00e5ende aff\u00e4rsrelationen har reglerats till fullo. Pants\u00e4ttning eller \u00f6verl\u00e5telse av s\u00e4kerhet \u00e4r inte till\u00e5ten innan \u00e4gander\u00e4tten till de f\u00f6rbeh\u00e5llna varorna \u00f6verg\u00e5r.<br \/><br \/>b) Du kan s\u00e4lja varorna vidare i den ordinarie verksamheten. I detta fall \u00f6verl\u00e5ter du till oss alla fordringar till ett belopp av fakturabeloppet som uppst\u00e5r vid \u00e5terf\u00f6rs\u00e4ljningen och vi accepterar uppdraget. Du har fortfarande r\u00e4tt att driva in fordran. Men om du inte uppfyller dina betalningsf\u00f6rpliktelser p\u00e5 ett korrekt s\u00e4tt f\u00f6rbeh\u00e5ller vi oss r\u00e4tten att driva in fordran sj\u00e4lva.<br \/><br \/>c) Om de reserverade varorna kombineras eller blandas, f\u00f6rv\u00e4rvar vi sam\u00e4gander\u00e4tt till den nya varan i f\u00f6rh\u00e5llandet mellan de reserverade varornas fakturav\u00e4rde och de andra bearbetade varorna vid bearbetningstillf\u00e4llet.<br \/><br \/>d) Vi \u00e5tar oss att frig\u00f6ra de v\u00e4rdepapper som vi \u00e4r ber\u00e4ttigade till p\u00e5 din beg\u00e4ran i den utstr\u00e4ckning som realisationsv\u00e4rdet p\u00e5 v\u00e5ra v\u00e4rdepapper \u00f6verstiger fordran som ska s\u00e4kras med mer \u00e4n 10%. Vi \u00e4r ansvariga f\u00f6r att v\u00e4lja ut de v\u00e4rdepapper som ska sl\u00e4ppas.<br \/><br \/><strong>\u00a7 10 Garanti<\/strong><br \/><br \/><strong>(1)\u00a0<\/strong>Den lagstadgade ansvarsr\u00e4tten f\u00f6r fel g\u00e4ller.<br \/><br \/><strong>(2)<\/strong>\u00a0Som konsument ombeds du att omedelbart vid leverans kontrollera varorna med avseende p\u00e5 fullst\u00e4ndighet, uppenbara defekter och transportskador samt att anm\u00e4la eventuella reklamationer till oss och spedit\u00f6ren s\u00e5 snabbt som m\u00f6jligt. Om du inte f\u00f6ljer detta har detta ingen effekt p\u00e5 dina lagstadgade garantianspr\u00e5k.<br \/><br \/><strong>(3)\u00a0<\/strong>Om en egenskap hos varan avviker fr\u00e5n de objektiva kraven, anses avvikelsen endast \u00f6verenskommen om du informerades om detsamma av oss innan avtalsf\u00f6rklaringen gjordes och avvikelsen uttryckligen och separat avtalats mellan avtalsparterna.<br \/><br \/><strong>(4)<\/strong>\u00a0Om du \u00e4r f\u00f6retagare g\u00e4ller f\u00f6ljande garantibest\u00e4mmelser:<br \/><br \/><strong>a)\u00a0\u00a0<\/strong>Endast v\u00e5r egen information och tillverkarens produktbeskrivning anses vara \u00f6verens om varornas kvalitet, men inte annan reklam, offentliga lovord och uttalanden fr\u00e5n tillverkaren.<br \/><br \/><strong>b)\u00a0\u00a0<\/strong>I h\u00e4ndelse av defekter kommer vi, efter eget gottfinnande, att l\u00e4mna garanti genom reparation eller efterleverans. Om felet inte kan avhj\u00e4lpas kan du antingen beg\u00e4ra prisavdrag eller fr\u00e5ntr\u00e4da avtalet. Avhj\u00e4lpandet av felet anses ha misslyckats efter ett misslyckat andra f\u00f6rs\u00f6k, om inte varans beskaffenhet eller defekten eller andra omst\u00e4ndigheter visar n\u00e5got annat. Vid reparation beh\u00f6ver vi inte st\u00e5 f\u00f6r de \u00f6kade kostnader som uppst\u00e5r vid flytt av godset till annan plats \u00e4n utf\u00f6randest\u00e4llet om leveransen inte motsvarar varans avsedda anv\u00e4ndning.<br \/><br \/><strong>c) \u00a0<\/strong>Garantitiden \u00e4r ett \u00e5r fr\u00e5n leverans av varan. F\u00f6rkortningen av tidsfristen g\u00e4ller inte:<br \/><br \/>\u2013 f\u00f6r skyldigt orsakade skador som kan h\u00e4nf\u00f6ras till oss till f\u00f6ljd av skada p\u00e5 liv, kropp eller h\u00e4lsa och andra skador som orsakats avsiktligt eller av grov v\u00e5rdsl\u00f6shet;<br \/>\u2013 om vi p\u00e5 ett bedr\u00e4gligt s\u00e4tt dolt defekten eller antagit en garanti f\u00f6r varans kvalitet;<br \/>\u2013 f\u00f6r f\u00f6rem\u00e5l som anv\u00e4nts f\u00f6r en byggnad i enlighet med deras normala anv\u00e4ndning och som orsakat dess defekter;<br \/>\u2013 vid r\u00e4ttsliga regresskrav som du har mot oss i samband med felr\u00e4ttigheter.<br \/><br \/><strong>11 \u00a7 Lagval<\/strong><br \/><br \/><strong>(1)<\/strong>\u00a0Tysk lag g\u00e4ller. F\u00f6r konsumenter g\u00e4ller detta lagval endast i den m\u00e5n det skydd som ges av tvingande best\u00e4mmelser i lagen i konsumentens hemvistland inte upph\u00e4vs (f\u00f6rm\u00e5nsprincipen).<br \/><br \/><strong>(2)<\/strong>\u00a0Best\u00e4mmelserna i FN:s konvention om avtal f\u00f6r internationell f\u00f6rs\u00e4ljning av varor g\u00e4ller uttryckligen inte.<br \/><br \/><br \/><\/p><hr \/><p><br \/><br \/><strong>II. Kundinformation<\/strong><br \/><br \/><strong>1. S\u00e4ljarens identitet<\/strong><br \/><br \/>Andreas Venus<br \/>Haidberg 2<br \/>94379 Sankt Englmar<br \/>Tyskland<br \/>Telefon: 016091594448<br \/>E-post: info@bavarian-bondage.de<br \/><br \/><br \/>Vi \u00e4r villiga, men inte skyldiga, att delta i tvistl\u00f6sningsf\u00f6rfaranden inf\u00f6r konsumentskiljen\u00e4mnder.<br \/><br \/><strong>2. Information om avtalets ing\u00e5ende<\/strong><br \/><br \/>De tekniska stegen f\u00f6r att ing\u00e5 avtalet, ing\u00e5endet av sj\u00e4lva kontraktet och korrigeringsalternativen utf\u00f6rs i enlighet med best\u00e4mmelserna &quot;Ing\u00e5ende av kontraktet&quot; i v\u00e5ra allm\u00e4nna villkor (del I.).<br \/><br \/><strong>3. Kontraktsspr\u00e5k, kontraktstextlagring<\/strong><br \/><br \/>3.1. Avtalsspr\u00e5ket \u00e4r tyska.<br \/><br \/>3.2. Vi sparar inte hela avtalstexten. Innan best\u00e4llningen skickas via varukorgssystemet online kan avtalsuppgifterna skrivas ut eller sparas elektroniskt med hj\u00e4lp av webbl\u00e4sarens utskriftsfunktion. Efter att vi tagit emot best\u00e4llningen kommer best\u00e4llningsuppgifterna, den lagstadgade informationen f\u00f6r distansf\u00f6rs\u00e4ljningsavtal och de allm\u00e4nna villkoren att skickas till dig igen via e-post.<br \/><br \/>3.3. Om du beg\u00e4r ett erbjudande utanf\u00f6r varukorgssystemet online f\u00e5r du alla avtalsuppgifter som en del av ett bindande erbjudande i textform, till exempel via e-post, som du kan skriva ut eller spara elektroniskt.<br \/><br \/><strong>4. Uppf\u00f6randekoder<\/strong><br \/><br \/>4.1. Vi har utsatt oss f\u00f6r kvalitetskriterierna f\u00f6r k\u00f6parsigill fr\u00e5n Merchant Association Management AG, som kan ses p\u00e5:\u00a0<a href=\"https:\/\/www.haendlerbund.de\/de\/downloads\/kaeufersiegel\/kaeufersiegel-zertifizierungskriterien.pdf\" target=\"_blank\" rel=\"noopener\" data-saferedirecturl=\"https:\/\/www.google.com\/url?q=https:\/\/www.haendlerbund.de\/de\/downloads\/kaeufersiegel\/kaeufersiegel-zertifizierungskriterien.pdf&amp;source=gmail&amp;ust=1595571225131000&amp;usg=AFQjCNFe5mk3H_qoqXPKQq9eTI32jhhuHg\">https:\/\/www.haendlerbund.de\/de\/downloads\/kaeufersiegel\/kaeufersiegel-zertifizierungskriterien.pdf<\/a>.<br \/><br \/><strong>5. V\u00e4sentliga egenskaper hos varorna eller tj\u00e4nsterna<\/strong><br \/><br \/>De v\u00e4sentliga egenskaperna hos varorna och\/eller tj\u00e4nsterna finns i respektive erbjudande.<br \/><br \/><strong>6. Priser och betalningsmetoder<\/strong><br \/><br \/>6.1. Priserna som anges i respektive erbjudanden samt fraktkostnaderna representerar totalpriser. De inkluderar alla priskomponenter inklusive alla till\u00e4mpliga skatter.<br \/><br \/>6.2. De fraktkostnader som uppst\u00e5r ing\u00e5r inte i k\u00f6peskillingen. De kan n\u00e5s via en motsvarande m\u00e4rkt knapp p\u00e5 v\u00e5r hemsida eller i respektive erbjudande, visas separat under best\u00e4llningsprocessen och betalas av dig dessutom, om inte fri frakt har garanterats.<br \/><br \/>6.3. Eventuella kostnader f\u00f6r penning\u00f6verf\u00f6ringen (\u00f6verf\u00f6rings- eller v\u00e4xelkursavgifter fr\u00e5n kreditinstitut) m\u00e5ste du st\u00e5 f\u00f6r i de fall leveransen sker till ett EU-medlemsland men betalningen har gjorts utanf\u00f6r Europeiska Unionen.<br \/><br \/>6.4. De betalningsmetoder som \u00e4r tillg\u00e4ngliga f\u00f6r dig visas under en motsvarande m\u00e4rkt knapp p\u00e5 v\u00e5r webbplats eller i respektive erbjudande.<br \/><br \/>6.5. Om inte annat anges f\u00f6r de enskilda betalningss\u00e4tten f\u00f6rfaller de betalningskrav som h\u00e4rr\u00f6r fr\u00e5n det ing\u00e5ngna avtalet till betalning omedelbart.<br \/><br \/>6.6. Om inte annat avtalats ska vid bokning av kurser betalning ske p\u00e5 plats senast p\u00e5 kursdagen innan kursstart, annars f\u00f6religger ingen r\u00e4tt till deltagande.<br \/><br \/><strong>7. Leveransvillkor<\/strong><br \/><br \/>7.1. Leveransvillkoren, leveransdatum och eventuella befintliga leveransbegr\u00e4nsningar finns under en motsvarande m\u00e4rkt knapp p\u00e5 v\u00e5r hemsida eller i respektive erbjudande.<br \/><br \/>7.2. Om du \u00e4r konsument \u00e4r det reglerat i lag att risken f\u00f6r oavsiktlig f\u00f6rlust och oavsiktlig f\u00f6rs\u00e4mring av varan som s\u00e4ljs under transporten \u00f6verg\u00e5r till dig f\u00f6rst n\u00e4r varan \u00f6verl\u00e4mnas till dig, oavsett om f\u00f6rs\u00e4ndelsen \u00e4r f\u00f6rs\u00e4krad eller of\u00f6rs\u00e4krad. Detta g\u00e4ller inte om du sj\u00e4lvst\u00e4ndigt har anlitat ett transportf\u00f6retag som inte n\u00e4mnts av f\u00f6retagaren eller annan person som utsetts att utf\u00f6ra transporten.<br \/><br \/>Om du \u00e4r f\u00f6retagare sker leverans och utskick p\u00e5 din risk.<br \/><br \/><strong>8. Lagstadgad ansvarslag f\u00f6r fel<\/strong><br \/><br \/>Ansvar f\u00f6r defekter baseras p\u00e5 &quot;Garanti&quot;-f\u00f6rordningen i v\u00e5ra allm\u00e4nna villkor (del I).<br \/><br \/>Dessa allm\u00e4nna villkor och kundinformation har skapats av \u00e5terf\u00f6rs\u00e4ljarf\u00f6reningens jurister som \u00e4r specialiserade p\u00e5 IT-juridik och som st\u00e4ndigt kontrolleras f\u00f6r lagefterlevnad. Merchant Association Management AG garanterar texternas r\u00e4ttss\u00e4kerhet och \u00e4r ansvarigt i h\u00e4ndelse av varningar. Mer information finns p\u00e5:\u00a0<a href=\"https:\/\/www.haendlerbund.de\/de\/leistungen\/rechtssicherheit\/agb-service\" target=\"_blank\" rel=\"noopener\" data-saferedirecturl=\"https:\/\/www.google.com\/url?q=https:\/\/www.haendlerbund.de\/de\/leistungen\/rechtssicherheit\/agb-service&amp;source=gmail&amp;ust=1595571225131000&amp;usg=AFQjCNFRXstfsBqXtZxEv0RC9XDgevh1EQ\">https:\/\/www.haendlerbund.de\/de\/leistungen\/rechtssicherheit\/agb-service<\/a>.<br \/><br \/>senast uppdaterad: 22 oktober 2024<br \/><br \/><\/p>\t\t\t\t\t\t\t\t<\/div>\n\t\t\t\t<\/div>\n\t\t\t\t<\/div>","protected":false},"excerpt":{"rendered":"<p>Allgemeine Gesch\u00e4ftsbedingungen und Kundeninformationen I. Allgemeine Gesch\u00e4ftsbedingungen \u00a7 1 Grundlegende Bestimmungen (1)\u00a0Die nachstehenden Gesch\u00e4ftsbedingungen gelten f\u00fcr Vertr\u00e4ge, die Sie mit uns als Anbieter\u00a0(Andreas Venus)\u00a0\u00fcber die Internetseite www.bavarian-bondage.de schlie\u00dfen. Soweit nicht anders vereinbart, wird der Einbeziehung gegebenenfalls von Ihnen verwendeter eigener Bedingungen widersprochen. (2)\u00a0Verbraucher im Sinne der nachstehenden Regelungen ist jede nat\u00fcrliche Person, die ein Rechtsgesch\u00e4ft [&hellip;]<\/p>\n","protected":false},"author":3,"featured_media":0,"parent":0,"menu_order":0,"comment_status":"closed","ping_status":"closed","template":"","meta":{"footnotes":""},"class_list":["post-10","page","type-page","status-publish","hentry"],"_links":{"self":[{"href":"https:\/\/bavarian-bondage.de\/sv\/wp-json\/wp\/v2\/pages\/10","targetHints":{"allow":["GET"]}}],"collection":[{"href":"https:\/\/bavarian-bondage.de\/sv\/wp-json\/wp\/v2\/pages"}],"about":[{"href":"https:\/\/bavarian-bondage.de\/sv\/wp-json\/wp\/v2\/types\/page"}],"author":[{"embeddable":true,"href":"https:\/\/bavarian-bondage.de\/sv\/wp-json\/wp\/v2\/users\/3"}],"replies":[{"embeddable":true,"href":"https:\/\/bavarian-bondage.de\/sv\/wp-json\/wp\/v2\/comments?post=10"}],"version-history":[{"count":5,"href":"https:\/\/bavarian-bondage.de\/sv\/wp-json\/wp\/v2\/pages\/10\/revisions"}],"predecessor-version":[{"id":15411,"href":"https:\/\/bavarian-bondage.de\/sv\/wp-json\/wp\/v2\/pages\/10\/revisions\/15411"}],"wp:attachment":[{"href":"https:\/\/bavarian-bondage.de\/sv\/wp-json\/wp\/v2\/media?parent=10"}],"curies":[{"name":"wp","href":"https:\/\/api.w.org\/{rel}","templated":true}]}}