{"id":1104,"date":"2016-01-23T21:24:14","date_gmt":"2016-01-23T20:24:14","guid":{"rendered":"https:\/\/bavarian-bondage.mysupr.de\/bondageseile\/"},"modified":"2024-09-01T19:18:28","modified_gmt":"2024-09-01T17:18:28","slug":"bondage-linor","status":"publish","type":"page","link":"https:\/\/bavarian-bondage.de\/sv\/bondageseile\/","title":{"rendered":"Bondage rep"},"content":{"rendered":"<div data-elementor-type=\"wp-post\" data-elementor-id=\"1104\" class=\"elementor elementor-1104\" data-elementor-post-type=\"page\">\n\t\t\t\t<div class=\"elementor-element elementor-element-245a058 e-flex e-con-boxed e-con e-parent\" data-id=\"245a058\" data-element_type=\"container\" data-e-type=\"container\" data-settings=\"{&quot;background_background&quot;:&quot;classic&quot;}\">\n\t\t\t\t\t<div class=\"e-con-inner\">\n\t\t<div class=\"elementor-element elementor-element-da084e0 e-con-full e-flex e-con e-child\" data-id=\"da084e0\" data-element_type=\"container\" data-e-type=\"container\" data-settings=\"{&quot;background_background&quot;:&quot;classic&quot;}\">\n\t\t\t\t<div class=\"elementor-element elementor-element-ea1dfa2 elementor-widget elementor-widget-spacer\" data-id=\"ea1dfa2\" data-element_type=\"widget\" data-e-type=\"widget\" data-widget_type=\"spacer.default\">\n\t\t\t\t\t\t\t<div class=\"elementor-spacer\">\n\t\t\t<div class=\"elementor-spacer-inner\"><\/div>\n\t\t<\/div>\n\t\t\t\t\t\t<\/div>\n\t\t\t\t<div class=\"elementor-element elementor-element-f005b98 elementor-widget elementor-widget-heading\" data-id=\"f005b98\" data-element_type=\"widget\" data-e-type=\"widget\" data-widget_type=\"heading.default\">\n\t\t\t\t\t<h2 class=\"elementor-heading-title elementor-size-default\">Hampa och jute rep, s\u00e5 lika och \u00e4nd\u00e5 olika!<\/h2>\t\t\t\t<\/div>\n\t\t\t\t<div class=\"elementor-element elementor-element-4af304a elementor-widget elementor-widget-spacer\" data-id=\"4af304a\" data-element_type=\"widget\" data-e-type=\"widget\" data-widget_type=\"spacer.default\">\n\t\t\t\t\t\t\t<div class=\"elementor-spacer\">\n\t\t\t<div class=\"elementor-spacer-inner\"><\/div>\n\t\t<\/div>\n\t\t\t\t\t\t<\/div>\n\t\t\t\t<\/div>\n\t\t\t\t\t<\/div>\n\t\t\t\t<\/div>\n\t\t<div class=\"elementor-element elementor-element-00244d7 e-flex e-con-boxed e-con e-parent\" data-id=\"00244d7\" data-element_type=\"container\" data-e-type=\"container\">\n\t\t\t\t\t<div class=\"e-con-inner\">\n\t\t<div class=\"elementor-element elementor-element-b9932de e-con-full e-flex e-con e-child\" data-id=\"b9932de\" data-element_type=\"container\" data-e-type=\"container\" data-settings=\"{&quot;background_background&quot;:&quot;classic&quot;}\">\n\t\t<div class=\"elementor-element elementor-element-bc3dac0 e-con-full e-flex e-con e-child\" data-id=\"bc3dac0\" data-element_type=\"container\" data-e-type=\"container\">\n\t\t<div class=\"elementor-element elementor-element-6fdd22d e-con-full e-flex e-con e-child\" data-id=\"6fdd22d\" data-element_type=\"container\" data-e-type=\"container\">\n\t\t\t\t<div class=\"elementor-element elementor-element-3c38ffd elementor-widget elementor-widget-image\" data-id=\"3c38ffd\" data-element_type=\"widget\" data-e-type=\"widget\" data-widget_type=\"image.default\">\n\t\t\t\t\t\t\t\t\t\t\t\t\t\t\t<img fetchpriority=\"high\" decoding=\"async\" width=\"800\" height=\"800\" src=\"https:\/\/bavarian-bondage.de\/wp-content\/uploads\/2020\/10\/Seilsta\u0308rke-1024x1024.png\" class=\"attachment-large size-large wp-image-3480\" alt=\"\" srcset=\"https:\/\/bavarian-bondage.de\/wp-content\/uploads\/2020\/10\/Seilsta\u0308rke-1024x1024.png 1024w, https:\/\/bavarian-bondage.de\/wp-content\/uploads\/2020\/10\/Seilsta\u0308rke-400x400.png 400w, https:\/\/bavarian-bondage.de\/wp-content\/uploads\/2020\/10\/Seilsta\u0308rke-150x150.png 150w, https:\/\/bavarian-bondage.de\/wp-content\/uploads\/2020\/10\/Seilsta\u0308rke-768x768.png 768w, https:\/\/bavarian-bondage.de\/wp-content\/uploads\/2020\/10\/Seilsta\u0308rke-300x300.png 300w, https:\/\/bavarian-bondage.de\/wp-content\/uploads\/2020\/10\/Seilsta\u0308rke-600x600.png 600w, https:\/\/bavarian-bondage.de\/wp-content\/uploads\/2020\/10\/Seilsta\u0308rke-100x100.png 100w, https:\/\/bavarian-bondage.de\/wp-content\/uploads\/2020\/10\/Seilsta\u0308rke.png 1200w\" sizes=\"(max-width: 800px) 100vw, 800px\" title=\"\">\t\t\t\t\t\t\t\t\t\t\t\t\t\t\t<\/div>\n\t\t\t\t<\/div>\n\t\t<div class=\"elementor-element elementor-element-9450ef8 e-con-full e-flex e-con e-child\" data-id=\"9450ef8\" data-element_type=\"container\" data-e-type=\"container\">\n\t\t\t\t<div class=\"elementor-element elementor-element-84ec8a5 elementor-widget elementor-widget-heading\" data-id=\"84ec8a5\" data-element_type=\"widget\" data-e-type=\"widget\" data-widget_type=\"heading.default\">\n\t\t\t\t\t<h2 class=\"elementor-heading-title elementor-size-default\">Olika reptjocklekar fr\u00e5n v\u00e4nster till h\u00f6ger<\/h2>\t\t\t\t<\/div>\n\t\t\t\t<div class=\"elementor-element elementor-element-fcc603d elementor-widget elementor-widget-text-editor\" data-id=\"fcc603d\" data-element_type=\"widget\" data-e-type=\"widget\" data-widget_type=\"text-editor.default\">\n\t\t\t\t\t\t\t\t\t<p>Hamparep 4mm<\/p><p>Hamparep 5 mm<\/p><p>Hamprep 6mm<\/p><p>Jute h\u00f6gklass 4mm<\/p><p>Jute h\u00f6gklass 5,5 mm<\/p><p>Jute h\u00f6gklass 6mm<\/p><p>Jute standard 6mm<\/p>\t\t\t\t\t\t\t\t<\/div>\n\t\t\t\t<\/div>\n\t\t\t\t<\/div>\n\t\t\t\t<\/div>\n\t\t\t\t\t<\/div>\n\t\t\t\t<\/div>\n\t\t<div class=\"elementor-element elementor-element-d613ff5 e-flex e-con-boxed e-con e-parent\" data-id=\"d613ff5\" data-element_type=\"container\" data-e-type=\"container\">\n\t\t\t\t\t<div class=\"e-con-inner\">\n\t\t<div class=\"elementor-element elementor-element-0f1d844 e-con-full e-flex e-con e-child\" data-id=\"0f1d844\" data-element_type=\"container\" data-e-type=\"container\">\n\t\t\t\t<div class=\"elementor-element elementor-element-823da4b elementor-widget elementor-widget-text-editor\" data-id=\"823da4b\" data-element_type=\"widget\" data-e-type=\"widget\" data-widget_type=\"text-editor.default\">\n\t\t\t\t\t\t\t\t\t<p style=\"text-align: center\">Diametrarna syns tydligt p\u00e5 bilden. Tyv\u00e4rr \u00e4r denna information aldrig exakt korrekt och kan variera n\u00e5got.<\/p><p style=\"text-align: center\">F\u00f6r att f\u00f6rklara det hela kortfattat:<\/p><p style=\"text-align: center\">Nu ska jag bara anv\u00e4nda Jute High Class 5mm. Repet best\u00e5r av 3 tr\u00e5dar och var och en av dem best\u00e5r av 10 tr\u00e5dar garn. S\u00e5 fort de 30 tr\u00e5darna avviker fr\u00e5n m\u00e5ttet med till och med 0,1 mm kan det redan p\u00e5verka det framtida repet. Om repet sedan vrids eller sl\u00e5s m\u00e5ste man r\u00e4kna ut igen om det ska vara l\u00f6sare eller t\u00e4tare och i s\u00e5 fall. Justera m\u00e4ngden tr\u00e5dar. Generellt kan man s\u00e4ga att varje rep som l\u00e4mnar repfabriken \u00e4r lite annorlunda.<\/p><p style=\"text-align: center\">I slut\u00e4ndan f\u00f6rfinas den sedan. Beroende p\u00e5 typ av bearbetning kan diametern \u00e4ven h\u00e4r \u00e4ndras n\u00e5got.<\/p><p style=\"text-align: center\"><strong>S\u00e5 sn\u00e4lla fokusera inte f\u00f6r mycket p\u00e5 den angivna diametern!<\/strong><\/p>\t\t\t\t\t\t\t\t<\/div>\n\t\t\t\t<div class=\"elementor-element elementor-element-130a1f3 elementor-widget-divider--view-line elementor-widget elementor-widget-divider\" data-id=\"130a1f3\" data-element_type=\"widget\" data-e-type=\"widget\" data-widget_type=\"divider.default\">\n\t\t\t\t\t\t\t<div class=\"elementor-divider\">\n\t\t\t<span class=\"elementor-divider-separator\">\n\t\t\t\t\t\t<\/span>\n\t\t<\/div>\n\t\t\t\t\t\t<\/div>\n\t\t\t\t<div class=\"elementor-element elementor-element-634ebfe elementor-widget elementor-widget-spacer\" data-id=\"634ebfe\" data-element_type=\"widget\" data-e-type=\"widget\" data-widget_type=\"spacer.default\">\n\t\t\t\t\t\t\t<div class=\"elementor-spacer\">\n\t\t\t<div class=\"elementor-spacer-inner\"><\/div>\n\t\t<\/div>\n\t\t\t\t\t\t<\/div>\n\t\t\t\t<div class=\"elementor-element elementor-element-7853421 elementor-widget elementor-widget-heading\" data-id=\"7853421\" data-element_type=\"widget\" data-e-type=\"widget\" data-widget_type=\"heading.default\">\n\t\t\t\t\t<h2 class=\"elementor-heading-title elementor-size-default\">CLASSIC och EXCLUSIVE versionerna<\/h2>\t\t\t\t<\/div>\n\t\t\t\t<div class=\"elementor-element elementor-element-6a6bdd7 elementor-widget elementor-widget-image\" data-id=\"6a6bdd7\" data-element_type=\"widget\" data-e-type=\"widget\" data-widget_type=\"image.default\">\n\t\t\t\t\t\t\t\t\t\t\t\t\t\t\t<img decoding=\"async\" src=\"https:\/\/bavarian-bondage.de\/wp-content\/uploads\/elementor\/thumbs\/20171109_125925-p0twqvj2bbpqr1ov1bcxtjkb8cmi0gghrdec5dwwy8.png\" title=\"20171109_125925\" alt=\"20171109_125925\" loading=\"lazy\" \/>\t\t\t\t\t\t\t\t\t\t\t\t\t\t\t<\/div>\n\t\t\t\t<\/div>\n\t\t\t\t\t<\/div>\n\t\t\t\t<\/div>\n\t\t<div class=\"elementor-element elementor-element-2f28d84 e-flex e-con-boxed e-con e-parent\" data-id=\"2f28d84\" data-element_type=\"container\" data-e-type=\"container\">\n\t\t\t\t\t<div class=\"e-con-inner\">\n\t\t<div class=\"elementor-element elementor-element-2bdfe0d e-con-full e-flex e-con e-child\" data-id=\"2bdfe0d\" data-element_type=\"container\" data-e-type=\"container\">\n\t\t<div class=\"elementor-element elementor-element-548ac8a e-con-full e-flex e-con e-child\" data-id=\"548ac8a\" data-element_type=\"container\" data-e-type=\"container\">\n\t\t<div class=\"elementor-element elementor-element-dfa78b4 e-con-full e-flex e-con e-child\" data-id=\"dfa78b4\" data-element_type=\"container\" data-e-type=\"container\" data-settings=\"{&quot;background_background&quot;:&quot;classic&quot;}\">\n\t\t\t\t<div class=\"elementor-element elementor-element-764989f elementor-widget elementor-widget-heading\" data-id=\"764989f\" data-element_type=\"widget\" data-e-type=\"widget\" data-widget_type=\"heading.default\">\n\t\t\t\t\t<h2 class=\"elementor-heading-title elementor-size-default\">KLASSISK<\/h2>\t\t\t\t<\/div>\n\t\t\t\t<div class=\"elementor-element elementor-element-b0bc603 elementor-widget elementor-widget-text-editor\" data-id=\"b0bc603\" data-element_type=\"widget\" data-e-type=\"widget\" data-widget_type=\"text-editor.default\">\n\t\t\t\t\t\t\t\t\t<p style=\"text-align: center\">Repen har en enkel \u00f6verhandsknut i \u00e4ndarna och \u00e4r givetvis redo att knytas.<\/p><p style=\"text-align: center\">De rengjordes, br\u00f6ts, flammades, tv\u00e4ttades och behandlades sedan med olja f\u00f6r att f\u00f6rbereda repet f\u00f6r framtida anv\u00e4ndning.<\/p>\t\t\t\t\t\t\t\t<\/div>\n\t\t\t\t<\/div>\n\t\t<div class=\"elementor-element elementor-element-b6bed8e elementor-hidden-phone e-con-full e-flex e-con e-child\" data-id=\"b6bed8e\" data-element_type=\"container\" data-e-type=\"container\">\n\t\t\t\t<\/div>\n\t\t<div class=\"elementor-element elementor-element-a1ebfb4 e-con-full e-flex e-con e-child\" data-id=\"a1ebfb4\" data-element_type=\"container\" data-e-type=\"container\" data-settings=\"{&quot;background_background&quot;:&quot;classic&quot;}\">\n\t\t\t\t<div class=\"elementor-element elementor-element-67a50ee elementor-widget elementor-widget-heading\" data-id=\"67a50ee\" data-element_type=\"widget\" data-e-type=\"widget\" data-widget_type=\"heading.default\">\n\t\t\t\t\t<h2 class=\"elementor-heading-title elementor-size-default\">EXKLUSIV<\/h2>\t\t\t\t<\/div>\n\t\t\t\t<div class=\"elementor-element elementor-element-4cac751 elementor-widget elementor-widget-text-editor\" data-id=\"4cac751\" data-element_type=\"widget\" data-e-type=\"widget\" data-widget_type=\"text-editor.default\">\n\t\t\t\t\t\t\t\t\t<p style=\"text-align: center\">Naturligtvis \u00e4r dessa rep ocks\u00e5 behandlade redo f\u00f6r bondage. De imponerar med den lilla, sn\u00e4va och komplexa trisk-knuten i \u00e4ndarna av repet, vilket ger flera f\u00f6rdelar vid knytning.\u00a0<\/p><p style=\"text-align: center\">Vidare flammas och oljas repen flera g\u00e5nger.<\/p>\t\t\t\t\t\t\t\t<\/div>\n\t\t\t\t<\/div>\n\t\t\t\t<\/div>\n\t\t\t\t<div class=\"elementor-element elementor-element-9832fd6 elementor-widget elementor-widget-spacer\" data-id=\"9832fd6\" data-element_type=\"widget\" data-e-type=\"widget\" data-widget_type=\"spacer.default\">\n\t\t\t\t\t\t\t<div class=\"elementor-spacer\">\n\t\t\t<div class=\"elementor-spacer-inner\"><\/div>\n\t\t<\/div>\n\t\t\t\t\t\t<\/div>\n\t\t\t\t<div class=\"elementor-element elementor-element-16398b8 elementor-widget-divider--view-line elementor-widget elementor-widget-divider\" data-id=\"16398b8\" data-element_type=\"widget\" data-e-type=\"widget\" data-widget_type=\"divider.default\">\n\t\t\t\t\t\t\t<div class=\"elementor-divider\">\n\t\t\t<span class=\"elementor-divider-separator\">\n\t\t\t\t\t\t<\/span>\n\t\t<\/div>\n\t\t\t\t\t\t<\/div>\n\t\t\t\t<div class=\"elementor-element elementor-element-ef0302c elementor-widget elementor-widget-spacer\" data-id=\"ef0302c\" data-element_type=\"widget\" data-e-type=\"widget\" data-widget_type=\"spacer.default\">\n\t\t\t\t\t\t\t<div class=\"elementor-spacer\">\n\t\t\t<div class=\"elementor-spacer-inner\"><\/div>\n\t\t<\/div>\n\t\t\t\t\t\t<\/div>\n\t\t\t\t<div class=\"elementor-element elementor-element-4626777 elementor-widget elementor-widget-heading\" data-id=\"4626777\" data-element_type=\"widget\" data-e-type=\"widget\" data-widget_type=\"heading.default\">\n\t\t\t\t\t<h2 class=\"elementor-heading-title elementor-size-default\">Repen av bayersk tr\u00e4ldom<\/h2>\t\t\t\t<\/div>\n\t\t\t\t<div class=\"elementor-element elementor-element-7823d1a elementor-widget elementor-widget-text-editor\" data-id=\"7823d1a\" data-element_type=\"widget\" data-e-type=\"widget\" data-widget_type=\"text-editor.default\">\n\t\t\t\t\t\t\t\t\t<p style=\"text-align: center\">Tja, rep \u00e4r en krona ett dussin, men de flesta av dem har inte kvaliteten f\u00f6r att bli ett bondage-rep. Jag fick ocks\u00e5 leta och f\u00f6rs\u00f6ka l\u00e4nge f\u00f6r att hitta en repfabrik som kunde m\u00f6ta mina behov.\u00a0\u00a0<\/p>\t\t\t\t\t\t\t\t<\/div>\n\t\t<div class=\"elementor-element elementor-element-d93b01c e-con-full e-flex e-con e-child\" data-id=\"d93b01c\" data-element_type=\"container\" data-e-type=\"container\" data-settings=\"{&quot;background_background&quot;:&quot;classic&quot;}\">\n\t\t<div class=\"elementor-element elementor-element-50d71de e-con-full e-flex e-con e-child\" data-id=\"50d71de\" data-element_type=\"container\" data-e-type=\"container\">\n\t\t\t\t<div class=\"elementor-element elementor-element-52eb6db elementor-widget elementor-widget-heading\" data-id=\"52eb6db\" data-element_type=\"widget\" data-e-type=\"widget\" data-widget_type=\"heading.default\">\n\t\t\t\t\t<h2 class=\"elementor-heading-title elementor-size-default\">Ursprung:<\/h2>\t\t\t\t<\/div>\n\t\t\t\t<\/div>\n\t\t<div class=\"elementor-element elementor-element-b2bbe36 e-con-full e-flex e-con e-child\" data-id=\"b2bbe36\" data-element_type=\"container\" data-e-type=\"container\">\n\t\t\t\t<div class=\"elementor-element elementor-element-6647510 elementor-widget elementor-widget-text-editor\" data-id=\"6647510\" data-element_type=\"widget\" data-e-type=\"widget\" data-widget_type=\"text-editor.default\">\n\t\t\t\t\t\t\t\t\t<p>Mina hamprep, S-Edition och standard jute rep \u00e4r tillverkade i en tysk repfabrik enligt mina \u00f6nskem\u00e5l och krav. Det som \u00e4r s\u00e4rskilt viktigt f\u00f6r mig \u00e4r personlig kontakt och f\u00f6rst\u00e5else f\u00f6r anv\u00e4ndningen av repen.\u00a0<\/p><p>Den h\u00f6gklassiga juten tillverkas d\u00e4remot i flera repfabriker runt om i v\u00e4rlden. F\u00f6retagets huvudkontor ligger dock i Tyskland. Mycket bra rep produceras med ambition och erfarenhet.<\/p>\t\t\t\t\t\t\t\t<\/div>\n\t\t\t\t<\/div>\n\t\t\t\t<\/div>\n\t\t<div class=\"elementor-element elementor-element-6a144d7 e-con-full e-flex e-con e-child\" data-id=\"6a144d7\" data-element_type=\"container\" data-e-type=\"container\">\n\t\t<div class=\"elementor-element elementor-element-f04479f e-con-full e-flex e-con e-child\" data-id=\"f04479f\" data-element_type=\"container\" data-e-type=\"container\">\n\t\t\t\t<div class=\"elementor-element elementor-element-9196e41 elementor-widget elementor-widget-heading\" data-id=\"9196e41\" data-element_type=\"widget\" data-e-type=\"widget\" data-widget_type=\"heading.default\">\n\t\t\t\t\t<h2 class=\"elementor-heading-title elementor-size-default\">Nod:<\/h2>\t\t\t\t<\/div>\n\t\t\t\t<\/div>\n\t\t<div class=\"elementor-element elementor-element-fdbb473 e-con-full e-flex e-con e-child\" data-id=\"fdbb473\" data-element_type=\"container\" data-e-type=\"container\">\n\t\t\t\t<div class=\"elementor-element elementor-element-8d844bc elementor-widget elementor-widget-text-editor\" data-id=\"8d844bc\" data-element_type=\"widget\" data-e-type=\"widget\" data-widget_type=\"text-editor.default\">\n\t\t\t\t\t\t\t\t\t<p>Det finns inga hamparep eller juterep att k\u00f6pa fr\u00e5n en repaff\u00e4r som inte har n\u00e5gra knutar. Knutarna avser de enskilda tr\u00e5darna som tvinnas till ett rep. Dessa f\u00f6rl\u00e4ngs eller knyts ihop upprepade g\u00e5nger och skruvas i huvudsak in i repet. I bra rep \u00e4r knutarna sm\u00e5, t\u00e4ta, har korta \u00e4ndar och skruvas fast i repet. Detta \u00e4r ett mycket viktigt krav f\u00f6r ett bra bondage-rep.<\/p>\t\t\t\t\t\t\t\t<\/div>\n\t\t\t\t<\/div>\n\t\t\t\t<\/div>\n\t\t<div class=\"elementor-element elementor-element-2f21b8b e-con-full e-flex e-con e-child\" data-id=\"2f21b8b\" data-element_type=\"container\" data-e-type=\"container\" data-settings=\"{&quot;background_background&quot;:&quot;classic&quot;}\">\n\t\t<div class=\"elementor-element elementor-element-ebf10e9 e-con-full e-flex e-con e-child\" data-id=\"ebf10e9\" data-element_type=\"container\" data-e-type=\"container\">\n\t\t\t\t<div class=\"elementor-element elementor-element-b5708ae elementor-widget elementor-widget-heading\" data-id=\"b5708ae\" data-element_type=\"widget\" data-e-type=\"widget\" data-widget_type=\"heading.default\">\n\t\t\t\t\t<h2 class=\"elementor-heading-title elementor-size-default\">Od\u00f6r:<\/h2>\t\t\t\t<\/div>\n\t\t\t\t<\/div>\n\t\t<div class=\"elementor-element elementor-element-e7428f7 e-con-full e-flex e-con e-child\" data-id=\"e7428f7\" data-element_type=\"container\" data-e-type=\"container\">\n\t\t\t\t<div class=\"elementor-element elementor-element-8459eba elementor-widget elementor-widget-text-editor\" data-id=\"8459eba\" data-element_type=\"widget\" data-e-type=\"widget\" data-widget_type=\"text-editor.default\">\n\t\t\t\t\t\t\t\t\t<p>En mycket viktig punkt \u00e4r lukten. Om du packar upp repen och en obehaglig lukt sl\u00e5r mot n\u00e4san, kan bondagekv\u00e4llen snabbt ta slut. Jag l\u00e4gger stor vikt vid att rep har en subtil lukt och m\u00e4rks f\u00f6rst n\u00e4r man verkligen nosar p\u00e5 dem. De naturliga hamprepen som erbjuds doftar lite av h\u00f6 och behandlingsoljan, de f\u00e4rgade \u00e4r n\u00e4stan luktfria. N\u00e4r det g\u00e4ller jutelinor ligger den h\u00f6ga klassen i framkant. Dessa har en mycket trevlig, n\u00e5got s\u00f6t doft. De f\u00e4rgade repen \u00e4r desamma som hamparep, dessa \u00e4r ocks\u00e5 n\u00e4stan luktfria. Standardjuten d\u00e4remot luktar lite mer distinkt eftersom den behandlats med Bachingolja under tillverkningen, vilket inte \u00e4r fallet med de h\u00f6gklassiga.<\/p>\t\t\t\t\t\t\t\t<\/div>\n\t\t\t\t<\/div>\n\t\t\t\t<\/div>\n\t\t<div class=\"elementor-element elementor-element-a418d78 e-con-full e-flex e-con e-child\" data-id=\"a418d78\" data-element_type=\"container\" data-e-type=\"container\">\n\t\t<div class=\"elementor-element elementor-element-d58ab9e e-con-full e-flex e-con e-child\" data-id=\"d58ab9e\" data-element_type=\"container\" data-e-type=\"container\">\n\t\t\t\t<div class=\"elementor-element elementor-element-0660b0e elementor-widget elementor-widget-heading\" data-id=\"0660b0e\" data-element_type=\"widget\" data-e-type=\"widget\" data-widget_type=\"heading.default\">\n\t\t\t\t\t<h2 class=\"elementor-heading-title elementor-size-default\">Redo f\u00f6r bondage:<\/h2>\t\t\t\t<\/div>\n\t\t\t\t<\/div>\n\t\t<div class=\"elementor-element elementor-element-655af96 e-con-full e-flex e-con e-child\" data-id=\"655af96\" data-element_type=\"container\" data-e-type=\"container\">\n\t\t\t\t<div class=\"elementor-element elementor-element-de90d97 elementor-widget elementor-widget-text-editor\" data-id=\"de90d97\" data-element_type=\"widget\" data-e-type=\"widget\" data-widget_type=\"text-editor.default\">\n\t\t\t\t\t\t\t\t\t<p>Alla rep som du kan k\u00f6pa av mig \u00e4r behandlade redo f\u00f6r bondage. Lite olika beroende p\u00e5 repet. Men generellt sett, packa upp och s\u00e4tt ig\u00e5ng. Hamparep k\u00e4nns nu lite h\u00e5rda och fasta. Det beror p\u00e5 att repen tv\u00e4ttas innan olja. Vid torkning liknar den en handduk p\u00e5 torkst\u00e4llningen, eftersom du inte flyttar p\u00e5 den, stelnar fibrerna. N\u00e4r du anv\u00e4nder dina rep blir de snabbt behagligt mjuka igen.\u00a0<\/p><p>Jutelinor har problemet med \u00f6kat ludd och b\u00f6r eldas upp d\u00e5 och d\u00e5 och behandlas regelbundet med olja eller vax. Ju l\u00e4ngre jutelinor som anv\u00e4nds, desto b\u00e4ttre blir ludd. Tips om efterv\u00e5rd och v\u00e5rd hittar du under Anv\u00e4ndbar information.<\/p>\t\t\t\t\t\t\t\t<\/div>\n\t\t\t\t<\/div>\n\t\t\t\t<\/div>\n\t\t\t\t<div class=\"elementor-element elementor-element-2bfcaf2 elementor-widget-divider--view-line elementor-widget elementor-widget-divider\" data-id=\"2bfcaf2\" data-element_type=\"widget\" data-e-type=\"widget\" data-widget_type=\"divider.default\">\n\t\t\t\t\t\t\t<div class=\"elementor-divider\">\n\t\t\t<span class=\"elementor-divider-separator\">\n\t\t\t\t\t\t<\/span>\n\t\t<\/div>\n\t\t\t\t\t\t<\/div>\n\t\t\t\t<div class=\"elementor-element elementor-element-4001d36 elementor-widget elementor-widget-spacer\" data-id=\"4001d36\" data-element_type=\"widget\" data-e-type=\"widget\" data-widget_type=\"spacer.default\">\n\t\t\t\t\t\t\t<div class=\"elementor-spacer\">\n\t\t\t<div class=\"elementor-spacer-inner\"><\/div>\n\t\t<\/div>\n\t\t\t\t\t\t<\/div>\n\t\t\t\t<div class=\"elementor-element elementor-element-b9e297a elementor-widget elementor-widget-heading\" data-id=\"b9e297a\" data-element_type=\"widget\" data-e-type=\"widget\" data-widget_type=\"heading.default\">\n\t\t\t\t\t<h2 class=\"elementor-heading-title elementor-size-default\">Fortfarande \u00f6ppna fr\u00e5gor?<\/h2>\t\t\t\t<\/div>\n\t\t\t\t<div class=\"elementor-element elementor-element-6daeef2 elementor-widget elementor-widget-text-editor\" data-id=\"6daeef2\" data-element_type=\"widget\" data-e-type=\"widget\" data-widget_type=\"text-editor.default\">\n\t\t\t\t\t\t\t\t\t<p style=\"text-align: center\">Jag kommer att g\u00e5 n\u00e4rmare in p\u00e5 de enskilda typerna av rep p\u00e5 respektive \u00f6versiktssidor.\u00a0<\/p><p style=\"text-align: center\">Om du har ytterligare fr\u00e5gor, letar efter n\u00e5got specifikt eller har individuella produktionsf\u00f6rfr\u00e5gningar, \u00e4r du v\u00e4lkommen att kontakta mig!<\/p>\t\t\t\t\t\t\t\t<\/div>\n\t\t\t\t<div class=\"elementor-element elementor-element-104483b premium-lq__none elementor-widget elementor-widget-premium-addon-button\" data-id=\"104483b\" data-element_type=\"widget\" data-e-type=\"widget\" data-widget_type=\"premium-addon-button.default\">\n\t\t\t\t\t\n\n\t\t<a class=\"premium-button premium-button-none premium-btn-md premium-button-none\" href=\"https:\/\/bavarian-bondage.de\/sv\/kontaktformular\/\">\n\t\t\t<div class=\"premium-button-text-icon-wrapper\">\n\t\t\t\t\n\t\t\t\t\t\t\t\t\t<span >\n\t\t\t\t\t\tKontaktformul\u00e4r\t\t\t\t\t<\/span>\n\t\t\t\t\t\t\t<\/div>\n\n\t\t\t\n\t\t\t\n\t\t\t\n\t\t<\/a>\n\n\n\t\t\t\t\t\t<\/div>\n\t\t\t\t<\/div>\n\t\t\t\t\t<\/div>\n\t\t\t\t<\/div>\n\t\t\t\t<\/div>","protected":false},"excerpt":{"rendered":"<p>Hanf- und Juteseile, so \u00e4hnlich und doch verschieden! Unterschiedlichen Seilst\u00e4rken von links nach rechts Hanfseil 4mm Hanfseil 5mm Hanfseil 6mm Jute High Class 4mm Jute High Class 5,5mm Jute High Class 6mm Jute standard 6mm Die Durchmesser sind auf dem Bild sehr gut zu erkennen. Leider sind diese Angaben nie exakt richtig und k\u00f6nnen etwas [&hellip;]<\/p>\n","protected":false},"author":3,"featured_media":0,"parent":0,"menu_order":0,"comment_status":"closed","ping_status":"closed","template":"elementor_header_footer","meta":{"footnotes":""},"class_list":["post-1104","page","type-page","status-publish","hentry"],"_links":{"self":[{"href":"https:\/\/bavarian-bondage.de\/sv\/wp-json\/wp\/v2\/pages\/1104","targetHints":{"allow":["GET"]}}],"collection":[{"href":"https:\/\/bavarian-bondage.de\/sv\/wp-json\/wp\/v2\/pages"}],"about":[{"href":"https:\/\/bavarian-bondage.de\/sv\/wp-json\/wp\/v2\/types\/page"}],"author":[{"embeddable":true,"href":"https:\/\/bavarian-bondage.de\/sv\/wp-json\/wp\/v2\/users\/3"}],"replies":[{"embeddable":true,"href":"https:\/\/bavarian-bondage.de\/sv\/wp-json\/wp\/v2\/comments?post=1104"}],"version-history":[{"count":39,"href":"https:\/\/bavarian-bondage.de\/sv\/wp-json\/wp\/v2\/pages\/1104\/revisions"}],"predecessor-version":[{"id":12975,"href":"https:\/\/bavarian-bondage.de\/sv\/wp-json\/wp\/v2\/pages\/1104\/revisions\/12975"}],"wp:attachment":[{"href":"https:\/\/bavarian-bondage.de\/sv\/wp-json\/wp\/v2\/media?parent=1104"}],"curies":[{"name":"wp","href":"https:\/\/api.w.org\/{rel}","templated":true}]}}