{"id":1107,"date":"2016-01-25T16:51:09","date_gmt":"2016-01-25T15:51:09","guid":{"rendered":"https:\/\/bavarian-bondage.mysupr.de\/das-seil\/"},"modified":"2023-02-02T13:41:16","modified_gmt":"2023-02-02T12:41:16","slug":"repet","status":"publish","type":"page","link":"https:\/\/bavarian-bondage.de\/sv\/das-seil\/","title":{"rendered":"Repet"},"content":{"rendered":"<div data-elementor-type=\"wp-post\" data-elementor-id=\"1107\" class=\"elementor elementor-1107\" data-elementor-post-type=\"page\">\n\t\t\t\t\t\t<section class=\"elementor-section elementor-top-section elementor-element elementor-element-e3497ca elementor-section-boxed elementor-section-height-default elementor-section-height-default\" data-id=\"e3497ca\" data-element_type=\"section\" data-e-type=\"section\">\n\t\t\t\t\t\t<div class=\"elementor-container elementor-column-gap-default\">\n\t\t\t\t\t<div class=\"elementor-column elementor-col-100 elementor-top-column elementor-element elementor-element-ed4d19e\" data-id=\"ed4d19e\" data-element_type=\"column\" data-e-type=\"column\">\n\t\t\t<div class=\"elementor-widget-wrap elementor-element-populated\">\n\t\t\t\t\t\t<div class=\"elementor-element elementor-element-c0d9119 elementor-widget elementor-widget-heading\" data-id=\"c0d9119\" data-element_type=\"widget\" data-e-type=\"widget\" data-widget_type=\"heading.default\">\n\t\t\t\t\t<h2 class=\"elementor-heading-title elementor-size-default\">Repet<\/h2>\t\t\t\t<\/div>\n\t\t\t\t<div class=\"elementor-element elementor-element-720a1ec elementor-widget elementor-widget-text-editor\" data-id=\"720a1ec\" data-element_type=\"widget\" data-e-type=\"widget\" data-widget_type=\"text-editor.default\">\n\t\t\t\t\t\t\t\t\t<p style=\"text-align: center\">(grundmaterial f\u00f6r f\u00e4stteknik)<\/p>\t\t\t\t\t\t\t\t<\/div>\n\t\t\t\t<div class=\"elementor-element elementor-element-e95e17c elementor-widget elementor-widget-text-editor\" data-id=\"e95e17c\" data-element_type=\"widget\" data-e-type=\"widget\" data-widget_type=\"text-editor.default\">\n\t\t\t\t\t\t\t\t\t<p style=\"text-align: center\">Den som sysslar med \u00e4mnet begr\u00e4nsningar kommer f\u00f6rr eller senare att st\u00e4lla sig dessa eller liknande fr\u00e5gor:<\/p><ol><li style=\"text-align: left\"><strong>Jute-rep, hamp-rep eller ett alternativ?<\/strong><\/li><li style=\"text-align: left\"><strong>Vilka \u00e4r nackdelarna med hampa och jute rep?<\/strong><\/li><li style=\"text-align: left\"><strong>Vilka exakt \u00e4r skillnaderna?<\/strong><\/li><li style=\"text-align: left\"><strong>Vilken diameter och l\u00e4ngd ska repen ha?<\/strong><\/li><li style=\"text-align: left\"><strong>Vad ska jag t\u00e4nka p\u00e5 n\u00e4r jag k\u00f6per?<\/strong><\/li><li style=\"text-align: left\"><strong>Hur mycket kostar hampa och jute rep?<\/strong><\/li><li style=\"text-align: left\"><strong>Var kan jag f\u00e5 det perfekta repet?<\/strong><\/li><\/ol><p>\u00a0<\/p><p><span style=\"color: #000080\"><strong>Jag ska f\u00f6rs\u00f6ka svara p\u00e5 dessa 7 fr\u00e5gor s\u00e5 gott som m\u00f6jligt efter min kunskap och mina egna erfarenheter!<\/strong><\/span><\/p><p>Jute eller hampa rep \u00e4r definitivt det r\u00e4tta valet om du vill ha mer \u00e5terh\u00e5llsamhet \u00e4n att binda din partner i s\u00e4ngen! Endast tvinnade, eller n\u00e4rmare best\u00e4mt slagna, rep anv\u00e4nds, eftersom dessa knappt str\u00e4cker sig j\u00e4mf\u00f6rt med fl\u00e4tade rep. B\u00e5da typerna av rep har en tradition och \u00e4r oumb\u00e4rliga n\u00e4r man talar om bondage eller shibari. Naturligtvis har de tv\u00e5 naturfibrerna ocks\u00e5 sina nackdelar, som jag kommer att g\u00e5 in n\u00e4rmare p\u00e5 senare, men f\u00f6rdelarna talar f\u00f6r sig sj\u00e4lva. Och det \u00e4r just dessa f\u00f6rdelar som g\u00f6r att b\u00e5de juterep och hamperep \u00e4r klart nummer 1 f\u00f6r mig! De tv\u00e5 repen k\u00e4nnetecknas av h\u00f6g b\u00e4rf\u00f6rm\u00e5ga, flexibilitet, smidighet och mycket l\u00e5g str\u00e4ckning. Vidare \u00e4r knutarna mycket stabila och t\u00e4ta, men kan l\u00e4tt \u00f6ppnas igen!<\/p><p>Nu till de negativa sidorna av hampa och jute! Dessa \u00e4r naturliga fibrer som inte \u00e4r v\u00e4derbest\u00e4ndiga och som skulle s\u00f6nderfalla eller ruttna ganska snabbt om de h\u00e5lls v\u00e5ta. F\u00f6r oss inneb\u00e4r detta att alltid h\u00e5lla bondage-repen torra! Om du \u00e4nd\u00e5 vill tv\u00e4tta repen (du kan till och med koka hamprep; det \u00e4r b\u00e4ttre att bara reng\u00f6ra jute-rep med en fuktig trasa eller vid behov bara tv\u00e4tta dem kort i max 30\u00b0) eller om de blir bl\u00f6ta, du m\u00e5ste definitivt torka dem under konstant sp\u00e4nning. V\u00e5ta rep drar ihop sig, vrider sig och \u00e4r inte l\u00e4ngre anv\u00e4ndbara utan ordentlig torkning!<\/p><p>Den st\u00f6rsta nackdelen \u00e4r nog problemet med ludd eller damm. Repen best\u00e5r av enskilda fibrer som tvinnas till ett garn och sedan sl\u00e5s till ett rep! Genom anv\u00e4ndning lossnar eller bryts delar av dessa fibrer av, vilket ger oss denna fula luddeffekt. Om du anv\u00e4nder och v\u00e5rdar ditt rep regelbundet kommer det snart att bli b\u00e4ttre!<\/p><p>Den sista punkten \u00e4r lukten, som kan vara mycket intensiv med b\u00e5da typerna av rep. Jutelinor kan ha en intensiv lukt, men hamparep luktar ibland riktigt starkt. Jag skulle till och med beskriva det som stinkande. Men tyngdpunkten ligger p\u00e5 att kunna, eftersom det inte alltid \u00e4r fallet utan \u00e4r en fr\u00e5ga om kvalitet. Men lukten blir mindre och mer behaglig med tiden! Jag kommer att f\u00f6rklara detta mer i detalj nedan.<\/p><p>Nu \u00e4r det dags att titta n\u00e4rmare p\u00e5 de tv\u00e5 kandidaterna! Som du kan se \u00e4r jute- och hamprep v\u00e4ldigt lika n\u00e4r det g\u00e4ller deras egenskaper och ser ganska lika ut vid f\u00f6rsta anblicken. Det finns dock vissa skillnader<\/p>\t\t\t\t\t\t\t\t<\/div>\n\t\t\t\t<section class=\"elementor-section elementor-inner-section elementor-element elementor-element-8dd6253 elementor-section-boxed elementor-section-height-default elementor-section-height-default\" data-id=\"8dd6253\" data-element_type=\"section\" data-e-type=\"section\">\n\t\t\t\t\t\t<div class=\"elementor-container elementor-column-gap-default\">\n\t\t\t\t\t<div class=\"elementor-column elementor-col-50 elementor-inner-column elementor-element elementor-element-56eed94\" data-id=\"56eed94\" data-element_type=\"column\" data-e-type=\"column\" data-settings=\"{&quot;background_background&quot;:&quot;classic&quot;}\">\n\t\t\t<div class=\"elementor-widget-wrap elementor-element-populated\">\n\t\t\t\t\t\t<div class=\"elementor-element elementor-element-67e0b24 elementor-widget elementor-widget-heading\" data-id=\"67e0b24\" data-element_type=\"widget\" data-e-type=\"widget\" data-widget_type=\"heading.default\">\n\t\t\t\t\t<h2 class=\"elementor-heading-title elementor-size-default\"><u>Hamprep:<\/u><\/h2>\t\t\t\t<\/div>\n\t\t\t\t<div class=\"elementor-element elementor-element-72b80f8 elementor-tabs-view-horizontal elementor-widget elementor-widget-tabs\" data-id=\"72b80f8\" data-element_type=\"widget\" data-e-type=\"widget\" data-widget_type=\"tabs.default\">\n\t\t\t\t\t\t\t<div class=\"elementor-tabs\">\n\t\t\t<div class=\"elementor-tabs-wrapper\" role=\"tablist\" >\n\t\t\t\t\t\t\t\t\t<div id=\"elementor-tab-title-1201\" class=\"elementor-tab-title elementor-tab-desktop-title\" aria-selected=\"true\" data-tab=\"1\" role=\"tab\" tabindex=\"0\" aria-controls=\"elementor-tab-content-1201\" aria-expanded=\"false\">F\u00e4rg<\/div>\n\t\t\t\t\t\t\t\t\t<div id=\"elementor-tab-title-1202\" class=\"elementor-tab-title elementor-tab-desktop-title\" aria-selected=\"false\" data-tab=\"2\" role=\"tab\" tabindex=\"-1\" aria-controls=\"elementor-tab-content-1202\" aria-expanded=\"false\">Od\u00f6r<\/div>\n\t\t\t\t\t\t\t\t\t<div id=\"elementor-tab-title-1203\" class=\"elementor-tab-title elementor-tab-desktop-title\" aria-selected=\"false\" data-tab=\"3\" role=\"tab\" tabindex=\"-1\" aria-controls=\"elementor-tab-content-1203\" aria-expanded=\"false\">Vikt<\/div>\n\t\t\t\t\t\t\t\t\t<div id=\"elementor-tab-title-1204\" class=\"elementor-tab-title elementor-tab-desktop-title\" aria-selected=\"false\" data-tab=\"4\" role=\"tab\" tabindex=\"-1\" aria-controls=\"elementor-tab-content-1204\" aria-expanded=\"false\">stabilitet<\/div>\n\t\t\t\t\t\t\t\t\t<div id=\"elementor-tab-title-1205\" class=\"elementor-tab-title elementor-tab-desktop-title\" aria-selected=\"false\" data-tab=\"5\" role=\"tab\" tabindex=\"-1\" aria-controls=\"elementor-tab-content-1205\" aria-expanded=\"false\">F\u00f6rdelar<\/div>\n\t\t\t\t\t\t\t<\/div>\n\t\t\t<div class=\"elementor-tabs-content-wrapper\" role=\"tablist\" aria-orientation=\"vertical\">\n\t\t\t\t\t\t\t\t\t<div class=\"elementor-tab-title elementor-tab-mobile-title\" aria-selected=\"true\" data-tab=\"1\" role=\"tab\" tabindex=\"0\" aria-controls=\"elementor-tab-content-1201\" aria-expanded=\"false\">F\u00e4rg<\/div>\n\t\t\t\t\t<div id=\"elementor-tab-content-1201\" class=\"elementor-tab-content elementor-clearfix\" data-tab=\"1\" role=\"tabpanel\" aria-labelledby=\"elementor-tab-title-1201\" tabindex=\"0\" hidden=\"false\"><p style=\"text-align: center\">Ljusgr\u00e5<\/p><p>\u00a0<\/p><\/div>\n\t\t\t\t\t\t\t\t\t<div class=\"elementor-tab-title elementor-tab-mobile-title\" aria-selected=\"false\" data-tab=\"2\" role=\"tab\" tabindex=\"-1\" aria-controls=\"elementor-tab-content-1202\" aria-expanded=\"false\">Od\u00f6r<\/div>\n\t\t\t\t\t<div id=\"elementor-tab-content-1202\" class=\"elementor-tab-content elementor-clearfix\" data-tab=\"2\" role=\"tabpanel\" aria-labelledby=\"elementor-tab-title-1202\" tabindex=\"0\" hidden=\"hidden\"><p style=\"text-align: center\">Neutral till m\u00e5ttligt intensiv<\/p><p style=\"text-align: center\">(men en neutral lukt \u00e4r mycket s\u00e4llsynt)<\/p><\/div>\n\t\t\t\t\t\t\t\t\t<div class=\"elementor-tab-title elementor-tab-mobile-title\" aria-selected=\"false\" data-tab=\"3\" role=\"tab\" tabindex=\"-1\" aria-controls=\"elementor-tab-content-1203\" aria-expanded=\"false\">Vikt<\/div>\n\t\t\t\t\t<div id=\"elementor-tab-content-1203\" class=\"elementor-tab-content elementor-clearfix\" data-tab=\"3\" role=\"tabpanel\" aria-labelledby=\"elementor-tab-title-1203\" tabindex=\"0\" hidden=\"hidden\"><p style=\"text-align: center\">N\u00e4stan dubbelt s\u00e5 tung som jute.<\/p><p>\u00a0<\/p><\/div>\n\t\t\t\t\t\t\t\t\t<div class=\"elementor-tab-title elementor-tab-mobile-title\" aria-selected=\"false\" data-tab=\"4\" role=\"tab\" tabindex=\"-1\" aria-controls=\"elementor-tab-content-1204\" aria-expanded=\"false\">stabilitet<\/div>\n\t\t\t\t\t<div id=\"elementor-tab-content-1204\" class=\"elementor-tab-content elementor-clearfix\" data-tab=\"4\" role=\"tabpanel\" aria-labelledby=\"elementor-tab-title-1204\" tabindex=\"0\" hidden=\"hidden\"><p style=\"text-align: center\">Starkare \u00e4n jute-rep, runt 200 till 240 vid 6 mm tjocklek. Detta \u00e4r en riktlinje och varierar fr\u00e5n repfabrik till repfabrik beroende p\u00e5 bearbetningen.<\/p><\/div>\n\t\t\t\t\t\t\t\t\t<div class=\"elementor-tab-title elementor-tab-mobile-title\" aria-selected=\"false\" data-tab=\"5\" role=\"tab\" tabindex=\"-1\" aria-controls=\"elementor-tab-content-1205\" aria-expanded=\"false\">F\u00f6rdelar<\/div>\n\t\t\t\t\t<div id=\"elementor-tab-content-1205\" class=\"elementor-tab-content elementor-clearfix\" data-tab=\"5\" role=\"tabpanel\" aria-labelledby=\"elementor-tab-title-1205\" tabindex=\"0\" hidden=\"hidden\"><p style=\"text-align: center\">Mer b\u00e4rf\u00f6rm\u00e5ga, mindre ludd, vanligtvis en fastare konsistens \u00e4n jutelinor.<\/p><\/div>\n\t\t\t\t\t\t\t<\/div>\n\t\t<\/div>\n\t\t\t\t\t\t<\/div>\n\t\t\t\t\t<\/div>\n\t\t<\/div>\n\t\t\t\t<div class=\"elementor-column elementor-col-50 elementor-inner-column elementor-element elementor-element-11a6ef9\" data-id=\"11a6ef9\" data-element_type=\"column\" data-e-type=\"column\" data-settings=\"{&quot;background_background&quot;:&quot;classic&quot;}\">\n\t\t\t<div class=\"elementor-widget-wrap elementor-element-populated\">\n\t\t\t\t\t\t<div class=\"elementor-element elementor-element-708d26a elementor-widget elementor-widget-heading\" data-id=\"708d26a\" data-element_type=\"widget\" data-e-type=\"widget\" data-widget_type=\"heading.default\">\n\t\t\t\t\t<h2 class=\"elementor-heading-title elementor-size-default\"><u>Jute rep:<\/u><\/h2>\t\t\t\t<\/div>\n\t\t\t\t<div class=\"elementor-element elementor-element-cc7924a elementor-tabs-view-horizontal elementor-widget elementor-widget-tabs\" data-id=\"cc7924a\" data-element_type=\"widget\" data-e-type=\"widget\" data-widget_type=\"tabs.default\">\n\t\t\t\t\t\t\t<div class=\"elementor-tabs\">\n\t\t\t<div class=\"elementor-tabs-wrapper\" role=\"tablist\" >\n\t\t\t\t\t\t\t\t\t<div id=\"elementor-tab-title-2141\" class=\"elementor-tab-title elementor-tab-desktop-title\" aria-selected=\"true\" data-tab=\"1\" role=\"tab\" tabindex=\"0\" aria-controls=\"elementor-tab-content-2141\" aria-expanded=\"false\">F\u00e4rg<\/div>\n\t\t\t\t\t\t\t\t\t<div id=\"elementor-tab-title-2142\" class=\"elementor-tab-title elementor-tab-desktop-title\" aria-selected=\"false\" data-tab=\"2\" role=\"tab\" tabindex=\"-1\" aria-controls=\"elementor-tab-content-2142\" aria-expanded=\"false\">Od\u00f6r<\/div>\n\t\t\t\t\t\t\t\t\t<div id=\"elementor-tab-title-2143\" class=\"elementor-tab-title elementor-tab-desktop-title\" aria-selected=\"false\" data-tab=\"3\" role=\"tab\" tabindex=\"-1\" aria-controls=\"elementor-tab-content-2143\" aria-expanded=\"false\">Vikt<\/div>\n\t\t\t\t\t\t\t\t\t<div id=\"elementor-tab-title-2144\" class=\"elementor-tab-title elementor-tab-desktop-title\" aria-selected=\"false\" data-tab=\"4\" role=\"tab\" tabindex=\"-1\" aria-controls=\"elementor-tab-content-2144\" aria-expanded=\"false\">stabilitet<\/div>\n\t\t\t\t\t\t\t\t\t<div id=\"elementor-tab-title-2145\" class=\"elementor-tab-title elementor-tab-desktop-title\" aria-selected=\"false\" data-tab=\"5\" role=\"tab\" tabindex=\"-1\" aria-controls=\"elementor-tab-content-2145\" aria-expanded=\"false\">F\u00f6rdelar<\/div>\n\t\t\t\t\t\t\t<\/div>\n\t\t\t<div class=\"elementor-tabs-content-wrapper\" role=\"tablist\" aria-orientation=\"vertical\">\n\t\t\t\t\t\t\t\t\t<div class=\"elementor-tab-title elementor-tab-mobile-title\" aria-selected=\"true\" data-tab=\"1\" role=\"tab\" tabindex=\"0\" aria-controls=\"elementor-tab-content-2141\" aria-expanded=\"false\">F\u00e4rg<\/div>\n\t\t\t\t\t<div id=\"elementor-tab-content-2141\" class=\"elementor-tab-content elementor-clearfix\" data-tab=\"1\" role=\"tabpanel\" aria-labelledby=\"elementor-tab-title-2141\" tabindex=\"0\" hidden=\"false\"><p style=\"text-align: center\">Ljusbrun till gyllene<\/p><p style=\"text-align: center\">(\u00e4ven kallad guldfiber)<\/p><\/div>\n\t\t\t\t\t\t\t\t\t<div class=\"elementor-tab-title elementor-tab-mobile-title\" aria-selected=\"false\" data-tab=\"2\" role=\"tab\" tabindex=\"-1\" aria-controls=\"elementor-tab-content-2142\" aria-expanded=\"false\">Od\u00f6r<\/div>\n\t\t\t\t\t<div id=\"elementor-tab-content-2142\" class=\"elementor-tab-content elementor-clearfix\" data-tab=\"2\" role=\"tabpanel\" aria-labelledby=\"elementor-tab-title-2142\" tabindex=\"0\" hidden=\"hidden\"><p style=\"text-align: center\">Fr\u00e5n mycket trevlig till neutral med bra varor. Ibland en stark lukt av mineralolja vid anv\u00e4ndning av batcholja i produktionen<\/p><\/div>\n\t\t\t\t\t\t\t\t\t<div class=\"elementor-tab-title elementor-tab-mobile-title\" aria-selected=\"false\" data-tab=\"3\" role=\"tab\" tabindex=\"-1\" aria-controls=\"elementor-tab-content-2143\" aria-expanded=\"false\">Vikt<\/div>\n\t\t\t\t\t<div id=\"elementor-tab-content-2143\" class=\"elementor-tab-content elementor-clearfix\" data-tab=\"3\" role=\"tabpanel\" aria-labelledby=\"elementor-tab-title-2143\" tabindex=\"0\" hidden=\"hidden\"><p style=\"text-align: center\">Mycket l\u00e4tt<\/p><\/div>\n\t\t\t\t\t\t\t\t\t<div class=\"elementor-tab-title elementor-tab-mobile-title\" aria-selected=\"false\" data-tab=\"4\" role=\"tab\" tabindex=\"-1\" aria-controls=\"elementor-tab-content-2144\" aria-expanded=\"false\">stabilitet<\/div>\n\t\t\t\t\t<div id=\"elementor-tab-content-2144\" class=\"elementor-tab-content elementor-clearfix\" data-tab=\"4\" role=\"tabpanel\" aria-labelledby=\"elementor-tab-title-2144\" tabindex=\"0\" hidden=\"hidden\"><p style=\"text-align: center\">N\u00e5got mindre b\u00e4rkraft \u00e4n hamparep. Ca 170 \u2013 220 kilo. Beroende p\u00e5 produktion och vidaref\u00f6r\u00e4dling.<\/p><\/div>\n\t\t\t\t\t\t\t\t\t<div class=\"elementor-tab-title elementor-tab-mobile-title\" aria-selected=\"false\" data-tab=\"5\" role=\"tab\" tabindex=\"-1\" aria-controls=\"elementor-tab-content-2145\" aria-expanded=\"false\">F\u00f6rdelar<\/div>\n\t\t\t\t\t<div id=\"elementor-tab-content-2145\" class=\"elementor-tab-content elementor-clearfix\" data-tab=\"5\" role=\"tabpanel\" aria-labelledby=\"elementor-tab-title-2145\" tabindex=\"0\" hidden=\"hidden\"><p style=\"text-align: center\">Smidigare, l\u00e4ttare att springa och gosig n\u00e4r repen \u00e4r r\u00e4tt knutna.\u00a0<\/p><\/div>\n\t\t\t\t\t\t\t<\/div>\n\t\t<\/div>\n\t\t\t\t\t\t<\/div>\n\t\t\t\t\t<\/div>\n\t\t<\/div>\n\t\t\t\t\t<\/div>\n\t\t<\/section>\n\t\t\t\t<div class=\"elementor-element elementor-element-4849c78 elementor-widget elementor-widget-spacer\" data-id=\"4849c78\" data-element_type=\"widget\" data-e-type=\"widget\" data-widget_type=\"spacer.default\">\n\t\t\t\t\t\t\t<div class=\"elementor-spacer\">\n\t\t\t<div class=\"elementor-spacer-inner\"><\/div>\n\t\t<\/div>\n\t\t\t\t\t\t<\/div>\n\t\t\t\t<div class=\"elementor-element elementor-element-463edc3 elementor-widget elementor-widget-text-editor\" data-id=\"463edc3\" data-element_type=\"widget\" data-e-type=\"widget\" data-widget_type=\"text-editor.default\">\n\t\t\t\t\t\t\t\t\t<p>Det h\u00e4r \u00e4r de klassiska skillnaderna mellan de tv\u00e5 typerna av rep. Detta st\u00e4mmer dock inte alltid exakt, vilket inneb\u00e4r att det beror mer p\u00e5 hur repen tillverkas. Vilka grundmaterial som anv\u00e4nds, hur repet bearbetas, hur h\u00e5rt de enskilda tr\u00e5darna (repstr\u00e4ngarna) \u00e4r tvinnade och hur h\u00e5rt ett rep sl\u00e5s samt givetvis hur repet f\u00f6r\u00e4dlas vid ett senare tillf\u00e4lle \u00e4r avg\u00f6rande kriterier! Jag letade till exempel l\u00e4nge tills jag hittade en repfabrik som tillverkar rep som jag f\u00f6rest\u00e4ller mig dem.<\/p><p>Normalt anv\u00e4nds linor med en l\u00e4ngd p\u00e5 cirka 8m. Det spelar ingen roll om det \u00e4r 7,80m eller 8,20m, men det borde vara n\u00e5gonstans runt 8m! Ju l\u00e4ngre person som binds upp, desto l\u00e4ngre kan repen vara! Denna l\u00e4ngd har blivit popul\u00e4r eftersom den \u00e4r b\u00e4st f\u00f6r de flesta fotleder. Eftersom du vanligtvis anv\u00e4nder repet tv\u00e5 g\u00e5nger har du runt 4m rep som du m\u00e5ste flytta. Naturligtvis kan andra l\u00e4ngder teoretiskt ocks\u00e5 anv\u00e4ndas. Situationen \u00e4r liknande med diametern. Bondage-rep av jute och hampa erbjuds vanligtvis i tjocklekarna 5mm, 5,5mm och 6mm, men \u00e4ven h\u00e4r kan man inte lita p\u00e5 detta d\u00e5 informationen vanligtvis varierar lite fr\u00e5n repfabrik till repfabrik!<\/p><p>Vilken diameter man v\u00e4ljer \u00e4r en smaksak tycker jag. Men ni ska fundera p\u00e5 vad jag vill anv\u00e4nda repen till och med vilken partner! Ja, repen anv\u00e4nds f\u00f6r bondage, jag vet! Jag rekommenderar reptjocklekar p\u00e5 5,5 mm och 6 mm f\u00f6r nyb\u00f6rjare, eftersom dessa har lite mer kontaktyta \u00e4n 5 mm repen och d\u00e4rf\u00f6r \u00e4r bekv\u00e4mare! Detsamma g\u00e4ller upph\u00e4ngning (upph\u00e4ngd bondage). Mer lastkapacitet och st\u00f6d \u00e4r avg\u00f6rande f\u00f6r detta val. Ju st\u00f6rre och tyngre partnern \u00e4r desto mer pressar kroppen och detta kan snabbt bli obekv\u00e4mt med tunnare rep! 5mm repen \u00e4r s\u00e5klart de mest l\u00e4mpade f\u00f6r konstn\u00e4rlig bondage, eftersom det helt enkelt ger en snyggare bild och du kan anv\u00e4nda lite mer rep! Det har ocks\u00e5 blivit vanligt att erbjuda repset som m\u00e4ter 7 x 8m. Detta \u00e4r idealiskt f\u00f6r b\u00f6rjan. Sju rep \u00e4r normalt tillr\u00e4ckligt. Med suspension bondage kan det dock h\u00e4nda att du kan beh\u00f6va ett eller tv\u00e5 rep! Jag erbjuder fortfarande korta rep med en l\u00e4ngd p\u00e5 cirka 3 meter i min webbutik, eftersom du ofta kommer till en punkt d\u00e4r du bara beh\u00f6ver en liten bit rep f\u00f6r att slutf\u00f6ra bindningen och med en l\u00e4ngd p\u00e5 8 m m\u00e5ste du bearbeta mycket rep p\u00e5 n\u00e5got s\u00e4tt.<\/p><p>Nu kommer vi till kvaliteten p\u00e5 rep. Det skulle vara b\u00e4st om ett rep hade mycket lite ludd, var supersmidigt, hade inga lukter, knutar eller orenheter och hade h\u00e5rda fibrer inkorporerade i sig. Men det \u00e4r tyv\u00e4rr inte s\u00e5 l\u00e4tt som det l\u00e5ter! M\u00e5nga, jag skulle till och med s\u00e4ga att de flesta rep som du kan k\u00f6pa n\u00e5gonstans i j\u00e4rnaff\u00e4ren, p\u00e5 internet eller n\u00e5gon annanstans \u00e4r helt ol\u00e4mpliga f\u00f6r bondage. Eftersom repen tillverkas f\u00f6r andra \u00e4ndam\u00e5l \u00e4r de ovan n\u00e4mnda punkterna av ringa betydelse. Fibrernas inneboende lukter \u00e4r ofta till och med maskerade av kemiska och br\u00e4nsleliknande lukter, som inte g\u00e5r att f\u00e5 bort \u00e4ven efter upprepad tv\u00e4tt. Dessutom har vissa rep m\u00e5nga knutar, s\u00e5 n\u00e4r en tr\u00e5d tar slut knyts en ny till den och repet forts\u00e4tter att knytas. Om kvaliteten \u00e4r d\u00e5lig \u00e4r vissa fibrer mycket m\u00f6rka och tr\u00e4iga eller ibland \u00e4r sm\u00e5 tr\u00e4bitar inkorporerade. Dessutom \u00e4r m\u00e5nga rep impregnerade och tvinnade mycket h\u00e5rt, vilket g\u00f6r att de luktar starkt och \u00e4r mindre smidiga. Jag har redan konfronterats med alla dessa negativa egenskaper och r\u00e5der d\u00e4rf\u00f6r alla att inte k\u00f6pa eller anv\u00e4nda s\u00e5dana rep f\u00f6r bondage.<\/p><h3><span style=\"text-decoration: underline\"><span style=\"color: #000080\"><strong>Men det finns ocks\u00e5 riktigt bra rep!<\/strong><\/span><\/span><\/h3><p>Priserna varierar, liksom kvaliteten. Erfarenheten har visat att jute \u00e4r lite dyrare \u00e4n hampa. Men allt beror p\u00e5 tillverkaren och grundmaterialen!<\/p><p><strong>Och nu till den viktiga fr\u00e5gan:<\/strong><\/p><h1><span style=\"color: #000080\">Var kan jag f\u00e5 tag i det perfekta repet???<\/span><\/h1><h2><strong><u>Och mitt svar p\u00e5 det \u00e4r <span style=\"color: #ff0000\">ingenstans!<\/span><\/u><\/strong><\/h2><p><strong>\u00a0<\/strong><\/p><p>Det perfekta jute- eller hamprepet finns inte att k\u00f6pa. Ett s\u00e5dant rep skapas!<\/p><p>Det b\u00f6rjar med att v\u00e4lja de fibrer som blir ett garn och s\u00e5 sm\u00e5ningom ett rep. Om repfabriken uppm\u00e4rksammar kvalitet och l\u00e4mplighet f\u00f6r bondage\u00e4ndam\u00e5l har det f\u00f6rsta steget varit framg\u00e5ngsrikt! Nu kommer avslutningen. \u00c4ven h\u00e4r, om kvaliteten \u00e4r r\u00e4tt och det g\u00f6rs korrekt, har du redan slutf\u00f6rt det andra steget! Men \u00e4ven ett v\u00e4lavslutat rep \u00e4r l\u00e5ngt ifr\u00e5n perfekt, vilket betyder att det kommer att ludd och k\u00e4nnas lite repigt i b\u00f6rjan. Det sista steget \u00e4r att anv\u00e4nda ett rep ofta! F\u00f6rst med tiden - med svett, med kroppsfett och r\u00e4tt sk\u00f6tsel - blir ett rep det perfekta repet!<\/p>\t\t\t\t\t\t\t\t<\/div>\n\t\t\t\t\t<\/div>\n\t\t<\/div>\n\t\t\t\t\t<\/div>\n\t\t<\/section>\n\t\t\t\t<section class=\"elementor-section elementor-top-section elementor-element elementor-element-83f107c elementor-section-boxed elementor-section-height-default elementor-section-height-default\" data-id=\"83f107c\" data-element_type=\"section\" data-e-type=\"section\">\n\t\t\t\t\t\t<div class=\"elementor-container elementor-column-gap-default\">\n\t\t\t\t\t<div class=\"elementor-column elementor-col-100 elementor-top-column elementor-element elementor-element-9bcd1a7\" data-id=\"9bcd1a7\" data-element_type=\"column\" data-e-type=\"column\">\n\t\t\t<div class=\"elementor-widget-wrap elementor-element-populated\">\n\t\t\t\t\t\t<div class=\"elementor-element elementor-element-9798531 elementor-widget elementor-widget-heading\" data-id=\"9798531\" data-element_type=\"widget\" data-e-type=\"widget\" data-widget_type=\"heading.default\">\n\t\t\t\t\t<h2 class=\"elementor-heading-title elementor-size-default\">Slutsats:<\/h2>\t\t\t\t<\/div>\n\t\t\t\t<div class=\"elementor-element elementor-element-172520e elementor-widget elementor-widget-text-editor\" data-id=\"172520e\" data-element_type=\"widget\" data-e-type=\"widget\" data-widget_type=\"text-editor.default\">\n\t\t\t\t\t\t\t\t\t<p><strong>Jag tror att de flesta fr\u00e5gorna har besvarats och alla kan nu g\u00f6ra det sj\u00e4lva <\/strong><strong>Best\u00e4m vilken typ av rep du f\u00f6redrar! Om du vill prova att f\u00f6rfina dina rep sj\u00e4lv, <\/strong><strong>Nu vet du vilken kvalitet du b\u00f6r vara uppm\u00e4rksam p\u00e5.<\/strong><\/p><p><strong>Och f\u00f6r er som hellre vill k\u00f6pa ett knytklart rep direkt, <\/strong><strong>Det finns gott om dem i min webbutik!<\/strong><\/p><p><strong>Jag personligen f\u00f6redrar jutelinor d\u00e5 de \u00e4r l\u00e4ttare och lite smidigare! <\/strong><strong>Tyv\u00e4rr \u00e4r dessa v\u00e4ldigt fluffiga j\u00e4mf\u00f6rt med hamparep.<\/strong><\/p><p><strong>Alla rep som jag erbjuder i min onlinebutik har n\u00e4stan ingen egen lukt, vilket betyder att de bara luktar minimalt <\/strong><strong>Behandlingsolja, har varken kvistar eller orenheter och \u00e4r av b\u00e4sta kvalitet!<\/strong><\/p><p><strong>Ha kul med repen och m\u00e5nga h\u00e4rliga timmar!<\/strong><\/p><p><strong>H\u00e4lsningar Andreas<\/strong><\/p><p style=\"text-align: center\">\u00a0<\/p>\t\t\t\t\t\t\t\t<\/div>\n\t\t\t\t\t<\/div>\n\t\t<\/div>\n\t\t\t\t\t<\/div>\n\t\t<\/section>\n\t\t\t\t<\/div>","protected":false},"excerpt":{"rendered":"<p>Das Seil (Grundmaterial der Befestigungstechnik) Jeder, der sich mit dem Thema Fesseln besch\u00e4ftigt, wird sich fr\u00fcher oder sp\u00e4terdiese oder \u00e4hnliche Fragen stellen: Juteseil, Hanfseil oder doch eine Alternative? Welche Nachteile haben Hanf- und Juteseile? Worin liegen genau die Unterschiede? Welchen Durchmesser und L\u00e4nge sollen die Seile haben? Auf was sollte ich beim Kauf achten? Was [&hellip;]<\/p>\n","protected":false},"author":3,"featured_media":0,"parent":0,"menu_order":0,"comment_status":"closed","ping_status":"closed","template":"elementor_header_footer","meta":{"footnotes":""},"class_list":["post-1107","page","type-page","status-publish","hentry"],"_links":{"self":[{"href":"https:\/\/bavarian-bondage.de\/sv\/wp-json\/wp\/v2\/pages\/1107","targetHints":{"allow":["GET"]}}],"collection":[{"href":"https:\/\/bavarian-bondage.de\/sv\/wp-json\/wp\/v2\/pages"}],"about":[{"href":"https:\/\/bavarian-bondage.de\/sv\/wp-json\/wp\/v2\/types\/page"}],"author":[{"embeddable":true,"href":"https:\/\/bavarian-bondage.de\/sv\/wp-json\/wp\/v2\/users\/3"}],"replies":[{"embeddable":true,"href":"https:\/\/bavarian-bondage.de\/sv\/wp-json\/wp\/v2\/comments?post=1107"}],"version-history":[{"count":5,"href":"https:\/\/bavarian-bondage.de\/sv\/wp-json\/wp\/v2\/pages\/1107\/revisions"}],"predecessor-version":[{"id":9540,"href":"https:\/\/bavarian-bondage.de\/sv\/wp-json\/wp\/v2\/pages\/1107\/revisions\/9540"}],"wp:attachment":[{"href":"https:\/\/bavarian-bondage.de\/sv\/wp-json\/wp\/v2\/media?parent=1107"}],"curies":[{"name":"wp","href":"https:\/\/api.w.org\/{rel}","templated":true}]}}