{"id":1108,"date":"2016-01-25T16:56:26","date_gmt":"2016-01-25T15:56:26","guid":{"rendered":"https:\/\/bavarian-bondage.mysupr.de\/workshop-ja-oder-nein\/"},"modified":"2024-09-01T16:20:32","modified_gmt":"2024-09-01T14:20:32","slug":"verkstad-ja-eller-nej","status":"publish","type":"page","link":"https:\/\/bavarian-bondage.de\/sv\/workshop-ja-oder-nein\/","title":{"rendered":"Verkstad ja eller nej"},"content":{"rendered":"<div data-elementor-type=\"wp-post\" data-elementor-id=\"1108\" class=\"elementor elementor-1108\" data-elementor-post-type=\"page\">\n\t\t\t\t<div class=\"elementor-element elementor-element-dcbc31e e-flex e-con-boxed e-con e-parent\" data-id=\"dcbc31e\" data-element_type=\"container\" data-e-type=\"container\">\n\t\t\t\t\t<div class=\"e-con-inner\">\n\t\t<div class=\"elementor-element elementor-element-ecc35ec e-con-full e-flex e-con e-child\" data-id=\"ecc35ec\" data-element_type=\"container\" data-e-type=\"container\">\n\t\t\t\t<div class=\"elementor-element elementor-element-2de9a03 elementor-widget elementor-widget-heading\" data-id=\"2de9a03\" data-element_type=\"widget\" data-e-type=\"widget\" data-widget_type=\"heading.default\">\n\t\t\t\t\t<h2 class=\"elementor-heading-title elementor-size-default\">\u00c4r en s\u00e5dan verkstad ens n\u00f6dv\u00e4ndig?<\/h2>\t\t\t\t<\/div>\n\t\t\t\t<div class=\"elementor-element elementor-element-872dc88 elementor-widget elementor-widget-spacer\" data-id=\"872dc88\" data-element_type=\"widget\" data-e-type=\"widget\" data-widget_type=\"spacer.default\">\n\t\t\t\t\t\t\t<div class=\"elementor-spacer\">\n\t\t\t<div class=\"elementor-spacer-inner\"><\/div>\n\t\t<\/div>\n\t\t\t\t\t\t<\/div>\n\t\t\t\t<div class=\"elementor-element elementor-element-b9c8382 elementor-widget elementor-widget-heading\" data-id=\"b9c8382\" data-element_type=\"widget\" data-e-type=\"widget\" data-widget_type=\"heading.default\">\n\t\t\t\t\t<h2 class=\"elementor-heading-title elementor-size-default\">Nej, luft \u00e4r n\u00f6dv\u00e4ndigt f\u00f6r att andas. En workshop \u00e4r definitivt vettig!<\/h2>\t\t\t\t<\/div>\n\t\t\t\t<div class=\"elementor-element elementor-element-0837066 elementor-widget elementor-widget-text-editor\" data-id=\"0837066\" data-element_type=\"widget\" data-e-type=\"widget\" data-widget_type=\"text-editor.default\">\n\t\t\t\t\t\t\t\t\t<p style=\"text-align: center\">Jag kan inte skriva h\u00e4r om allm\u00e4nheten eller om de enskilda verkstadsanordnarna, eftersom alla har sina egna erfarenheter och processer.<\/p><p style=\"text-align: center\"><strong><span style=\"text-decoration: underline\">I det h\u00e4r blogginl\u00e4gget kommer jag att diskutera mina \u00e5sikter och referera till de kurser jag erbjuder!<\/span><\/strong><\/p><p style=\"text-align: center\">Naturligtvis finns det m\u00e5nga b\u00f6cker, videor och instruktioner om \u00e4mnet bondage eller shibari. Du kan titta p\u00e5 allt p\u00e5 Internet, l\u00e4sa om det och sedan prova. Precis som med en matlagningskurs eller danskurs l\u00e4r du dig snabbare och f\u00f6rst\u00e5s b\u00e4ttre om du visas det r\u00e4tt! Du kan st\u00e4lla dina fr\u00e5gor direkt, f\u00e5 svar direkt och det finns tips och tricks p\u00e5 toppen!<strong><span style=\"color: #ff0000\">\u00a0<\/span>\u00a0<\/strong> \u00a0 \u00a0 \u00a0 \u00a0 \u00a0\u00a0<\/p><p style=\"text-align: center\">Nu kommer m\u00e5nga av er att fr\u00e5ga er sj\u00e4lva:<\/p><p style=\"text-align: center\"><strong><span style=\"color: #ff0000\">En av de viktigaste punkterna, inte ens den viktigaste punkten, \u00e4r s\u00e4kerheten! <\/span><\/strong><\/p><p style=\"text-align: center\"><strong><span style=\"text-decoration: underline\">Varf\u00f6r s\u00e4kerhet? Jag vill bara binda min partner!<\/span><\/strong><\/p><p style=\"text-align: center\">Jo, eftersom v\u00e5ra kroppar \u00e4r v\u00e4ldigt k\u00e4nsliga f\u00f6r yttre p\u00e5verkan, borde alla som \u00e4r bundna veta exakt vad de g\u00f6r. Det b\u00f6rjar med de r\u00e4tta knutarna, som inte o\u00f6nskat ska lossna eller dra \u00e5t. Vi forts\u00e4tter med repguiden. Hur ska repen l\u00f6pa f\u00f6r att inte skada den andra personen av misstag? Var m\u00e5ste man vara uppm\u00e4rksam p\u00e5 nerver och blodk\u00e4rl? Hur \u00e4r det med de m\u00e5nga lederna? Dessa fr\u00e5gor och s\u00e5klart fler ska besvaras p\u00e5 en workshop!<\/p><p style=\"text-align: center\">Den h\u00f6gsta disciplinen och ofta h\u00f6jdpunkten i varje bondage-session \u00e4r den s\u00e5 kallade suspensionen (h\u00e4ngande bondage), d\u00e4r den bundna personen h\u00e4nger fritt bara i rep! Alla kan f\u00f6rest\u00e4lla sig vilken belastning detta uts\u00e4tter v\u00e5ra kroppar f\u00f6r och hur stora de m\u00f6jliga farorna \u00e4r! Jag vill verkligen inte skr\u00e4mma bort n\u00e5gon, f\u00f6r att h\u00e4nga bondage \u00e4r en fantastisk upplevelse som alla som gillar att vara bundna borde uppleva. Bli dock bara involverad i en avst\u00e4ngning om du \u00e4r s\u00e4ker p\u00e5 att den andra personen vet exakt vad han g\u00f6r! Och ni k\u00e4ra m\u00e4nniskor som \u00e4r bundna, var alltid medveten om att en bunden person ger sig helt och h\u00e5llet och du ensam har det fulla ansvaret!<\/p><p style=\"text-align: center\">Nu, \u00e4ven med de b\u00e4sta f\u00f6rberedelserna och kunskaperna, kan n\u00e5got g\u00e5 fel. \u00c4ven i ett s\u00e5dant fall \u2013 vilket givetvis ingen vill ha \u2013 ska man alltid vara beredd s\u00e5 att man kan reagera s\u00e5 snabbt som m\u00f6jligt.<\/p><p style=\"text-align: center\">Jag tror att n\u00e4r det kommer till \u00e4mnet s\u00e4kerhet s\u00e5 ins\u00e5g vi alla att en workshop verkligen \u00e4r vettig. Trots allt ska bondage vara roligt och inte sluta med en resa till doktorn!<\/p><p style=\"text-align: center\">Vidare b\u00f6r du i en nyb\u00f6rjarverkstad \u00e4ven ha m\u00f6jlighet att ta itu med de olika typerna av rep och deras f\u00f6r- och nackdelar f\u00f6r att f\u00e5 en inblick i vilka rep du b\u00f6r k\u00f6pa sj\u00e4lv senare!<\/p><p style=\"text-align: center\">\u00a0<\/p><p style=\"text-align: center\"><strong><span style=\"color: #212157\">Efter hela talet eller romanen om s\u00e4kerhet vill jag inte p\u00e5 n\u00e5got s\u00e4tt skr\u00e4mma bort dig fr\u00e5n att jobba med repen!<\/span><\/strong><\/p><p style=\"text-align: center\"><b>(Tv\u00e4rtom, annars hade jag aldrig skapat sidan)<\/b><\/p><p style=\"text-align: center\">Jag erbjuder generellt workshops f\u00f6r par eller tv\u00e5 personer, d\u00e5 man kan l\u00e4ra sig mycket snabbare och b\u00e4ttre \u00e4n i s\u00e5 kallade gruppworkshops med tio personer eller fler!<\/p>\t\t\t\t\t\t\t\t<\/div>\n\t\t\t\t<\/div>\n\t\t\t\t\t<\/div>\n\t\t\t\t<\/div>\n\t\t\t\t<\/div>","protected":false},"excerpt":{"rendered":"<p>Ist so ein Workshop \u00fcberhaupt notwendig? Nein, notwendig ist die Luft zum Atmen. Ein Workshop ist auf jeden Fall sinnvoll! Ich kann hier nicht \u00fcber die Allgemeinheit schreiben oder \u00fcber die einzelnen Workshopanbieter,denn jeder hat seine eigenen Erfahrunngen und Abl\u00e4ufe. In diesem Blogeintrag gehe ich auf meine Ansichten ein und beziehe mich auf die von [&hellip;]<\/p>\n","protected":false},"author":3,"featured_media":0,"parent":0,"menu_order":0,"comment_status":"closed","ping_status":"closed","template":"elementor_header_footer","meta":{"footnotes":""},"class_list":["post-1108","page","type-page","status-publish","hentry"],"_links":{"self":[{"href":"https:\/\/bavarian-bondage.de\/sv\/wp-json\/wp\/v2\/pages\/1108","targetHints":{"allow":["GET"]}}],"collection":[{"href":"https:\/\/bavarian-bondage.de\/sv\/wp-json\/wp\/v2\/pages"}],"about":[{"href":"https:\/\/bavarian-bondage.de\/sv\/wp-json\/wp\/v2\/types\/page"}],"author":[{"embeddable":true,"href":"https:\/\/bavarian-bondage.de\/sv\/wp-json\/wp\/v2\/users\/3"}],"replies":[{"embeddable":true,"href":"https:\/\/bavarian-bondage.de\/sv\/wp-json\/wp\/v2\/comments?post=1108"}],"version-history":[{"count":8,"href":"https:\/\/bavarian-bondage.de\/sv\/wp-json\/wp\/v2\/pages\/1108\/revisions"}],"predecessor-version":[{"id":12816,"href":"https:\/\/bavarian-bondage.de\/sv\/wp-json\/wp\/v2\/pages\/1108\/revisions\/12816"}],"wp:attachment":[{"href":"https:\/\/bavarian-bondage.de\/sv\/wp-json\/wp\/v2\/media?parent=1108"}],"curies":[{"name":"wp","href":"https:\/\/api.w.org\/{rel}","templated":true}]}}