{"id":1125,"date":"2016-02-03T17:54:23","date_gmt":"2016-02-03T16:54:23","guid":{"rendered":"https:\/\/bavarian-bondage.mysupr.de\/pflegetipps-fuer-die-seile\/"},"modified":"2023-02-02T13:43:25","modified_gmt":"2023-02-02T12:43:25","slug":"skoetseltips-foer-repen","status":"publish","type":"page","link":"https:\/\/bavarian-bondage.de\/sv\/pflegetipps-fuer-die-seile\/","title":{"rendered":"Sk\u00f6tseltips f\u00f6r repen"},"content":{"rendered":"\t\t<div data-elementor-type=\"wp-post\" data-elementor-id=\"1125\" class=\"elementor elementor-1125\" data-elementor-post-type=\"page\">\n\t\t\t\t\t\t<section class=\"elementor-section elementor-top-section elementor-element elementor-element-2745910 elementor-section-boxed elementor-section-height-default elementor-section-height-default\" data-id=\"2745910\" data-element_type=\"section\" data-e-type=\"section\">\n\t\t\t\t\t\t<div class=\"elementor-container elementor-column-gap-default\">\n\t\t\t\t\t<div class=\"elementor-column elementor-col-100 elementor-top-column elementor-element elementor-element-954663c\" data-id=\"954663c\" data-element_type=\"column\" data-e-type=\"column\">\n\t\t\t<div class=\"elementor-widget-wrap elementor-element-populated\">\n\t\t\t\t\t\t<div class=\"elementor-element elementor-element-a2815e2 elementor-widget elementor-widget-heading\" data-id=\"a2815e2\" data-element_type=\"widget\" data-e-type=\"widget\" data-widget_type=\"heading.default\">\n\t\t\t\t\t<h2 class=\"elementor-heading-title elementor-size-default\">Pflegetipps f\u00fcr deine Seile<\/h2>\t\t\t\t<\/div>\n\t\t\t\t<div class=\"elementor-element elementor-element-4ff55f3 elementor-widget elementor-widget-text-editor\" data-id=\"4ff55f3\" data-element_type=\"widget\" data-e-type=\"widget\" data-widget_type=\"text-editor.default\">\n\t\t\t\t\t\t\t\t\t<p style=\"text-align: center\">waschen, schneiden,legen<\/p><p style=\"text-align: center\"><span style=\"color: #808080\">(falsch, das macht ja jemand anderes ^^)<\/span><\/p>\t\t\t\t\t\t\t\t<\/div>\n\t\t\t\t<div class=\"elementor-element elementor-element-419f0ed elementor-widget elementor-widget-text-editor\" data-id=\"419f0ed\" data-element_type=\"widget\" data-e-type=\"widget\" data-widget_type=\"text-editor.default\">\n\t\t\t\t\t\t\t\t\t<p style=\"text-align: center\">Mit einem neuen Bondage-Seil ist es wie mit neuen Lederschuhen! Sie sehen gut aus, tragen sich einigerma\u00dfen bequem, aber irgendwie fehlt noch was!<\/p><p style=\"text-align: center\"><strong>Genau!<\/strong> Erst mit der Zeit passt der Schuh perfekt, das Leder wird weicher und der Tragekomfort wird immer besser. Und das liegt daran weil du deine Schuhe tr\u00e4gst, sie gelegentlich fettest und putzt.<\/p><p style=\"text-align: center\">Das Selbe gilt f\u00fcr unsere Seile! Neue Seile sind sch\u00f6n, weich und fassen sich gut an.\u00a0<\/p><p style=\"text-align: center\"><strong>Ich sag immer: Ein Bondage-Seil entsteht Schritt f\u00fcr Schritt!<\/strong><\/p><p style=\"text-align: center\">Erst in der Seilerei, dann beim veredeln und zum Schluss liegt es an Dir!<\/p><p style=\"text-align: center\">Mit Schwei\u00df, K\u00f6rperfett und gelegentlich ein paar Tropfen \u00d6l oder Wachs wird aus einem Seil, Dein Seil. Du wirst merken wie es noch weicher, geschmeidiger und lauffreudiger wird! Du solltest deine Seile nach der Verwendung ein paar mal durch die H\u00e4nde gleiten lassen,damit es sich entspannen kann und kein Drall entsteht. Gelegentlich bzw. nach mehrmaliger Verwendung ist es sinnvoll das Seil zu \u00f6len und ihm somit N\u00e4hrstoffe zuzuf\u00fchren. Somit beh\u00e4lt es seine Geschmeidigkeit und wird nicht zu trocken. Ein paar Tropfen \u00d6l auf ein fusselfreies Tuch geben, das Seil durchziehen und ein paar Minuten sp\u00e4ter \u00fcbersch\u00fcssiges \u00d6l mit einem sauberen Tuch abwischen.\u00a0<\/p><p style=\"text-align: center\">Lass dein Seil anschlie\u00dfend ein paar Tage ruhen!<\/p><p style=\"text-align: center\">Verwende auf keinen Fall zu viel \u00d6l, damit es auch restlos einziehen kann. Achte auf die Wahl des \u00d6ls und nimm kein Speise\u00f6l, denn das wird fr\u00fcher oder sp\u00e4ter ranzig werdenund sehr unangenehm riechen! Man liest \u00f6fter von Jojoba\u00f6l, Bienenwachs, Kamelien\u00f6l, Waffen\u00f6l, Baby\u00f6l, Sattel- bzw. Leder\u00f6l und anderen! Was nun davon am besten oder schlechtesten ist will ich hier nicht beurteilen.<\/p><p style=\"text-align: center\"><strong>Meine Empfehlung f\u00fcr dich, ist ein nat\u00fcrliches \u00d6l mit oder ohne Geruch oder auch meine Rope Care Cream mit hohem Wachsanteil. Viele wissen es nicht aber auch Jojoba\u00f6l geh\u00f6rt eigendlich zu den Wachsen.<\/strong><\/p>\t\t\t\t\t\t\t\t<\/div>\n\t\t\t\t\t<\/div>\n\t\t<\/div>\n\t\t\t\t\t<\/div>\n\t\t<\/section>\n\t\t\t\t<section class=\"elementor-section elementor-top-section elementor-element elementor-element-90cee88 elementor-section-boxed elementor-section-height-default elementor-section-height-default\" data-id=\"90cee88\" data-element_type=\"section\" data-e-type=\"section\" data-settings=\"{&quot;background_background&quot;:&quot;classic&quot;}\">\n\t\t\t\t\t\t<div class=\"elementor-container elementor-column-gap-default\">\n\t\t\t\t\t<div class=\"elementor-column elementor-col-100 elementor-top-column elementor-element elementor-element-915655b\" data-id=\"915655b\" data-element_type=\"column\" data-e-type=\"column\">\n\t\t\t<div class=\"elementor-widget-wrap elementor-element-populated\">\n\t\t\t\t\t\t<div class=\"elementor-element elementor-element-c7ffc38 uael-woo--align-center uael-sale-flash-custom uael-woo-slider-arrow-outside uael-woo-slider-arrow-circle elementor-widget elementor-widget-uael-woo-products\" data-id=\"c7ffc38\" data-element_type=\"widget\" data-e-type=\"widget\" data-settings=\"{&quot;slides_to_show_mobile&quot;:&quot;2&quot;,&quot;slides_to_show&quot;:&quot;6&quot;,&quot;slides_to_show_tablet&quot;:3}\" data-widget_type=\"uael-woo-products.grid-franko\">\n\t\t\t\t<div class=\"elementor-widget-container\">\n\t\t\t\t\t<div data-woo_slider=\"{&quot;slidesToShow&quot;:6,&quot;slidesToScroll&quot;:0,&quot;autoplaySpeed&quot;:5000,&quot;autoplay&quot;:false,&quot;infinite&quot;:true,&quot;pauseOnHover&quot;:true,&quot;speed&quot;:500,&quot;arrows&quot;:true,&quot;dots&quot;:false,&quot;rtl&quot;:false,&quot;prevArrow&quot;:&quot;&lt;button type=\\&quot;button\\&quot; data-role=\\&quot;none\\&quot; class=\\&quot;slick-prev slick-arrow fa fa-angle-left\\&quot; aria-label=\\&quot;Previous\\&quot; role=\\&quot;button\\&quot;&gt;&lt;\\\/button&gt;&quot;,&quot;nextArrow&quot;:&quot;&lt;button type=\\&quot;button\\&quot; data-role=\\&quot;none\\&quot; class=\\&quot;slick-next slick-arrow fa fa-angle-right\\&quot; aria-label=\\&quot;Next\\&quot; role=\\&quot;button\\&quot;&gt;&lt;\\\/button&gt;&quot;,&quot;responsive&quot;:[{&quot;breakpoint&quot;:1024,&quot;settings&quot;:{&quot;slidesToShow&quot;:3,&quot;slidesToScroll&quot;:3}},{&quot;breakpoint&quot;:767,&quot;settings&quot;:{&quot;slidesToShow&quot;:2,&quot;slidesToScroll&quot;:2}}]}\" class=\"uael-woocommerce uael-woo-products-slider uael-woo-skin-grid-franko uael-woo-query-manual\" data-page=\"1125\" data-skin=\"grid_franko\"><div class=\"uael-woo-products-inner uael-woo-product__column-4 uael-woo-product__column-tablet-4 uael-woo-product__column-mobile-2 uael-woo-product__hover-zoom\"><ul class=\"products columns-4\">\n\n<li class=\" seilpflege post-3015 product first instock taxable shipping-taxable purchasable product-type-simple\">\n\t<div class=\"uael-woo-product-wrapper\">\n\t\t<div class=\"uael-woo-products-thumbnail-wrap\"><div class=\"uael-flash-container \"><\/div><a href=\"https:\/\/bavarian-bondage.de\/sv\/produkt\/seilpflegeoel-basis-100ml\/\" class=\"woocommerce-LoopProduct-link woocommerce-loop-product__link\"><img fetchpriority=\"high\" decoding=\"async\" width=\"300\" height=\"300\" src=\"https:\/\/bavarian-bondage.de\/wp-content\/uploads\/2023\/01\/20230130_084255-300x300.png\" class=\"attachment-woocommerce_thumbnail size-woocommerce_thumbnail\" alt=\"Seilpflege\u00f6l Basis 100ml\" title=\"\"><\/a><div class=\"uael-product-actions\"><\/div><\/div><div class=\"uael-woo-products-summary-wrap\"><a href=\"https:\/\/bavarian-bondage.de\/sv\/produkt\/seilpflegeoel-basis-100ml\/\" class=\"uael-loop-product__link\"><h2 class=\"woocommerce-loop-product__title\">Seilpflege\u00f6l Basis 100ml<\/h2><\/a>\n\t<span class=\"price\"><span class=\"woocommerce-Price-amount amount\"><bdi>8,90&nbsp;<span class=\"woocommerce-Price-currencySymbol\">&euro;<\/span><\/bdi><\/span> <small class=\"woocommerce-price-suffix\">**<\/small><\/span>\n<div class=\"uael-woo-products-description\"><p>Grundpreis: 89,00 \u20ac\/l<\/p>\n<p>Lieferzeit: 5-7 Tage*<\/p>\n<\/div><\/div>\t<\/div>\n<\/li>\n\n<li class=\" seilpflege post-3016 product  instock taxable shipping-taxable purchasable product-type-simple\">\n\t<div class=\"uael-woo-product-wrapper\">\n\t\t<div class=\"uael-woo-products-thumbnail-wrap\"><div class=\"uael-flash-container \"><\/div><a href=\"https:\/\/bavarian-bondage.de\/sv\/produkt\/seilpflegeoel-eukalyptus-100ml\/\" class=\"woocommerce-LoopProduct-link woocommerce-loop-product__link\"><img decoding=\"async\" width=\"300\" height=\"300\" src=\"https:\/\/bavarian-bondage.de\/wp-content\/uploads\/2023\/01\/20230130_084410-300x300.png\" class=\"attachment-woocommerce_thumbnail size-woocommerce_thumbnail\" alt=\"Seilpflege\u00f6l Eukalyptus 100ml\" title=\"\"><\/a><div class=\"uael-product-actions\"><\/div><\/div><div class=\"uael-woo-products-summary-wrap\"><a href=\"https:\/\/bavarian-bondage.de\/sv\/produkt\/seilpflegeoel-eukalyptus-100ml\/\" class=\"uael-loop-product__link\"><h2 class=\"woocommerce-loop-product__title\">Seilpflege\u00f6l Eukalyptus 100ml<\/h2><\/a>\n\t<span class=\"price\"><span class=\"woocommerce-Price-amount amount\"><bdi>9,50&nbsp;<span class=\"woocommerce-Price-currencySymbol\">&euro;<\/span><\/bdi><\/span> <small class=\"woocommerce-price-suffix\">**<\/small><\/span>\n<div class=\"uael-woo-products-description\"><p>Grundpreis: 95,00 \u20ac\/l<\/p>\n<p>Lieferzeit: 5-7 Tage*<\/p>\n<\/div><\/div>\t<\/div>\n<\/li>\n\n<li class=\" seilpflege post-3017 product  instock taxable shipping-taxable purchasable product-type-simple\">\n\t<div class=\"uael-woo-product-wrapper\">\n\t\t<div class=\"uael-woo-products-thumbnail-wrap\"><div class=\"uael-flash-container \"><\/div><a href=\"https:\/\/bavarian-bondage.de\/sv\/produkt\/seilpflegeoel-orange-100ml\/\" class=\"woocommerce-LoopProduct-link woocommerce-loop-product__link\"><img decoding=\"async\" width=\"300\" height=\"300\" src=\"https:\/\/bavarian-bondage.de\/wp-content\/uploads\/2023\/01\/20230130_084334-300x300.png\" class=\"attachment-woocommerce_thumbnail size-woocommerce_thumbnail\" alt=\"Seilpflege\u00f6l Orange 100ml\" title=\"\"><\/a><div class=\"uael-product-actions\"><\/div><\/div><div class=\"uael-woo-products-summary-wrap\"><a href=\"https:\/\/bavarian-bondage.de\/sv\/produkt\/seilpflegeoel-orange-100ml\/\" class=\"uael-loop-product__link\"><h2 class=\"woocommerce-loop-product__title\">Seilpflege\u00f6l Orange 100ml<\/h2><\/a>\n\t<span class=\"price\"><span class=\"woocommerce-Price-amount amount\"><bdi>9,50&nbsp;<span class=\"woocommerce-Price-currencySymbol\">&euro;<\/span><\/bdi><\/span> <small class=\"woocommerce-price-suffix\">**<\/small><\/span>\n<div class=\"uael-woo-products-description\"><p>Grundpreis: 95,00 \u20ac\/l<\/p>\n<p>Lieferzeit: 5-7 Tage*<\/p>\n<\/div><\/div>\t<\/div>\n<\/li>\n\n<li class=\" alle produkte bondage zubeh\u00f6r seilpflege post-8533 product last instock taxable shipping-taxable purchasable product-type-simple\">\n\t<div class=\"uael-woo-product-wrapper\">\n\t\t<div class=\"uael-woo-products-thumbnail-wrap\"><div class=\"uael-flash-container \"><\/div><a href=\"https:\/\/bavarian-bondage.de\/sv\/produkt\/seilpflegeoel-vegan-100ml\/\" class=\"woocommerce-LoopProduct-link woocommerce-loop-product__link\"><img loading=\"lazy\" decoding=\"async\" width=\"300\" height=\"300\" src=\"https:\/\/bavarian-bondage.de\/wp-content\/uploads\/2023\/01\/20230130_084314-300x300.png\" class=\"attachment-woocommerce_thumbnail size-woocommerce_thumbnail\" alt=\"Seilpflege\u00f6l Vegan 100ml\" title=\"\"><\/a><div class=\"uael-product-actions\"><\/div><\/div><div class=\"uael-woo-products-summary-wrap\"><a href=\"https:\/\/bavarian-bondage.de\/sv\/produkt\/seilpflegeoel-vegan-100ml\/\" class=\"uael-loop-product__link\"><h2 class=\"woocommerce-loop-product__title\">Seilpflege\u00f6l Vegan 100ml<\/h2><\/a>\n\t<span class=\"price\"><span class=\"woocommerce-Price-amount amount\"><bdi>9,50&nbsp;<span class=\"woocommerce-Price-currencySymbol\">&euro;<\/span><\/bdi><\/span> <small class=\"woocommerce-price-suffix\">**<\/small><\/span>\n<div class=\"uael-woo-products-description\"><p>Grundpreis: 95,00 \u20ac\/l<\/p>\n<p>Lieferzeit: 5-7 Tage*<\/p>\n<\/div><\/div>\t<\/div>\n<\/li>\n\n<li class=\" seilpflege post-3005 product first instock taxable shipping-taxable purchasable product-type-simple\">\n\t<div class=\"uael-woo-product-wrapper\">\n\t\t<div class=\"uael-woo-products-thumbnail-wrap\"><div class=\"uael-flash-container \"><\/div><a href=\"https:\/\/bavarian-bondage.de\/sv\/produkt\/rope-care-cream-100ml\/\" class=\"woocommerce-LoopProduct-link woocommerce-loop-product__link\"><img loading=\"lazy\" decoding=\"async\" width=\"300\" height=\"300\" src=\"https:\/\/bavarian-bondage.de\/wp-content\/uploads\/2023\/01\/20230130_084441-300x300.png\" class=\"attachment-woocommerce_thumbnail size-woocommerce_thumbnail\" alt=\"Rope Care Cream 100ml\" title=\"\"><\/a><div class=\"uael-product-actions\"><\/div><\/div><div class=\"uael-woo-products-summary-wrap\"><a href=\"https:\/\/bavarian-bondage.de\/sv\/produkt\/rope-care-cream-100ml\/\" class=\"uael-loop-product__link\"><h2 class=\"woocommerce-loop-product__title\">Rope Care Cream 100ml<\/h2><\/a>\n\t<span class=\"price\"><span class=\"woocommerce-Price-amount amount\"><bdi>11,90&nbsp;<span class=\"woocommerce-Price-currencySymbol\">&euro;<\/span><\/bdi><\/span> <small class=\"woocommerce-price-suffix\">**<\/small><\/span>\n<div class=\"uael-woo-products-description\"><p>Grundpreis: 119,00 \u20ac\/l<\/p>\n<p>Lieferzeit: 5-7 Tage*<\/p>\n<\/div><\/div>\t<\/div>\n<\/li>\n\n<li class=\" seilpflege alle produkte bondage zubeh\u00f6r post-8530 product  instock taxable shipping-taxable purchasable product-type-simple\">\n\t<div class=\"uael-woo-product-wrapper\">\n\t\t<div class=\"uael-woo-products-thumbnail-wrap\"><div class=\"uael-flash-container \"><\/div><a href=\"https:\/\/bavarian-bondage.de\/sv\/produkt\/rope-care-cream-100ml-vegan\/\" class=\"woocommerce-LoopProduct-link woocommerce-loop-product__link\"><img loading=\"lazy\" decoding=\"async\" width=\"300\" height=\"300\" src=\"https:\/\/bavarian-bondage.de\/wp-content\/uploads\/2023\/01\/20230130_084453-300x300.png\" class=\"attachment-woocommerce_thumbnail size-woocommerce_thumbnail\" alt=\"Rope Care Cream 100ml Vegan\" title=\"\"><\/a><div class=\"uael-product-actions\"><\/div><\/div><div class=\"uael-woo-products-summary-wrap\"><a href=\"https:\/\/bavarian-bondage.de\/sv\/produkt\/rope-care-cream-100ml-vegan\/\" class=\"uael-loop-product__link\"><h2 class=\"woocommerce-loop-product__title\">Rope Care Cream 100ml Vegan<\/h2><\/a>\n\t<span class=\"price\"><span class=\"woocommerce-Price-amount amount\"><bdi>12,50&nbsp;<span class=\"woocommerce-Price-currencySymbol\">&euro;<\/span><\/bdi><\/span> <small class=\"woocommerce-price-suffix\">**<\/small><\/span>\n<div class=\"uael-woo-products-description\"><p>Grundpreis: 125,00 \u20ac\/l<\/p>\n<p>Lieferzeit: 5-7 Tage*<\/p>\n<\/div><\/div>\t<\/div>\n<\/li>\n<\/ul>\n<\/div><\/div>\t\t\t\t<\/div>\n\t\t\t\t<\/div>\n\t\t\t\t\t<\/div>\n\t\t<\/div>\n\t\t\t\t\t<\/div>\n\t\t<\/section>\n\t\t\t\t<section class=\"elementor-section elementor-top-section elementor-element elementor-element-0026b1e elementor-section-boxed elementor-section-height-default elementor-section-height-default\" data-id=\"0026b1e\" data-element_type=\"section\" data-e-type=\"section\">\n\t\t\t\t\t\t<div class=\"elementor-container elementor-column-gap-default\">\n\t\t\t\t\t<div class=\"elementor-column elementor-col-100 elementor-top-column elementor-element elementor-element-486015f\" data-id=\"486015f\" data-element_type=\"column\" data-e-type=\"column\">\n\t\t\t<div class=\"elementor-widget-wrap elementor-element-populated\">\n\t\t\t\t\t\t<div class=\"elementor-element elementor-element-149a304 elementor-widget elementor-widget-spacer\" data-id=\"149a304\" data-element_type=\"widget\" data-e-type=\"widget\" data-widget_type=\"spacer.default\">\n\t\t\t\t\t\t\t<div class=\"elementor-spacer\">\n\t\t\t<div class=\"elementor-spacer-inner\"><\/div>\n\t\t<\/div>\n\t\t\t\t\t\t<\/div>\n\t\t\t\t<div class=\"elementor-element elementor-element-474d750 elementor-widget elementor-widget-text-editor\" data-id=\"474d750\" data-element_type=\"widget\" data-e-type=\"widget\" data-widget_type=\"text-editor.default\">\n\t\t\t\t\t\t\t\t\t<p style=\"text-align: center\">Sollten Seile mal schmutzig werden musst du sie reinigen! Am besten geeignet ist ein feuchter Lappen und etwas Seifenwasser. Danach die Seile, unter Spannung, mehrere Tage trocknen.<\/p><p style=\"text-align: center\">Hanfseile kann man wenn n\u00f6tig auch richtig waschen oder sogar kochen!<\/p><p style=\"text-align: center\">Juteseil sollte kein Wasser sehen, da die Fasern gesch\u00e4digt werden k\u00f6nnen und die Tragkraft darunter leidet. Wenn die Seile gewaschen werden mussten,<span style=\"text-decoration: underline\"> sollte man sie f\u00fcr H\u00e4ngebondage nicht mehr verwenden!<\/span><\/p><p style=\"text-align: center\"><strong>Kontrolliere deine Seile gelegentlich auf Besch\u00e4digungen und Festigkeit der Knoten.<\/strong><\/p>\t\t\t\t\t\t\t\t<\/div>\n\t\t\t\t\t<\/div>\n\t\t<\/div>\n\t\t\t\t\t<\/div>\n\t\t<\/section>\n\t\t\t\t<section class=\"elementor-section elementor-top-section elementor-element elementor-element-34f7744 elementor-section-boxed elementor-section-height-default elementor-section-height-default\" data-id=\"34f7744\" data-element_type=\"section\" data-e-type=\"section\">\n\t\t\t\t\t\t<div class=\"elementor-container elementor-column-gap-default\">\n\t\t\t\t\t<div class=\"elementor-column elementor-col-100 elementor-top-column elementor-element elementor-element-6c32ac3\" data-id=\"6c32ac3\" data-element_type=\"column\" data-e-type=\"column\">\n\t\t\t<div class=\"elementor-widget-wrap elementor-element-populated\">\n\t\t\t\t\t\t<div class=\"elementor-element elementor-element-31869d7 elementor-widget elementor-widget-heading\" data-id=\"31869d7\" data-element_type=\"widget\" data-e-type=\"widget\" data-widget_type=\"heading.default\">\n\t\t\t\t\t<h2 class=\"elementor-heading-title elementor-size-default\">Fazit:<\/h2>\t\t\t\t<\/div>\n\t\t\t\t<div class=\"elementor-element elementor-element-7978147 elementor-widget elementor-widget-text-editor\" data-id=\"7978147\" data-element_type=\"widget\" data-e-type=\"widget\" data-widget_type=\"text-editor.default\">\n\t\t\t\t\t\t\t\t\t<p style=\"text-align: center\"><strong><span style=\"color: #808080\">(Sei lieb zu deinem Seil und pflege es wie deine Schuhe!)<\/span><\/strong><\/p><p style=\"text-align: center\">Das Seil nach der Verwendung entspannen lassen, \u00a0gelegentlich etwas \u00f6len und du wirst lange Freude damit haben.<\/p><p style=\"text-align: center\"><strong>Nat\u00fcrlich h\u00e4lt ein Seil nicht ewig und sollte je nach H\u00e4ufigkeit und Intensit\u00e4t der Verwendung ausgetauscht werden.<\/strong><\/p><p style=\"text-align: center\"><strong>Euer Andreas<\/strong><\/p>\t\t\t\t\t\t\t\t<\/div>\n\t\t\t\t\t<\/div>\n\t\t<\/div>\n\t\t\t\t\t<\/div>\n\t\t<\/section>\n\t\t\t\t<\/div>\n\t\t","protected":false},"excerpt":{"rendered":"<p>Pflegetipps f\u00fcr deine Seile waschen, schneiden,legen (falsch, das macht ja jemand anderes ^^) Mit einem neuen Bondage-Seil ist es wie mit neuen Lederschuhen! Sie sehen gut aus, tragen sich einigerma\u00dfen bequem, aber irgendwie fehlt noch was! Genau! Erst mit der Zeit passt der Schuh perfekt, das Leder wird weicher und der Tragekomfort wird immer besser. [&hellip;]<\/p>\n","protected":false},"author":3,"featured_media":0,"parent":0,"menu_order":0,"comment_status":"closed","ping_status":"closed","template":"elementor_header_footer","meta":{"footnotes":""},"class_list":["post-1125","page","type-page","status-publish","hentry"],"_links":{"self":[{"href":"https:\/\/bavarian-bondage.de\/sv\/wp-json\/wp\/v2\/pages\/1125","targetHints":{"allow":["GET"]}}],"collection":[{"href":"https:\/\/bavarian-bondage.de\/sv\/wp-json\/wp\/v2\/pages"}],"about":[{"href":"https:\/\/bavarian-bondage.de\/sv\/wp-json\/wp\/v2\/types\/page"}],"author":[{"embeddable":true,"href":"https:\/\/bavarian-bondage.de\/sv\/wp-json\/wp\/v2\/users\/3"}],"replies":[{"embeddable":true,"href":"https:\/\/bavarian-bondage.de\/sv\/wp-json\/wp\/v2\/comments?post=1125"}],"version-history":[{"count":11,"href":"https:\/\/bavarian-bondage.de\/sv\/wp-json\/wp\/v2\/pages\/1125\/revisions"}],"predecessor-version":[{"id":9543,"href":"https:\/\/bavarian-bondage.de\/sv\/wp-json\/wp\/v2\/pages\/1125\/revisions\/9543"}],"wp:attachment":[{"href":"https:\/\/bavarian-bondage.de\/sv\/wp-json\/wp\/v2\/media?parent=1125"}],"curies":[{"name":"wp","href":"https:\/\/api.w.org\/{rel}","templated":true}]}}