{"id":1127,"date":"2016-02-15T22:11:37","date_gmt":"2016-02-15T21:11:37","guid":{"rendered":"https:\/\/bavarian-bondage.mysupr.de\/fortgeschrittenen-workshop\/"},"modified":"2026-03-19T06:56:15","modified_gmt":"2026-03-19T05:56:15","slug":"avancerad-verkstad","status":"publish","type":"page","link":"https:\/\/bavarian-bondage.de\/sv\/fortgeschrittenen-workshop\/","title":{"rendered":"Avancerad verkstad"},"content":{"rendered":"<div data-elementor-type=\"wp-post\" data-elementor-id=\"1127\" class=\"elementor elementor-1127\" data-elementor-post-type=\"page\">\n\t\t\t\t<div class=\"elementor-element elementor-element-5ea8895 e-flex e-con-boxed e-con e-parent\" data-id=\"5ea8895\" data-element_type=\"container\" data-e-type=\"container\">\n\t\t\t\t\t<div class=\"e-con-inner\">\n\t\t<div class=\"elementor-element elementor-element-4e4e157 e-con-full e-flex e-con e-child\" data-id=\"4e4e157\" data-element_type=\"container\" data-e-type=\"container\">\n\t\t\t\t<div class=\"elementor-element elementor-element-b221294 elementor-widget elementor-widget-heading\" data-id=\"b221294\" data-element_type=\"widget\" data-e-type=\"widget\" data-widget_type=\"heading.default\">\n\t\t\t\t\t<h2 class=\"elementor-heading-title elementor-size-default\">Avancerade workshops<\/h2>\t\t\t\t<\/div>\n\t\t\t\t<div class=\"elementor-element elementor-element-9141d4d elementor-widget elementor-widget-text-editor\" data-id=\"9141d4d\" data-element_type=\"widget\" data-e-type=\"widget\" data-widget_type=\"text-editor.default\">\n\t\t\t\t\t\t\t\t\t<p>Alla kurser kan anpassas individuellt efter dina \u00f6nskem\u00e5l.<\/p>\t\t\t\t\t\t\t\t<\/div>\n\t\t\t\t<div class=\"elementor-element elementor-element-ea2bff9 elementor-widget elementor-widget-text-editor\" data-id=\"ea2bff9\" data-element_type=\"widget\" data-e-type=\"widget\" data-widget_type=\"text-editor.default\">\n\t\t\t\t\t\t\t\t\t<p><span style=\"text-decoration: underline\"><span style=\"color: #000080;text-decoration: underline\">1. Takate Kote f\u00f6r kort TK eller Box Tie,<\/span><\/span><\/p><p>\u00e4r en klassisk \u00f6verkroppsbondage och en grund f\u00f6r m\u00e5nga andra bondage. Dessutom \u00e4r Takate Kote ett av de viktigaste elementen f\u00f6r suspensionsbundenhet och b\u00f6r d\u00e4rf\u00f6r bem\u00e4stras korrekt och s\u00e4kert!<\/p><p style=\"text-align: left\"><span style=\"text-decoration: underline\">Vi behandlar \u00e4mnena:<\/span><\/p><p style=\"text-align: left\"><span style=\"text-decoration: underline;color: #000080\">Takate Kote:<\/span>\u00a0Version och varianter med 2 och 3 rep; S\u00e4kra knutar och lindragning<\/p><p style=\"text-align: left\"><span style=\"text-decoration: underline\"><span style=\"color: #000080;text-decoration: underline\">Tr\u00e4ldom:<\/span><\/span>\u00a0olika bondagealternativ i samband med den l\u00e4rde Takate Kote\u00a0<\/p><p style=\"text-align: left\"><span style=\"text-decoration: underline\"><span style=\"color: #000080;text-decoration: underline\">H\u00e4ngande bondage:<\/span><\/span>\u00a0liten introduktion till \u00e4mnet avst\u00e4ngning och partiell avst\u00e4ngning\u00a0<\/p><p style=\"text-align: left;padding-left: 40px\"><span style=\"text-decoration: underline\"><span style=\"color: #000080;text-decoration: underline\">Varaktighet:<\/span><\/span>\u00a02,5 timmar (med n\u00e5gra korta pauser)<\/p><p style=\"text-align: left;padding-left: 40px\"><span style=\"text-decoration: underline\"><span style=\"color: #000080;text-decoration: underline\">Pris:<\/span><\/span> 119,00 \u20ac f\u00f6r 2 personer (drycker ing\u00e5r i priset)<\/p>\t\t\t\t\t\t\t\t<\/div>\n\t\t\t\t<div class=\"elementor-element elementor-element-b917dd8 elementor-widget elementor-widget-spacer\" data-id=\"b917dd8\" data-element_type=\"widget\" data-e-type=\"widget\" data-widget_type=\"spacer.default\">\n\t\t\t\t\t\t\t<div class=\"elementor-spacer\">\n\t\t\t<div class=\"elementor-spacer-inner\"><\/div>\n\t\t<\/div>\n\t\t\t\t\t\t<\/div>\n\t\t\t\t<div class=\"elementor-element elementor-element-f0be414 elementor-widget elementor-widget-text-editor\" data-id=\"f0be414\" data-element_type=\"widget\" data-e-type=\"widget\" data-widget_type=\"text-editor.default\">\n\t\t\t\t\t\t\t\t\t<p><span style=\"text-decoration: underline\"><span style=\"color: #000080;text-decoration: underline\">2. Klassikerna<\/span><\/span><\/p><p style=\"text-align: center\">M\u00e5nga har h\u00f6rt namn som Hogtie, Karada, Strappado, Frogtie, etc.! Nu \u00e4r det dags att s\u00e4tta namnet i verket och l\u00e4ra sig de individuella begr\u00e4nsningarna.<\/p><p style=\"text-align: left\"><span style=\"text-decoration: underline;color: #000000\">Vi behandlar \u00e4mnena:<\/span><\/p><p style=\"text-align: left\"><span style=\"text-decoration: underline\"><span style=\"color: #000080;text-decoration: underline\">Bondage vs shibari eller kinbaku:<\/span><\/span>\u00a0liten f\u00f6rklaring av betydelser, ursprung och skillnader; de klassiska tr\u00e4ldomarna och deras namn; Finns det n\u00e5gra skillnader mellan bondage och shibari i Europa?<\/p><p style=\"text-align: left\"><span style=\"text-decoration: underline\"><span style=\"color: #000080;text-decoration: underline\">Tr\u00e4ldom:<\/span><\/span>\u00a0De mest v\u00e4lk\u00e4nda begr\u00e4nsningarna som du h\u00f6r och ser om och om igen i olika utf\u00f6randen och m\u00f6jliga till\u00e4mpningar; r\u00e4tt knytteknik och fixeringspunkter<\/p><p style=\"text-align: left;padding-left: 40px\"><span style=\"text-decoration: underline\"><span style=\"color: #000080;text-decoration: underline\">Varaktighet:<\/span><\/span>\u00a02,5 timmar (med n\u00e5gra korta pauser)<\/p><p style=\"text-align: left;padding-left: 40px\"><span style=\"text-decoration: underline\"><span style=\"color: #000080;text-decoration: underline\">Pris:<\/span><\/span> 119,00 \u20ac f\u00f6r 2 personer (drycker ing\u00e5r i priset)<\/p>\t\t\t\t\t\t\t\t<\/div>\n\t\t\t\t<div class=\"elementor-element elementor-element-f8837b6 elementor-widget elementor-widget-spacer\" data-id=\"f8837b6\" data-element_type=\"widget\" data-e-type=\"widget\" data-widget_type=\"spacer.default\">\n\t\t\t\t\t\t\t<div class=\"elementor-spacer\">\n\t\t\t<div class=\"elementor-spacer-inner\"><\/div>\n\t\t<\/div>\n\t\t\t\t\t\t<\/div>\n\t\t\t\t<div class=\"elementor-element elementor-element-d50ed9b elementor-widget elementor-widget-text-editor\" data-id=\"d50ed9b\" data-element_type=\"widget\" data-e-type=\"widget\" data-widget_type=\"text-editor.default\">\n\t\t\t\t\t\t\t\t\t<p style=\"text-align: center\"><span style=\"text-decoration: underline;color: #000080\">3. Suspension (upph\u00e4ngd bondage)<\/span><\/p><p>N\u00e4r marken under dina f\u00f6tter blir mindre och mindre och du delar ditt utrymme med taklampan pratar vi om upph\u00e4ngning! Den h\u00f6gsta disciplinen inom bondage och shibari.<\/p><p style=\"text-align: left\"><span style=\"text-decoration: underline\">Vi behandlar \u00e4mnena:<\/span><\/p><p style=\"text-align: left\"><span style=\"text-decoration: underline\"><span style=\"color: #000080;text-decoration: underline\">S\u00e4kerhet:<\/span><\/span> S\u00e4kerheten \u00e4r ofta underskattad, men det \u00e4r just h\u00e4r det \u00e4r viktigt att veta. monteringspunkter p\u00e5 taket; s\u00e4kra knutar och rephantering; Vad man ska g\u00f6ra i en n\u00f6dsituation; kroppens anatomi; och mycket mer.<\/p><p style=\"text-align: left\"><span style=\"text-decoration: underline\"><span style=\"color: #000080;text-decoration: underline\">H\u00e4ngande bondage:<\/span><\/span>\u00a0Steg f\u00f6r steg fr\u00e5n start till frih\u00e4ngning;\u00a0<\/p><p style=\"text-align: left\">F\u00f6r denna workshop \u00e4r f\u00f6rst\u00e5s l\u00e4mpliga f\u00f6rkunskaper s\u00e5som korrekt \u00f6verkroppsbundage grunden.<\/p><p style=\"text-align: left\">Det m\u00e5ste st\u00e5 klart f\u00f6r er alla att med en 3,5 timmars workshop \u00e4r ni fortfarande i b\u00f6rjan och \u00e4r allt annat \u00e4n proffs. Som med alla workshops handlar det inte om att se s\u00e5 mycket som m\u00f6jligt s\u00e5 snabbt som m\u00f6jligt, nej, det handlar om att verkligen veta vad man g\u00f6r och hur man g\u00f6r det.<\/p><p style=\"text-align: left\"><span style=\"text-decoration: underline\"><span style=\"color: #000080;text-decoration: underline\">Semi-suspension (partiell suspension bondage):<\/span><\/span> Suspenderad bondage i liggande, liggande och sidol\u00e4gen; variationer i luften; Klassiska figurer eller h\u00e4ngande \u00f6ver huvudet kan man l\u00e4ra sig lite i taget i denna workshop. Men som n\u00e4mnts ovan kan detta inte g\u00f6ras i en verkstad ensam<\/p><p style=\"text-align: left;padding-left: 40px\"><span style=\"text-decoration: underline\"><span style=\"color: #000080;text-decoration: underline\">Varaktighet:<\/span><\/span>\u00a03,5 timmar (med l\u00e4ngre pauser fr\u00e5n bondage) \u00e4r n\u00f6dv\u00e4ndiga eftersom att h\u00e4nga i repen \u00e4r en stor fysisk p\u00e5frestning.<\/p><p style=\"text-align: left;padding-left: 40px\"><span style=\"text-decoration: underline\"><span style=\"color: #000080;text-decoration: underline\">Pris:<\/span><\/span> \u20ac165,00 f\u00f6r 2 personer (drycker ing\u00e5r i priset)<\/p>\t\t\t\t\t\t\t\t<\/div>\n\t\t\t\t<div class=\"elementor-element elementor-element-adeb410 elementor-widget elementor-widget-spacer\" data-id=\"adeb410\" data-element_type=\"widget\" data-e-type=\"widget\" data-widget_type=\"spacer.default\">\n\t\t\t\t\t\t\t<div class=\"elementor-spacer\">\n\t\t\t<div class=\"elementor-spacer-inner\"><\/div>\n\t\t<\/div>\n\t\t\t\t\t\t<\/div>\n\t\t\t\t<div class=\"elementor-element elementor-element-334f269 elementor-widget elementor-widget-text-editor\" data-id=\"334f269\" data-element_type=\"widget\" data-e-type=\"widget\" data-widget_type=\"text-editor.default\">\n\t\t\t\t\t\t\t\t\t<p>Alla angivna priser \u00e4r totalpriser inklusive moms.<\/p><p>Innan en workshop b\u00f6rjar kommer du att f\u00e5 en ansvarsfriskrivning,<\/p><p>\u00a0som du v\u00e4nligen l\u00e4ser noggrant och skriver under.<\/p>\t\t\t\t\t\t\t\t<\/div>\n\t\t\t\t<\/div>\n\t\t\t\t\t<\/div>\n\t\t\t\t<\/div>\n\t\t<div class=\"elementor-element elementor-element-9d74ff7 e-flex e-con-boxed e-con e-parent\" data-id=\"9d74ff7\" data-element_type=\"container\" data-e-type=\"container\">\n\t\t\t\t\t<div class=\"e-con-inner\">\n\t\t<div class=\"elementor-element elementor-element-2737515 e-con-full e-flex e-con e-child\" data-id=\"2737515\" data-element_type=\"container\" data-e-type=\"container\">\n\t\t\t\t<div class=\"elementor-element elementor-element-4e4139e elementor-widget elementor-widget-heading\" data-id=\"4e4139e\" data-element_type=\"widget\" data-e-type=\"widget\" data-widget_type=\"heading.default\">\n\t\t\t\t\t<h2 class=\"elementor-heading-title elementor-size-default\">Sammanfattning<\/h2>\t\t\t\t<\/div>\n\t\t\t\t<\/div>\n\t\t\t\t\t<\/div>\n\t\t\t\t<\/div>\n\t\t<div class=\"elementor-element elementor-element-da54d56 e-flex e-con-boxed e-con e-parent\" data-id=\"da54d56\" data-element_type=\"container\" data-e-type=\"container\">\n\t\t\t\t\t<div class=\"e-con-inner\">\n\t\t<div class=\"elementor-element elementor-element-11fdd30 e-con-full e-flex e-con e-child\" data-id=\"11fdd30\" data-element_type=\"container\" data-e-type=\"container\">\n\t\t\t\t<div class=\"elementor-element elementor-element-ec0a4a4 elementor-tabs-view-horizontal elementor-widget elementor-widget-tabs\" data-id=\"ec0a4a4\" data-element_type=\"widget\" data-e-type=\"widget\" data-widget_type=\"tabs.default\">\n\t\t\t\t\t\t\t<div class=\"elementor-tabs\">\n\t\t\t<div class=\"elementor-tabs-wrapper\" role=\"tablist\" >\n\t\t\t\t\t\t\t\t\t<div id=\"elementor-tab-title-2471\" class=\"elementor-tab-title elementor-tab-desktop-title\" aria-selected=\"true\" data-tab=\"1\" role=\"tab\" tabindex=\"0\" aria-controls=\"elementor-tab-content-2471\" aria-expanded=\"false\">\u00c5ldras:<\/div>\n\t\t\t\t\t\t\t\t\t<div id=\"elementor-tab-title-2472\" class=\"elementor-tab-title elementor-tab-desktop-title\" aria-selected=\"false\" data-tab=\"2\" role=\"tab\" tabindex=\"-1\" aria-controls=\"elementor-tab-content-2472\" aria-expanded=\"false\">Plats:<\/div>\n\t\t\t\t\t\t\t\t\t<div id=\"elementor-tab-title-2473\" class=\"elementor-tab-title elementor-tab-desktop-title\" aria-selected=\"false\" data-tab=\"3\" role=\"tab\" tabindex=\"-1\" aria-controls=\"elementor-tab-content-2473\" aria-expanded=\"false\">Priser:<\/div>\n\t\t\t\t\t\t\t\t\t<div id=\"elementor-tab-title-2474\" class=\"elementor-tab-title elementor-tab-desktop-title\" aria-selected=\"false\" data-tab=\"4\" role=\"tab\" tabindex=\"-1\" aria-controls=\"elementor-tab-content-2474\" aria-expanded=\"false\">betala<\/div>\n\t\t\t\t\t\t\t\t\t<div id=\"elementor-tab-title-2475\" class=\"elementor-tab-title elementor-tab-desktop-title\" aria-selected=\"false\" data-tab=\"5\" role=\"tab\" tabindex=\"-1\" aria-controls=\"elementor-tab-content-2475\" aria-expanded=\"false\">Ansvarsfriskrivning:<\/div>\n\t\t\t\t\t\t\t\t\t<div id=\"elementor-tab-title-2476\" class=\"elementor-tab-title elementor-tab-desktop-title\" aria-selected=\"false\" data-tab=\"6\" role=\"tab\" tabindex=\"-1\" aria-controls=\"elementor-tab-content-2476\" aria-expanded=\"false\">Diverse:<\/div>\n\t\t\t\t\t\t\t<\/div>\n\t\t\t<div class=\"elementor-tabs-content-wrapper\" role=\"tablist\" aria-orientation=\"vertical\">\n\t\t\t\t\t\t\t\t\t<div class=\"elementor-tab-title elementor-tab-mobile-title\" aria-selected=\"true\" data-tab=\"1\" role=\"tab\" tabindex=\"0\" aria-controls=\"elementor-tab-content-2471\" aria-expanded=\"false\">\u00c5ldras:<\/div>\n\t\t\t\t\t<div id=\"elementor-tab-content-2471\" class=\"elementor-tab-content elementor-clearfix\" data-tab=\"1\" role=\"tabpanel\" aria-labelledby=\"elementor-tab-title-2471\" tabindex=\"0\" hidden=\"false\"><p>Fr\u00e5n 18 \u00e5r<\/p><\/div>\n\t\t\t\t\t\t\t\t\t<div class=\"elementor-tab-title elementor-tab-mobile-title\" aria-selected=\"false\" data-tab=\"2\" role=\"tab\" tabindex=\"-1\" aria-controls=\"elementor-tab-content-2472\" aria-expanded=\"false\">Plats:<\/div>\n\t\t\t\t\t<div id=\"elementor-tab-content-2472\" class=\"elementor-tab-content elementor-clearfix\" data-tab=\"2\" role=\"tabpanel\" aria-labelledby=\"elementor-tab-title-2472\" tabindex=\"0\" hidden=\"hidden\"><p>Bayersk tr\u00e4ldom<\/p><p>Andreas Venus<\/p><p>Haidberg 2<\/p><p>94379 Sankt Englmar<\/p><\/div>\n\t\t\t\t\t\t\t\t\t<div class=\"elementor-tab-title elementor-tab-mobile-title\" aria-selected=\"false\" data-tab=\"3\" role=\"tab\" tabindex=\"-1\" aria-controls=\"elementor-tab-content-2473\" aria-expanded=\"false\">Priser:<\/div>\n\t\t\t\t\t<div id=\"elementor-tab-content-2473\" class=\"elementor-tab-content elementor-clearfix\" data-tab=\"3\" role=\"tabpanel\" aria-labelledby=\"elementor-tab-title-2473\" tabindex=\"0\" hidden=\"hidden\"><p>Alla priser som anges ovan \u00e4r totalpriser inklusive moms.<\/p><\/div>\n\t\t\t\t\t\t\t\t\t<div class=\"elementor-tab-title elementor-tab-mobile-title\" aria-selected=\"false\" data-tab=\"4\" role=\"tab\" tabindex=\"-1\" aria-controls=\"elementor-tab-content-2474\" aria-expanded=\"false\">betala<\/div>\n\t\t\t\t\t<div id=\"elementor-tab-content-2474\" class=\"elementor-tab-content elementor-clearfix\" data-tab=\"4\" role=\"tabpanel\" aria-labelledby=\"elementor-tab-title-2474\" tabindex=\"0\" hidden=\"hidden\"><p>Innan workshopen b\u00f6rjar<\/p><\/div>\n\t\t\t\t\t\t\t\t\t<div class=\"elementor-tab-title elementor-tab-mobile-title\" aria-selected=\"false\" data-tab=\"5\" role=\"tab\" tabindex=\"-1\" aria-controls=\"elementor-tab-content-2475\" aria-expanded=\"false\">Ansvarsfriskrivning:<\/div>\n\t\t\t\t\t<div id=\"elementor-tab-content-2475\" class=\"elementor-tab-content elementor-clearfix\" data-tab=\"5\" role=\"tabpanel\" aria-labelledby=\"elementor-tab-title-2475\" tabindex=\"0\" hidden=\"hidden\"><p>L\u00e4s och signera noga innan workshopen b\u00f6rjar.<\/p><\/div>\n\t\t\t\t\t\t\t\t\t<div class=\"elementor-tab-title elementor-tab-mobile-title\" aria-selected=\"false\" data-tab=\"6\" role=\"tab\" tabindex=\"-1\" aria-controls=\"elementor-tab-content-2476\" aria-expanded=\"false\">Diverse:<\/div>\n\t\t\t\t\t<div id=\"elementor-tab-content-2476\" class=\"elementor-tab-content elementor-clearfix\" data-tab=\"6\" role=\"tabpanel\" aria-labelledby=\"elementor-tab-title-2476\" tabindex=\"0\" hidden=\"hidden\"><p>Alla varor som erbjuds i butiken kan k\u00f6pas p\u00e5 en verkstad.<\/p><\/div>\n\t\t\t\t\t\t\t<\/div>\n\t\t<\/div>\n\t\t\t\t\t\t<\/div>\n\t\t\t\t<div class=\"elementor-element elementor-element-e131a80 premium-lq__none elementor-widget elementor-widget-premium-addon-button\" data-id=\"e131a80\" data-element_type=\"widget\" data-e-type=\"widget\" data-widget_type=\"premium-addon-button.default\">\n\t\t\t\t\t\n\n\t\t<a class=\"premium-button premium-button-none premium-btn-md premium-button-none\" href=\"https:\/\/bavarian-bondage.de\/sv\/kontaktformulaer\/\">\n\t\t\t<div class=\"premium-button-text-icon-wrapper\">\n\t\t\t\t\n\t\t\t\t\t\t\t\t\t<span >\n\t\t\t\t\t\tKontaktformul\u00e4r\t\t\t\t\t<\/span>\n\t\t\t\t\t\t\t<\/div>\n\n\t\t\t\n\t\t\t\n\t\t\t\n\t\t<\/a>\n\n\n\t\t\t\t\t\t<\/div>\n\t\t\t\t<\/div>\n\t\t\t\t\t<\/div>\n\t\t\t\t<\/div>\n\t\t<div class=\"elementor-element elementor-element-56284fd e-flex e-con-boxed e-con e-parent\" data-id=\"56284fd\" data-element_type=\"container\" data-e-type=\"container\">\n\t\t\t\t\t<div class=\"e-con-inner\">\n\t\t<div class=\"elementor-element elementor-element-5b366aa e-con-full e-flex e-con e-child\" data-id=\"5b366aa\" data-element_type=\"container\" data-e-type=\"container\">\n\t\t\t\t<div class=\"elementor-element elementor-element-79888ce elementor-widget elementor-widget-heading\" data-id=\"79888ce\" data-element_type=\"widget\" data-e-type=\"widget\" data-widget_type=\"heading.default\">\n\t\t\t\t\t<h2 class=\"elementor-heading-title elementor-size-default\">Inga workshops erbjuds f\u00f6r n\u00e4rvarande!<\/h2>\t\t\t\t<\/div>\n\t\t\t\t<\/div>\n\t\t\t\t\t<\/div>\n\t\t\t\t<\/div>\n\t\t\t\t<\/div>","protected":false},"excerpt":{"rendered":"<p>Fortgeschrittenen Workshops Alle Kurse k\u00f6nnen individuell nach deinen W\u00fcnschen angepasst werden. 1. Der Takate Kote kurz TK oder auch Box Tie, ist eine klassische Oberk\u00f6rperfesselung und ein Grundstein f\u00fcr viele weitere Fesselungen. Des Weiteren ist der Takate Kote eines der wichtigsten Elemente f\u00fcr H\u00e4ngebondage und sollte daher fehlerfrei und sicher beherrscht werden! Wir befassen uns [&hellip;]<\/p>\n","protected":false},"author":3,"featured_media":0,"parent":0,"menu_order":0,"comment_status":"closed","ping_status":"closed","template":"elementor_header_footer","meta":{"footnotes":""},"class_list":["post-1127","page","type-page","status-publish","hentry"],"_links":{"self":[{"href":"https:\/\/bavarian-bondage.de\/sv\/wp-json\/wp\/v2\/pages\/1127","targetHints":{"allow":["GET"]}}],"collection":[{"href":"https:\/\/bavarian-bondage.de\/sv\/wp-json\/wp\/v2\/pages"}],"about":[{"href":"https:\/\/bavarian-bondage.de\/sv\/wp-json\/wp\/v2\/types\/page"}],"author":[{"embeddable":true,"href":"https:\/\/bavarian-bondage.de\/sv\/wp-json\/wp\/v2\/users\/3"}],"replies":[{"embeddable":true,"href":"https:\/\/bavarian-bondage.de\/sv\/wp-json\/wp\/v2\/comments?post=1127"}],"version-history":[{"count":5,"href":"https:\/\/bavarian-bondage.de\/sv\/wp-json\/wp\/v2\/pages\/1127\/revisions"}],"predecessor-version":[{"id":16986,"href":"https:\/\/bavarian-bondage.de\/sv\/wp-json\/wp\/v2\/pages\/1127\/revisions\/16986"}],"wp:attachment":[{"href":"https:\/\/bavarian-bondage.de\/sv\/wp-json\/wp\/v2\/media?parent=1127"}],"curies":[{"name":"wp","href":"https:\/\/api.w.org\/{rel}","templated":true}]}}