{"id":1130,"date":"2016-04-26T20:05:48","date_gmt":"2016-04-26T18:05:48","guid":{"rendered":"https:\/\/bavarian-bondage.mysupr.de\/partner\/"},"modified":"2024-09-01T16:39:30","modified_gmt":"2024-09-01T14:39:30","slug":"partner","status":"publish","type":"page","link":"https:\/\/bavarian-bondage.de\/sv\/partner\/","title":{"rendered":"partner"},"content":{"rendered":"<div data-elementor-type=\"wp-post\" data-elementor-id=\"1130\" class=\"elementor elementor-1130\" data-elementor-post-type=\"page\">\n\t\t\t\t<div class=\"elementor-element elementor-element-f68f695 e-flex e-con-boxed e-con e-parent\" data-id=\"f68f695\" data-element_type=\"container\" data-e-type=\"container\">\n\t\t\t\t\t<div class=\"e-con-inner\">\n\t\t<div class=\"elementor-element elementor-element-acfd9fe e-con-full e-flex e-con e-child\" data-id=\"acfd9fe\" data-element_type=\"container\" data-e-type=\"container\">\n\t\t\t\t<div class=\"elementor-element elementor-element-e5bd1d7 elementor-widget elementor-widget-heading\" data-id=\"e5bd1d7\" data-element_type=\"widget\" data-e-type=\"widget\" data-widget_type=\"heading.default\">\n\t\t\t\t\t<h2 class=\"elementor-heading-title elementor-size-default\">H\u00e4r \u00e4r n\u00e5gra intressanta webbplatser fr\u00e5n v\u00e4nner och partners<\/h2>\t\t\t\t<\/div>\n\t\t\t\t<div class=\"elementor-element elementor-element-d90e2d2 elementor-widget-divider--view-line elementor-widget elementor-widget-divider\" data-id=\"d90e2d2\" data-element_type=\"widget\" data-e-type=\"widget\" data-widget_type=\"divider.default\">\n\t\t\t\t\t\t\t<div class=\"elementor-divider\">\n\t\t\t<span class=\"elementor-divider-separator\">\n\t\t\t\t\t\t<\/span>\n\t\t<\/div>\n\t\t\t\t\t\t<\/div>\n\t\t\t\t<div class=\"elementor-element elementor-element-1178aa5 elementor-widget elementor-widget-image\" data-id=\"1178aa5\" data-element_type=\"widget\" data-e-type=\"widget\" data-widget_type=\"image.default\">\n\t\t\t\t\t\t\t\t\t\t\t\t\t\t\t\t<a href=\"http:\/\/www.fushicho.de\" target=\"_blank\" rel=\"noopener\">\n\t\t\t\t\t\t\t<img decoding=\"async\" src=\"https:\/\/bavarian-bondage.de\/wp-content\/uploads\/2021\/01\/fushicho-shibari-300x171-1.png\" title=\"fushicho-shibari-300\u00d7171\" alt=\"fushicho-shibari-300x171\" loading=\"lazy\" \/>\t\t\t\t\t\t\t\t<\/a>\n\t\t\t\t\t\t\t\t\t\t\t\t\t\t\t<\/div>\n\t\t\t\t<div class=\"elementor-element elementor-element-ef6ba84 elementor-widget elementor-widget-text-editor\" data-id=\"ef6ba84\" data-element_type=\"widget\" data-e-type=\"widget\" data-widget_type=\"text-editor.default\">\n\t\t\t\t\t\t\t\t\t<h3 style=\"text-align: center\"><strong>Fushicho<\/strong><\/h3><p style=\"text-align: center\">Fushicho Shibari har undervisat Shibari i K\u00f6ln sedan 2014. De v\u00e4rdes\u00e4tter ett icke-dogmatiskt, holistiskt orienterat och inkluderande s\u00e4tt att f\u00f6rmedla kunskap. Du hittar mer information p\u00e5 deras hemsida.<\/p>\t\t\t\t\t\t\t\t<\/div>\n\t\t\t\t<div class=\"elementor-element elementor-element-a087ceb elementor-widget-divider--view-line elementor-widget elementor-widget-divider\" data-id=\"a087ceb\" data-element_type=\"widget\" data-e-type=\"widget\" data-widget_type=\"divider.default\">\n\t\t\t\t\t\t\t<div class=\"elementor-divider\">\n\t\t\t<span class=\"elementor-divider-separator\">\n\t\t\t\t\t\t<\/span>\n\t\t<\/div>\n\t\t\t\t\t\t<\/div>\n\t\t\t\t<div class=\"elementor-element elementor-element-d89acb2 elementor-widget elementor-widget-image\" data-id=\"d89acb2\" data-element_type=\"widget\" data-e-type=\"widget\" data-widget_type=\"image.default\">\n\t\t\t\t\t\t\t\t\t\t\t\t\t\t\t\t<a href=\"https:\/\/www.weppymakesyouhappy.com\" target=\"_blank\" rel=\"noopener\">\n\t\t\t\t\t\t\t<img decoding=\"async\" width=\"150\" height=\"150\" src=\"https:\/\/bavarian-bondage.de\/wp-content\/uploads\/2021\/01\/Logo-high-res-150x150.png\" class=\"attachment-thumbnail size-thumbnail wp-image-4771\" alt=\"\" srcset=\"https:\/\/bavarian-bondage.de\/wp-content\/uploads\/2021\/01\/Logo-high-res-150x150.png 150w, https:\/\/bavarian-bondage.de\/wp-content\/uploads\/2021\/01\/Logo-high-res-300x300.png 300w, https:\/\/bavarian-bondage.de\/wp-content\/uploads\/2021\/01\/Logo-high-res-100x100.png 100w\" sizes=\"(max-width: 150px) 100vw, 150px\" title=\"\">\t\t\t\t\t\t\t\t<\/a>\n\t\t\t\t\t\t\t\t\t\t\t\t\t\t\t<\/div>\n\t\t\t\t<div class=\"elementor-element elementor-element-bc01f38 elementor-widget elementor-widget-text-editor\" data-id=\"bc01f38\" data-element_type=\"widget\" data-e-type=\"widget\" data-widget_type=\"text-editor.default\">\n\t\t\t\t\t\t\t\t\t<h3 style=\"text-align: center\"><strong>Weppy<\/strong><\/h3><p style=\"text-align: center\">F\u00f6retaget Weppy har varit k\u00e4nt p\u00e5 den tyska marknaden f\u00f6r sexleksaker och BDSM-tillbeh\u00f6r i n\u00e4stan 3 \u00e5r. De anv\u00e4nder bara tr\u00e4 och l\u00e4der f\u00f6r sina sexleksaker och smycken, som alla \u00e4r handgjorda med k\u00e4nsla f\u00f6r detaljer. Oavsett om det \u00e4r en dildo, en piska eller ett halsband \u00e4r varje Weppy ett stort m\u00e4sterverk f\u00f6r ett sp\u00e4nnande k\u00e4rleksliv och en mer sp\u00e4nnande fetischlivsstil.<\/p>\t\t\t\t\t\t\t\t<\/div>\n\t\t\t\t<div class=\"elementor-element elementor-element-a45f858 elementor-widget-divider--view-line elementor-widget elementor-widget-divider\" data-id=\"a45f858\" data-element_type=\"widget\" data-e-type=\"widget\" data-widget_type=\"divider.default\">\n\t\t\t\t\t\t\t<div class=\"elementor-divider\">\n\t\t\t<span class=\"elementor-divider-separator\">\n\t\t\t\t\t\t<\/span>\n\t\t<\/div>\n\t\t\t\t\t\t<\/div>\n\t\t\t\t<div class=\"elementor-element elementor-element-0789cc3 elementor-widget elementor-widget-image\" data-id=\"0789cc3\" data-element_type=\"widget\" data-e-type=\"widget\" data-widget_type=\"image.default\">\n\t\t\t\t\t\t\t\t\t\t\t\t\t\t\t\t<a href=\"http:\/\/www.juliaseifried.de\" target=\"_blank\" rel=\"noopener\">\n\t\t\t\t\t\t\t<img fetchpriority=\"high\" decoding=\"async\" width=\"500\" height=\"282\" src=\"https:\/\/bavarian-bondage.de\/wp-content\/uploads\/2024\/02\/Julia-Seifried.jpg\" class=\"attachment-large size-large wp-image-11464\" alt=\"\" srcset=\"https:\/\/bavarian-bondage.de\/wp-content\/uploads\/2024\/02\/Julia-Seifried.jpg 500w, https:\/\/bavarian-bondage.de\/wp-content\/uploads\/2024\/02\/Julia-Seifried-400x226.jpg 400w, https:\/\/bavarian-bondage.de\/wp-content\/uploads\/2024\/02\/Julia-Seifried-18x10.jpg 18w\" sizes=\"(max-width: 500px) 100vw, 500px\" title=\"\">\t\t\t\t\t\t\t\t<\/a>\n\t\t\t\t\t\t\t\t\t\t\t\t\t\t\t<\/div>\n\t\t\t\t<div class=\"elementor-element elementor-element-69bb4d9 elementor-widget elementor-widget-text-editor\" data-id=\"69bb4d9\" data-element_type=\"widget\" data-e-type=\"widget\" data-widget_type=\"text-editor.default\">\n\t\t\t\t\t\t\t\t\t<h3><strong>Julia Seifried<\/strong><\/h3><p><span style=\"color: #232427;font-family: Fliesstext thin, Helvetica, Arial, Lucida, sans-serif\"><i>I dagens v\u00e4rld \u00e4r det alldeles f\u00f6r lite spelande. V\u00e5rt samh\u00e4lle f\u00f6ljer ett tidsschema och rusar fr\u00e5n ett m\u00f6te till ett annat. Med Julia f\u00e5r du chansen att \u00e5teruppt\u00e4cka spelet sj\u00e4lv. Du kan hitta coachning i \u00e4mnena BDSM och polyamori samt Shibari-workshops och privata sessioner med henne. Du \u00e4r aldrig f\u00f6r gammal f\u00f6r att spela. L\u00e5t oss spela!<\/i><\/span><span style=\"color: #232427;font-family: Fliesstext thin, Helvetica, Arial, Lucida, sans-serif\"><i>&quot;<\/i><\/span><\/p>\t\t\t\t\t\t\t\t<\/div>\n\t\t\t\t<div class=\"elementor-element elementor-element-1344d6f elementor-widget-divider--view-line elementor-widget elementor-widget-divider\" data-id=\"1344d6f\" data-element_type=\"widget\" data-e-type=\"widget\" data-widget_type=\"divider.default\">\n\t\t\t\t\t\t\t<div class=\"elementor-divider\">\n\t\t\t<span class=\"elementor-divider-separator\">\n\t\t\t\t\t\t<\/span>\n\t\t<\/div>\n\t\t\t\t\t\t<\/div>\n\t\t\t\t<\/div>\n\t\t\t\t\t<\/div>\n\t\t\t\t<\/div>\n\t\t<div class=\"elementor-element elementor-element-701ecc1 e-flex e-con-boxed e-con e-parent\" data-id=\"701ecc1\" data-element_type=\"container\" data-e-type=\"container\">\n\t\t\t\t\t<div class=\"e-con-inner\">\n\t\t<div class=\"elementor-element elementor-element-e3b42f0 e-con-full e-flex e-con e-child\" data-id=\"e3b42f0\" data-element_type=\"container\" data-e-type=\"container\">\n\t\t\t\t<div class=\"elementor-element elementor-element-043a3f2 elementor-widget elementor-widget-image\" data-id=\"043a3f2\" data-element_type=\"widget\" data-e-type=\"widget\" data-widget_type=\"image.default\">\n\t\t\t\t\t\t\t\t\t\t\t\t\t\t\t\t<a href=\"http:\/\/www.joyclub.de\" target=\"_blank\" rel=\"noopener\">\n\t\t\t\t\t\t\t<img decoding=\"async\" width=\"389\" height=\"129\" src=\"https:\/\/bavarian-bondage.de\/wp-content\/uploads\/2021\/01\/Download.jpg\" class=\"attachment-large size-large wp-image-4773\" alt=\"\" title=\"\">\t\t\t\t\t\t\t\t<\/a>\n\t\t\t\t\t\t\t\t\t\t\t\t\t\t\t<\/div>\n\t\t\t\t<div class=\"elementor-element elementor-element-3de58fb elementor-widget elementor-widget-text-editor\" data-id=\"3de58fb\" data-element_type=\"widget\" data-e-type=\"widget\" data-widget_type=\"text-editor.default\">\n\t\t\t\t\t\t\t\t\t<h3 style=\"text-align: center\"><strong>Joyclub<\/strong><\/h3><p style=\"text-align: center\">Joyclub \u00e4r f\u00f6rmodligen en av de mest k\u00e4nda tysktalande platserna p\u00e5 scenen.<\/p>\t\t\t\t\t\t\t\t<\/div>\n\t\t\t\t<\/div>\n\t\t\t\t\t<\/div>\n\t\t\t\t<\/div>\n\t\t\t\t<\/div>","protected":false},"excerpt":{"rendered":"<p>Hier ein paar interessante Seiten von Freunden und Partnern Fushicho Fushicho Shibari unterrichtet Shibari in K\u00f6ln seit 2014. Sie legen Wert auf eine undogmatische, ganzheitlich orientierte und inklusive Art Wissen zu vermitteln. Mehr Infos findet Ihr auf Ihrer Webseite. Weppy Das Unternehmen Weppy ist seit knapp 3 Jahren auf dem Markt von Sextoys und BDSM [&hellip;]<\/p>\n","protected":false},"author":3,"featured_media":0,"parent":0,"menu_order":0,"comment_status":"closed","ping_status":"closed","template":"elementor_header_footer","meta":{"footnotes":""},"class_list":["post-1130","page","type-page","status-publish","hentry"],"_links":{"self":[{"href":"https:\/\/bavarian-bondage.de\/sv\/wp-json\/wp\/v2\/pages\/1130","targetHints":{"allow":["GET"]}}],"collection":[{"href":"https:\/\/bavarian-bondage.de\/sv\/wp-json\/wp\/v2\/pages"}],"about":[{"href":"https:\/\/bavarian-bondage.de\/sv\/wp-json\/wp\/v2\/types\/page"}],"author":[{"embeddable":true,"href":"https:\/\/bavarian-bondage.de\/sv\/wp-json\/wp\/v2\/users\/3"}],"replies":[{"embeddable":true,"href":"https:\/\/bavarian-bondage.de\/sv\/wp-json\/wp\/v2\/comments?post=1130"}],"version-history":[{"count":20,"href":"https:\/\/bavarian-bondage.de\/sv\/wp-json\/wp\/v2\/pages\/1130\/revisions"}],"predecessor-version":[{"id":12853,"href":"https:\/\/bavarian-bondage.de\/sv\/wp-json\/wp\/v2\/pages\/1130\/revisions\/12853"}],"wp:attachment":[{"href":"https:\/\/bavarian-bondage.de\/sv\/wp-json\/wp\/v2\/media?parent=1130"}],"curies":[{"name":"wp","href":"https:\/\/api.w.org\/{rel}","templated":true}]}}