{"id":1139,"date":"2016-05-24T16:03:59","date_gmt":"2016-05-24T14:03:59","guid":{"rendered":"https:\/\/bavarian-bondage.mysupr.de\/ueber-mich\/"},"modified":"2023-02-02T13:46:18","modified_gmt":"2023-02-02T12:46:18","slug":"om-mig","status":"publish","type":"page","link":"https:\/\/bavarian-bondage.de\/sv\/ueber-mich\/","title":{"rendered":"Om mig"},"content":{"rendered":"<div data-elementor-type=\"wp-post\" data-elementor-id=\"1139\" class=\"elementor elementor-1139\" data-elementor-post-type=\"page\">\n\t\t\t\t\t\t<section class=\"elementor-section elementor-top-section elementor-element elementor-element-c0abc2b elementor-section-boxed elementor-section-height-default elementor-section-height-default\" data-id=\"c0abc2b\" data-element_type=\"section\" data-e-type=\"section\">\n\t\t\t\t\t\t<div class=\"elementor-container elementor-column-gap-default\">\n\t\t\t\t\t<div class=\"elementor-column elementor-col-100 elementor-top-column elementor-element elementor-element-a395192\" data-id=\"a395192\" data-element_type=\"column\" data-e-type=\"column\">\n\t\t\t<div class=\"elementor-widget-wrap elementor-element-populated\">\n\t\t\t\t\t\t<div class=\"elementor-element elementor-element-923671e elementor-widget elementor-widget-heading\" data-id=\"923671e\" data-element_type=\"widget\" data-e-type=\"widget\" data-widget_type=\"heading.default\">\n\t\t\t\t\t<h2 class=\"elementor-heading-title elementor-size-default\">Dags f\u00f6r f\u00e4ngslande \u00f6gonblick<\/h2>\t\t\t\t<\/div>\n\t\t\t\t<div class=\"elementor-element elementor-element-0865faa elementor-widget elementor-widget-text-editor\" data-id=\"0865faa\" data-element_type=\"widget\" data-e-type=\"widget\" data-widget_type=\"text-editor.default\">\n\t\t\t\t\t\t\t\t\t<p style=\"text-align: center\">I f\u00f6ljande rader f\u00e5r du reda p\u00e5 ett och annat om mig, sajten och butiken<br \/>och varf\u00f6r du har kommit till r\u00e4tt st\u00e4lle!<\/p><p style=\"text-align: center\">F\u00f6r att g\u00f6ra l\u00e4sningen mindre tr\u00e5kig skriver jag bara de viktigaste detaljerna och inte en roman.<\/p><p style=\"text-align: center\">Jag b\u00f6rjar bara med mig sj\u00e4lv s\u00e5 att ni vet vem som ansvarar f\u00f6r hemsidan, workshops, produkterna och s\u00e5klart f\u00f6r enstaka stavfel^^<\/p><p style=\"text-align: center\">Jag heter Andreas, \u00e4r 37 \u00e5r och har jobbat l\u00e4nge inom cateringbranschen. I mer \u00e4n 17 \u00e5r har jag varit involverad i bondage och shibari, ibland mer och ibland mindre intensivt. Under de senaste \u00e5ren har n\u00e4stan allt f\u00f6r mig kretsat kring detta \u00e4mne. ^^<\/p><p style=\"text-align: center\"><span style=\"color: #000000\"><strong>Fall f\u00f6r repen!<\/strong><\/span><\/p><p style=\"text-align: center\">Det \u00e4r precis denna passion som jag skulle vilja ta med dig p\u00e5 min hemsida! Bondage \u00e4r mer \u00e4n att bara binda n\u00e5gon, mer \u00e4n att spela, mer \u00e4n vad namnet bondage ens kan s\u00e4ga!<\/p><p style=\"text-align: center\"><span style=\"color: #0000ff\"><strong>Dags f\u00f6r f\u00e4ngslande \u00f6gonblick<\/strong><\/span><\/p><p style=\"text-align: center\">\u00e4r mer \u00e4n bara en slogan f\u00f6r mig!<\/p><p style=\"text-align: center\">\u2665<\/p><h3 style=\"text-align: center\"><strong>Id\u00e9n<\/strong><\/h3><p style=\"text-align: center\">Id\u00e9n till bavarian-bondage.de kom till sommaren 2015 efter en privat bondage-workshop. N\u00e5gra m\u00e5nader senare b\u00f6rjade planeringen av sajten p\u00e5 riktigt, med en blogg, instruktioner, workshops och m\u00e5let att sprida bondage och shibari och f\u00f6rmedla gl\u00e4djen av bondage till m\u00e4nniskor.<\/p><p style=\"text-align: center\">Mitt under planeringen och efter ett nedsl\u00e5ende repk\u00f6p kom en annan id\u00e9.\u00a0<\/p><p style=\"text-align: center\">\u2665<\/p><h3 style=\"text-align: center\"><strong>En webbutik!<\/strong><\/h3><p style=\"text-align: center\">En butik som imponerar p\u00e5 sina kunder med individualitet, kreativitet och rimlig kvalitet. Butiken som sticker ut fr\u00e5n m\u00e4ngden med en minnesv\u00e4rd design och autenticitet. Trogen mottot &quot;Kvalitet ist\u00e4llet f\u00f6r kvantitet&quot; \u00e4r mina produkter f\u00f6r det mesta handgjorda och individuellt anpassningsbara.<\/p><p style=\"text-align: center\">\u2665<\/p><h3 style=\"text-align: center\"><strong>Workshops:<\/strong>\u00a0<\/h3><p style=\"text-align: center\">Man l\u00e4ser ofta om vilka referenser leverant\u00f6rerna har; hur bra \u00e4r de workshops som erbjuds; kan leverant\u00f6ren g\u00f6ra n\u00e5gonting alls; och \u00e4r det v\u00e4rt det f\u00f6r mig att delta?<\/p><p style=\"text-align: center\">Inga. Jag fick ingen utbildning i Japan, jag \u00e4r inte f\u00f6rfattare och jag \u00e4r inte heller k\u00e4nd genom tv-reportage eller videor p\u00e5 Internet. Mina referenser ligger i de \u00e5r av erfarenhet som jag skaffat mig genom m\u00e5nga kursdeltaganden och eget initiativ.<\/p><p style=\"text-align: center\">Jag ser mig inte som en bondage-artist, en shibari-m\u00e4stare eller en l\u00e4rare. Nej, jag \u00e4r bara jag, jag gillar att f\u00f6rmedla min kunskap och visa hur du anv\u00e4nder repen.<\/p><p style=\"text-align: center\">Du m\u00e5ste sj\u00e4lv best\u00e4mma om det \u00e4r v\u00e4rt f\u00f6r dig att delta i mina workshops. Jag f\u00f6rs\u00f6ker i alla fall alltid g\u00f6ra det b\u00e4sta och svara p\u00e5 dig och dina inl\u00e4rnings\u00f6nskningar s\u00e5 gott jag kan.<\/p><p style=\"text-align: center\">\u2665<\/p><h3 style=\"text-align: center\"><strong>Namnet<\/strong><\/h3><p style=\"text-align: center\">Namnet p\u00e5 min sida eller butik \u00e4r v\u00e4ldigt regionalt eftersom m\u00e5let var tydligt definierat fr\u00e5n b\u00f6rjan. Erbjuder workshops f\u00f6r m\u00e4nniskor i mitt omr\u00e5de.<\/p><p style=\"text-align: center\">Om Bavarian Bondage \u00e4r l\u00e4mplig f\u00f6r en onlinebutik \u00e5terst\u00e5r att se. Jag tycker att namnet \u00e4r bra och det kommer att f\u00f6rbli s\u00e5 i framtiden^^\u00a0<\/p><p style=\"text-align: center\">\u2665<\/p><h3 style=\"text-align: center\"><strong>Framtiden f\u00f6r bayersk tr\u00e4ldom<\/strong><\/h3><p style=\"text-align: center\">Vem vet vad framtiden kommer att f\u00f6ra med sig. Mina m\u00e5l \u00e4r definitivt att forts\u00e4tta att ut\u00f6ka sidan, att alltid erbjuda nya produkter, att skriva blogginl\u00e4gg, kanske att skapa n\u00e5gra bondage-instruktioner och s\u00e5 vidare. Naturligtvis inte \u00f6ver en natt, men resan \u00e4r m\u00e5let och jag h\u00e5ller fast vid det!<\/p><p style=\"text-align: center\">Jag b\u00f6rjade erbjuda mina produkter regelbundet p\u00e5 m\u00e4ssor och olika event f\u00f6r att ge mina kunder m\u00f6jlighet att se erbjudandena och givetvis alla som skulle vilja l\u00e4ra k\u00e4nna mig p\u00e5 plats. N\u00e4r och var jag har en monter kommer att uppdateras regelbundet p\u00e5 hemsidan.<\/p><p style=\"text-align: center\">\u2665<\/p><h3 style=\"text-align: center\"><strong>Det viktigaste kommer i slutet<\/strong><\/h3><p style=\"text-align: center\">Vad hj\u00e4lper de b\u00e4sta id\u00e9erna, den vackraste designen och god vilja!? I slut\u00e4ndan lever ingenting, en sida eller en butik bara med sina bes\u00f6kares, sina kunders f\u00f6rtroende. Det viktigaste p\u00e5 hela sidan \u00e4r du!<\/p><p style=\"text-align: center\">Jag hoppas att du kunde f\u00e5 ett litet intryck av mig, min sida och de m\u00e5l jag str\u00e4var efter.<\/p><p style=\"text-align: center\">Sj\u00e4lvklart finns jag alltid tillg\u00e4nglig f\u00f6r att svara p\u00e5 dina fr\u00e5gor och f\u00f6rslag.<\/p><p style=\"text-align: center\"><strong>H\u00e4lsningar Andreas<\/strong><\/p>\t\t\t\t\t\t\t\t<\/div>\n\t\t\t\t\t<\/div>\n\t\t<\/div>\n\t\t\t\t\t<\/div>\n\t\t<\/section>\n\t\t\t\t<\/div>","protected":false},"excerpt":{"rendered":"<p>Zeit f\u00fcr fesselnde Momente In den folgenden Zeilen erf\u00e4hrst Du das ein oder andere \u00fcber mich, die Seite, den Shopund warum Du hier genau richtig bist! Damit das lesen nicht ganz so langweilig wird, schreibe ich nur die wichtigsten Details und keinen Roman. Ich beginne jetzt einfach mal bei mir, damit du wei\u00dft wer f\u00fcr [&hellip;]<\/p>\n","protected":false},"author":3,"featured_media":0,"parent":0,"menu_order":0,"comment_status":"closed","ping_status":"closed","template":"elementor_header_footer","meta":{"footnotes":""},"class_list":["post-1139","page","type-page","status-publish","hentry"],"_links":{"self":[{"href":"https:\/\/bavarian-bondage.de\/sv\/wp-json\/wp\/v2\/pages\/1139","targetHints":{"allow":["GET"]}}],"collection":[{"href":"https:\/\/bavarian-bondage.de\/sv\/wp-json\/wp\/v2\/pages"}],"about":[{"href":"https:\/\/bavarian-bondage.de\/sv\/wp-json\/wp\/v2\/types\/page"}],"author":[{"embeddable":true,"href":"https:\/\/bavarian-bondage.de\/sv\/wp-json\/wp\/v2\/users\/3"}],"replies":[{"embeddable":true,"href":"https:\/\/bavarian-bondage.de\/sv\/wp-json\/wp\/v2\/comments?post=1139"}],"version-history":[{"count":8,"href":"https:\/\/bavarian-bondage.de\/sv\/wp-json\/wp\/v2\/pages\/1139\/revisions"}],"predecessor-version":[{"id":9546,"href":"https:\/\/bavarian-bondage.de\/sv\/wp-json\/wp\/v2\/pages\/1139\/revisions\/9546"}],"wp:attachment":[{"href":"https:\/\/bavarian-bondage.de\/sv\/wp-json\/wp\/v2\/media?parent=1139"}],"curies":[{"name":"wp","href":"https:\/\/api.w.org\/{rel}","templated":true}]}}