{"id":1145,"date":"2016-06-01T10:24:58","date_gmt":"2016-06-01T08:24:58","guid":{"rendered":"https:\/\/bavarian-bondage.mysupr.de\/widerrufsrecht-fuer-waren\/"},"modified":"2025-07-20T08:32:20","modified_gmt":"2025-07-20T06:32:20","slug":"angerraett-foer-varor","status":"publish","type":"page","link":"https:\/\/bavarian-bondage.de\/sv\/widerrufsrecht-fuer-waren\/","title":{"rendered":"\u00c5ngerr\u00e4tt f\u00f6r varor"},"content":{"rendered":"<div data-elementor-type=\"wp-post\" data-elementor-id=\"1145\" class=\"elementor elementor-1145\" data-elementor-post-type=\"page\">\n\t\t\t\t<div class=\"elementor-element elementor-element-eb1d6f5 e-flex e-con-boxed e-con e-parent\" data-id=\"eb1d6f5\" data-element_type=\"container\" data-e-type=\"container\">\n\t\t\t\t\t<div class=\"e-con-inner\">\n\t\t\t\t<div class=\"elementor-element elementor-element-7a6ac82 elementor-widget elementor-widget-text-editor\" data-id=\"7a6ac82\" data-element_type=\"widget\" data-e-type=\"widget\" data-widget_type=\"text-editor.default\">\n\t\t\t\t\t\t\t\t\t<p><strong>\u00c5ngerr\u00e4tt f\u00f6r konsumenter\u00a0<\/strong><br \/>(En konsument \u00e4r varje fysisk person som sluter en juridisk transaktion f\u00f6r \u00e4ndam\u00e5l som inte prim\u00e4rt kan h\u00e4nf\u00f6ras till deras kommersiella eller oberoende yrkesverksamhet.)<br \/><br \/><strong>Avbokningsregler<\/strong><br \/><br \/><strong>\u00c5ngerr\u00e4tt<\/strong><br \/>Du har r\u00e4tt att s\u00e4ga upp detta avtal inom 14 dagar utan att ange sk\u00e4l.<br \/>Upps\u00e4gningstiden \u00e4r 14 dagar fr\u00e5n dagen<br \/><br \/>\u2013 p\u00e5 vilken du eller en av dig namngiven tredje part som inte \u00e4r transport\u00f6r har eller har tagit godset i besittning, f\u00f6rutsatt att du har best\u00e4llt en eller flera varor som en del av en enhetlig best\u00e4llning och dessa levereras eller kommer att levereras enhetligt;<br \/><br \/>\u2013 p\u00e5 vilken du eller en av dig namngiven tredje part som inte \u00e4r transport\u00f6r tog de sista varorna i besittning, f\u00f6rutsatt att du har best\u00e4llt flera varor som en del av en enda best\u00e4llning och dessa levereras separat;<br \/><br \/>F\u00f6r att kunna ut\u00f6va din \u00e5ngerr\u00e4tt m\u00e5ste du kontakta oss\u00a0<strong>(Andreas Venus, Haidberg 2, 94379 Sankt Englmar, telefonnummer: 016091594448, e-postadress: info@bavarian-bondage.de)<\/strong>\u00a0informera dig om ditt beslut att fr\u00e5ntr\u00e4da detta avtal genom ett tydligt uttalande (t.ex. ett brev skickat med post eller e-post). Du kan anv\u00e4nda det bifogade avbokningsformul\u00e4ret, \u00e4ven om detta inte \u00e4r obligatoriskt.<br \/><br \/>F\u00f6r att uppfylla \u00e5ngerfristen r\u00e4cker det att du skickar meddelandet om ditt utnyttjande av \u00e5ngerr\u00e4tten innan \u00e5ngerfristen l\u00f6per ut.<br \/><br \/><strong>Konsekvenser av \u00e5terkallelse<\/strong><br \/><br \/>Om du s\u00e4ger upp detta avtal kommer vi att \u00e5terbetala alla betalningar som erh\u00e5llits fr\u00e5n dig, inklusive leveranskostnader (f\u00f6rutom eventuella extra kostnader som uppst\u00e5r genom att du v\u00e4ljer ett annat leveranss\u00e4tt \u00e4n den billigaste standardleveransen som vi erbjuder f\u00f6r att \u00e5terbetalas omedelbart och vid senast inom 14 dagar fr\u00e5n den dag d\u00e5 vi mottog meddelandet om din upps\u00e4gning av detta avtal. F\u00f6r denna \u00e5terbetalning anv\u00e4nder vi samma betalningsmetod som du anv\u00e4nde f\u00f6r den ursprungliga transaktionen, s\u00e5vida inte n\u00e5got annat uttryckligen \u00f6verenskommits med dig; under inga omst\u00e4ndigheter kommer du att debiteras n\u00e5gra avgifter till f\u00f6ljd av denna \u00e5terbetalning.<br \/><br \/>Vi kan v\u00e4gra \u00e5terbetalning tills vi har f\u00e5tt tillbaka varorna eller tills du har visat att du har skickat tillbaka varan, beroende p\u00e5 vilket som intr\u00e4ffar f\u00f6rst.<br \/><br \/>Du m\u00e5ste returnera eller \u00f6verl\u00e4mna varorna till oss omedelbart och i alla fall senast 14 dagar fr\u00e5n den dag d\u00e5 du informerar oss om din upps\u00e4gning av detta avtal. Tidsfristen \u00e4r uppfylld om du skickar varorna innan tidsfristen p\u00e5 14 dagar har g\u00e5tt ut.<br \/><br \/>Du st\u00e5r f\u00f6r de direkta kostnaderna f\u00f6r att returnera varorna.<br \/><br \/>Du ansvarar endast f\u00f6r eventuell v\u00e4rdef\u00f6rlust p\u00e5 varan om denna v\u00e4rdef\u00f6rlust beror p\u00e5 annan hantering \u00e4n vad som \u00e4r n\u00f6dv\u00e4ndigt f\u00f6r att fastst\u00e4lla varans art, egenskaper och funktionalitet.<br \/><br \/><strong>Sk\u00e4l f\u00f6r uteslutning eller utg\u00e5ng<\/strong><br \/><br \/>\u00c5ngerr\u00e4tten g\u00e4ller inte f\u00f6r avtal<br \/><br \/>\u2013 f\u00f6r leverans av varor som inte \u00e4r prefabricerade och f\u00f6r vars tillverkning ett individuellt urval eller beslut av konsumenten \u00e4r avg\u00f6rande eller som \u00e4r tydligt anpassade till konsumentens personliga behov.<br \/>\u2013 f\u00f6r leverans av varor som snabbt kan f\u00f6rst\u00f6ras eller vars utg\u00e5ngsdatum snabbt skulle \u00f6verskridas;<br \/>\u2013 f\u00f6r leverans av alkoholdrycker, vars pris \u00f6verenskoms vid avtalets ing\u00e5ende, men som kan levereras tidigast 30 dagar efter avtalets ing\u00e5ende och vars nuvarande v\u00e4rde beror p\u00e5 fluktuationer p\u00e5 marknaden \u00f6ver vilken f\u00f6retagaren har inget inflytande;<br \/>\u2013 f\u00f6r leverans av tidningar, tidskrifter eller tidskrifter med undantag f\u00f6r prenumerationsavtal.<br \/><br \/>\u00c5ngerr\u00e4tten upph\u00f6r att g\u00e4lla i f\u00f6rtid f\u00f6r kontrakt<br \/><br \/>\u2013 f\u00f6r leverans av f\u00f6rseglade varor som inte \u00e4r l\u00e4mpliga att returneras av h\u00e4lsoskydds- eller hygiensk\u00e4l om deras f\u00f6rsegling har tagits bort efter leverans;<br \/>\u2013 f\u00f6r leverans av varor om de p\u00e5 grund av sin natur var oskiljaktigt blandade med andra varor efter leverans;<br \/>\u2013 att leverera ljud- eller videoinspelningar eller datorprogram i en f\u00f6rseglad f\u00f6rpackning om f\u00f6rseglingen har tagits bort efter leverans.<br \/><br \/><\/p><hr \/><p><br \/><strong>Exempel p\u00e5 avbokningsformul\u00e4r<\/strong><br \/><br \/>(Om du vill s\u00e4ga upp avtalet, fyll i detta formul\u00e4r och skicka tillbaka det.)<br \/><br \/>\u2013 Till Andreas Venus, Haidberg 2, 94379 Sankt Englmar, e-postadress: info@bavarian-bondage.de:<br \/><br \/>\u2013 Jag\/vi (*) h\u00e4ver h\u00e4rmed det avtal som ing\u00e5tts av mig\/oss (*) f\u00f6r k\u00f6p av f\u00f6ljande varor (*)\/<br \/>\u00a0 tillhandah\u00e5llande av f\u00f6ljande tj\u00e4nst (*)<br \/><br \/>\u2013 Best\u00e4lld den (*)\/mottagen den (*)<br \/><br \/>\u2013 Konsumentens namn<br \/>\u2013 Konsumentens\/kundernas adress<br \/>\u2013 Konsumentens\/konsumenternas underskrift (endast f\u00f6r pappersavisering)<br \/>- Datum<br \/><br \/>(*) Stryk det som inte \u00e4r till\u00e4mpligt.<br \/><br \/><\/p>\t\t\t\t\t\t\t\t<\/div>\n\t\t\t\t\t<\/div>\n\t\t\t\t<\/div>\n\t\t\t\t<\/div>","protected":false},"excerpt":{"rendered":"<p>Widerrufsrecht f\u00fcr Verbraucher\u00a0(Verbraucher ist jede nat\u00fcrliche Person, die ein Rechtsgesch\u00e4ft zu Zwecken abschlie\u00dft, die \u00fcberwiegend weder ihrer gewerblichen noch ihrer selbstst\u00e4ndigen beruflichen T\u00e4tigkeit zugerechnet werden k\u00f6nnen.) Widerrufsbelehrung WiderrufsrechtSie haben das Recht, binnen 14 Tagen ohne Angabe von Gr\u00fcnden diesen Vertrag zu widerrufen.Die Widerrufsfrist betr\u00e4gt 14 Tage ab dem Tag, &#8211; an dem Sie oder ein [&hellip;]<\/p>\n","protected":false},"author":3,"featured_media":0,"parent":0,"menu_order":0,"comment_status":"closed","ping_status":"closed","template":"","meta":{"footnotes":""},"class_list":["post-1145","page","type-page","status-publish","hentry"],"_links":{"self":[{"href":"https:\/\/bavarian-bondage.de\/sv\/wp-json\/wp\/v2\/pages\/1145","targetHints":{"allow":["GET"]}}],"collection":[{"href":"https:\/\/bavarian-bondage.de\/sv\/wp-json\/wp\/v2\/pages"}],"about":[{"href":"https:\/\/bavarian-bondage.de\/sv\/wp-json\/wp\/v2\/types\/page"}],"author":[{"embeddable":true,"href":"https:\/\/bavarian-bondage.de\/sv\/wp-json\/wp\/v2\/users\/3"}],"replies":[{"embeddable":true,"href":"https:\/\/bavarian-bondage.de\/sv\/wp-json\/wp\/v2\/comments?post=1145"}],"version-history":[{"count":5,"href":"https:\/\/bavarian-bondage.de\/sv\/wp-json\/wp\/v2\/pages\/1145\/revisions"}],"predecessor-version":[{"id":15405,"href":"https:\/\/bavarian-bondage.de\/sv\/wp-json\/wp\/v2\/pages\/1145\/revisions\/15405"}],"wp:attachment":[{"href":"https:\/\/bavarian-bondage.de\/sv\/wp-json\/wp\/v2\/media?parent=1145"}],"curies":[{"name":"wp","href":"https:\/\/api.w.org\/{rel}","templated":true}]}}