{"id":1146,"date":"2016-06-01T17:42:08","date_gmt":"2016-06-01T15:42:08","guid":{"rendered":"https:\/\/bavarian-bondage.mysupr.de\/widerrufsrecht-fuer-kurse\/"},"modified":"2025-07-20T08:33:24","modified_gmt":"2025-07-20T06:33:24","slug":"angerraett-foer-kurser","status":"publish","type":"page","link":"https:\/\/bavarian-bondage.de\/sv\/widerrufsrecht-fuer-kurse\/","title":{"rendered":"\u00c5ngerr\u00e4tt f\u00f6r kurser"},"content":{"rendered":"<div data-elementor-type=\"wp-post\" data-elementor-id=\"1146\" class=\"elementor elementor-1146\" data-elementor-post-type=\"page\">\n\t\t\t\t<div class=\"elementor-element elementor-element-e1f9e83 e-flex e-con-boxed e-con e-parent\" data-id=\"e1f9e83\" data-element_type=\"container\" data-e-type=\"container\">\n\t\t\t\t\t<div class=\"e-con-inner\">\n\t\t\t\t<div class=\"elementor-element elementor-element-f81c21d elementor-widget elementor-widget-text-editor\" data-id=\"f81c21d\" data-element_type=\"widget\" data-e-type=\"widget\" data-widget_type=\"text-editor.default\">\n\t\t\t\t\t\t\t\t\t<p><strong>\u00c5ngerr\u00e4tt f\u00f6r konsumenter<\/strong><br \/>(En konsument \u00e4r varje fysisk person som sluter en juridisk transaktion f\u00f6r \u00e4ndam\u00e5l som inte prim\u00e4rt kan h\u00e4nf\u00f6ras till deras kommersiella eller oberoende yrkesverksamhet.)<br \/><br \/><strong>Avbokningsregler<\/strong><br \/><br \/><strong>\u00c5ngerr\u00e4tt<\/strong><br \/>Du har r\u00e4tt att s\u00e4ga upp detta avtal inom fjorton dagar utan att ange n\u00e5gra sk\u00e4l.<br \/>Upps\u00e4gningstiden \u00e4r fjorton dagar fr\u00e5n den dag d\u00e5 avtalet ing\u00e5s.<br \/><br \/>F\u00f6r att ut\u00f6va din \u00e5ngerr\u00e4tt m\u00e5ste du kontakta oss (<strong>Andreas Venus, Haidberg 2, 94379 Sankt Englmar, telefonnummer: 016091594448, e-postadress: info@bavarian-bondage.de<\/strong>) informera dig om ditt beslut att fr\u00e5ntr\u00e4da detta avtal genom ett tydligt uttalande (t.ex. ett brev skickat med post eller e-post). Du kan anv\u00e4nda det bifogade avbokningsformul\u00e4ret, \u00e4ven om detta inte \u00e4r obligatoriskt.<br \/><br \/>F\u00f6r att uppfylla \u00e5ngerfristen r\u00e4cker det att du skickar meddelandet om ditt utnyttjande av \u00e5ngerr\u00e4tten innan \u00e5ngerfristen l\u00f6per ut.<br \/><br \/><strong>Konsekvenser av \u00e5terkallelse<\/strong><br \/>\u00a0<br \/>Om du s\u00e4ger upp detta avtal kommer vi att \u00e5terbetala alla betalningar som erh\u00e5llits fr\u00e5n dig, inklusive leveranskostnader (f\u00f6rutom eventuella extra kostnader som uppst\u00e5r genom att du v\u00e4ljer ett annat leveranss\u00e4tt \u00e4n den billigaste standardleveransen som vi erbjuder f\u00f6r att \u00e5terbetalas omedelbart och vid senast inom fjorton dagar fr\u00e5n den dag d\u00e5 vi mottog meddelandet om din upps\u00e4gning av detta avtal. F\u00f6r denna \u00e5terbetalning anv\u00e4nder vi samma betalningsmetod som du anv\u00e4nde f\u00f6r den ursprungliga transaktionen, s\u00e5vida inte n\u00e5got annat uttryckligen \u00f6verenskommits med dig; under inga omst\u00e4ndigheter kommer du att debiteras n\u00e5gra avgifter till f\u00f6ljd av denna \u00e5terbetalning.<br \/><br \/>Om du har beg\u00e4rt att de tj\u00e4nster f\u00f6r vilka avtalet f\u00f6reskriver betalning av ett pris ska p\u00e5b\u00f6rjas under \u00e5ngerfristen, m\u00e5ste du betala oss ett rimligt belopp som motsvarar andelen tj\u00e4nsterna fram till den tidpunkt d\u00e5 du informerar oss om ut\u00f6vande av \u00e5ngerr\u00e4tten med avseende p\u00e5 detta avtal, motsvarar de tj\u00e4nster som redan tillhandah\u00e5llits den totala omfattningen av de tj\u00e4nster som tillhandah\u00e5lls i avtalet.<br \/><br \/><strong>Sk\u00e4l f\u00f6r uteslutning eller utg\u00e5ng<\/strong><br \/><br \/>\u00c5ngerr\u00e4tten g\u00e4ller inte avtal om tillhandah\u00e5llande av tj\u00e4nster relaterade till fritidsaktiviteter om avtalet f\u00f6reskriver ett specifikt datum eller en viss period f\u00f6r tillhandah\u00e5llandet.<br \/><br \/>N\u00e4r det g\u00e4ller ett avtal om tillhandah\u00e5llande av tj\u00e4nster som f\u00f6rpliktar konsumenten att betala ett pris, upph\u00f6r \u00e5ngerr\u00e4tten n\u00e4r tj\u00e4nsten tillhandah\u00e5lls fullt ut, om konsumenten uttryckligen har samtyckt innan tillhandah\u00e5llandets b\u00f6rjan att f\u00f6retagaren ska b\u00f6rja tillhandah\u00e5lla tj\u00e4nsten innan utg\u00e5ngen av \u00e5ngerfristen b\u00f6rjar och han har bekr\u00e4ftat sin vetskap om att hans \u00e5ngerr\u00e4tt upph\u00f6r vid fullst\u00e4ndigt fullg\u00f6rande av avtalet av f\u00f6retagaren.<\/p><div>\u00a0<\/div><p>\u00a0<\/p><hr \/><p><br \/><strong>Exempel p\u00e5 avbokningsformul\u00e4r<\/strong><br \/><br \/>(Om du vill s\u00e4ga upp avtalet, fyll i detta formul\u00e4r och skicka tillbaka det.)<br \/><br \/>\u2013 Till Andreas Venus, Haidberg 2, 94379 Sankt Englmar, e-postadress: info@bavarian-bondage.de:<br \/><br \/>\u2013 Jag\/vi (*) h\u00e4ver h\u00e4rmed det avtal som ing\u00e5tts av mig\/oss (*) f\u00f6r k\u00f6p av f\u00f6ljande varor (*)\/<br \/>\u00a0 tillhandah\u00e5llande av f\u00f6ljande tj\u00e4nst (*)<br \/><br \/>\u2013 Best\u00e4lld den (*)\/mottagen den (*)<br \/><br \/>\u2013 Konsumentens namn<br \/>\u2013 Konsumentens\/kundernas adress<br \/>\u2013 Konsumentens\/konsumenternas underskrift (endast f\u00f6r pappersavisering)<br \/>- Datum<br \/><br \/>(*) Stryk det som inte \u00e4r till\u00e4mpligt.<br \/><br \/><\/p>\t\t\t\t\t\t\t\t<\/div>\n\t\t\t\t\t<\/div>\n\t\t\t\t<\/div>\n\t\t\t\t<\/div>","protected":false},"excerpt":{"rendered":"<p>Widerrufsrecht f\u00fcr Verbraucher(Verbraucher ist jede nat\u00fcrliche Person, die ein Rechtsgesch\u00e4ft zu Zwecken abschlie\u00dft, die \u00fcberwiegend weder ihrer gewerblichen noch ihrer selbstst\u00e4ndigen beruflichen T\u00e4tigkeit zugerechnet werden k\u00f6nnen.) Widerrufsbelehrung WiderrufsrechtSie haben das Recht, binnen vierzehn Tagen ohne Angabe von Gr\u00fcnden diesen Vertrag zu widerrufen.Die Widerrufsfrist betr\u00e4gt vierzehn Tage ab dem Tag des Vertragsabschlusses. Um Ihr Widerrufsrecht auszu\u00fcben, [&hellip;]<\/p>\n","protected":false},"author":3,"featured_media":0,"parent":0,"menu_order":0,"comment_status":"closed","ping_status":"closed","template":"","meta":{"footnotes":""},"class_list":["post-1146","page","type-page","status-publish","hentry"],"_links":{"self":[{"href":"https:\/\/bavarian-bondage.de\/sv\/wp-json\/wp\/v2\/pages\/1146","targetHints":{"allow":["GET"]}}],"collection":[{"href":"https:\/\/bavarian-bondage.de\/sv\/wp-json\/wp\/v2\/pages"}],"about":[{"href":"https:\/\/bavarian-bondage.de\/sv\/wp-json\/wp\/v2\/types\/page"}],"author":[{"embeddable":true,"href":"https:\/\/bavarian-bondage.de\/sv\/wp-json\/wp\/v2\/users\/3"}],"replies":[{"embeddable":true,"href":"https:\/\/bavarian-bondage.de\/sv\/wp-json\/wp\/v2\/comments?post=1146"}],"version-history":[{"count":5,"href":"https:\/\/bavarian-bondage.de\/sv\/wp-json\/wp\/v2\/pages\/1146\/revisions"}],"predecessor-version":[{"id":15408,"href":"https:\/\/bavarian-bondage.de\/sv\/wp-json\/wp\/v2\/pages\/1146\/revisions\/15408"}],"wp:attachment":[{"href":"https:\/\/bavarian-bondage.de\/sv\/wp-json\/wp\/v2\/media?parent=1146"}],"curies":[{"name":"wp","href":"https:\/\/api.w.org\/{rel}","templated":true}]}}