{"id":12,"date":"2018-09-04T13:47:19","date_gmt":"2018-09-04T11:47:19","guid":{"rendered":"http:\/\/bavarian-bondage.mysupr.de\/versandarten\/"},"modified":"2018-09-04T13:47:19","modified_gmt":"2018-09-04T11:47:19","slug":"fraktmetoder","status":"publish","type":"page","link":"https:\/\/bavarian-bondage.de\/sv\/versandarten\/","title":{"rendered":"Versandarten"},"content":{"rendered":"<div data-elementor-type=\"wp-post\" data-elementor-id=\"12\" class=\"elementor elementor-12\" data-elementor-post-type=\"page\">\n\t\t\t\t\t\t<section class=\"elementor-section elementor-top-section elementor-element elementor-element-07d64f3 elementor-section-boxed elementor-section-height-default elementor-section-height-default\" data-id=\"07d64f3\" data-element_type=\"section\" data-e-type=\"section\">\n\t\t\t\t\t\t<div class=\"elementor-container elementor-column-gap-default\">\n\t\t\t\t\t<div class=\"elementor-column elementor-col-100 elementor-top-column elementor-element elementor-element-6935983\" data-id=\"6935983\" data-element_type=\"column\" data-e-type=\"column\">\n\t\t\t<div class=\"elementor-widget-wrap elementor-element-populated\">\n\t\t\t\t\t\t<div class=\"elementor-element elementor-element-4538605 elementor-widget elementor-widget-text-editor\" data-id=\"4538605\" data-element_type=\"widget\" data-e-type=\"widget\" data-widget_type=\"text-editor.default\">\n\t\t\t\t\t\t\t\t\t<h3><strong>Betalning och frakt<\/strong><\/h3><p>F\u00f6ljande villkor g\u00e4ller:<\/p><p><strong>Leveransvillkor<\/strong><\/p><p>Leverans sker inom landet (Tyskland) och till f\u00f6ljande l\u00e4nder: Belgien, Danmark, Frankrike, Italien, Luxemburg, Nederl\u00e4nderna, Sverige, Spanien, \u00d6sterrike.<\/p><p>Inga transporter g\u00f6rs till f\u00f6ljande utl\u00e4ndska \u00f6ar: El Hierro, Fuerteventura, Gran Canaria, La Gomera, La Palma, Lanzarote, Teneriffa<\/p><p><strong>Fraktkostnader<\/strong>\u00a0(inklusive lagstadgad moms)<\/p><p><strong>Inrikes leveranser (Tyskland):\u00a0<\/strong><\/p><p>Vi tar ut en fast fraktavgift p\u00e5 4,90 \u20ac per best\u00e4llning.<\/p><p>F\u00f6r best\u00e4llningar \u00f6ver 120,00 \u20ac erbjuder vi fri frakt.<\/p><p><strong>Leveranser utomlands:<\/strong><\/p><p>Vi ber\u00e4knar fraktkostnaderna utomlands enligt f\u00f6ljande:<\/p><p>Belgien: 13,99 \u20ac<br \/>Danmark: 13,99 \u20ac<br \/>Frankrike: 13,99 \u20ac<br \/>Italien: 13,99 \u20ac<br \/>Luxemburg: 13,99 \u20ac<br \/>Nederl\u00e4nderna: 13,99 \u20ac<br \/>Sverige 13,99 \u20ac<br \/>Spanien: 13,99 \u20ac<br \/>\u00d6sterrike: 13,99 \u20ac<br \/><strong>Leveranstider<\/strong><\/p><p>Om inte annan tidsfrist anges i respektive erbjudande sker leverans av varorna inom Tyskland inom 5\u20137 dagar, och f\u00f6r leveranser utomlands inom 5\u20137 dagar efter avtalets ing\u00e5ende (om f\u00f6rskottsbetalning har avtalats, efter tidpunkten f\u00f6r din betalningsinstruktion).<br \/>Observera att det inte sker n\u00e5gon leverans p\u00e5 s\u00f6ndagar och helgdagar.<br \/>Om du har best\u00e4llt varor med olika leveranstider skickar vi varorna i en s\u00e4ndning om vi inte har gjort andra \u00f6verenskommelser med dig. I det h\u00e4r fallet best\u00e4ms leveranstiden av den vara med l\u00e4ngst leveranstid som du best\u00e4llt.<\/p><p><strong>Godk\u00e4nda betalningsalternativ<\/strong><\/p><p><strong>\u2013\u00a0\u00a0<\/strong>Betalning i f\u00f6rskott via bank\u00f6verf\u00f6ring<br \/><strong>\u2013\u00a0\u00a0<\/strong>Betalning med kreditkort<br \/><strong>\u2013<\/strong>\u00a0 Betalning via PayPal\u00a0<br \/><strong>\u2013<\/strong><strong>\u00a0\u00a0<\/strong>Betalning via omedelbar bank\u00f6verf\u00f6ring<\/p><p><strong>Ytterligare betalningsinformation<\/strong><\/p><p>Om du betalar med kreditkort debiteras ditt kreditkortskonto n\u00e4r avtalet ing\u00e5s.<\/p><p>Om du har n\u00e5gra fr\u00e5gor kan du hitta v\u00e5ra kontaktuppgifter i det juridiska meddelandet.<\/p>\t\t\t\t\t\t\t\t<\/div>\n\t\t\t\t\t<\/div>\n\t\t<\/div>\n\t\t\t\t\t<\/div>\n\t\t<\/section>\n\t\t\t\t<\/div>","protected":false},"excerpt":{"rendered":"<p>Zahlung und Versand Es gelten folgende Bedingungen: Versandbedingungen Die Lieferung erfolgt im Inland (Deutschland)\u00a0und in die nachstehenden L\u00e4nder:\u00a0Belgien, D\u00e4nemark, Frankreich, Italien, Luxemburg, Niederlande, Schweden, Spanien, \u00d6sterreich. Keine Versendung erfolgt auf die nachstehenden ausl\u00e4ndischen Inseln: El Hierro, Fuerteventura, Gran Canaria, La Gomera, La Palma, Lanzarote,Teneriffa Versandkosten\u00a0(inklusive gesetzliche Mehrwertsteuer) Lieferungen im Inland (Deutschland):\u00a0 Wir berechnen die Versandkosten [&hellip;]<\/p>\n","protected":false},"author":3,"featured_media":0,"parent":0,"menu_order":0,"comment_status":"closed","ping_status":"closed","template":"","meta":{"footnotes":""},"class_list":["post-12","page","type-page","status-publish","hentry"],"_links":{"self":[{"href":"https:\/\/bavarian-bondage.de\/sv\/wp-json\/wp\/v2\/pages\/12","targetHints":{"allow":["GET"]}}],"collection":[{"href":"https:\/\/bavarian-bondage.de\/sv\/wp-json\/wp\/v2\/pages"}],"about":[{"href":"https:\/\/bavarian-bondage.de\/sv\/wp-json\/wp\/v2\/types\/page"}],"author":[{"embeddable":true,"href":"https:\/\/bavarian-bondage.de\/sv\/wp-json\/wp\/v2\/users\/3"}],"replies":[{"embeddable":true,"href":"https:\/\/bavarian-bondage.de\/sv\/wp-json\/wp\/v2\/comments?post=12"}],"version-history":[{"count":0,"href":"https:\/\/bavarian-bondage.de\/sv\/wp-json\/wp\/v2\/pages\/12\/revisions"}],"wp:attachment":[{"href":"https:\/\/bavarian-bondage.de\/sv\/wp-json\/wp\/v2\/media?parent=12"}],"curies":[{"name":"wp","href":"https:\/\/api.w.org\/{rel}","templated":true}]}}