{"id":13,"date":"2018-09-04T13:47:19","date_gmt":"2018-09-04T11:47:19","guid":{"rendered":"http:\/\/bavarian-bondage.mysupr.de\/bezahlmoeglichkeiten\/"},"modified":"2025-07-20T08:35:49","modified_gmt":"2025-07-20T06:35:49","slug":"betalning-och-frakt","status":"publish","type":"page","link":"https:\/\/bavarian-bondage.de\/sv\/zahlung-und-versand\/","title":{"rendered":"Betalning och frakt"},"content":{"rendered":"<div data-elementor-type=\"wp-post\" data-elementor-id=\"13\" class=\"elementor elementor-13\" data-elementor-post-type=\"page\">\n\t\t\t\t<div class=\"elementor-element elementor-element-5ac5788 e-flex e-con-boxed e-con e-parent\" data-id=\"5ac5788\" data-element_type=\"container\" data-e-type=\"container\">\n\t\t\t\t\t<div class=\"e-con-inner\">\n\t\t\t\t<div class=\"elementor-element elementor-element-197797c elementor-widget elementor-widget-text-editor\" data-id=\"197797c\" data-element_type=\"widget\" data-e-type=\"widget\" data-widget_type=\"text-editor.default\">\n\t\t\t\t\t\t\t\t\t<p><strong>Betalning och frakt<\/strong><br \/><br \/>F\u00f6ljande villkor g\u00e4ller:<br \/><br \/>Leverans sker inom landet (Tyskland) och till f\u00f6ljande l\u00e4nder: Belgien, Danmark, Frankrike, Italien, Luxemburg, Nederl\u00e4nderna, Portugal, Sverige, Spanien, \u00d6sterrike.<br \/><br \/>Frakt till tyska och utl\u00e4ndska \u00f6ar \u00e4r exkluderad.<br \/><br \/><strong>Fraktkostnader<\/strong>\u00a0(inklusive lagstadgad moms)<br \/><br \/><strong>Inrikes leveranser (Tyskland):\u00a0<\/strong><br \/><br \/>Vi tar ut ett schablonbelopp p\u00e5 5,90 \u20ac per best\u00e4llning f\u00f6r fraktkostnader.<br \/><br \/>Vi levererar fri frakt f\u00f6r best\u00e4llningar \u00f6ver \u20ac130,00.<br \/><br \/><strong>Leveranser utomlands:<\/strong><br \/><br \/>Vi ber\u00e4knar fraktkostnaderna utomlands enligt f\u00f6ljande:<br \/><br \/>Portugal: 15,99 \u20ac Belgien: 15,99 \u20ac<br \/>Danmark: 15,99 \u20ac<br \/>Frankrike: 15,99 \u20ac<br \/>Italien: 15,99 \u20ac<br \/>Luxemburg: 15,99 \u20ac<br \/>Nederl\u00e4nderna: 15,99 \u20ac<br \/>Sverige 15,99 \u20ac<br \/>Spanien: 15,99 \u20ac<br \/>\u00d6sterrike: 15,99 \u20ac<br \/><br \/><br \/><br \/><br \/><br \/><br \/><br \/><br \/><br \/><br \/><br \/><br \/><strong>Leveranstider<\/strong><br \/><br \/>Om inte en annan tidsfrist anges i respektive erbjudande, kommer varorna att levereras inrikes (Tyskland) inom 5 - 7 dagar, f\u00f6r leveranser utomlands inom 10-12 dagar efter avtalets ing\u00e5ende (om f\u00f6rskottsbetalning har avtalats, efter tiden av din betalningsinstruktion).<br \/>Observera att det inte sker n\u00e5gon leverans p\u00e5 s\u00f6ndagar och helgdagar.<br \/>Om du har best\u00e4llt varor med olika leveranstider skickas varorna i en s\u00e4ndning om vi inte har avtalat annat. I detta fall best\u00e4ms leveranstiden av den vara du best\u00e4llt med l\u00e4ngst leveranstid.<br \/><br \/><strong>Godk\u00e4nda betalningsalternativ<\/strong><br \/><br \/><strong>\u2013\u00a0\u00a0<\/strong>Betalning i f\u00f6rskott via bank\u00f6verf\u00f6ring<br \/>\u2013 Betalning via omedelbar bank\u00f6verf\u00f6ring (via Klarna)<br \/>\u2013 Betalning via autogiro (via Klarna)<br \/>\u2013 Betalning med kreditkort (via Klarna)<br \/><br \/><strong>Via PayPal-utcheckning:<\/strong><br \/>\u2013 Betalning via PayPal Express<br \/>\u2013 Betalning med kreditkort<br \/><br \/><strong>Via PayPal:<\/strong><br \/>\u2013 Betalning via PayPal<br \/>\u2013 Betalning med kreditkort<br \/>\u2013 Betalning via SEPA autogiro<br \/>\u2013 Betalning via &quot;Betala senare&quot;<br \/><br \/>Om du har n\u00e5gra fr\u00e5gor kan du hitta v\u00e5ra kontaktuppgifter i det juridiska meddelandet.<\/p><p>\u00a0<\/p>\t\t\t\t\t\t\t\t<\/div>\n\t\t\t\t\t<\/div>\n\t\t\t\t<\/div>\n\t\t\t\t<\/div>","protected":false},"excerpt":{"rendered":"<p>Zahlung und Versand Es gelten folgende Bedingungen: Die Lieferung erfolgt im Inland (Deutschland)\u00a0und in die nachstehenden L\u00e4nder:\u00a0Belgien, D\u00e4nemark, Frankreich, Italien, Luxemburg, Niederlande, Portugal, Schweden, Spanien, \u00d6sterreich. Der Versand auf deutsche und ausl\u00e4ndische Inseln ist ausgeschlossen. Versandkosten\u00a0(inklusive gesetzliche Mehrwertsteuer) Lieferungen im Inland (Deutschland):\u00a0 Wir berechnen die Versandkosten pauschal mit 5,90 \u20ac pro Bestellung. Ab einem Bestellwert [&hellip;]<\/p>\n","protected":false},"author":3,"featured_media":0,"parent":0,"menu_order":0,"comment_status":"closed","ping_status":"closed","template":"","meta":{"footnotes":""},"class_list":["post-13","page","type-page","status-publish","hentry"],"_links":{"self":[{"href":"https:\/\/bavarian-bondage.de\/sv\/wp-json\/wp\/v2\/pages\/13","targetHints":{"allow":["GET"]}}],"collection":[{"href":"https:\/\/bavarian-bondage.de\/sv\/wp-json\/wp\/v2\/pages"}],"about":[{"href":"https:\/\/bavarian-bondage.de\/sv\/wp-json\/wp\/v2\/types\/page"}],"author":[{"embeddable":true,"href":"https:\/\/bavarian-bondage.de\/sv\/wp-json\/wp\/v2\/users\/3"}],"replies":[{"embeddable":true,"href":"https:\/\/bavarian-bondage.de\/sv\/wp-json\/wp\/v2\/comments?post=13"}],"version-history":[{"count":5,"href":"https:\/\/bavarian-bondage.de\/sv\/wp-json\/wp\/v2\/pages\/13\/revisions"}],"predecessor-version":[{"id":15414,"href":"https:\/\/bavarian-bondage.de\/sv\/wp-json\/wp\/v2\/pages\/13\/revisions\/15414"}],"wp:attachment":[{"href":"https:\/\/bavarian-bondage.de\/sv\/wp-json\/wp\/v2\/media?parent=13"}],"curies":[{"name":"wp","href":"https:\/\/api.w.org\/{rel}","templated":true}]}}