{"id":1478,"date":"2019-12-13T17:53:59","date_gmt":"2019-12-13T16:53:59","guid":{"rendered":"https:\/\/bavarian-bondage.mysupr.de\/?page_id=1478"},"modified":"2024-09-01T19:36:03","modified_gmt":"2024-09-01T17:36:03","slug":"information-och-tips","status":"publish","type":"page","link":"https:\/\/bavarian-bondage.de\/sv\/infos-und-tipps\/","title":{"rendered":"Information och tips"},"content":{"rendered":"<div data-elementor-type=\"wp-post\" data-elementor-id=\"1478\" class=\"elementor elementor-1478\" data-elementor-post-type=\"page\">\n\t\t\t\t<div class=\"elementor-element elementor-element-37e06f2 e-flex e-con-boxed e-con e-parent\" data-id=\"37e06f2\" data-element_type=\"container\" data-e-type=\"container\">\n\t\t\t\t\t<div class=\"e-con-inner\">\n\t\t<div class=\"elementor-element elementor-element-0854f49 e-con-full e-flex e-con e-child\" data-id=\"0854f49\" data-element_type=\"container\" data-e-type=\"container\">\n\t\t\t\t<div class=\"elementor-element elementor-element-b77f7b1 elementor-widget elementor-widget-heading\" data-id=\"b77f7b1\" data-element_type=\"widget\" data-e-type=\"widget\" data-widget_type=\"heading.default\">\n\t\t\t\t\t<h2 class=\"elementor-heading-title elementor-size-default\">Information och tips<\/h2>\t\t\t\t<\/div>\n\t\t\t\t<div class=\"elementor-element elementor-element-8e8c086 elementor-widget elementor-widget-text-editor\" data-id=\"8e8c086\" data-element_type=\"widget\" data-e-type=\"widget\" data-widget_type=\"text-editor.default\">\n\t\t\t\t\t\t\t\t\t<p style=\"text-align: center\">Lite information om rep, bondage och andra \u00e4mnen som kommer att t\u00e4nka p\u00e5.<\/p><p style=\"text-align: center\"><span style=\"text-decoration: underline\">Alla texter som skrivs bygger p\u00e5 personliga erfarenheter och \u00e5sikter<\/span>!<\/p>\t\t\t\t\t\t\t\t<\/div>\n\t\t\t\t<div class=\"elementor-element elementor-element-e1cb63b elementor-hidden-mobile elementor-widget elementor-widget-spacer\" data-id=\"e1cb63b\" data-element_type=\"widget\" data-e-type=\"widget\" data-widget_type=\"spacer.default\">\n\t\t\t\t\t\t\t<div class=\"elementor-spacer\">\n\t\t\t<div class=\"elementor-spacer-inner\"><\/div>\n\t\t<\/div>\n\t\t\t\t\t\t<\/div>\n\t\t\t\t<\/div>\n\t\t\t\t\t<\/div>\n\t\t\t\t<\/div>\n\t\t<div class=\"elementor-element elementor-element-48fc764 e-flex e-con-boxed e-con e-parent\" data-id=\"48fc764\" data-element_type=\"container\" data-e-type=\"container\">\n\t\t\t\t\t<div class=\"e-con-inner\">\n\t\t<div class=\"elementor-element elementor-element-aa25740 e-con-full e-flex e-con e-child\" data-id=\"aa25740\" data-element_type=\"container\" data-e-type=\"container\">\n\t\t\t\t<div class=\"elementor-element elementor-element-72c2812 elementor-widget-mobile__width-initial elementor-position-top elementor-widget elementor-widget-image-box\" data-id=\"72c2812\" data-element_type=\"widget\" data-e-type=\"widget\" data-widget_type=\"image-box.default\">\n\t\t\t\t\t<div class=\"elementor-image-box-wrapper\"><figure class=\"elementor-image-box-img\"><a href=\"https:\/\/bavarian-bondage.de\/sv\/skoetseltips-foer-repen\/\" tabindex=\"-1\"><img fetchpriority=\"high\" decoding=\"async\" width=\"300\" height=\"400\" src=\"https:\/\/bavarian-bondage.de\/wp-content\/uploads\/2020\/10\/pflegeset-1575449716-oho08w7pf98pl2q5z31j8xxne0pxmgp89hdkawx8rk.jpg\" class=\"attachment-large size-large wp-image-3440\" alt=\"\" title=\"\"><\/a><\/figure><div class=\"elementor-image-box-content\"><h3 class=\"elementor-image-box-title\"><a href=\"https:\/\/bavarian-bondage.de\/sv\/skoetseltips-foer-repen\/\">Repv\u00e5rdstips<\/a><\/h3><\/div><\/div>\t\t\t\t<\/div>\n\t\t\t\t<div class=\"elementor-element elementor-element-9032876 elementor-widget-mobile__width-initial elementor-position-top elementor-widget elementor-widget-image-box\" data-id=\"9032876\" data-element_type=\"widget\" data-e-type=\"widget\" data-widget_type=\"image-box.default\">\n\t\t\t\t\t<div class=\"elementor-image-box-wrapper\"><figure class=\"elementor-image-box-img\"><a href=\"https:\/\/bavarian-bondage.de\/sv\/repet\/\" tabindex=\"-1\"><img decoding=\"async\" width=\"300\" height=\"400\" src=\"https:\/\/bavarian-bondage.de\/wp-content\/uploads\/2020\/10\/20170614_142219-oi48lb1w7oi5n45x3othhz6ki0x7dcsri20dcc0www.jpg\" class=\"attachment-large size-large wp-image-3442\" alt=\"\" title=\"\"><\/a><\/figure><div class=\"elementor-image-box-content\"><h3 class=\"elementor-image-box-title\"><a href=\"https:\/\/bavarian-bondage.de\/sv\/repet\/\">Repet<\/a><\/h3><\/div><\/div>\t\t\t\t<\/div>\n\t\t\t\t<\/div>\n\t\t\t\t\t<\/div>\n\t\t\t\t<\/div>\n\t\t<div class=\"elementor-element elementor-element-99c43db e-flex e-con-boxed e-con e-parent\" data-id=\"99c43db\" data-element_type=\"container\" data-e-type=\"container\">\n\t\t\t\t\t<div class=\"e-con-inner\">\n\t\t<div class=\"elementor-element elementor-element-71d48ff e-con-full e-flex e-con e-child\" data-id=\"71d48ff\" data-element_type=\"container\" data-e-type=\"container\">\n\t\t\t\t<div class=\"elementor-element elementor-element-ee8a856 elementor-widget-mobile__width-initial elementor-position-top elementor-widget elementor-widget-image-box\" data-id=\"ee8a856\" data-element_type=\"widget\" data-e-type=\"widget\" data-widget_type=\"image-box.default\">\n\t\t\t\t\t<div class=\"elementor-image-box-wrapper\"><figure class=\"elementor-image-box-img\"><a href=\"https:\/\/bavarian-bondage.de\/sv\/verkstad-ja-eller-nej\/\" tabindex=\"-1\"><img decoding=\"async\" src=\"https:\/\/bavarian-bondage.de\/wp-content\/uploads\/elementor\/thumbs\/31958145_220884968670743_1875106245245927424_n-pq8viwrm59944ldsbmqj6w7zhoztznadc8yzc9m00w.png\" title=\"\" alt=\"\" loading=\"lazy\"><\/a><\/figure><div class=\"elementor-image-box-content\"><h2 class=\"elementor-image-box-title\"><a href=\"https:\/\/bavarian-bondage.de\/sv\/verkstad-ja-eller-nej\/\">Workshops ja eller nej<\/a><\/h2><\/div><\/div>\t\t\t\t<\/div>\n\t\t\t\t<div class=\"elementor-element elementor-element-4d46e1a elementor-widget-mobile__width-initial elementor-position-top elementor-widget elementor-widget-image-box\" data-id=\"4d46e1a\" data-element_type=\"widget\" data-e-type=\"widget\" data-widget_type=\"image-box.default\">\n\t\t\t\t\t<div class=\"elementor-image-box-wrapper\"><figure class=\"elementor-image-box-img\"><a href=\"https:\/\/bavarian-bondage.de\/sv\/om-mig\/\" tabindex=\"-1\"><img decoding=\"async\" src=\"https:\/\/bavarian-bondage.de\/wp-content\/uploads\/elementor\/thumbs\/Ich-ol05r42unjqrz1bqy52xyzqer5fwwx8fj3rukfyvfk-ox298he8pk6frmvl5zoxv0w1vw1op91a1y92453o9s.jpg\" title=\"\" alt=\"\" loading=\"lazy\"><\/a><\/figure><div class=\"elementor-image-box-content\"><h3 class=\"elementor-image-box-title\"><a href=\"https:\/\/bavarian-bondage.de\/sv\/om-mig\/\">Om mig<\/a><\/h3><\/div><\/div>\t\t\t\t<\/div>\n\t\t\t\t<\/div>\n\t\t\t\t\t<\/div>\n\t\t\t\t<\/div>\n\t\t<div class=\"elementor-element elementor-element-16f23da e-flex e-con-boxed e-con e-parent\" data-id=\"16f23da\" data-element_type=\"container\" data-e-type=\"container\">\n\t\t\t\t\t<div class=\"e-con-inner\">\n\t\t<div class=\"elementor-element elementor-element-3de8ef8 e-con-full e-flex e-con e-child\" data-id=\"3de8ef8\" data-element_type=\"container\" data-e-type=\"container\">\n\t\t\t\t<div class=\"elementor-element elementor-element-fdf6ee0 elementor-widget elementor-widget-text-editor\" data-id=\"fdf6ee0\" data-element_type=\"widget\" data-e-type=\"widget\" data-widget_type=\"text-editor.default\">\n\t\t\t\t\t\t\t\t\t<p style=\"text-align: center\">Den h\u00e4r sidan \u00e4r fortfarande relativt tom och vi bygger den bit f\u00f6r bit.<\/p>\t\t\t\t\t\t\t\t<\/div>\n\t\t\t\t<\/div>\n\t\t\t\t\t<\/div>\n\t\t\t\t<\/div>\n\t\t\t\t<\/div>","protected":false},"excerpt":{"rendered":"<p>Information och tips: Lite information om rep, bondage och andra \u00e4mnen som dyker upp. Alla skrivna texter \u00e4r baserade p\u00e5 personliga erfarenheter och \u00e5sikter! Tips f\u00f6r repsk\u00f6tsel Repet Workshops Ja eller nej Om mig Den h\u00e4r sidan \u00e4r fortfarande relativt tom och byggs upp bit f\u00f6r bit.<\/p>","protected":false},"author":3,"featured_media":0,"parent":0,"menu_order":0,"comment_status":"closed","ping_status":"closed","template":"elementor_header_footer","meta":{"footnotes":""},"class_list":["post-1478","page","type-page","status-publish","hentry"],"_links":{"self":[{"href":"https:\/\/bavarian-bondage.de\/sv\/wp-json\/wp\/v2\/pages\/1478","targetHints":{"allow":["GET"]}}],"collection":[{"href":"https:\/\/bavarian-bondage.de\/sv\/wp-json\/wp\/v2\/pages"}],"about":[{"href":"https:\/\/bavarian-bondage.de\/sv\/wp-json\/wp\/v2\/types\/page"}],"author":[{"embeddable":true,"href":"https:\/\/bavarian-bondage.de\/sv\/wp-json\/wp\/v2\/users\/3"}],"replies":[{"embeddable":true,"href":"https:\/\/bavarian-bondage.de\/sv\/wp-json\/wp\/v2\/comments?post=1478"}],"version-history":[{"count":56,"href":"https:\/\/bavarian-bondage.de\/sv\/wp-json\/wp\/v2\/pages\/1478\/revisions"}],"predecessor-version":[{"id":13011,"href":"https:\/\/bavarian-bondage.de\/sv\/wp-json\/wp\/v2\/pages\/1478\/revisions\/13011"}],"wp:attachment":[{"href":"https:\/\/bavarian-bondage.de\/sv\/wp-json\/wp\/v2\/media?parent=1478"}],"curies":[{"name":"wp","href":"https:\/\/api.w.org\/{rel}","templated":true}]}}