{"id":8446,"date":"2023-01-29T18:05:42","date_gmt":"2023-01-29T17:05:42","guid":{"rendered":"https:\/\/bavarian-bondage.de\/?page_id=8446"},"modified":"2025-11-18T16:59:18","modified_gmt":"2025-11-18T15:59:18","slug":"naturliga-jute-rep","status":"publish","type":"page","link":"https:\/\/bavarian-bondage.de\/sv\/juteseile-natur\/","title":{"rendered":"Naturliga jute rep"},"content":{"rendered":"<div data-elementor-type=\"wp-post\" data-elementor-id=\"8446\" class=\"elementor elementor-8446\" data-elementor-post-type=\"page\">\n\t\t\t\t<div class=\"elementor-element elementor-element-e464c43 e-flex e-con-boxed e-con e-parent\" data-id=\"e464c43\" data-element_type=\"container\" data-e-type=\"container\" data-settings=\"{&quot;background_background&quot;:&quot;classic&quot;}\">\n\t\t\t\t\t<div class=\"e-con-inner\">\n\t\t<div class=\"elementor-element elementor-element-13ea099 e-con-full e-flex e-con e-child\" data-id=\"13ea099\" data-element_type=\"container\" data-e-type=\"container\" data-settings=\"{&quot;background_background&quot;:&quot;classic&quot;}\">\n\t\t\t\t<div class=\"elementor-element elementor-element-40b57b6 elementor-widget elementor-widget-heading\" data-id=\"40b57b6\" data-element_type=\"widget\" data-e-type=\"widget\" data-widget_type=\"heading.default\">\n\t\t\t\t\t<h2 class=\"elementor-heading-title elementor-size-default\">Naturliga jute rep<\/h2>\t\t\t\t<\/div>\n\t\t\t\t<div class=\"elementor-element elementor-element-ae1b0bf elementor-widget elementor-widget-text-editor\" data-id=\"ae1b0bf\" data-element_type=\"widget\" data-e-type=\"widget\" data-widget_type=\"text-editor.default\">\n\t\t\t\t\t\t\t\t\t<p>Det finns m\u00e5nga skillnader mellan juterep, och v\u00e5ra kunder har lika m\u00e5nga preferenser. D\u00e4rf\u00f6r erbjuder vi totalt fyra olika juterep i v\u00e5rt produktsortiment, vart och ett med sina egna unika egenskaper och f\u00f6rdelar.\u00a0<\/p><p>Du hittar mer detaljerad information p\u00e5 de enskilda produktsidorna f\u00f6r repen.<\/p>\t\t\t\t\t\t\t\t<\/div>\n\t\t\t\t<div class=\"elementor-element elementor-element-f5a47a1 elementor-widget elementor-widget-spacer\" data-id=\"f5a47a1\" data-element_type=\"widget\" data-e-type=\"widget\" data-widget_type=\"spacer.default\">\n\t\t\t\t\t\t\t<div class=\"elementor-spacer\">\n\t\t\t<div class=\"elementor-spacer-inner\"><\/div>\n\t\t<\/div>\n\t\t\t\t\t\t<\/div>\n\t\t\t\t<\/div>\n\t\t\t\t\t<\/div>\n\t\t\t\t<\/div>\n\t\t<div class=\"elementor-element elementor-element-2c6b960 e-flex e-con-boxed e-con e-parent\" data-id=\"2c6b960\" data-element_type=\"container\" data-e-type=\"container\">\n\t\t\t\t\t<div class=\"e-con-inner\">\n\t\t<div class=\"elementor-element elementor-element-8c5a5e7 e-con-full e-flex e-con e-child\" data-id=\"8c5a5e7\" data-element_type=\"container\" data-e-type=\"container\">\n\t\t\t\t<div class=\"elementor-element elementor-element-e6b776a elementor-widget elementor-widget-text-editor\" data-id=\"e6b776a\" data-element_type=\"widget\" data-e-type=\"widget\" data-widget_type=\"text-editor.default\">\n\t\t\t\t\t\t\t\t\t<p style=\"text-align: center\">Standard jute<\/p>\t\t\t\t\t\t\t\t<\/div>\n\t\t\t\t<div class=\"elementor-element elementor-element-173f032 elementor-widget elementor-widget-text-editor\" data-id=\"173f032\" data-element_type=\"widget\" data-e-type=\"widget\" data-widget_type=\"text-editor.default\">\n\t\t\t\t\t\t\t\t\t<p style=\"text-align: center\">V\u00e5rt prisv\u00e4rda instegsrep finns i 5 mm och 6 mm diameter. Det \u00e4r robust och medelh\u00e5rt till h\u00e5rt tvinnat. Liksom de flesta andra rep mjuknar det och blir smidigare med tiden. Liksom alla v\u00e5ra of\u00e4rgade rep finns standardjuten \u00e4ven i Classic- eller Exclusive-utf\u00f6randen.<\/p>\t\t\t\t\t\t\t\t<\/div>\n\t\t\t\t<div class=\"elementor-element elementor-element-1a7f322 elementor-widget elementor-widget-image\" data-id=\"1a7f322\" data-element_type=\"widget\" data-e-type=\"widget\" data-widget_type=\"image.default\">\n\t\t\t\t\t\t\t\t\t\t\t\t\t\t\t\t<a href=\"https:\/\/bavarian-bondage.de\/sv\/jute-rep-standard\/\">\n\t\t\t\t\t\t\t<img fetchpriority=\"high\" decoding=\"async\" width=\"400\" height=\"200\" src=\"https:\/\/bavarian-bondage.de\/wp-content\/uploads\/2023\/01\/Standard-Jute-Vorschau.png\" class=\"attachment-full size-full wp-image-8282\" alt=\"\" srcset=\"https:\/\/bavarian-bondage.de\/wp-content\/uploads\/2023\/01\/Standard-Jute-Vorschau.png 400w, https:\/\/bavarian-bondage.de\/wp-content\/uploads\/2023\/01\/Standard-Jute-Vorschau-18x9.png 18w\" sizes=\"(max-width: 400px) 100vw, 400px\" title=\"\">\t\t\t\t\t\t\t\t<\/a>\n\t\t\t\t\t\t\t\t\t\t\t\t\t\t\t<\/div>\n\t\t\t\t<div class=\"elementor-element elementor-element-dba7a4c elementor-widget elementor-widget-spacer\" data-id=\"dba7a4c\" data-element_type=\"widget\" data-e-type=\"widget\" data-widget_type=\"spacer.default\">\n\t\t\t\t\t\t\t<div class=\"elementor-spacer\">\n\t\t\t<div class=\"elementor-spacer-inner\"><\/div>\n\t\t<\/div>\n\t\t\t\t\t\t<\/div>\n\t\t\t\t<\/div>\n\t\t<div class=\"elementor-element elementor-element-ded6750 e-con-full e-flex e-con e-child\" data-id=\"ded6750\" data-element_type=\"container\" data-e-type=\"container\">\n\t\t\t\t<div class=\"elementor-element elementor-element-11da9a5 elementor-widget elementor-widget-text-editor\" data-id=\"11da9a5\" data-element_type=\"widget\" data-e-type=\"widget\" data-widget_type=\"text-editor.default\">\n\t\t\t\t\t\t\t\t\t<p style=\"text-align: center\">H\u00f6gklassig jute<\/p>\t\t\t\t\t\t\t\t<\/div>\n\t\t\t\t<div class=\"elementor-element elementor-element-a261722 elementor-widget elementor-widget-text-editor\" data-id=\"a261722\" data-element_type=\"widget\" data-e-type=\"widget\" data-widget_type=\"text-editor.default\">\n\t\t\t\t\t\t\t\t\t<p style=\"text-align: center\">Som namnet antyder \u00e4r detta ett rep av mycket h\u00f6g kvalitet. Tillverkat av l\u00e5ngfibrig Tossajute finns det i diametrar p\u00e5 4 mm, 5 mm och 6 mm. Repet har en vacker, j\u00e4mn textur och perfekta knytegenskaper. Perfekt f\u00f6r b\u00e5de nyb\u00f6rjare och proffs!<\/p>\t\t\t\t\t\t\t\t<\/div>\n\t\t\t\t<div class=\"elementor-element elementor-element-b30ca74 elementor-widget elementor-widget-image\" data-id=\"b30ca74\" data-element_type=\"widget\" data-e-type=\"widget\" data-widget_type=\"image.default\">\n\t\t\t\t\t\t\t\t\t\t\t\t\t\t\t\t<a href=\"https:\/\/bavarian-bondage.de\/sv\/jute-rep-hoeg-klass\/\">\n\t\t\t\t\t\t\t<img decoding=\"async\" width=\"400\" height=\"200\" src=\"https:\/\/bavarian-bondage.de\/wp-content\/uploads\/2023\/01\/High-class-Jute-Vorschau.png\" class=\"attachment-full size-full wp-image-8280\" alt=\"\" srcset=\"https:\/\/bavarian-bondage.de\/wp-content\/uploads\/2023\/01\/High-class-Jute-Vorschau.png 400w, https:\/\/bavarian-bondage.de\/wp-content\/uploads\/2023\/01\/High-class-Jute-Vorschau-18x9.png 18w\" sizes=\"(max-width: 400px) 100vw, 400px\" title=\"\">\t\t\t\t\t\t\t\t<\/a>\n\t\t\t\t\t\t\t\t\t\t\t\t\t\t\t<\/div>\n\t\t\t\t<\/div>\n\t\t<div class=\"elementor-element elementor-element-947a217 e-con-full e-flex e-con e-child\" data-id=\"947a217\" data-element_type=\"container\" data-e-type=\"container\">\n\t\t\t\t<div class=\"elementor-element elementor-element-dedc42c elementor-widget elementor-widget-spacer\" data-id=\"dedc42c\" data-element_type=\"widget\" data-e-type=\"widget\" data-widget_type=\"spacer.default\">\n\t\t\t\t\t\t\t<div class=\"elementor-spacer\">\n\t\t\t<div class=\"elementor-spacer-inner\"><\/div>\n\t\t<\/div>\n\t\t\t\t\t\t<\/div>\n\t\t\t\t<div class=\"elementor-element elementor-element-569d4f1 elementor-widget elementor-widget-text-editor\" data-id=\"569d4f1\" data-element_type=\"widget\" data-e-type=\"widget\" data-widget_type=\"text-editor.default\">\n\t\t\t\t\t\t\t\t\t<p style=\"text-align: center\">S upplaga<\/p>\t\t\t\t\t\t\t\t<\/div>\n\t\t\t\t<div class=\"elementor-element elementor-element-445f526 elementor-widget elementor-widget-text-editor\" data-id=\"445f526\" data-element_type=\"widget\" data-e-type=\"widget\" data-widget_type=\"text-editor.default\">\n\t\t\t\t\t\t\t\t\t<p style=\"text-align: center\">Ett mycket t\u00e4tt tvinnat dubbeltvinnat rep i S-lay, utm\u00e4rkligt f\u00f6r sin l\u00e5ngvariga styrka och stabilitet. Dessutom f\u00e4ller det v\u00e4ldigt lite och \u00e4r inte s\u00e4rskilt skrapande mot huden j\u00e4mf\u00f6rt med andra juterep.<\/p>\t\t\t\t\t\t\t\t<\/div>\n\t\t\t\t<div class=\"elementor-element elementor-element-b8fbd7a elementor-widget elementor-widget-image\" data-id=\"b8fbd7a\" data-element_type=\"widget\" data-e-type=\"widget\" data-widget_type=\"image.default\">\n\t\t\t\t\t\t\t\t\t\t\t\t\t\t\t\t<a href=\"https:\/\/bavarian-bondage.de\/sv\/jute-rep-s-utgava\/\">\n\t\t\t\t\t\t\t<img decoding=\"async\" width=\"400\" height=\"200\" src=\"https:\/\/bavarian-bondage.de\/wp-content\/uploads\/2023\/01\/Jute-S-Line-Vorschau.png\" class=\"attachment-large size-large wp-image-8281\" alt=\"\" srcset=\"https:\/\/bavarian-bondage.de\/wp-content\/uploads\/2023\/01\/Jute-S-Line-Vorschau.png 400w, https:\/\/bavarian-bondage.de\/wp-content\/uploads\/2023\/01\/Jute-S-Line-Vorschau-18x9.png 18w\" sizes=\"(max-width: 400px) 100vw, 400px\" title=\"\">\t\t\t\t\t\t\t\t<\/a>\n\t\t\t\t\t\t\t\t\t\t\t\t\t\t\t<\/div>\n\t\t\t\t<\/div>\n\t\t<div class=\"elementor-element elementor-element-af9831a e-con-full e-flex e-con e-child\" data-id=\"af9831a\" data-element_type=\"container\" data-e-type=\"container\">\n\t\t\t\t<div class=\"elementor-element elementor-element-2808452 elementor-widget elementor-widget-spacer\" data-id=\"2808452\" data-element_type=\"widget\" data-e-type=\"widget\" data-widget_type=\"spacer.default\">\n\t\t\t\t\t\t\t<div class=\"elementor-spacer\">\n\t\t\t<div class=\"elementor-spacer-inner\"><\/div>\n\t\t<\/div>\n\t\t\t\t\t\t<\/div>\n\t\t\t\t<div class=\"elementor-element elementor-element-e43b577 elementor-widget elementor-widget-text-editor\" data-id=\"e43b577\" data-element_type=\"widget\" data-e-type=\"widget\" data-widget_type=\"text-editor.default\">\n\t\t\t\t\t\t\t\t\t<p style=\"text-align: center\">Jute mjuk<\/p>\t\t\t\t\t\t\t\t<\/div>\n\t\t\t\t<div class=\"elementor-element elementor-element-7bf76ae elementor-widget elementor-widget-text-editor\" data-id=\"7bf76ae\" data-element_type=\"widget\" data-e-type=\"widget\" data-widget_type=\"text-editor.default\">\n\t\t\t\t\t\t\t\t\t<p style=\"text-align: center\">Ett mycket mjukt och fluffigt rep med en vacker gyllene f\u00e4rg. Tack vare sin mycket l\u00f6sa twist kan detta v\u00e4nsterh\u00e4nta rep knytas extremt snabbt och enkelt. Det \u00e4r inte n\u00f6dv\u00e4ndigtvis det b\u00e4sta valet f\u00f6r nyb\u00f6rjare.<\/p>\t\t\t\t\t\t\t\t<\/div>\n\t\t\t\t<div class=\"elementor-element elementor-element-1e7118f elementor-widget elementor-widget-image\" data-id=\"1e7118f\" data-element_type=\"widget\" data-e-type=\"widget\" data-widget_type=\"image.default\">\n\t\t\t\t\t\t\t\t\t\t\t\t\t\t\t\t<a href=\"https:\/\/bavarian-bondage.de\/sv\/mjuk-jute\/\">\n\t\t\t\t\t\t\t<img loading=\"lazy\" decoding=\"async\" width=\"400\" height=\"200\" src=\"https:\/\/bavarian-bondage.de\/wp-content\/uploads\/2025\/11\/Jute-Soft.png\" class=\"attachment-large size-large wp-image-16131\" alt=\"\" srcset=\"https:\/\/bavarian-bondage.de\/wp-content\/uploads\/2025\/11\/Jute-Soft.png 400w, https:\/\/bavarian-bondage.de\/wp-content\/uploads\/2025\/11\/Jute-Soft-18x9.png 18w\" sizes=\"(max-width: 400px) 100vw, 400px\" title=\"\">\t\t\t\t\t\t\t\t<\/a>\n\t\t\t\t\t\t\t\t\t\t\t\t\t\t\t<\/div>\n\t\t\t\t<div class=\"elementor-element elementor-element-9d4f510 elementor-widget elementor-widget-spacer\" data-id=\"9d4f510\" data-element_type=\"widget\" data-e-type=\"widget\" data-widget_type=\"spacer.default\">\n\t\t\t\t\t\t\t<div class=\"elementor-spacer\">\n\t\t\t<div class=\"elementor-spacer-inner\"><\/div>\n\t\t<\/div>\n\t\t\t\t\t\t<\/div>\n\t\t\t\t<\/div>\n\t\t\t\t\t<\/div>\n\t\t\t\t<\/div>\n\t\t\t\t<\/div>","protected":false},"excerpt":{"rendered":"<p>Juteseile Natur Bei Juteseilen gibt es zahlreiche Unterschiede und ebenso viele Vorlieben unserer Kunden. Daher haben wir insgesamt vier verschiedene Juteseile, mit unterschiedlichen Eigenschaften und Vorz\u00fcgen in unserem Sortiment.\u00a0 N\u00e4here Informationen findet ihr auf den einzelnen Produktseiten der Seile. Standard Jute Unser g\u00fcnstiges Einsteigerseil bieten wir in 5mm und 6mm an. Es ist robust und [&hellip;]<\/p>\n","protected":false},"author":3,"featured_media":0,"parent":0,"menu_order":0,"comment_status":"closed","ping_status":"closed","template":"elementor_header_footer","meta":{"footnotes":""},"class_list":["post-8446","page","type-page","status-publish","hentry"],"_links":{"self":[{"href":"https:\/\/bavarian-bondage.de\/sv\/wp-json\/wp\/v2\/pages\/8446","targetHints":{"allow":["GET"]}}],"collection":[{"href":"https:\/\/bavarian-bondage.de\/sv\/wp-json\/wp\/v2\/pages"}],"about":[{"href":"https:\/\/bavarian-bondage.de\/sv\/wp-json\/wp\/v2\/types\/page"}],"author":[{"embeddable":true,"href":"https:\/\/bavarian-bondage.de\/sv\/wp-json\/wp\/v2\/users\/3"}],"replies":[{"embeddable":true,"href":"https:\/\/bavarian-bondage.de\/sv\/wp-json\/wp\/v2\/comments?post=8446"}],"version-history":[{"count":5,"href":"https:\/\/bavarian-bondage.de\/sv\/wp-json\/wp\/v2\/pages\/8446\/revisions"}],"predecessor-version":[{"id":16216,"href":"https:\/\/bavarian-bondage.de\/sv\/wp-json\/wp\/v2\/pages\/8446\/revisions\/16216"}],"wp:attachment":[{"href":"https:\/\/bavarian-bondage.de\/sv\/wp-json\/wp\/v2\/media?parent=8446"}],"curies":[{"name":"wp","href":"https:\/\/api.w.org\/{rel}","templated":true}]}}