{"id":10206,"date":"2022-04-23T16:44:10","date_gmt":"2022-04-23T14:44:10","guid":{"rendered":"https:\/\/bavarian-bondage.de\/?post_type=product&#038;p=10206"},"modified":"2026-04-12T14:09:16","modified_gmt":"2026-04-12T12:09:16","slug":"repklippare","status":"publish","type":"product","link":"https:\/\/bavarian-bondage.de\/sv\/produkt\/ropecutter\/","title":{"rendered":"Repklippare"},"content":{"rendered":"<h3 style=\"text-align: center\">Repklippare<\/h3>\n<p style=\"text-align: center\">Detta lilla, tveeggade verktyg \u00e4r perfekt utformat f\u00f6r att klippa bondagerep upp till 8 mm.<\/p>\n<p style=\"text-align: center\">Verktyget levereras med en nylonp\u00e5se som kan f\u00e4stas i till exempel ett b\u00e4lte samt tv\u00e5 utbytesblad. Kardborref\u00e4stet h\u00e5ller den s\u00e4kert i v\u00e4skan.<\/p>\n<p style=\"text-align: center\">Ett litet, vasst och effektivt verktyg f\u00f6r n\u00f6dsituationer!<\/p>\n<p><strong>Detaljer:<\/strong><\/p>\n<p>Material: plast, nylon, metall<br \/>\nTotal l\u00e4ngd med \u00f6gla: 20cm<br \/>\nL\u00e4ngd utan \u00f6gla: 9 cm<br \/>\nV\u00e4skans storlek: L 10cm; B 5 cm<\/p>\n<p>&nbsp;<\/p>\n<p><strong>Leveransens omfattning: <\/strong>1 repklippare med nylonp\u00e5se<\/p>\n<p>&nbsp;<\/p>\n<hr \/>\n<blockquote>\n<p style=\"text-align: center\"><span style=\"color: #333399\">Informationen om produkterna tillhandah\u00e5lls efter b\u00e4sta kunskap och \u00f6vertygelse. Alla m\u00e5tt \u00e4r ungef\u00e4rliga. Anv\u00e4ndningen av produkterna som erbjuds h\u00e4r i butiken sker p\u00e5 egen risk. Varje person reagerar olika p\u00e5 yttre p\u00e5verkan, p\u00e5 njutning eller sm\u00e4rta, etc. D\u00e4rf\u00f6r kan inget ansvar accepteras f\u00f6r felaktig anv\u00e4ndning.  Varje anv\u00e4ndare b\u00e4r det fulla ansvaret f\u00f6r anv\u00e4ndning eller korrekt anv\u00e4ndning av produkterna och dess of\u00f6rutsebara konsekvenser.<\/span><\/p>\n<\/blockquote>","protected":false},"excerpt":{"rendered":"<p>Leveranstid: 5-7 dagar*<\/p>","protected":false},"featured_media":14061,"template":"","meta":[],"product_brand":[],"product_cat":[223],"product_tag":[],"class_list":{"0":"post-10206","1":"product","2":"type-product","3":"status-publish","4":"has-post-thumbnail","6":"product_cat-zubehoer","8":"first","9":"instock","10":"taxable","11":"shipping-taxable","12":"purchasable","13":"product-type-variable"},"_links":{"self":[{"href":"https:\/\/bavarian-bondage.de\/sv\/wp-json\/wp\/v2\/product\/10206","targetHints":{"allow":["GET"]}}],"collection":[{"href":"https:\/\/bavarian-bondage.de\/sv\/wp-json\/wp\/v2\/product"}],"about":[{"href":"https:\/\/bavarian-bondage.de\/sv\/wp-json\/wp\/v2\/types\/product"}],"version-history":[{"count":5,"href":"https:\/\/bavarian-bondage.de\/sv\/wp-json\/wp\/v2\/product\/10206\/revisions"}],"predecessor-version":[{"id":16517,"href":"https:\/\/bavarian-bondage.de\/sv\/wp-json\/wp\/v2\/product\/10206\/revisions\/16517"}],"wp:featuredmedia":[{"embeddable":true,"href":"https:\/\/bavarian-bondage.de\/sv\/wp-json\/wp\/v2\/media\/14061"}],"wp:attachment":[{"href":"https:\/\/bavarian-bondage.de\/sv\/wp-json\/wp\/v2\/media?parent=10206"}],"wp:term":[{"taxonomy":"product_brand","embeddable":true,"href":"https:\/\/bavarian-bondage.de\/sv\/wp-json\/wp\/v2\/product_brand?post=10206"},{"taxonomy":"product_cat","embeddable":true,"href":"https:\/\/bavarian-bondage.de\/sv\/wp-json\/wp\/v2\/product_cat?post=10206"},{"taxonomy":"product_tag","embeddable":true,"href":"https:\/\/bavarian-bondage.de\/sv\/wp-json\/wp\/v2\/product_tag?post=10206"}],"curies":[{"name":"wp","href":"https:\/\/api.w.org\/{rel}","templated":true}]}}