{"id":14345,"date":"2024-12-27T12:38:03","date_gmt":"2024-12-27T11:38:03","guid":{"rendered":"https:\/\/bavarian-bondage.de\/?post_type=product&#038;p=14345"},"modified":"2026-05-13T08:19:55","modified_gmt":"2026-05-13T06:19:55","slug":"svaengbar-svart","status":"publish","type":"product","link":"https:\/\/bavarian-bondage.de\/sv\/produkt\/drehwirbel-schwarz\/","title":{"rendered":"Svart vridbar"},"content":{"rendered":"<h3 style=\"text-align: center\">Svart vridbar<\/h3>\n<p style=\"text-align: center\">Svirveln, \u00e4ven k\u00e4nd som en svivel, g\u00f6r vilken suspension bondage-session som helst \u00e4nnu roligare. Svirveln \u00e4r monterad p\u00e5 kullager och har, trots sin lilla storlek, en h\u00f6g b\u00e4rf\u00f6rm\u00e5ga. Tack vare de inbyggda kullagren kan den rotera mycket snabbt, tyst och n\u00e4stan utan motst\u00e5nd.<\/p>\n<p style=\"text-align: center\">F\u00f6r att f\u00f6rhindra rotation r\u00e4cker det att dra ett rep genom de tv\u00e5 \u00f6ppningarna en eller tv\u00e5 g\u00e5nger.<\/p>\n<p><strong>Detaljer:<\/strong><\/p>\n<pre>Storlek: L 10,5 cm \/ B 4,2 cm \u00d6ppningarnas diameter: 3,5 cm x 3,0 cm Materialtjocklek: ca 1 cm B\u00e4rf\u00f6rm\u00e5ga: 30 kN Material: Aluminium F\u00e4rg: Svart Vikt: 130 g EN12275 2008 EN363<\/pre>\n<pre><\/pre>\n<p>&nbsp;<\/p>\n<p><strong>Leveransens omfattning:<\/strong> Svirvel sv\u00e4ngbar svart 30KN<\/p>\n<p>&nbsp;<\/p>\n<hr \/>\n<blockquote>\n<p style=\"text-align: center\"><span style=\"color: #333399\">Informationen om produkterna tillhandah\u00e5lls efter b\u00e4sta kunskap och \u00f6vertygelse. Alla m\u00e5tt \u00e4r ungef\u00e4rliga. Anv\u00e4ndningen av produkterna som erbjuds h\u00e4r i butiken sker p\u00e5 egen risk. Varje person reagerar olika p\u00e5 yttre p\u00e5verkan, p\u00e5 njutning eller sm\u00e4rta, etc. D\u00e4rf\u00f6r kan inget ansvar accepteras f\u00f6r felaktig anv\u00e4ndning.  Varje anv\u00e4ndare b\u00e4r det fulla ansvaret f\u00f6r anv\u00e4ndning eller korrekt anv\u00e4ndning av produkterna och dess of\u00f6rutsebara konsekvenser.<\/span><\/p>\n<\/blockquote>","protected":false},"excerpt":{"rendered":"<p>Leveranstid: 5-7 dagar*<\/p>","protected":false},"featured_media":14347,"template":"","meta":[],"product_brand":[],"product_cat":[222,223,233],"product_tag":[],"class_list":{"0":"post-14345","1":"product","2":"type-product","3":"status-publish","4":"has-post-thumbnail","6":"product_cat-alle-produkte","7":"product_cat-zubehoer","8":"product_cat-bondage-zubehoer","10":"first","11":"instock","12":"taxable","13":"shipping-taxable","14":"purchasable","15":"product-type-simple"},"_links":{"self":[{"href":"https:\/\/bavarian-bondage.de\/sv\/wp-json\/wp\/v2\/product\/14345","targetHints":{"allow":["GET"]}}],"collection":[{"href":"https:\/\/bavarian-bondage.de\/sv\/wp-json\/wp\/v2\/product"}],"about":[{"href":"https:\/\/bavarian-bondage.de\/sv\/wp-json\/wp\/v2\/types\/product"}],"version-history":[{"count":3,"href":"https:\/\/bavarian-bondage.de\/sv\/wp-json\/wp\/v2\/product\/14345\/revisions"}],"predecessor-version":[{"id":14351,"href":"https:\/\/bavarian-bondage.de\/sv\/wp-json\/wp\/v2\/product\/14345\/revisions\/14351"}],"wp:featuredmedia":[{"embeddable":true,"href":"https:\/\/bavarian-bondage.de\/sv\/wp-json\/wp\/v2\/media\/14347"}],"wp:attachment":[{"href":"https:\/\/bavarian-bondage.de\/sv\/wp-json\/wp\/v2\/media?parent=14345"}],"wp:term":[{"taxonomy":"product_brand","embeddable":true,"href":"https:\/\/bavarian-bondage.de\/sv\/wp-json\/wp\/v2\/product_brand?post=14345"},{"taxonomy":"product_cat","embeddable":true,"href":"https:\/\/bavarian-bondage.de\/sv\/wp-json\/wp\/v2\/product_cat?post=14345"},{"taxonomy":"product_tag","embeddable":true,"href":"https:\/\/bavarian-bondage.de\/sv\/wp-json\/wp\/v2\/product_tag?post=14345"}],"curies":[{"name":"wp","href":"https:\/\/api.w.org\/{rel}","templated":true}]}}