{"id":14355,"date":"2024-12-27T13:38:50","date_gmt":"2024-12-27T12:38:50","guid":{"rendered":"https:\/\/bavarian-bondage.de\/?post_type=product&#038;p=14355"},"modified":"2025-09-09T07:50:50","modified_gmt":"2025-09-09T05:50:50","slug":"aluminiumkarbinhake-svart","status":"publish","type":"product","link":"https:\/\/bavarian-bondage.de\/sv\/produkt\/aluminium-karabiner-schwarz\/","title":{"rendered":"Aluminium karbinhake svart"},"content":{"rendered":"<h3 style=\"text-align: center\">Aluminiumkarbinhake svart<\/h3>\n<p style=\"text-align: center\">Aluminiumkarbinen anv\u00e4nds vanligtvis vid kl\u00e4ttring. Det \u00e4r en s\u00e4kerhetskarbinhake med vridl\u00e5s.<\/p>\n<p style=\"text-align: center\">Mycket l\u00e4mplig f\u00f6r att f\u00e4sta en ring, direkt p\u00e5 ringen eller givetvis p\u00e5 sj\u00e4lva repen. Det finns varken vassa eller kantiga kanter som kan skada ett rep.<\/p>\n<p>&nbsp;<\/p>\n<h3 style=\"text-align: center\"><\/h3>\n<p><strong>Detaljer:<\/strong><\/p>\n<p>Material: aluminium<br \/>\nStorlek: L 9,5 cm \/ B 6 cm<br \/>\n\u00d6ppning: 1,7 cm<br \/>\nLastkapacitet: st\u00e4ngd 25 KN<br \/>\nVikt: ca. 50 g<br \/>\nF\u00e4rg: svart<br \/>\nEN12275 2008<\/p>\n<p>&nbsp;<\/p>\n<p><strong>Leveransens omfattning:<\/strong> 1 svart aluminiumkarbinhake<\/p>\n<p>&nbsp;<\/p>\n<hr \/>\n<blockquote>\n<p style=\"text-align: center\"><span style=\"color: #333399\">Informationen om produkterna tillhandah\u00e5lls efter b\u00e4sta kunskap och \u00f6vertygelse. Alla m\u00e5tt \u00e4r ungef\u00e4rliga. Anv\u00e4ndningen av produkterna som erbjuds h\u00e4r i butiken sker p\u00e5 egen risk. Varje person reagerar olika p\u00e5 yttre p\u00e5verkan, p\u00e5 njutning eller sm\u00e4rta, etc. D\u00e4rf\u00f6r kan inget ansvar accepteras f\u00f6r felaktig anv\u00e4ndning.  Varje anv\u00e4ndare b\u00e4r det fulla ansvaret f\u00f6r anv\u00e4ndning eller korrekt anv\u00e4ndning av produkterna och dess of\u00f6rutsebara konsekvenser.<\/span><\/p>\n<\/blockquote>","protected":false},"excerpt":{"rendered":"<p>Leveranstid: 5-7 dagar*<\/p>","protected":false},"featured_media":14356,"template":"","meta":[],"product_brand":[],"product_cat":[222,223,233],"product_tag":[],"class_list":{"0":"post-14355","1":"product","2":"type-product","3":"status-publish","4":"has-post-thumbnail","6":"product_cat-alle-produkte","7":"product_cat-zubehoer","8":"product_cat-bondage-zubehoer","10":"first","11":"outofstock","12":"taxable","13":"shipping-taxable","14":"purchasable","15":"product-type-simple"},"_links":{"self":[{"href":"https:\/\/bavarian-bondage.de\/sv\/wp-json\/wp\/v2\/product\/14355","targetHints":{"allow":["GET"]}}],"collection":[{"href":"https:\/\/bavarian-bondage.de\/sv\/wp-json\/wp\/v2\/product"}],"about":[{"href":"https:\/\/bavarian-bondage.de\/sv\/wp-json\/wp\/v2\/types\/product"}],"version-history":[{"count":1,"href":"https:\/\/bavarian-bondage.de\/sv\/wp-json\/wp\/v2\/product\/14355\/revisions"}],"predecessor-version":[{"id":14357,"href":"https:\/\/bavarian-bondage.de\/sv\/wp-json\/wp\/v2\/product\/14355\/revisions\/14357"}],"wp:featuredmedia":[{"embeddable":true,"href":"https:\/\/bavarian-bondage.de\/sv\/wp-json\/wp\/v2\/media\/14356"}],"wp:attachment":[{"href":"https:\/\/bavarian-bondage.de\/sv\/wp-json\/wp\/v2\/media?parent=14355"}],"wp:term":[{"taxonomy":"product_brand","embeddable":true,"href":"https:\/\/bavarian-bondage.de\/sv\/wp-json\/wp\/v2\/product_brand?post=14355"},{"taxonomy":"product_cat","embeddable":true,"href":"https:\/\/bavarian-bondage.de\/sv\/wp-json\/wp\/v2\/product_cat?post=14355"},{"taxonomy":"product_tag","embeddable":true,"href":"https:\/\/bavarian-bondage.de\/sv\/wp-json\/wp\/v2\/product_tag?post=14355"}],"curies":[{"name":"wp","href":"https:\/\/api.w.org\/{rel}","templated":true}]}}