{"id":15906,"date":"2025-11-16T12:42:07","date_gmt":"2025-11-16T11:42:07","guid":{"rendered":"https:\/\/bavarian-bondage.de\/?post_type=product&#038;p=15906"},"modified":"2026-04-03T16:30:20","modified_gmt":"2026-04-03T14:30:20","slug":"autschisv1","status":"publish","type":"product","link":"https:\/\/bavarian-bondage.de\/sv\/produkt\/autschisv1\/","title":{"rendered":"Aj V1"},"content":{"rendered":"<h3 style=\"text-align: center\">Aj V 1<\/h3>\n<p style=\"text-align: center\" data-start=\"0\" data-end=\"542\">Dessa handgjorda &quot;Autschis&quot; av oljat l\u00f6nntr\u00e4 \u00e4r speciellt utformade f\u00f6r anv\u00e4ndning i bondage och Shibari-\u00f6vningar. Det h\u00f6gkvalitativa, sl\u00e4tt slipade tr\u00e4et garanterar en behaglig k\u00e4nsla och p\u00e5litlig stabilitet. Tv\u00e5 sk\u00e5ror p\u00e5 undersidan ger optimalt grepp f\u00f6r repen och f\u00f6rhindrar glidning under anv\u00e4ndning. Toppen \u00e4r utrustad med nio spikar som m\u00f6jligg\u00f6r riktade tryckpunkter, vilket ger extra stimuli till leken.<\/p>\n<p style=\"text-align: center\" data-start=\"544\" data-end=\"917\">Med en diameter p\u00e5 4,9 cm, en h\u00f6jd p\u00e5 2 cm och en vikt p\u00e5 endast 14 g styck \u00e4r Autschis kompakta, l\u00e4tta och m\u00e5ngsidiga. De kan flexibelt integreras i olika bondagetekniker. Ett set om tv\u00e5 medf\u00f6ljer, perfekt f\u00f6r symmetriska till\u00e4mpningar eller varierade kombinationer.<\/p>\n<p><strong>Detaljer:<\/strong><\/p>\n<p>Material: L\u00f6nn<br \/>\nF\u00e4rg: L\u00f6nn<br \/>\nDiameter: 4,9 cm<br \/>\nH\u00f6jd: 2 cm<br \/>\nVikt: Cirka 14 g per styck<\/p>\n<p>(Rep ing\u00e5r ej)<\/p>\n<p>&nbsp;<\/p>\n<p><strong>Leveransens omfattning:<\/strong> Autschies V1, 2 stycken<\/p>\n<p>&nbsp;<\/p>\n<hr \/>\n<blockquote>\n<p style=\"text-align: center\"><span style=\"color: #333399\">Informationen om produkterna tillhandah\u00e5lls efter b\u00e4sta kunskap och \u00f6vertygelse. Alla m\u00e5tt \u00e4r ungef\u00e4rliga. Anv\u00e4ndningen av produkterna som erbjuds h\u00e4r i butiken sker p\u00e5 egen risk. Varje person reagerar olika p\u00e5 yttre p\u00e5verkan, p\u00e5 njutning eller sm\u00e4rta, etc. D\u00e4rf\u00f6r kan inget ansvar accepteras f\u00f6r felaktig anv\u00e4ndning.  Varje anv\u00e4ndare b\u00e4r det fulla ansvaret f\u00f6r anv\u00e4ndning eller korrekt anv\u00e4ndning av produkterna och dess of\u00f6rutsebara konsekvenser.<\/span><\/p>\n<\/blockquote>","protected":false},"excerpt":{"rendered":"<p>Leveranstid: 5-7 dagar<\/p>","protected":false},"featured_media":15919,"template":"","meta":[],"product_brand":[],"product_cat":[223,222],"product_tag":[],"class_list":{"0":"post-15906","1":"product","2":"type-product","3":"status-publish","4":"has-post-thumbnail","6":"product_cat-zubehoer","7":"product_cat-alle-produkte","9":"first","10":"instock","11":"taxable","12":"shipping-taxable","13":"purchasable","14":"product-type-simple"},"_links":{"self":[{"href":"https:\/\/bavarian-bondage.de\/sv\/wp-json\/wp\/v2\/product\/15906","targetHints":{"allow":["GET"]}}],"collection":[{"href":"https:\/\/bavarian-bondage.de\/sv\/wp-json\/wp\/v2\/product"}],"about":[{"href":"https:\/\/bavarian-bondage.de\/sv\/wp-json\/wp\/v2\/types\/product"}],"version-history":[{"count":5,"href":"https:\/\/bavarian-bondage.de\/sv\/wp-json\/wp\/v2\/product\/15906\/revisions"}],"predecessor-version":[{"id":15933,"href":"https:\/\/bavarian-bondage.de\/sv\/wp-json\/wp\/v2\/product\/15906\/revisions\/15933"}],"wp:featuredmedia":[{"embeddable":true,"href":"https:\/\/bavarian-bondage.de\/sv\/wp-json\/wp\/v2\/media\/15919"}],"wp:attachment":[{"href":"https:\/\/bavarian-bondage.de\/sv\/wp-json\/wp\/v2\/media?parent=15906"}],"wp:term":[{"taxonomy":"product_brand","embeddable":true,"href":"https:\/\/bavarian-bondage.de\/sv\/wp-json\/wp\/v2\/product_brand?post=15906"},{"taxonomy":"product_cat","embeddable":true,"href":"https:\/\/bavarian-bondage.de\/sv\/wp-json\/wp\/v2\/product_cat?post=15906"},{"taxonomy":"product_tag","embeddable":true,"href":"https:\/\/bavarian-bondage.de\/sv\/wp-json\/wp\/v2\/product_tag?post=15906"}],"curies":[{"name":"wp","href":"https:\/\/api.w.org\/{rel}","templated":true}]}}