{"id":15947,"date":"2025-11-17T10:36:34","date_gmt":"2025-11-17T09:36:34","guid":{"rendered":"https:\/\/bavarian-bondage.de\/?post_type=product&#038;p=15947"},"modified":"2025-12-10T12:18:53","modified_gmt":"2025-12-10T11:18:53","slug":"standard-juterep-5mm-exklusivt-set-10x8-och-2x4m","status":"publish","type":"product","link":"https:\/\/bavarian-bondage.de\/sv\/produkt\/juteseil-standard-5mm-exklusiv-set-10x8-und-2x4m\/","title":{"rendered":"Standard 5 mm juterep (exklusivt); Set 10x8m och 2x4m"},"content":{"rendered":"<h3 style=\"text-align: center\">5 mm juterep EXKLUSIVT<\/h3>\n<p style=\"text-align: center\">Det stora professionella setet erbjuder massor av rep f\u00f6r kr\u00e4vande bondage. De tv\u00e5 korta repen kompletterar setet perfekt och erbjuder ett brett utbud av m\u00f6jliga anv\u00e4ndningsomr\u00e5den!<\/p>\n<p style=\"text-align: center\">De sp\u00e4nda repen \u00e4r till en b\u00f6rjan lite styva och grova, men detta kommer snart att \u00e4ndras med anv\u00e4ndning! Repen \u00e4r f\u00f6rsedda med sm\u00e5 \u00e4ndknutar. F\u00f6rfiningen ger jute-repet en vacker karamellf\u00e4rgad look. Repet \u00e4r tillverkat av ett garn och \u00e4r d\u00e4rf\u00f6r j\u00e4mnt och kvistfritt \u00f6ver hela sin l\u00e4ngd.<\/p>\n<p>&nbsp;<\/p>\n<p><strong>Detaljer:<\/strong><\/p>\n<p>Juterep 5mm EXKLUSIVT<br \/>\n3-skaft h\u00e5rt vridet<br \/>\nKaramellf\u00e4rger<br \/>\nSm\u00e5 \u00e4ndknutar<br \/>\nL\u00e4ngd: 10x8m \/ 2x4m<br \/>\n(Repl\u00e4ngden kan variera med upp till 3% fr\u00e5n den angivna l\u00e4ngden.)<\/p>\n<p>&nbsp;<\/p>\n<p><span style=\"color: #ff0000\"><strong>Ett meddelande:<\/strong><\/span><\/p>\n<p>Kontrollera linorna regelbundet f\u00f6r slitage och skador!<br \/>\nOm rep sl\u00e5s eller vrids kan de lossna under anv\u00e4ndning!<br \/>\nTv\u00e4tta inte jute rep. Det \u00e4r b\u00e4st att reng\u00f6ra med en fuktig trasa.<\/p>\n<p>&nbsp;<\/p>\n<p><strong>Leveransens omfattning:<\/strong> 10x8m och 2x4m juterep 5mm EXKLUSIVT<\/p>\n<p>&nbsp;<\/p>\n<hr \/>\n<blockquote>\n<p style=\"text-align: center\"><span style=\"color: #333399\">Informationen om produkterna tillhandah\u00e5lls efter b\u00e4sta kunskap och \u00f6vertygelse. Alla m\u00e5tt \u00e4r ungef\u00e4rliga. Anv\u00e4ndningen av produkterna som erbjuds h\u00e4r i butiken sker p\u00e5 egen risk. Varje person reagerar olika p\u00e5 yttre p\u00e5verkan, p\u00e5 njutning eller sm\u00e4rta, etc. D\u00e4rf\u00f6r kan inget ansvar accepteras f\u00f6r felaktig anv\u00e4ndning.  Varje anv\u00e4ndare b\u00e4r det fulla ansvaret f\u00f6r anv\u00e4ndning eller korrekt anv\u00e4ndning av produkterna och dess of\u00f6rutsebara konsekvenser.<\/span><\/p>\n<\/blockquote>","protected":false},"excerpt":{"rendered":"<p>Grundpris: 1,99 \u20ac\/m<\/p>\n<p>Leveranstid: 5-7 dagar*<\/p>","protected":false},"featured_media":16000,"template":"","meta":[],"product_brand":[],"product_cat":[560,216,222,294],"product_tag":[221,261,273,297],"class_list":{"0":"post-15947","1":"product","2":"type-product","3":"status-publish","4":"has-post-thumbnail","6":"product_cat-jute-standard-5mm","7":"product_cat-bondageseile","8":"product_cat-alle-produkte","9":"product_cat-juteseile","10":"product_tag-seilset","11":"product_tag-bondageseil","12":"product_tag-5mm","13":"product_tag-juteseil","15":"first","16":"instock","17":"taxable","18":"shipping-taxable","19":"purchasable","20":"product-type-simple"},"_links":{"self":[{"href":"https:\/\/bavarian-bondage.de\/sv\/wp-json\/wp\/v2\/product\/15947","targetHints":{"allow":["GET"]}}],"collection":[{"href":"https:\/\/bavarian-bondage.de\/sv\/wp-json\/wp\/v2\/product"}],"about":[{"href":"https:\/\/bavarian-bondage.de\/sv\/wp-json\/wp\/v2\/types\/product"}],"version-history":[{"count":3,"href":"https:\/\/bavarian-bondage.de\/sv\/wp-json\/wp\/v2\/product\/15947\/revisions"}],"predecessor-version":[{"id":15995,"href":"https:\/\/bavarian-bondage.de\/sv\/wp-json\/wp\/v2\/product\/15947\/revisions\/15995"}],"wp:featuredmedia":[{"embeddable":true,"href":"https:\/\/bavarian-bondage.de\/sv\/wp-json\/wp\/v2\/media\/16000"}],"wp:attachment":[{"href":"https:\/\/bavarian-bondage.de\/sv\/wp-json\/wp\/v2\/media?parent=15947"}],"wp:term":[{"taxonomy":"product_brand","embeddable":true,"href":"https:\/\/bavarian-bondage.de\/sv\/wp-json\/wp\/v2\/product_brand?post=15947"},{"taxonomy":"product_cat","embeddable":true,"href":"https:\/\/bavarian-bondage.de\/sv\/wp-json\/wp\/v2\/product_cat?post=15947"},{"taxonomy":"product_tag","embeddable":true,"href":"https:\/\/bavarian-bondage.de\/sv\/wp-json\/wp\/v2\/product_tag?post=15947"}],"curies":[{"name":"wp","href":"https:\/\/api.w.org\/{rel}","templated":true}]}}