{"id":15956,"date":"2025-11-17T11:03:01","date_gmt":"2025-11-17T10:03:01","guid":{"rendered":"https:\/\/bavarian-bondage.de\/?post_type=product&#038;p=15956"},"modified":"2025-11-17T15:32:11","modified_gmt":"2025-11-17T14:32:11","slug":"standard-juterep-5-mm-exklusivt-enkelrep-8-m","status":"publish","type":"product","link":"https:\/\/bavarian-bondage.de\/sv\/produkt\/juteseil-standard-5mm-exklusiv-einzelseil-8m\/","title":{"rendered":"Standard juterep 5 mm (exklusivt); enkelrep 8 m"},"content":{"rendered":"<h3 style=\"text-align: center\">5 mm juterep EXKLUSIVT<\/h3>\n<p style=\"text-align: center\">Byt ut ett rep, ut\u00f6ka setet eller kolla bara kvaliteten.<\/p>\n<p style=\"text-align: center\">Juterepet \u00e4r h\u00e5rt vridet och till en b\u00f6rjan lite styvt och str\u00e4vt, men detta f\u00f6rb\u00e4ttras med anv\u00e4ndning! Repen reng\u00f6rs, bryts, flammas och sedan oljas in. Repet \u00e4r tillverkat av ett garn och \u00e4r d\u00e4rf\u00f6r kontinuerligt, j\u00e4mnt och kvistfritt.<\/p>\n<p><strong>Detaljer:<\/strong><\/p>\n<p>Juterep 5mm EXKLUSIVT<br \/>\n3-skaft h\u00e5rt vridet<br \/>\nKaramellf\u00e4rger<br \/>\nSm\u00e5 \u00e4ndknutar<br \/>\nL\u00e4ngd: 1x8m<br \/>\n(Repl\u00e4ngden kan variera med upp till 3% fr\u00e5n den angivna l\u00e4ngden.)<\/p>\n<p>&nbsp;<\/p>\n<p><span style=\"color: #ff0000\"><strong>Ett meddelande:<\/strong><\/span><\/p>\n<p>Kontrollera linorna regelbundet f\u00f6r slitage och skador!<br \/>\nOm rep sl\u00e5s eller vrids kan de lossna under anv\u00e4ndning!<br \/>\nOm m\u00f6jligt, tv\u00e4tta inte jute rep. Det \u00e4r b\u00e4st att reng\u00f6ra med en fuktig trasa.<\/p>\n<p>&nbsp;<\/p>\n<p><strong>Leveransens omfattning:<\/strong> 1x8m juterep 5mm EXKLUSIVT<\/p>\n<p>&nbsp;<\/p>\n<hr \/>\n<blockquote>\n<p style=\"text-align: center\"><span style=\"color: #333399\">Informationen om produkterna tillhandah\u00e5lls efter b\u00e4sta kunskap och \u00f6vertygelse. Alla m\u00e5tt \u00e4r ungef\u00e4rliga. Anv\u00e4ndningen av produkterna som erbjuds h\u00e4r i butiken sker p\u00e5 egen risk. Varje person reagerar olika p\u00e5 yttre p\u00e5verkan, p\u00e5 njutning eller sm\u00e4rta, etc. D\u00e4rf\u00f6r kan inget ansvar accepteras f\u00f6r felaktig anv\u00e4ndning.  Varje anv\u00e4ndare b\u00e4r det fulla ansvaret f\u00f6r anv\u00e4ndning eller korrekt anv\u00e4ndning av produkterna och dess of\u00f6rutsebara konsekvenser.<\/span><\/p>\n<\/blockquote>","protected":false},"excerpt":{"rendered":"<p>Grundpris: 2,38 \u20ac\/m<\/p>\n<p>Leveranstid: 5-7 dagar*<\/p>","protected":false},"featured_media":15999,"template":"","meta":[],"product_brand":[],"product_cat":[216,222,294,560],"product_tag":[261,273,297,347],"class_list":{"0":"post-15956","1":"product","2":"type-product","3":"status-publish","4":"has-post-thumbnail","6":"product_cat-bondageseile","7":"product_cat-alle-produkte","8":"product_cat-juteseile","9":"product_cat-jute-standard-5mm","10":"product_tag-bondageseil","11":"product_tag-5mm","12":"product_tag-juteseil","13":"product_tag-fesselset","15":"first","16":"instock","17":"taxable","18":"shipping-taxable","19":"purchasable","20":"product-type-simple"},"_links":{"self":[{"href":"https:\/\/bavarian-bondage.de\/sv\/wp-json\/wp\/v2\/product\/15956","targetHints":{"allow":["GET"]}}],"collection":[{"href":"https:\/\/bavarian-bondage.de\/sv\/wp-json\/wp\/v2\/product"}],"about":[{"href":"https:\/\/bavarian-bondage.de\/sv\/wp-json\/wp\/v2\/types\/product"}],"version-history":[{"count":3,"href":"https:\/\/bavarian-bondage.de\/sv\/wp-json\/wp\/v2\/product\/15956\/revisions"}],"predecessor-version":[{"id":15992,"href":"https:\/\/bavarian-bondage.de\/sv\/wp-json\/wp\/v2\/product\/15956\/revisions\/15992"}],"wp:featuredmedia":[{"embeddable":true,"href":"https:\/\/bavarian-bondage.de\/sv\/wp-json\/wp\/v2\/media\/15999"}],"wp:attachment":[{"href":"https:\/\/bavarian-bondage.de\/sv\/wp-json\/wp\/v2\/media?parent=15956"}],"wp:term":[{"taxonomy":"product_brand","embeddable":true,"href":"https:\/\/bavarian-bondage.de\/sv\/wp-json\/wp\/v2\/product_brand?post=15956"},{"taxonomy":"product_cat","embeddable":true,"href":"https:\/\/bavarian-bondage.de\/sv\/wp-json\/wp\/v2\/product_cat?post=15956"},{"taxonomy":"product_tag","embeddable":true,"href":"https:\/\/bavarian-bondage.de\/sv\/wp-json\/wp\/v2\/product_tag?post=15956"}],"curies":[{"name":"wp","href":"https:\/\/api.w.org\/{rel}","templated":true}]}}