{"id":15963,"date":"2025-11-17T11:07:37","date_gmt":"2025-11-17T10:07:37","guid":{"rendered":"https:\/\/bavarian-bondage.de\/?post_type=product&#038;p=15963"},"modified":"2026-03-16T15:09:06","modified_gmt":"2026-03-16T14:09:06","slug":"juterep-standard-5mm-klassiskt-set-10x8m-och-2x4m","status":"publish","type":"product","link":"https:\/\/bavarian-bondage.de\/sv\/produkt\/juteseil-standard-5mm-klassik-set-10x8m-und-2x4m\/","title":{"rendered":"Standard 5 mm klassiskt juterep; set med 10 x 8 m och 2 x 4 m"},"content":{"rendered":"<h3 style=\"text-align: center\">Det 5 mm klassiska juterepet<\/h3>\n<p style=\"text-align: center\">Det stora professionella setet erbjuder massor av rep f\u00f6r kr\u00e4vande bondage. De fyra korta repen kompletterar setet perfekt och erbjuder ett brett utbud av m\u00f6jliga anv\u00e4ndningsomr\u00e5den!<\/p>\n<p style=\"text-align: center\">I b\u00f6rjan \u00e4r repet lite styvt och grovt p\u00e5 grund av den sn\u00e4va rotationen. Juterepet har ingen egen lukt, det luktar minimalt av den behandlingsolja som anv\u00e4nds. \u00c4ndarna p\u00e5 repet knyts med en vanlig \u00f6verhandsknut. Den karamellf\u00e4rgade f\u00e4rgen som skapats av flamsk\u00e4rning ger ett vackert utseende. Repet \u00e4r tillverkat av ett garn och \u00e4r d\u00e4rf\u00f6r j\u00e4mnt och kvistfritt \u00f6ver hela sin l\u00e4ngd.<\/p>\n<p><strong>Detaljer:<\/strong><\/p>\n<p>Juterep 5mm KLASSISK<br \/>\n3-skaft h\u00e5rt vridet<br \/>\nKaramellf\u00e4rger<br \/>\nNormala \u00f6verhandsknutar<br \/>\nL\u00e4ngd: 10x8m \/ 2x4m<br \/>\n(Repl\u00e4ngden kan variera med upp till 3% fr\u00e5n den angivna l\u00e4ngden.)<\/p>\n<p><span style=\"color: #ff0000\"><strong>Ett meddelande:<\/strong><\/span><\/p>\n<p>Kontrollera linorna regelbundet f\u00f6r slitage och skador!<br \/>\nOm rep sl\u00e5s eller vrids kan de lossna under anv\u00e4ndning!<br \/>\nTv\u00e4tta inte jute rep. Det \u00e4r b\u00e4st att reng\u00f6ra med en fuktig trasa.<\/p>\n<p><strong>Leveransens omfattning:<\/strong> 10x8m \/ 2x4m juterep 5mm CLASSIC<\/p>\n<p>&nbsp;<\/p>\n<hr \/>\n<blockquote>\n<p style=\"text-align: center\"><span style=\"color: #333399\">Informationen om produkterna tillhandah\u00e5lls efter b\u00e4sta kunskap och \u00f6vertygelse. Alla m\u00e5tt \u00e4r ungef\u00e4rliga. Anv\u00e4ndningen av produkterna som erbjuds h\u00e4r i butiken sker p\u00e5 egen risk. Varje person reagerar olika p\u00e5 yttre p\u00e5verkan, p\u00e5 njutning eller sm\u00e4rta, etc. D\u00e4rf\u00f6r kan inget ansvar accepteras f\u00f6r felaktig anv\u00e4ndning.  Varje anv\u00e4ndare b\u00e4r det fulla ansvaret f\u00f6r anv\u00e4ndning eller korrekt anv\u00e4ndning av produkterna och dess of\u00f6rutsebara konsekvenser.<\/span><\/p>\n<\/blockquote>","protected":false},"excerpt":{"rendered":"<p>Grundpris: 1,61 \u20ac\/m<\/p>\n<p>Leveranstid: 5-7 dagar*<\/p>","protected":false},"featured_media":16027,"template":"","meta":[],"product_brand":[],"product_cat":[216,222,294,560],"product_tag":[221,261,273,297],"class_list":{"0":"post-15963","1":"product","2":"type-product","3":"status-publish","4":"has-post-thumbnail","6":"product_cat-bondageseile","7":"product_cat-alle-produkte","8":"product_cat-juteseile","9":"product_cat-jute-standard-5mm","10":"product_tag-seilset","11":"product_tag-bondageseil","12":"product_tag-5mm","13":"product_tag-juteseil","15":"first","16":"instock","17":"taxable","18":"shipping-taxable","19":"purchasable","20":"product-type-simple"},"_links":{"self":[{"href":"https:\/\/bavarian-bondage.de\/sv\/wp-json\/wp\/v2\/product\/15963","targetHints":{"allow":["GET"]}}],"collection":[{"href":"https:\/\/bavarian-bondage.de\/sv\/wp-json\/wp\/v2\/product"}],"about":[{"href":"https:\/\/bavarian-bondage.de\/sv\/wp-json\/wp\/v2\/types\/product"}],"version-history":[{"count":3,"href":"https:\/\/bavarian-bondage.de\/sv\/wp-json\/wp\/v2\/product\/15963\/revisions"}],"predecessor-version":[{"id":15991,"href":"https:\/\/bavarian-bondage.de\/sv\/wp-json\/wp\/v2\/product\/15963\/revisions\/15991"}],"wp:featuredmedia":[{"embeddable":true,"href":"https:\/\/bavarian-bondage.de\/sv\/wp-json\/wp\/v2\/media\/16027"}],"wp:attachment":[{"href":"https:\/\/bavarian-bondage.de\/sv\/wp-json\/wp\/v2\/media?parent=15963"}],"wp:term":[{"taxonomy":"product_brand","embeddable":true,"href":"https:\/\/bavarian-bondage.de\/sv\/wp-json\/wp\/v2\/product_brand?post=15963"},{"taxonomy":"product_cat","embeddable":true,"href":"https:\/\/bavarian-bondage.de\/sv\/wp-json\/wp\/v2\/product_cat?post=15963"},{"taxonomy":"product_tag","embeddable":true,"href":"https:\/\/bavarian-bondage.de\/sv\/wp-json\/wp\/v2\/product_tag?post=15963"}],"curies":[{"name":"wp","href":"https:\/\/api.w.org\/{rel}","templated":true}]}}