{"id":15969,"date":"2025-11-17T11:07:46","date_gmt":"2025-11-17T10:07:46","guid":{"rendered":"https:\/\/bavarian-bondage.de\/?post_type=product&#038;p=15969"},"modified":"2026-03-25T23:14:38","modified_gmt":"2026-03-25T22:14:38","slug":"juterep-standard-5mm-klassiskt-enkelrep-8m","status":"publish","type":"product","link":"https:\/\/bavarian-bondage.de\/sv\/produkt\/juteseil-standard-5mm-klassik-einzelseil-8m\/","title":{"rendered":"Standard 5 mm juterep, klassisk stil; enkelt rep 8 m"},"content":{"rendered":"<h3 style=\"text-align: center\">Det 5 mm klassiska juterepet<\/h3>\n<p style=\"text-align: center\">Byt ut ett rep, ut\u00f6ka setet eller kolla bara kvaliteten.<\/p>\n<p style=\"text-align: center\">P\u00e5 grund av den h\u00e5rda tvinnan \u00e4r repet initialt n\u00e5got styvt och grovt. Juterepet har n\u00e4stan ingen inneboende lukt; det har en svag doft av den behandlingsolja som anv\u00e4nts. Rep\u00e4ndarna \u00e4r avslutade med en vanlig \u00f6verhandsknut. Karamellf\u00e4rgen, som \u00e4r resultatet av flambehandlingen, ger repet ett vackert utseende. Repet \u00e4r tillverkat av ett enda garn, vilket g\u00f6r det enhetligt och knutfritt l\u00e4ngs hela sin l\u00e4ngd.<\/p>\n<p><strong>Detaljer:<\/strong><\/p>\n<p>Juterep 5mm KLASSISK<br \/>\n3-skaft h\u00e5rt vridet<br \/>\nKaramellf\u00e4rger<br \/>\nNormala \u00f6verhandsknutar<br \/>\nL\u00e4ngd: 1x8m<br \/>\n(repl\u00e4ngden kan variera med upp till 3% fr\u00e5n den angivna l\u00e4ngden.)<\/p>\n<p>&nbsp;<\/p>\n<p><strong><span style=\"color: #ff0000\">Ett meddelande:<\/span><\/strong><\/p>\n<p>Kontrollera linorna regelbundet f\u00f6r slitage och skador!<br \/>\nOm rep sl\u00e5s eller vrids kan de lossna under anv\u00e4ndning!<br \/>\nTv\u00e4tta inte jute rep. Det \u00e4r b\u00e4st att reng\u00f6ra med en fuktig trasa.<\/p>\n<p><span style=\"color: #000000\"><strong>Leveransens omfattning:<\/strong><\/span> 1x8m juterep 5mm CLASSIC<\/p>\n<p>&nbsp;<\/p>\n<hr \/>\n<blockquote>\n<p style=\"text-align: center\"><span style=\"color: #333399\">Informationen om produkterna tillhandah\u00e5lls efter b\u00e4sta kunskap och \u00f6vertygelse. Alla m\u00e5tt \u00e4r ungef\u00e4rliga. Anv\u00e4ndningen av produkterna som erbjuds h\u00e4r i butiken sker p\u00e5 egen risk. Varje person reagerar olika p\u00e5 yttre p\u00e5verkan, p\u00e5 njutning eller sm\u00e4rta, etc. D\u00e4rf\u00f6r kan inget ansvar accepteras f\u00f6r felaktig anv\u00e4ndning.  Varje anv\u00e4ndare b\u00e4r det fulla ansvaret f\u00f6r anv\u00e4ndning eller korrekt anv\u00e4ndning av produkterna och dess of\u00f6rutsebara konsekvenser.<\/span><\/p>\n<\/blockquote>","protected":false},"excerpt":{"rendered":"<p>Grundpris: 2,00 \u20ac\/m<\/p>\n<p>Leveranstid: 5-7 dagar*<\/p>","protected":false},"featured_media":16028,"template":"","meta":[],"product_brand":[],"product_cat":[560,216,222,294],"product_tag":[221,261,297],"class_list":{"0":"post-15969","1":"product","2":"type-product","3":"status-publish","4":"has-post-thumbnail","6":"product_cat-jute-standard-5mm","7":"product_cat-bondageseile","8":"product_cat-alle-produkte","9":"product_cat-juteseile","10":"product_tag-seilset","11":"product_tag-bondageseil","12":"product_tag-juteseil","14":"first","15":"instock","16":"taxable","17":"shipping-taxable","18":"purchasable","19":"product-type-simple"},"_links":{"self":[{"href":"https:\/\/bavarian-bondage.de\/sv\/wp-json\/wp\/v2\/product\/15969","targetHints":{"allow":["GET"]}}],"collection":[{"href":"https:\/\/bavarian-bondage.de\/sv\/wp-json\/wp\/v2\/product"}],"about":[{"href":"https:\/\/bavarian-bondage.de\/sv\/wp-json\/wp\/v2\/types\/product"}],"version-history":[{"count":4,"href":"https:\/\/bavarian-bondage.de\/sv\/wp-json\/wp\/v2\/product\/15969\/revisions"}],"predecessor-version":[{"id":16515,"href":"https:\/\/bavarian-bondage.de\/sv\/wp-json\/wp\/v2\/product\/15969\/revisions\/16515"}],"wp:featuredmedia":[{"embeddable":true,"href":"https:\/\/bavarian-bondage.de\/sv\/wp-json\/wp\/v2\/media\/16028"}],"wp:attachment":[{"href":"https:\/\/bavarian-bondage.de\/sv\/wp-json\/wp\/v2\/media?parent=15969"}],"wp:term":[{"taxonomy":"product_brand","embeddable":true,"href":"https:\/\/bavarian-bondage.de\/sv\/wp-json\/wp\/v2\/product_brand?post=15969"},{"taxonomy":"product_cat","embeddable":true,"href":"https:\/\/bavarian-bondage.de\/sv\/wp-json\/wp\/v2\/product_cat?post=15969"},{"taxonomy":"product_tag","embeddable":true,"href":"https:\/\/bavarian-bondage.de\/sv\/wp-json\/wp\/v2\/product_tag?post=15969"}],"curies":[{"name":"wp","href":"https:\/\/api.w.org\/{rel}","templated":true}]}}