{"id":16005,"date":"2025-11-17T12:19:48","date_gmt":"2025-11-17T11:19:48","guid":{"rendered":"https:\/\/bavarian-bondage.de\/?post_type=product&#038;p=16005"},"modified":"2025-11-18T16:54:57","modified_gmt":"2025-11-18T15:54:57","slug":"jute-mjuk-6mm-klassiskt-set-10x8m-och-2x4m","status":"publish","type":"product","link":"https:\/\/bavarian-bondage.de\/sv\/produkt\/jute-soft-6mm-klassik-set-10x8m-und-2x4m\/","title":{"rendered":"Jute mjuk 6mm CLASSIC; Set 10x8m och 2x4m"},"content":{"rendered":"<h3 style=\"text-align: center\">Jute mjuk 6mm KLASSISK<\/h3>\n<p style=\"text-align: center\">Detta stora professionella set erbjuder gott om rep f\u00f6r kr\u00e4vande bondagetekniker. De tv\u00e5 kortare repen kompletterar setet perfekt och erbjuder m\u00e5ngsidiga anv\u00e4ndningsomr\u00e5den! V\u00e5rt Jute Soft-rep imponerar med sin vackra gyllene f\u00e4rg och otroligt mjuka k\u00e4nsla mot huden. Den mycket l\u00f6sa S-b\u00f6jen g\u00f6r att repet kan styras praktiskt taget utan motst\u00e5nd, vilket m\u00f6jligg\u00f6r mycket snabb och enkel bondage.<\/p>\n<p style=\"text-align: center\">\u00c4ven under reptillverkningsprocessen anv\u00e4nds garn av h\u00f6gsta kvalitet, vilket i h\u00f6g grad gynnar repens senare anv\u00e4ndning. Repen bearbetas sedan noggrant och f\u00e4rdigst\u00e4lls f\u00f6r hand.<\/p>\n<p style=\"text-align: center\">\u00c4ndarna st\u00e4ngs med en enkel \u00f6verhandsknut.<\/p>\n<p style=\"text-align: center\"><strong>Eftersom repen \u00e4r v\u00e4ldigt l\u00f6st lindade och det \u00e4r l\u00e4tt att fastna med fingrarna mellan de enskilda tr\u00e5darna, rekommenderar vi endast den h\u00e4r produkten till anv\u00e4ndare med viss erfarenhet! Om du \u00e4r os\u00e4ker rekommenderar vi att du best\u00e4ller ett testrep f\u00f6rst.<\/strong><\/p>\n<p style=\"text-align: center\"><span style=\"color: #ff0000\"><strong>Dessa rep b\u00f6r inte anv\u00e4ndas f\u00f6r upplinor (b\u00e4rrep) eftersom deras brottstyrka \u00e4r l\u00e4gre \u00e4n hos v\u00e5ra andra juterep!<\/strong><\/span><\/p>\n<p>&nbsp;<\/p>\n<p><strong>Detaljer:<\/strong><\/p>\n<p>Jute mjuk 6mm KLASSISK<br \/>\n3-axelsvarv<br \/>\nLjus gyllene nyans<br \/>\n\u00d6verhandsknut<br \/>\nL\u00e4ngd: 10x8m och 2x4m<br \/>\n(Repl\u00e4ngden kan variera med upp till 3% fr\u00e5n den angivna l\u00e4ngden.)<\/p>\n<p>&nbsp;<\/p>\n<p><span style=\"color: #ff0000\"><strong>Ett meddelande:<\/strong><\/span><\/p>\n<p>Kontrollera linorna regelbundet f\u00f6r slitage och skador!<br \/>\nOm rep sl\u00e5s eller vrids kan de lossna under anv\u00e4ndning!<br \/>\nTv\u00e4tta inte jute rep. Det \u00e4r b\u00e4st att reng\u00f6ra med en fuktig trasa.<\/p>\n<p>&nbsp;<\/p>\n<p><strong>Leveransens omfattning:<\/strong> 10x8m och 2x4m Jute Soft CLASSIC<\/p>\n<p>&nbsp;<\/p>\n<hr \/>\n<blockquote>\n<p style=\"text-align: center\"><span style=\"color: #333399\">Informationen om produkterna tillhandah\u00e5lls efter b\u00e4sta kunskap och \u00f6vertygelse. Alla m\u00e5tt \u00e4r ungef\u00e4rliga. Anv\u00e4ndningen av produkterna som erbjuds h\u00e4r i butiken sker p\u00e5 egen risk. Varje person reagerar olika p\u00e5 yttre p\u00e5verkan, p\u00e5 njutning eller sm\u00e4rta, etc. D\u00e4rf\u00f6r kan inget ansvar accepteras f\u00f6r felaktig anv\u00e4ndning.  Varje anv\u00e4ndare b\u00e4r det fulla ansvaret f\u00f6r anv\u00e4ndning eller korrekt anv\u00e4ndning av produkterna och dess of\u00f6rutsebara konsekvenser.<\/span><\/p>\n<\/blockquote>","protected":false},"excerpt":{"rendered":"<p>Grundpris: 2,35 \u20ac\/m\u00b2<\/p>\n<p>Leveranstid: 5-7 dagar*<\/p>","protected":false},"featured_media":16108,"template":"","meta":[],"product_brand":[],"product_cat":[558,216,222,294],"product_tag":[297,559,261,284],"class_list":{"0":"post-16005","1":"product","2":"type-product","3":"status-publish","4":"has-post-thumbnail","6":"product_cat-jute-soft-6mm-klassik","7":"product_cat-bondageseile","8":"product_cat-alle-produkte","9":"product_cat-juteseile","10":"product_tag-juteseil","11":"product_tag-jute-soft","12":"product_tag-bondageseil","13":"product_tag-6mm","15":"first","16":"instock","17":"taxable","18":"shipping-taxable","19":"purchasable","20":"product-type-simple"},"_links":{"self":[{"href":"https:\/\/bavarian-bondage.de\/sv\/wp-json\/wp\/v2\/product\/16005","targetHints":{"allow":["GET"]}}],"collection":[{"href":"https:\/\/bavarian-bondage.de\/sv\/wp-json\/wp\/v2\/product"}],"about":[{"href":"https:\/\/bavarian-bondage.de\/sv\/wp-json\/wp\/v2\/types\/product"}],"version-history":[{"count":4,"href":"https:\/\/bavarian-bondage.de\/sv\/wp-json\/wp\/v2\/product\/16005\/revisions"}],"predecessor-version":[{"id":16184,"href":"https:\/\/bavarian-bondage.de\/sv\/wp-json\/wp\/v2\/product\/16005\/revisions\/16184"}],"wp:featuredmedia":[{"embeddable":true,"href":"https:\/\/bavarian-bondage.de\/sv\/wp-json\/wp\/v2\/media\/16108"}],"wp:attachment":[{"href":"https:\/\/bavarian-bondage.de\/sv\/wp-json\/wp\/v2\/media?parent=16005"}],"wp:term":[{"taxonomy":"product_brand","embeddable":true,"href":"https:\/\/bavarian-bondage.de\/sv\/wp-json\/wp\/v2\/product_brand?post=16005"},{"taxonomy":"product_cat","embeddable":true,"href":"https:\/\/bavarian-bondage.de\/sv\/wp-json\/wp\/v2\/product_cat?post=16005"},{"taxonomy":"product_tag","embeddable":true,"href":"https:\/\/bavarian-bondage.de\/sv\/wp-json\/wp\/v2\/product_tag?post=16005"}],"curies":[{"name":"wp","href":"https:\/\/api.w.org\/{rel}","templated":true}]}}