{"id":16618,"date":"2026-01-26T14:19:50","date_gmt":"2026-01-26T13:19:50","guid":{"rendered":"https:\/\/bavarian-bondage.de\/?post_type=product&#038;p=16618"},"modified":"2026-01-31T16:13:59","modified_gmt":"2026-01-31T15:13:59","slug":"furoshiki-vaeska-3","status":"publish","type":"product","link":"https:\/\/bavarian-bondage.de\/sv\/produkt\/furoshiki-tasche-3\/","title":{"rendered":"Furoshiki v\u00e4ska 3"},"content":{"rendered":"<h3 style=\"text-align: center\">Furoshiki v\u00e4ska 3<\/h3>\n<p style=\"text-align: center\" data-start=\"153\" data-end=\"337\">Furoshiki-v\u00e4skor \u00e4r perfekta f\u00f6r s\u00e4ker och elegant transport av dina rep. Dessa h\u00f6gkvalitativa repv\u00e4skor kombinerar funktionalitet med modern design.<\/p>\n<p style=\"text-align: center\" data-start=\"344\" data-end=\"559\">Varje v\u00e4ska \u00e4r unik och sydd av Denise Knoblich med noggrann uppm\u00e4rksamhet p\u00e5 detaljer. Furoshiki-v\u00e4skorna imponerar med sin h\u00e5llbarhet, behagliga k\u00e4nsla och gener\u00f6sa storlek som erbjuder gott om utrymme.<\/p>\n<p style=\"text-align: center\" data-start=\"344\" data-end=\"559\">F\u00f6rutom v\u00e4skan ing\u00e5r \u00e4ven tv\u00e5 matchande \u00f6gonmasker!<\/p>\n<p style=\"text-align: center\" data-start=\"124\" data-end=\"319\">.<\/p>\n<p><strong>Detaljer:<\/strong><\/p>\n<p><strong>Material:<\/strong> 100% Bomull<br \/>\n<strong>V\u00e4skstorlek:<\/strong> 100 cm x 100 cm<br \/>\n<strong>Storlek p\u00e5 \u00f6gonbindlar: <\/strong>90 cm x 11 cm<br \/>\n<strong>Vikt:<\/strong> ca 300 g<br \/>\n<strong>F\u00e4rg\/motiv:<\/strong> se bild<\/p>\n<p>&nbsp;<\/p>\n<p>&nbsp;<\/p>\n<p><strong>Leveransens omfattning:<\/strong> 1x Furoshiki-v\u00e4ska 3, 2x f\u00e4rgkoordinerade \u00f6gonbindlar<\/p>\n<p>&nbsp;<\/p>\n<hr \/>\n<blockquote>\n<p style=\"text-align: center\"><span style=\"color: #333399\">Informationen om produkterna tillhandah\u00e5lls efter b\u00e4sta kunskap och \u00f6vertygelse. Alla m\u00e5tt \u00e4r ungef\u00e4rliga. Anv\u00e4ndningen av produkterna som erbjuds h\u00e4r i butiken sker p\u00e5 egen risk. Varje person reagerar olika p\u00e5 yttre p\u00e5verkan, p\u00e5 njutning eller sm\u00e4rta, etc. D\u00e4rf\u00f6r kan inget ansvar accepteras f\u00f6r felaktig anv\u00e4ndning.  Varje anv\u00e4ndare b\u00e4r det fulla ansvaret f\u00f6r anv\u00e4ndning eller korrekt anv\u00e4ndning av produkterna och dess of\u00f6rutsebara konsekvenser.<\/span><\/p>\n<\/blockquote>","protected":false},"excerpt":{"rendered":"<p>100% Bomull<\/p>\n<p>Leveranstid: 5-7 dagar*<\/p>","protected":false},"featured_media":16646,"template":"","meta":[],"product_brand":[],"product_cat":[15,223],"product_tag":[],"class_list":{"0":"post-16618","1":"product","2":"type-product","3":"status-publish","4":"has-post-thumbnail","6":"product_cat-unkategorisiert","7":"product_cat-zubehoer","9":"first","10":"instock","11":"taxable","12":"shipping-taxable","13":"purchasable","14":"product-type-simple"},"_links":{"self":[{"href":"https:\/\/bavarian-bondage.de\/sv\/wp-json\/wp\/v2\/product\/16618","targetHints":{"allow":["GET"]}}],"collection":[{"href":"https:\/\/bavarian-bondage.de\/sv\/wp-json\/wp\/v2\/product"}],"about":[{"href":"https:\/\/bavarian-bondage.de\/sv\/wp-json\/wp\/v2\/types\/product"}],"version-history":[{"count":5,"href":"https:\/\/bavarian-bondage.de\/sv\/wp-json\/wp\/v2\/product\/16618\/revisions"}],"predecessor-version":[{"id":16700,"href":"https:\/\/bavarian-bondage.de\/sv\/wp-json\/wp\/v2\/product\/16618\/revisions\/16700"}],"wp:featuredmedia":[{"embeddable":true,"href":"https:\/\/bavarian-bondage.de\/sv\/wp-json\/wp\/v2\/media\/16646"}],"wp:attachment":[{"href":"https:\/\/bavarian-bondage.de\/sv\/wp-json\/wp\/v2\/media?parent=16618"}],"wp:term":[{"taxonomy":"product_brand","embeddable":true,"href":"https:\/\/bavarian-bondage.de\/sv\/wp-json\/wp\/v2\/product_brand?post=16618"},{"taxonomy":"product_cat","embeddable":true,"href":"https:\/\/bavarian-bondage.de\/sv\/wp-json\/wp\/v2\/product_cat?post=16618"},{"taxonomy":"product_tag","embeddable":true,"href":"https:\/\/bavarian-bondage.de\/sv\/wp-json\/wp\/v2\/product_tag?post=16618"}],"curies":[{"name":"wp","href":"https:\/\/api.w.org\/{rel}","templated":true}]}}