{"id":16863,"date":"2026-02-26T16:50:07","date_gmt":"2026-02-26T15:50:07","guid":{"rendered":"https:\/\/bavarian-bondage.de\/?post_type=product&#038;p=16863"},"modified":"2026-02-26T16:51:19","modified_gmt":"2026-02-26T15:51:19","slug":"furoshiki-vaeska-10","status":"publish","type":"product","link":"https:\/\/bavarian-bondage.de\/sv\/produkt\/furoshiki-tasche-10\/","title":{"rendered":"Furoshiki v\u00e4ska 10"},"content":{"rendered":"<h3 style=\"text-align: center\">Furoshiki v\u00e4ska 10<\/h3>\n<p style=\"text-align: center\" data-start=\"124\" data-end=\"319\">Furoshiki-v\u00e4skor \u00e4r perfekta f\u00f6r s\u00e4ker och snygg transport av dina rep. Dessa h\u00f6gkvalitativa repv\u00e4skor kombinerar funktionalitet med en enkel, klassisk design.<\/p>\n<p style=\"text-align: center\" data-start=\"321\" data-end=\"610\">Varje v\u00e4ska \u00e4r unik och k\u00e4rleksfullt sydd av Denise Knoblich med noggrann uppm\u00e4rksamhet p\u00e5 detaljer. Furoshiki-v\u00e4skorna imponerar med sin h\u00e5llbarhet, behagliga k\u00e4nsla och gener\u00f6sa storlek som erbjuder gott om utrymme.<\/p>\n<p style=\"text-align: center\" data-start=\"321\" data-end=\"610\">F\u00f6rutom v\u00e4skan ing\u00e5r \u00e4ven tv\u00e5 matchande \u00f6gonmasker!<\/p>\n<p><strong>Detaljer:<\/strong><\/p>\n<p><strong>Material:<\/strong> 100% Bomull<br \/>\n<strong>V\u00e4skstorlek:<\/strong> 100 cm x 100 cm<br \/>\n<strong>Storlek p\u00e5 \u00f6gonbindlar: <\/strong>90 cm x 11 cm<br \/>\n<strong>Vikt:<\/strong> ca 300 g<br \/>\n<strong>F\u00e4rg\/motiv:<\/strong> se bild<\/p>\n<p>&nbsp;<\/p>\n<p>&nbsp;<\/p>\n<p><strong>Leveransens omfattning:<\/strong> 1x Furoshiki-p\u00e5se 10, 2x f\u00e4rgkoordinerade \u00f6gonbindlar<\/p>\n<p>&nbsp;<\/p>\n<hr \/>\n<blockquote>\n<p style=\"text-align: center\"><span style=\"color: #333399\">Informationen om produkterna tillhandah\u00e5lls efter b\u00e4sta kunskap och \u00f6vertygelse. Alla m\u00e5tt \u00e4r ungef\u00e4rliga. Anv\u00e4ndningen av produkterna som erbjuds h\u00e4r i butiken sker p\u00e5 egen risk. Varje person reagerar olika p\u00e5 yttre p\u00e5verkan, p\u00e5 njutning eller sm\u00e4rta, etc. D\u00e4rf\u00f6r kan inget ansvar accepteras f\u00f6r felaktig anv\u00e4ndning.  Varje anv\u00e4ndare b\u00e4r det fulla ansvaret f\u00f6r anv\u00e4ndning eller korrekt anv\u00e4ndning av produkterna och dess of\u00f6rutsebara konsekvenser.<\/span><\/p>\n<\/blockquote>","protected":false},"excerpt":{"rendered":"<p>100% Bomull<\/p>\n<p>Leveranstid: 5-7 dagar*<\/p>","protected":false},"featured_media":16865,"template":"","meta":[],"product_brand":[],"product_cat":[15,223],"product_tag":[],"class_list":{"0":"post-16863","1":"product","2":"type-product","3":"status-publish","4":"has-post-thumbnail","6":"product_cat-unkategorisiert","7":"product_cat-zubehoer","9":"first","10":"instock","11":"taxable","12":"shipping-taxable","13":"purchasable","14":"product-type-simple"},"_links":{"self":[{"href":"https:\/\/bavarian-bondage.de\/sv\/wp-json\/wp\/v2\/product\/16863","targetHints":{"allow":["GET"]}}],"collection":[{"href":"https:\/\/bavarian-bondage.de\/sv\/wp-json\/wp\/v2\/product"}],"about":[{"href":"https:\/\/bavarian-bondage.de\/sv\/wp-json\/wp\/v2\/types\/product"}],"version-history":[{"count":2,"href":"https:\/\/bavarian-bondage.de\/sv\/wp-json\/wp\/v2\/product\/16863\/revisions"}],"predecessor-version":[{"id":16866,"href":"https:\/\/bavarian-bondage.de\/sv\/wp-json\/wp\/v2\/product\/16863\/revisions\/16866"}],"wp:featuredmedia":[{"embeddable":true,"href":"https:\/\/bavarian-bondage.de\/sv\/wp-json\/wp\/v2\/media\/16865"}],"wp:attachment":[{"href":"https:\/\/bavarian-bondage.de\/sv\/wp-json\/wp\/v2\/media?parent=16863"}],"wp:term":[{"taxonomy":"product_brand","embeddable":true,"href":"https:\/\/bavarian-bondage.de\/sv\/wp-json\/wp\/v2\/product_brand?post=16863"},{"taxonomy":"product_cat","embeddable":true,"href":"https:\/\/bavarian-bondage.de\/sv\/wp-json\/wp\/v2\/product_cat?post=16863"},{"taxonomy":"product_tag","embeddable":true,"href":"https:\/\/bavarian-bondage.de\/sv\/wp-json\/wp\/v2\/product_tag?post=16863"}],"curies":[{"name":"wp","href":"https:\/\/api.w.org\/{rel}","templated":true}]}}