{"id":2914,"date":"2020-10-17T12:56:19","date_gmt":"2020-10-17T10:56:19","guid":{"rendered":"https:\/\/bavarian-bondage.tivendo.com\/produkt\/import-placeholder-for-297\/"},"modified":"2026-04-11T23:55:58","modified_gmt":"2026-04-11T21:55:58","slug":"aluminium-karbinhake","status":"publish","type":"product","link":"https:\/\/bavarian-bondage.de\/sv\/produkt\/aluminium-karabiner\/","title":{"rendered":"Aluminium karbinhake"},"content":{"rendered":"<h3 style=\"text-align: center\">Aluminium karbinhake<\/h3>\n<p style=\"text-align: center\">Aluminiumkarbinhaken anv\u00e4nds vanligtvis vid kl\u00e4ttring. Det \u00e4r en s\u00e4kerhetskarbin som endast kan \u00f6ppnas efter att du har vridit hjulet 90\u00b0. Mekanismen \u00e4r mycket v\u00e4lgjord vilket g\u00f6r den l\u00e4tt att vrida och \u00f6ppna med en hand.<\/p>\n<p style=\"text-align: center\">Mycket l\u00e4mplig f\u00f6r att f\u00e4sta en ring, direkt p\u00e5 ringen eller givetvis p\u00e5 sj\u00e4lva repen. Det finns varken vassa eller kantiga kanter som kan skada ett rep.<\/p>\n<p>&nbsp;<\/p>\n<h3 style=\"text-align: center\"><\/h3>\n<p><strong>Detaljer:<\/strong><\/p>\n<p>Material: aluminium<br \/>\nStorlek: L 11cm \/ B 6cm<br \/>\n\u00d6ppning: 2,6 cm<br \/>\nLastkapacitet: st\u00e4ngd 25 KN<br \/>\nVikt: 80 g<br \/>\nF\u00e4rg: valbar<br \/>\nEN362:2004<\/p>\n<p>&nbsp;<\/p>\n<p><strong>Leveransens omfattning:<\/strong> 1 aluminium karbinhake svart eller r\u00f6d<\/p>\n<p>&nbsp;<\/p>\n<hr \/>\n<blockquote>\n<p style=\"text-align: center\"><span style=\"color: #333399\">Informationen om produkterna tillhandah\u00e5lls efter b\u00e4sta kunskap och \u00f6vertygelse. Alla m\u00e5tt \u00e4r ungef\u00e4rliga. Anv\u00e4ndningen av produkterna som erbjuds h\u00e4r i butiken sker p\u00e5 egen risk. Varje person reagerar olika p\u00e5 yttre p\u00e5verkan, p\u00e5 njutning eller sm\u00e4rta, etc. D\u00e4rf\u00f6r kan inget ansvar accepteras f\u00f6r felaktig anv\u00e4ndning.  Varje anv\u00e4ndare b\u00e4r det fulla ansvaret f\u00f6r anv\u00e4ndning eller korrekt anv\u00e4ndning av produkterna och dess of\u00f6rutsebara konsekvenser.<\/span><\/p>\n<\/blockquote>","protected":false},"excerpt":{"rendered":"<p>Leveranstid: 5-7 dagar*<\/p>","protected":false},"featured_media":14050,"template":"","meta":[],"product_brand":[],"product_cat":[222,223],"product_tag":[],"class_list":{"0":"post-2914","1":"product","2":"type-product","3":"status-publish","4":"has-post-thumbnail","6":"product_cat-alle-produkte","7":"product_cat-zubehoer","9":"first","10":"instock","11":"taxable","12":"shipping-taxable","13":"purchasable","14":"product-type-variable"},"_links":{"self":[{"href":"https:\/\/bavarian-bondage.de\/sv\/wp-json\/wp\/v2\/product\/2914","targetHints":{"allow":["GET"]}}],"collection":[{"href":"https:\/\/bavarian-bondage.de\/sv\/wp-json\/wp\/v2\/product"}],"about":[{"href":"https:\/\/bavarian-bondage.de\/sv\/wp-json\/wp\/v2\/types\/product"}],"version-history":[{"count":5,"href":"https:\/\/bavarian-bondage.de\/sv\/wp-json\/wp\/v2\/product\/2914\/revisions"}],"predecessor-version":[{"id":14166,"href":"https:\/\/bavarian-bondage.de\/sv\/wp-json\/wp\/v2\/product\/2914\/revisions\/14166"}],"wp:featuredmedia":[{"embeddable":true,"href":"https:\/\/bavarian-bondage.de\/sv\/wp-json\/wp\/v2\/media\/14050"}],"wp:attachment":[{"href":"https:\/\/bavarian-bondage.de\/sv\/wp-json\/wp\/v2\/media?parent=2914"}],"wp:term":[{"taxonomy":"product_brand","embeddable":true,"href":"https:\/\/bavarian-bondage.de\/sv\/wp-json\/wp\/v2\/product_brand?post=2914"},{"taxonomy":"product_cat","embeddable":true,"href":"https:\/\/bavarian-bondage.de\/sv\/wp-json\/wp\/v2\/product_cat?post=2914"},{"taxonomy":"product_tag","embeddable":true,"href":"https:\/\/bavarian-bondage.de\/sv\/wp-json\/wp\/v2\/product_tag?post=2914"}],"curies":[{"name":"wp","href":"https:\/\/api.w.org\/{rel}","templated":true}]}}