{"id":2919,"date":"2020-10-17T12:55:20","date_gmt":"2020-10-17T10:55:20","guid":{"rendered":"https:\/\/bavarian-bondage.tivendo.com\/produkt\/import-placeholder-for-323\/"},"modified":"2026-04-07T23:46:58","modified_gmt":"2026-04-07T21:46:58","slug":"lagtemperaturljus-250-ml","status":"publish","type":"product","link":"https:\/\/bavarian-bondage.de\/sv\/produkt\/niedertemperaturkerze-250ml\/","title":{"rendered":"L\u00e5gtemperaturljus 250 ml"},"content":{"rendered":"<h3 style=\"text-align: center\">L\u00e5gtemperaturljus 250 ml<\/h3>\n<p style=\"text-align: center\">Ljuset i burken \u00e4r inte bara ett blickf\u00e5ng, utan ocks\u00e5 v\u00e4ldigt praktiskt tack vare h\u00e4llpipen! Ljusvaxet har en l\u00e5g sm\u00e4ltpunkt p\u00e5 runt 55 grader, vilket vanligtvis upplevs vara relativt behagligt p\u00e5 huden. Om du anv\u00e4nder ljuset f\u00f6r att leka eller som en vacker dekoration \u00e4r upp till dig.<\/p>\n<p>&nbsp;<\/p>\n<p><strong>Detaljer:<\/strong><\/p>\n<p>Material: aluminium, paraffin, ljusf\u00e4rg<br \/>\nStorlek: H 55mm B 80mm<br \/>\nF\u00e4rg: valbar<br \/>\nInneh\u00e5ll: 250ml<br \/>\nTotalvikt: ca 270g<\/p>\n<p>&nbsp;<\/p>\n<p><strong>Leveransens omfattning:<\/strong> 1 l\u00e5gtemperaturljus 250 ml<\/p>\n<p>&nbsp;<\/p>\n<hr \/>\n<blockquote>\n<p style=\"text-align: center\"><span style=\"color: #333399\">Informationen om produkterna tillhandah\u00e5lls efter b\u00e4sta kunskap och \u00f6vertygelse. Alla m\u00e5tt \u00e4r ungef\u00e4rliga. Anv\u00e4ndningen av produkterna som erbjuds h\u00e4r i butiken sker p\u00e5 egen risk. Varje person reagerar olika p\u00e5 yttre p\u00e5verkan, p\u00e5 njutning eller sm\u00e4rta, etc. D\u00e4rf\u00f6r kan inget ansvar accepteras f\u00f6r felaktig anv\u00e4ndning.  Varje anv\u00e4ndare b\u00e4r det fulla ansvaret f\u00f6r anv\u00e4ndning eller korrekt anv\u00e4ndning av produkterna och dess of\u00f6rutsebara konsekvenser.<\/span><\/p>\n<\/blockquote>","protected":false},"excerpt":{"rendered":"<p>Grundpris: 56,00 \u20ac\/L<\/p>\n<p>Leveranstid: 5-7 dagar*<\/p>","protected":false},"featured_media":15937,"template":"","meta":[],"product_brand":[],"product_cat":[224],"product_tag":[],"class_list":{"0":"post-2919","1":"product","2":"type-product","3":"status-publish","4":"has-post-thumbnail","6":"product_cat-lustschmerz","8":"first","9":"instock","10":"taxable","11":"shipping-taxable","12":"purchasable","13":"product-type-variable"},"_links":{"self":[{"href":"https:\/\/bavarian-bondage.de\/sv\/wp-json\/wp\/v2\/product\/2919","targetHints":{"allow":["GET"]}}],"collection":[{"href":"https:\/\/bavarian-bondage.de\/sv\/wp-json\/wp\/v2\/product"}],"about":[{"href":"https:\/\/bavarian-bondage.de\/sv\/wp-json\/wp\/v2\/types\/product"}],"version-history":[{"count":5,"href":"https:\/\/bavarian-bondage.de\/sv\/wp-json\/wp\/v2\/product\/2919\/revisions"}],"predecessor-version":[{"id":16506,"href":"https:\/\/bavarian-bondage.de\/sv\/wp-json\/wp\/v2\/product\/2919\/revisions\/16506"}],"wp:featuredmedia":[{"embeddable":true,"href":"https:\/\/bavarian-bondage.de\/sv\/wp-json\/wp\/v2\/media\/15937"}],"wp:attachment":[{"href":"https:\/\/bavarian-bondage.de\/sv\/wp-json\/wp\/v2\/media?parent=2919"}],"wp:term":[{"taxonomy":"product_brand","embeddable":true,"href":"https:\/\/bavarian-bondage.de\/sv\/wp-json\/wp\/v2\/product_brand?post=2919"},{"taxonomy":"product_cat","embeddable":true,"href":"https:\/\/bavarian-bondage.de\/sv\/wp-json\/wp\/v2\/product_cat?post=2919"},{"taxonomy":"product_tag","embeddable":true,"href":"https:\/\/bavarian-bondage.de\/sv\/wp-json\/wp\/v2\/product_tag?post=2919"}],"curies":[{"name":"wp","href":"https:\/\/api.w.org\/{rel}","templated":true}]}}