{"id":2930,"date":"2020-10-17T12:51:21","date_gmt":"2020-10-17T10:51:21","guid":{"rendered":"https:\/\/bavarian-bondage.tivendo.com\/produkt\/import-placeholder-for-368\/"},"modified":"2026-01-25T22:39:03","modified_gmt":"2026-01-25T21:39:03","slug":"kloever-klaemmor","status":"publish","type":"product","link":"https:\/\/bavarian-bondage.de\/sv\/produkt\/clover-clamps\/","title":{"rendered":"Kl\u00f6ver kl\u00e4mmor"},"content":{"rendered":"<h3 style=\"text-align: center\">Kl\u00f6ver kl\u00e4mmor<\/h3>\n<p style=\"text-align: center\">F\u00f6rmodligen de mest k\u00e4nda kl\u00e4mmorna inom BDSM-omr\u00e5det. Dessa kl\u00e4mmor \u00e4r utformade p\u00e5 ett s\u00e5dant s\u00e4tt att trycket \u00f6kar ytterligare n\u00e4r de dras. Utrustad med en stadig 30 cm l\u00e5ng kedja och en gummikudde vid kl\u00e4mpunkten.<\/p>\n<p>&nbsp;<\/p>\n<p><strong>Detaljer:<\/strong><\/p>\n<p>Material: metall, gummidyna<br \/>\nKedjans l\u00e4ngd: 30 cm<br \/>\nKl\u00e4mstorlek: 9 cm<\/p>\n<p>&nbsp;<\/p>\n<p><strong>Leveransens omfattning:<\/strong> Kl\u00f6verkl\u00e4mmor med kedja<\/p>\n<p>&nbsp;<\/p>\n<hr \/>\n<blockquote>\n<p style=\"text-align: center\"><span style=\"color: #333399\">Informationen om produkterna tillhandah\u00e5lls efter b\u00e4sta kunskap och \u00f6vertygelse. Alla m\u00e5tt \u00e4r ungef\u00e4rliga. Anv\u00e4ndningen av produkterna som erbjuds h\u00e4r i butiken sker p\u00e5 egen risk. Varje person reagerar olika p\u00e5 yttre p\u00e5verkan, p\u00e5 njutning eller sm\u00e4rta, etc. D\u00e4rf\u00f6r kan inget ansvar accepteras f\u00f6r felaktig anv\u00e4ndning.  Varje anv\u00e4ndare b\u00e4r det fulla ansvaret f\u00f6r anv\u00e4ndning eller korrekt anv\u00e4ndning av produkterna och dess of\u00f6rutsebara konsekvenser.<\/span><\/p>\n<\/blockquote>","protected":false},"excerpt":{"rendered":"<p>Leveranstid: 5-7 dagar*<\/p>","protected":false},"featured_media":8568,"template":"","meta":[],"product_brand":[],"product_cat":[248],"product_tag":[249,250,251],"class_list":{"0":"post-2930","1":"product","2":"type-product","3":"status-publish","4":"has-post-thumbnail","6":"product_cat-klammern","7":"product_tag-brustwarzenklammern","8":"product_tag-clover-clamps","9":"product_tag-klammern","11":"first","12":"instock","13":"taxable","14":"shipping-taxable","15":"purchasable","16":"product-type-simple"},"_links":{"self":[{"href":"https:\/\/bavarian-bondage.de\/sv\/wp-json\/wp\/v2\/product\/2930","targetHints":{"allow":["GET"]}}],"collection":[{"href":"https:\/\/bavarian-bondage.de\/sv\/wp-json\/wp\/v2\/product"}],"about":[{"href":"https:\/\/bavarian-bondage.de\/sv\/wp-json\/wp\/v2\/types\/product"}],"version-history":[{"count":5,"href":"https:\/\/bavarian-bondage.de\/sv\/wp-json\/wp\/v2\/product\/2930\/revisions"}],"predecessor-version":[{"id":13962,"href":"https:\/\/bavarian-bondage.de\/sv\/wp-json\/wp\/v2\/product\/2930\/revisions\/13962"}],"wp:featuredmedia":[{"embeddable":true,"href":"https:\/\/bavarian-bondage.de\/sv\/wp-json\/wp\/v2\/media\/8568"}],"wp:attachment":[{"href":"https:\/\/bavarian-bondage.de\/sv\/wp-json\/wp\/v2\/media?parent=2930"}],"wp:term":[{"taxonomy":"product_brand","embeddable":true,"href":"https:\/\/bavarian-bondage.de\/sv\/wp-json\/wp\/v2\/product_brand?post=2930"},{"taxonomy":"product_cat","embeddable":true,"href":"https:\/\/bavarian-bondage.de\/sv\/wp-json\/wp\/v2\/product_cat?post=2930"},{"taxonomy":"product_tag","embeddable":true,"href":"https:\/\/bavarian-bondage.de\/sv\/wp-json\/wp\/v2\/product_tag?post=2930"}],"curies":[{"name":"wp","href":"https:\/\/api.w.org\/{rel}","templated":true}]}}