{"id":2950,"date":"2020-10-17T12:56:29","date_gmt":"2020-10-17T10:56:29","guid":{"rendered":"https:\/\/bavarian-bondage.tivendo.com\/produkt\/import-placeholder-for-423\/"},"modified":"2026-03-01T16:42:43","modified_gmt":"2026-03-01T15:42:43","slug":"linne-hamparep-baer-5mm-exklusivt-enkelrep-8m","status":"publish","type":"product","link":"https:\/\/bavarian-bondage.de\/sv\/produkt\/leinenhanfseil-beere-5mm-exklusiv-einzelseil-8m\/","title":{"rendered":"Linne hamparep b\u00e4r 5mm exklusiv; Enkelrep 8m"},"content":{"rendered":"<h3 style=\"text-align: center\">Linne hampa rep 5mm b\u00e4r EXKLUSIVT<\/h3>\n<p style=\"text-align: center\">Linhamparepet 5mm EXCLUSIVE har en stark lila f\u00e4rg och \u00e4r v\u00e4ldigt mjuk och smidig! Den har behandlats flera g\u00e5nger f\u00f6r att h\u00e5lla b\u00e4sta kvalitet. Repet imponerar med sin runda, j\u00e4mna och kvistfria struktur l\u00e4ngs hela sin l\u00e4ngd. Vidare knyts \u00e4ndarna med sm\u00e5 knutar. Eftersom repen f\u00e4rgades som en helhet \u00e4r de inte helt f\u00e4rgade. De tunna 5 mm repen \u00e4r idealiska f\u00f6r konstn\u00e4rlig bondage och kombinationer med flera f\u00e4rger.<\/p>\n<p>&nbsp;<\/p>\n<p><strong>Detaljer:<\/strong><\/p>\n<p>Linne hampa rep 5mm b\u00e4r EXKLUSIVT<br \/>\n3-axelsvarv<br \/>\nF\u00e4rg: b\u00e4r<br \/>\nTrisk knut<br \/>\nL\u00e4ngd: 1x8m<br \/>\n(Repl\u00e4ngden kan avvika fr\u00e5n den l\u00e4ngd som anges med upp till 3%)<\/p>\n<p>&nbsp;<\/p>\n<p><span style=\"color: #ff0000\"><strong>Ett meddelande:<\/strong><\/span><\/p>\n<p>Kontrollera linorna regelbundet f\u00f6r slitage och skador! Om rep sl\u00e5s eller vrids kan de lossna under anv\u00e4ndning!<br \/>\nRepen har f\u00e4rgats som en helhet och har inte samma f\u00e4rg \u00e4nda ner till mitten.<\/p>\n<p>&nbsp;<\/p>\n<p><strong>Leveransens omfattning:\u00a0<\/strong>1x8m linnehamprep 5mm b\u00e4r EXKLUSIVT<\/p>\n<p>&nbsp;<\/p>\n<hr \/>\n<blockquote>\n<p style=\"text-align: center\"><span style=\"color: #333399\"><span style=\"color: #000080\">Informationen om produkterna tillhandah\u00e5lls efter b\u00e4sta kunskap och s\u00e4kerhet<\/span>sv. Alla m\u00e5tt \u00e4r ungef\u00e4rliga. Anv\u00e4ndningen av produkterna som erbjuds h\u00e4r i butiken sker p\u00e5 egen risk. Varje person reagerar olika p\u00e5 yttre p\u00e5verkan, p\u00e5 njutning eller sm\u00e4rta, etc. D\u00e4rf\u00f6r kan inget ansvar accepteras f\u00f6r felaktig anv\u00e4ndning.  Varje anv\u00e4ndare b\u00e4r det fulla ansvaret f\u00f6r anv\u00e4ndning eller korrekt anv\u00e4ndning av produkterna och dess of\u00f6rutsebara konsekvenser.<\/span><\/p>\n<\/blockquote>","protected":false},"excerpt":{"rendered":"<p>Grundpris: 2,81 \u20ac\/m<\/p>\n<p>Leveranstid: 5-7 dagar*<\/p>","protected":false},"featured_media":9255,"template":"","meta":[],"product_brand":[],"product_cat":[216,217,262,272],"product_tag":[261,273,495,529],"class_list":{"0":"post-2950","1":"product","2":"type-product","3":"status-publish","4":"has-post-thumbnail","6":"product_cat-bondageseile","7":"product_cat-leinenhanfseil","8":"product_cat-leinenhanfseil-farbig","9":"product_cat-purple-edition","10":"product_tag-bondageseil","11":"product_tag-5mm","12":"product_tag-hanfseil-beere","13":"product_tag-leinenhanf","15":"first","16":"instock","17":"taxable","18":"shipping-taxable","19":"purchasable","20":"product-type-simple"},"_links":{"self":[{"href":"https:\/\/bavarian-bondage.de\/sv\/wp-json\/wp\/v2\/product\/2950","targetHints":{"allow":["GET"]}}],"collection":[{"href":"https:\/\/bavarian-bondage.de\/sv\/wp-json\/wp\/v2\/product"}],"about":[{"href":"https:\/\/bavarian-bondage.de\/sv\/wp-json\/wp\/v2\/types\/product"}],"version-history":[{"count":6,"href":"https:\/\/bavarian-bondage.de\/sv\/wp-json\/wp\/v2\/product\/2950\/revisions"}],"predecessor-version":[{"id":13744,"href":"https:\/\/bavarian-bondage.de\/sv\/wp-json\/wp\/v2\/product\/2950\/revisions\/13744"}],"wp:featuredmedia":[{"embeddable":true,"href":"https:\/\/bavarian-bondage.de\/sv\/wp-json\/wp\/v2\/media\/9255"}],"wp:attachment":[{"href":"https:\/\/bavarian-bondage.de\/sv\/wp-json\/wp\/v2\/media?parent=2950"}],"wp:term":[{"taxonomy":"product_brand","embeddable":true,"href":"https:\/\/bavarian-bondage.de\/sv\/wp-json\/wp\/v2\/product_brand?post=2950"},{"taxonomy":"product_cat","embeddable":true,"href":"https:\/\/bavarian-bondage.de\/sv\/wp-json\/wp\/v2\/product_cat?post=2950"},{"taxonomy":"product_tag","embeddable":true,"href":"https:\/\/bavarian-bondage.de\/sv\/wp-json\/wp\/v2\/product_tag?post=2950"}],"curies":[{"name":"wp","href":"https:\/\/api.w.org\/{rel}","templated":true}]}}