{"id":2994,"date":"2020-10-17T12:50:41","date_gmt":"2020-10-17T10:50:41","guid":{"rendered":"https:\/\/bavarian-bondage.tivendo.com\/produkt\/import-placeholder-for-545\/"},"modified":"2025-05-04T16:50:20","modified_gmt":"2025-05-04T14:50:20","slug":"klaemmor-med-krokar","status":"publish","type":"product","link":"https:\/\/bavarian-bondage.de\/sv\/produkt\/klammern-mit-haken\/","title":{"rendered":"Kl\u00e4mmor med krokar"},"content":{"rendered":"<h3 style=\"text-align: center\">Kl\u00e4mmor med krokar<\/h3>\n<p style=\"text-align: center\">Dessa klassiska kl\u00e4mmor av metall \u00e4r bekv\u00e4ma att b\u00e4ra tack vare deras stora, gummikl\u00e4dda pad.  Alla m\u00f6jliga saker kan h\u00e4ngas och f\u00e4stas p\u00e5 de praktiska och flyttbara krokarna.<\/p>\n<p>&nbsp;<\/p>\n<p style=\"text-align: left\"><strong>Detaljer:<\/strong><\/p>\n<p>Material: metall, gummidyna<br \/>\nL\u00e4ngd: 7 cm<br \/>\nBredd: 3 cm<\/p>\n<p>&nbsp;<\/p>\n<p><strong>Leveransens omfattning:<\/strong> 2 stycken f\u00e4sten med krokar<\/p>\n<p>&nbsp;<\/p>\n<hr \/>\n<blockquote>\n<p style=\"text-align: center\"><span style=\"color: #333399\">\u00a0Informationen om produkterna tillhandah\u00e5lls efter b\u00e4sta kunskap och \u00f6vertygelse. Alla m\u00e5tt \u00e4r ungef\u00e4rliga. Anv\u00e4ndningen av produkterna som erbjuds h\u00e4r i butiken sker p\u00e5 egen risk. Varje person reagerar olika p\u00e5 yttre p\u00e5verkan, p\u00e5 njutning eller sm\u00e4rta, etc. D\u00e4rf\u00f6r kan inget ansvar accepteras f\u00f6r felaktig anv\u00e4ndning.  Varje anv\u00e4ndare b\u00e4r det fulla ansvaret f\u00f6r anv\u00e4ndning eller korrekt anv\u00e4ndning av produkterna och dess of\u00f6rutsebara konsekvenser.<\/span><\/p>\n<\/blockquote>","protected":false},"excerpt":{"rendered":"<p>Leveranstid: 5-7 dagar*<\/p>","protected":false},"featured_media":8565,"template":"","meta":[],"product_brand":[],"product_cat":[248],"product_tag":[309,310,311],"class_list":{"0":"post-2994","1":"product","2":"type-product","3":"status-publish","4":"has-post-thumbnail","6":"product_cat-klammern","7":"product_tag-haken","8":"product_tag-klammer","9":"product_tag-nippelklammern","11":"first","12":"instock","13":"taxable","14":"shipping-taxable","15":"purchasable","16":"product-type-simple"},"_links":{"self":[{"href":"https:\/\/bavarian-bondage.de\/sv\/wp-json\/wp\/v2\/product\/2994","targetHints":{"allow":["GET"]}}],"collection":[{"href":"https:\/\/bavarian-bondage.de\/sv\/wp-json\/wp\/v2\/product"}],"about":[{"href":"https:\/\/bavarian-bondage.de\/sv\/wp-json\/wp\/v2\/types\/product"}],"version-history":[{"count":3,"href":"https:\/\/bavarian-bondage.de\/sv\/wp-json\/wp\/v2\/product\/2994\/revisions"}],"predecessor-version":[{"id":13963,"href":"https:\/\/bavarian-bondage.de\/sv\/wp-json\/wp\/v2\/product\/2994\/revisions\/13963"}],"wp:featuredmedia":[{"embeddable":true,"href":"https:\/\/bavarian-bondage.de\/sv\/wp-json\/wp\/v2\/media\/8565"}],"wp:attachment":[{"href":"https:\/\/bavarian-bondage.de\/sv\/wp-json\/wp\/v2\/media?parent=2994"}],"wp:term":[{"taxonomy":"product_brand","embeddable":true,"href":"https:\/\/bavarian-bondage.de\/sv\/wp-json\/wp\/v2\/product_brand?post=2994"},{"taxonomy":"product_cat","embeddable":true,"href":"https:\/\/bavarian-bondage.de\/sv\/wp-json\/wp\/v2\/product_cat?post=2994"},{"taxonomy":"product_tag","embeddable":true,"href":"https:\/\/bavarian-bondage.de\/sv\/wp-json\/wp\/v2\/product_tag?post=2994"}],"curies":[{"name":"wp","href":"https:\/\/api.w.org\/{rel}","templated":true}]}}